{"id":320,"date":"2019-08-28T16:28:34","date_gmt":"2019-08-28T19:28:34","guid":{"rendered":"https:\/\/www.ufsm.br\/cursos\/pos-graduacao\/santa-maria\/pgmec\/?page_id=320"},"modified":"2026-03-17T17:07:05","modified_gmt":"2026-03-17T20:07:05","slug":"colegiado-e-comissoes","status":"publish","type":"page","link":"https:\/\/www.ufsm.br\/cursos\/pos-graduacao\/santa-maria\/pgmec\/colegiado-e-comissoes","title":{"rendered":"Colegiado e Comiss\u00f5es"},"content":{"rendered":"\n<p><\/p>\n\n\n\n<h3>Composi\u00e7\u00e3o do Colegiado (Portaria CT\/UFSM N.089\/2025 de 19\/05\/2025, vig\u00eancia at\u00e9 19\/05\/2027)<\/h3>\n<p>Prof. Dr. Giuliano Demarco (Coordenador \u2013 Portaria CT\/UFSM N. 055 de 16\/04\/2025 \u2013 e Presidente do Colegiado)<br \/>Prof. Dr. Maikson Luiz Passaia Tonatto (Coordenador Substituto \u2013 Portaria CT\/UFSM N. 028 de 05\/02\/2026)<br \/>Prof. Dr. Alexandre Aparecido Buenos<br \/>Prof. Dr. Daniel Fernando Tello Gamarra<br \/>Prof. Dr. Tiago dos Santos<br \/>Prof. Dr. Thompson Di\u00f3rdinis Metzka Lanzanova<br \/>Jos\u00e9 Afonso Gomes Cruz (Representante discente) Portaria CT\/UFSM N. 257 de 29\/09\/2025 &#8211; v\u00e1lida por 1 ano.<br \/><span style=\"font-size: revert;color: initial\">Nicholas Gabriel da Rosa Silva\u00a0(Representante discente) Portaria CT\/UFSM N. 257 de 29\/09\/2025 &#8211; v\u00e1lida por 1 ano.<\/span><\/p>\n<h3>Composi\u00e7\u00e3o da Comiss\u00e3o de Bolsas (Portaria CT\/UFSM N.034\/2026 de 20\/02\/2026, vig\u00eancia at\u00e9 20\/02\/2027)<\/h3>\n<p>Prof. Dr. Alexandre Aparecido Buenos<br \/>Prof. Dr. Giuliano Demarco<br \/>Prof. Dr. Maikson Luiz Passaia Tonatto<br \/>Prof.\u00aa Dr.\u00aa Nat\u00e1lia de Freitas Daudt<br \/>Jos\u00e9 Afonso Gomes Cruz (Representante discente) v\u00e1lida por 1 ano.<br \/><span style=\"font-size: revert;color: initial\">Nicholas Gabriel da Rosa Silva (Representante discente) v\u00e1lida por 1 ano.<\/span><\/p>\n<h3>Composi\u00e7\u00e3o do N\u00facleo de Autoavalia\u00e7\u00e3o e Planejamento do PGMec (Ata de Colegiado N. 20\/2022 de 12\/12\/2022, v\u00e1lida por 02 anos)<\/h3>\n<p>Prof. Dr. Cristiano Jos\u00e9 Scheuer<br \/>Prof. Dr. Giuliano Demarco<br \/>Prof.\u00aa Dr.\u00aa Nat\u00e1lia de Freitas Daudt<br \/>Prof. Dr. Tiago dos Santos<br \/>Gabriel Almeida de Aguirre (Representante discente) &#8211; Ata de Colegiado N. 03\/2024\u00a0<br \/>Guilherme Maldaner Zanchin (Representante discente) &#8211; Ata de Colegiado N. 03\/2024\u00a0<br \/>Jefferson Menezes de Oliveira (Representante T\u00e9cnico Administrativo em Educa\u00e7\u00e3o)<br \/>Leonardo Roso Colpo (Egresso do PGMec)<br \/>Diego Tolotti de Almeida (Representante da Ind\u00fastria)<\/p>\n<h3>Composi\u00e7\u00e3o do N\u00facleo de Divulga\u00e7\u00e3o e Comunica\u00e7\u00e3o do PGMec (Ata de Colegiado N. 21\/2023 de 16\/01\/2023, v\u00e1lida por 02 anos)<\/h3>\n<p>Prof. Dr. Cristiano Jos\u00e9 Scheuer<br \/>Prof. Dr. M\u00e1rio Eduardo Santos Martins<br \/>Gabriel Almeida de Aguirre (Representante discente) &#8211; Ata de Colegiado N. 03\/2024\u00a0<br \/>Guilherme Maldaner Zanchin (Representante discente) &#8211; Ata de Colegiado N. 03\/2024\u00a0<br \/>Laura Ang\u00e9lica Meneghini dos Santos (Representante T\u00e9cnico Administrativo em Educa\u00e7\u00e3o) Ata de Colegiado N. 25\/2023 de 17\/08\/2023<\/p>\n<h3>Composi\u00e7\u00e3o da Comiss\u00e3o de Sele\u00e7\u00e3o (Portaria CT\/UFSM N. 203\/2025 de 04\/09\/2025, Edital N. 030\/2025, 1\u00aa janela, v\u00e1lida por 04 meses)<\/h3>\n<p>Prof. Dr. Giuliano Demarco (Presidente da Comiss\u00e3o)<br \/>Prof. Dr. Tiago dos Santos<br \/>Prof. Dr. Alexandre Aparecido Buenos<br \/>Prof. Dr. Daniel Fernando Tello Gamarra<br \/>Prof. Dr. Maikson Luiz Passaia Tonatto<br \/>Prof. Dr.\u00a0Thompson Di\u00f3rdinis Metzka Lanzanova<\/p>\n\n\n\n<p><\/p>\n","protected":false},"excerpt":{"rendered":"<p>Composi\u00e7\u00e3o do Colegiado (Portaria CT\/UFSM N.089\/2025 de 19\/05\/2025, vig\u00eancia at\u00e9 19\/05\/2027) Prof. Dr. Giuliano Demarco (Coordenador \u2013 Portaria CT\/UFSM N. 055 de 16\/04\/2025 \u2013 e Presidente do Colegiado)Prof. Dr. Maikson Luiz Passaia Tonatto (Coordenador Substituto \u2013 Portaria CT\/UFSM N. 028 de 05\/02\/2026)Prof. Dr. Alexandre Aparecido BuenosProf. Dr. Daniel Fernando Tello GamarraProf. Dr. Tiago dos SantosProf. [&hellip;]<\/p>\n","protected":false},"author":801,"featured_media":0,"parent":0,"menu_order":0,"comment_status":"closed","ping_status":"closed","template":"","meta":{"footnotes":""},"categories":[],"tags":[],"class_list":["post-320","page","type-page","status-publish","hentry"],"acf":[],"_links":{"self":[{"href":"https:\/\/www.ufsm.br\/cursos\/pos-graduacao\/santa-maria\/pgmec\/wp-json\/wp\/v2\/pages\/320","targetHints":{"allow":["GET"]}}],"collection":[{"href":"https:\/\/www.ufsm.br\/cursos\/pos-graduacao\/santa-maria\/pgmec\/wp-json\/wp\/v2\/pages"}],"about":[{"href":"https:\/\/www.ufsm.br\/cursos\/pos-graduacao\/santa-maria\/pgmec\/wp-json\/wp\/v2\/types\/page"}],"author":[{"embeddable":true,"href":"https:\/\/www.ufsm.br\/cursos\/pos-graduacao\/santa-maria\/pgmec\/wp-json\/wp\/v2\/users\/801"}],"replies":[{"embeddable":true,"href":"https:\/\/www.ufsm.br\/cursos\/pos-graduacao\/santa-maria\/pgmec\/wp-json\/wp\/v2\/comments?post=320"}],"version-history":[{"count":0,"href":"https:\/\/www.ufsm.br\/cursos\/pos-graduacao\/santa-maria\/pgmec\/wp-json\/wp\/v2\/pages\/320\/revisions"}],"wp:attachment":[{"href":"https:\/\/www.ufsm.br\/cursos\/pos-graduacao\/santa-maria\/pgmec\/wp-json\/wp\/v2\/media?parent=320"}],"wp:term":[{"taxonomy":"category","embeddable":true,"href":"https:\/\/www.ufsm.br\/cursos\/pos-graduacao\/santa-maria\/pgmec\/wp-json\/wp\/v2\/categories?post=320"},{"taxonomy":"post_tag","embeddable":true,"href":"https:\/\/www.ufsm.br\/cursos\/pos-graduacao\/santa-maria\/pgmec\/wp-json\/wp\/v2\/tags?post=320"}],"curies":[{"name":"wp","href":"https:\/\/api.w.org\/{rel}","templated":true}]}}