{"id":326,"date":"2019-08-05T16:00:19","date_gmt":"2019-08-05T19:00:19","guid":{"rendered":"https:\/\/www.ufsm.br\/cursos\/pos-graduacao\/santa-maria\/pgmec\/?page_id=326"},"modified":"2023-05-16T12:10:57","modified_gmt":"2023-05-16T15:10:57","slug":"orientacoes-gerais-de-ingresso-curso-de-mestrado-em-engenharia-mecanica","status":"publish","type":"page","link":"https:\/\/www.ufsm.br\/cursos\/pos-graduacao\/santa-maria\/pgmec\/orientacoes-gerais-de-ingresso-curso-de-mestrado-em-engenharia-mecanica","title":{"rendered":"Orienta\u00e7\u00f5es gerais para os discentes"},"content":{"rendered":"\n<p>O Programa de P\u00f3s-Gradua\u00e7\u00e3o em Engenharia Mec\u00e2nica tem a seguinte estrutura: <a href=\"https:\/\/www.ufsm.br\/cursos\/pos-graduacao\/santa-maria\/pgmec\/colegiado-e-comissoes\" target=\"_blank\" rel=\"noopener\">Colegiado, Coordena\u00e7\u00e3o, Secretaria de Apoio Administrativo, Secretaria de Apoio Administrativo, Comiss\u00e3o de Bolsas, Comiss\u00e3o de Autoavalia\u00e7\u00e3o e Comit\u00eas de Orienta\u00e7\u00e3o Acad\u00eamica<\/a>.<\/p>\n<p>Todo discente dever\u00e1 ter um orientador desde o primeiro semestre de ingresso, podendo tamb\u00e9m <a href=\"https:\/\/www.ufsm.br\/app\/uploads\/sites\/595\/2023\/05\/Solicitacao-de-Coorientador_PGMec.docx\" target=\"_blank\" rel=\"noopener\">solicitar um coorientador<\/a>. O desenvolvimento dos trabalhos acad\u00eamicos se dar\u00e1 por meio de atividades em disciplinas e atividades de pesquisa, ensino e extens\u00e3o conforme o Plano de Estudos e na forma que estabelece o <a href=\"https:\/\/www.ufsm.br\/cursos\/pos-graduacao\/santa-maria\/pgmec\/regulamentos-e-resolucoes\" target=\"_blank\" rel=\"noopener\">Regimento Geral da P\u00f3s-Gradua\u00e7\u00e3o da Universidade Federal de Santa Maria<\/a>. \u00c9 responsabilidade do discente a abertura, on-line e antes do t\u00e9rmino do primeiro semestre de ingresso, do <a href=\"https:\/\/www.ufsm.br\/cursos\/pos-graduacao\/santa-maria\/pgmec\/plano-de-estudos\" target=\"_blank\" rel=\"noopener\">Plano de Estudo<\/a>, bem como eventuais atualiza\u00e7\u00f5es.<\/p>\n<p>O curso de Mestrado Acad\u00eamico do Programa de P\u00f3s-Gradua\u00e7\u00e3o em Engenharia Mec\u00e2nica ter\u00e1 a dura\u00e7\u00e3o m\u00ednima de 12 (doze) e m\u00e1xima de 24 (vinte e quatro meses). Para discentes do Mestrado Acad\u00eamico que n\u00e3o tenham sido bolsistas, ou que tenham sido bolsistas durante algum per\u00edodo do curso, por solicita\u00e7\u00e3o justificada do Professor Orientador, o curso poder\u00e1 ser prorrogado pelo prazo m\u00e1ximo de at\u00e9 seis meses, mediante aprova\u00e7\u00e3o do Colegiado. O discente dever\u00e1 cursar, no m\u00ednimo, 24 (vinte e quatro) cr\u00e9ditos em <a href=\"https:\/\/www.ufsm.br\/cursos\/pos-graduacao\/santa-maria\/pgmec\/disciplinasofertadas\" target=\"_blank\" rel=\"noopener\">disciplinas<\/a>.<\/p>\n<p>O Programa de P\u00f3s-Gradua\u00e7\u00e3o em Engenharia Mec\u00e2nica recebe, anualmente, quotas institucionais de bolsas de estudo concedidas pelas ag\u00eancias financiadoras, como CAPES ou CNPq. A disponibilidade de Bolsa ser\u00e1 preenchida por meio de uma sele\u00e7\u00e3o, normatizada atrav\u00e9s de um edital espec\u00edfico com previs\u00e3o de divulga\u00e7\u00e3o no in\u00edcio do primeiro semestre no ano corrente. Mais informa\u00e7\u00f5es sobre edital de bolsas <a href=\"https:\/\/www.ufsm.br\/cursos\/pos-graduacao\/santa-maria\/pgmec\/bolsas-de-estudo\" target=\"_blank\" rel=\"noopener\">aqui<\/a>.\u00a0<\/p>\n<p>Os discentes do Programa de P\u00f3s-Gradua\u00e7\u00e3o em Engenharia Mec\u00e2nica dever\u00e3o comprovar <a href=\"https:\/\/www.ufsm.br\/cursos\/pos-graduacao\/santa-maria\/pgmec\/teste-de-suficiencia\" target=\"_blank\" rel=\"noopener\">sufici\u00eancia em uma l\u00edngua estrangeira<\/a>, nos idiomas ofertados pelo Departamento de Letras Estrangeiras Modernas da UFSM. O discente que se encontrar na fase de elabora\u00e7\u00e3o de Disserta\u00e7\u00e3o dever\u00e1 matricular-se regularmente, todo semestre em Elabora\u00e7\u00e3o de Disserta\u00e7\u00e3o ou Tese (EDT).<\/p>\n<p>Conforme o <a href=\"https:\/\/www.ufsm.br\/cursos\/pos-graduacao\/santa-maria\/pgmec\/regulamentos-e-resolucoes\" target=\"_blank\" rel=\"noopener\">Regulamento do Programa de P\u00f3s-Gradua\u00e7\u00e3o em Engenharia Mec\u00e2nica, em conson\u00e2ncia com o Regimento Geral de P\u00f3s-Gradua\u00e7\u00e3o Strictu Sensu e Latu Sensu da Universidade Federal de Santa Maria<\/a>, ser\u00e1 atribu\u00eddo o t\u00edtulo de MESTRE EM ENGENHARIA MEC\u00c2NICA na respectiva \u00e1rea de concentra\u00e7\u00e3o, ao discente que:<br \/>I &#8211; demonstrar capacidade de leitura e compreens\u00e3o de 1 (uma) l\u00edngua estrangeira (Art. 48);<br \/>II &#8211; concluir vinte e quatro (24) cr\u00e9ditos em disciplinas (Art. 53);<br \/>III &#8211; cumprir com os requisitos formais exigidos pelo Programa e pela UFSM (Art. 91);<br \/>IV &#8211; obter aprova\u00e7\u00e3o na Prova de Defesa da Disserta\u00e7\u00e3o (Art. 101).<\/p>\n<p>Conforme Art. 91: o discente tamb\u00e9m dever\u00e1 entregar c\u00f3pia de, pelo menos, um trabalho ou artigo cient\u00edfico publicado, nas normas do congresso ou peri\u00f3dico de interesse na \u00e1rea de concentra\u00e7\u00e3o\/linha de pesquisa do discente.<\/p>\n<p>\u00a0<\/p>\n","protected":false},"excerpt":{"rendered":"<p>O Programa de P\u00f3s-Gradua\u00e7\u00e3o em Engenharia Mec\u00e2nica tem a seguinte estrutura: Colegiado, Coordena\u00e7\u00e3o, Secretaria de Apoio Administrativo, Secretaria de Apoio Administrativo, Comiss\u00e3o de Bolsas, Comiss\u00e3o de Autoavalia\u00e7\u00e3o e Comit\u00eas de Orienta\u00e7\u00e3o Acad\u00eamica. Todo discente dever\u00e1 ter um orientador desde o primeiro semestre de ingresso, podendo tamb\u00e9m solicitar um coorientador. O desenvolvimento dos trabalhos acad\u00eamicos se [&hellip;]<\/p>\n","protected":false},"author":801,"featured_media":0,"parent":0,"menu_order":0,"comment_status":"closed","ping_status":"closed","template":"","meta":{"footnotes":""},"categories":[],"tags":[],"class_list":["post-326","page","type-page","status-publish","hentry"],"acf":[],"_links":{"self":[{"href":"https:\/\/www.ufsm.br\/cursos\/pos-graduacao\/santa-maria\/pgmec\/wp-json\/wp\/v2\/pages\/326","targetHints":{"allow":["GET"]}}],"collection":[{"href":"https:\/\/www.ufsm.br\/cursos\/pos-graduacao\/santa-maria\/pgmec\/wp-json\/wp\/v2\/pages"}],"about":[{"href":"https:\/\/www.ufsm.br\/cursos\/pos-graduacao\/santa-maria\/pgmec\/wp-json\/wp\/v2\/types\/page"}],"author":[{"embeddable":true,"href":"https:\/\/www.ufsm.br\/cursos\/pos-graduacao\/santa-maria\/pgmec\/wp-json\/wp\/v2\/users\/801"}],"replies":[{"embeddable":true,"href":"https:\/\/www.ufsm.br\/cursos\/pos-graduacao\/santa-maria\/pgmec\/wp-json\/wp\/v2\/comments?post=326"}],"version-history":[{"count":0,"href":"https:\/\/www.ufsm.br\/cursos\/pos-graduacao\/santa-maria\/pgmec\/wp-json\/wp\/v2\/pages\/326\/revisions"}],"wp:attachment":[{"href":"https:\/\/www.ufsm.br\/cursos\/pos-graduacao\/santa-maria\/pgmec\/wp-json\/wp\/v2\/media?parent=326"}],"wp:term":[{"taxonomy":"category","embeddable":true,"href":"https:\/\/www.ufsm.br\/cursos\/pos-graduacao\/santa-maria\/pgmec\/wp-json\/wp\/v2\/categories?post=326"},{"taxonomy":"post_tag","embeddable":true,"href":"https:\/\/www.ufsm.br\/cursos\/pos-graduacao\/santa-maria\/pgmec\/wp-json\/wp\/v2\/tags?post=326"}],"curies":[{"name":"wp","href":"https:\/\/api.w.org\/{rel}","templated":true}]}}