{"id":589,"date":"2020-09-16T10:58:48","date_gmt":"2020-09-16T13:58:48","guid":{"rendered":"https:\/\/www.ufsm.br\/cursos\/pos-graduacao\/santa-maria\/pgmec\/?page_id=589"},"modified":"2020-09-16T10:58:49","modified_gmt":"2020-09-16T13:58:49","slug":"laboratorio-de-microscopia-mev","status":"publish","type":"page","link":"https:\/\/www.ufsm.br\/cursos\/pos-graduacao\/santa-maria\/pgmec\/laboratorio-de-microscopia-mev","title":{"rendered":"Laborat\u00f3rio de Microscopia (MEV)"},"content":{"rendered":"\n<p>Equipamentos:<\/p>\n\n\n\n<ul class=\"wp-block-list\"><li>01 (um) microsc\u00f3pio eletr\u00f4nico de varredura (MEV) da fabricante Jeol, modelo JSM 6360, equipado com an\u00e1lise elementar espectrosc\u00f3pica de raios-X por energia dispersiva (EDS) modelo QUEST da fabricante ThermoSystem,<\/li><li>01 (um) depositador do tipo magnetron sputtering da fabricante Denton, modelo Desk II.<\/li><\/ul>\n\n\n\n<p>Equipamentos dispon\u00edveis a acesso multiusu\u00e1rio na UFSM. Para o uso dos equipamentos, agendar data e hor\u00e1rio com a Prof\u00aa. Nat\u00e1lia de Freitas Daudt: natalia.daudt@ufsm.br<\/p>\n","protected":false},"excerpt":{"rendered":"<p>Equipamentos: 01 (um) microsc\u00f3pio eletr\u00f4nico de varredura (MEV) da fabricante Jeol, modelo JSM 6360, equipado com an\u00e1lise elementar espectrosc\u00f3pica de raios-X por energia dispersiva (EDS) modelo QUEST da fabricante ThermoSystem, 01 (um) depositador do tipo magnetron sputtering da fabricante Denton, modelo Desk II. Equipamentos dispon\u00edveis a acesso multiusu\u00e1rio na UFSM. Para o uso dos equipamentos, [&hellip;]<\/p>\n","protected":false},"author":795,"featured_media":0,"parent":0,"menu_order":0,"comment_status":"closed","ping_status":"closed","template":"","meta":{"footnotes":""},"categories":[],"tags":[],"class_list":["post-589","page","type-page","status-publish","hentry"],"acf":[],"_links":{"self":[{"href":"https:\/\/www.ufsm.br\/cursos\/pos-graduacao\/santa-maria\/pgmec\/wp-json\/wp\/v2\/pages\/589","targetHints":{"allow":["GET"]}}],"collection":[{"href":"https:\/\/www.ufsm.br\/cursos\/pos-graduacao\/santa-maria\/pgmec\/wp-json\/wp\/v2\/pages"}],"about":[{"href":"https:\/\/www.ufsm.br\/cursos\/pos-graduacao\/santa-maria\/pgmec\/wp-json\/wp\/v2\/types\/page"}],"author":[{"embeddable":true,"href":"https:\/\/www.ufsm.br\/cursos\/pos-graduacao\/santa-maria\/pgmec\/wp-json\/wp\/v2\/users\/795"}],"replies":[{"embeddable":true,"href":"https:\/\/www.ufsm.br\/cursos\/pos-graduacao\/santa-maria\/pgmec\/wp-json\/wp\/v2\/comments?post=589"}],"version-history":[{"count":0,"href":"https:\/\/www.ufsm.br\/cursos\/pos-graduacao\/santa-maria\/pgmec\/wp-json\/wp\/v2\/pages\/589\/revisions"}],"wp:attachment":[{"href":"https:\/\/www.ufsm.br\/cursos\/pos-graduacao\/santa-maria\/pgmec\/wp-json\/wp\/v2\/media?parent=589"}],"wp:term":[{"taxonomy":"category","embeddable":true,"href":"https:\/\/www.ufsm.br\/cursos\/pos-graduacao\/santa-maria\/pgmec\/wp-json\/wp\/v2\/categories?post=589"},{"taxonomy":"post_tag","embeddable":true,"href":"https:\/\/www.ufsm.br\/cursos\/pos-graduacao\/santa-maria\/pgmec\/wp-json\/wp\/v2\/tags?post=589"}],"curies":[{"name":"wp","href":"https:\/\/api.w.org\/{rel}","templated":true}]}}