{"id":641,"date":"2021-04-12T15:52:50","date_gmt":"2021-04-12T18:52:50","guid":{"rendered":"https:\/\/www.ufsm.br\/cursos\/pos-graduacao\/santa-maria\/pgmec\/?page_id=641"},"modified":"2026-03-17T17:36:07","modified_gmt":"2026-03-17T20:36:07","slug":"credenciamento-e-recredenciamento-de-docentes","status":"publish","type":"page","link":"https:\/\/www.ufsm.br\/cursos\/pos-graduacao\/santa-maria\/pgmec\/credenciamento-e-recredenciamento-de-docentes","title":{"rendered":"Credenciamento e recredenciamento de docente"},"content":{"rendered":"\n<p>O Programa de P\u00f3s-Gradua\u00e7\u00e3o em Engenharia Mec\u00e2nica torna p\u00fablicos os crit\u00e9rios de credenciamento e recredenciamento de docentes.<\/p>\n\n\n\n<p>Poder\u00e3o solicitar credenciamento no Programa, os docentes, internos ou externos \u00e0 UFSM com t\u00edtulo reconhecido de doutor, que atuem nas \u00e1reas de pesquisas abrangidas pelo Programa e que atendam aos crit\u00e9rios m\u00ednimos de credenciamento definidos nessa resolu\u00e7\u00e3o abaixo. <strong>O credenciamento se dar\u00e1 por meio de Edital Espec\u00edfico, no qual ser\u00e3o definidos o n\u00famero de vagas e as \u00e1reas de atua\u00e7\u00e3o<\/strong>.<\/p>\n\n\n\n<p>Para maiores informa\u00e7\u00f5es, ver Resolu\u00e7\u00e3o 001\/2021\/PGMEC em anexo a essa p\u00e1gina.<\/p>\n","protected":false},"excerpt":{"rendered":"<p>O Programa de P\u00f3s-Gradua\u00e7\u00e3o em Engenharia Mec\u00e2nica torna p\u00fablicos os crit\u00e9rios de credenciamento e recredenciamento de docentes. Poder\u00e3o solicitar credenciamento no Programa, os docentes, internos ou externos \u00e0 UFSM com t\u00edtulo reconhecido de doutor, que atuem nas \u00e1reas de pesquisas abrangidas pelo Programa e que atendam aos crit\u00e9rios m\u00ednimos de credenciamento definidos nessa resolu\u00e7\u00e3o abaixo. [&hellip;]<\/p>\n","protected":false},"author":795,"featured_media":0,"parent":0,"menu_order":0,"comment_status":"closed","ping_status":"closed","template":"","meta":{"footnotes":""},"categories":[],"tags":[],"class_list":["post-641","page","type-page","status-publish","hentry"],"acf":[],"_links":{"self":[{"href":"https:\/\/www.ufsm.br\/cursos\/pos-graduacao\/santa-maria\/pgmec\/wp-json\/wp\/v2\/pages\/641","targetHints":{"allow":["GET"]}}],"collection":[{"href":"https:\/\/www.ufsm.br\/cursos\/pos-graduacao\/santa-maria\/pgmec\/wp-json\/wp\/v2\/pages"}],"about":[{"href":"https:\/\/www.ufsm.br\/cursos\/pos-graduacao\/santa-maria\/pgmec\/wp-json\/wp\/v2\/types\/page"}],"author":[{"embeddable":true,"href":"https:\/\/www.ufsm.br\/cursos\/pos-graduacao\/santa-maria\/pgmec\/wp-json\/wp\/v2\/users\/795"}],"replies":[{"embeddable":true,"href":"https:\/\/www.ufsm.br\/cursos\/pos-graduacao\/santa-maria\/pgmec\/wp-json\/wp\/v2\/comments?post=641"}],"version-history":[{"count":0,"href":"https:\/\/www.ufsm.br\/cursos\/pos-graduacao\/santa-maria\/pgmec\/wp-json\/wp\/v2\/pages\/641\/revisions"}],"wp:attachment":[{"href":"https:\/\/www.ufsm.br\/cursos\/pos-graduacao\/santa-maria\/pgmec\/wp-json\/wp\/v2\/media?parent=641"}],"wp:term":[{"taxonomy":"category","embeddable":true,"href":"https:\/\/www.ufsm.br\/cursos\/pos-graduacao\/santa-maria\/pgmec\/wp-json\/wp\/v2\/categories?post=641"},{"taxonomy":"post_tag","embeddable":true,"href":"https:\/\/www.ufsm.br\/cursos\/pos-graduacao\/santa-maria\/pgmec\/wp-json\/wp\/v2\/tags?post=641"}],"curies":[{"name":"wp","href":"https:\/\/api.w.org\/{rel}","templated":true}]}}