{"id":698,"date":"2022-04-05T13:36:26","date_gmt":"2022-04-05T16:36:26","guid":{"rendered":"https:\/\/www.ufsm.br\/cursos\/pos-graduacao\/santa-maria\/pgmec\/?page_id=698"},"modified":"2022-05-24T17:37:09","modified_gmt":"2022-05-24T20:37:09","slug":"cancelamento-do-curso","status":"publish","type":"page","link":"https:\/\/www.ufsm.br\/cursos\/pos-graduacao\/santa-maria\/pgmec\/cancelamento-do-curso","title":{"rendered":"Cancelamento do Curso"},"content":{"rendered":"\t\t<div data-elementor-type=\"wp-page\" data-elementor-id=\"698\" class=\"elementor elementor-698\">\n\t\t\t\t\t\t<section class=\"elementor-section elementor-top-section elementor-element elementor-element-7a5f5ffe elementor-section-boxed elementor-section-height-default elementor-section-height-default\" data-id=\"7a5f5ffe\" data-element_type=\"section\">\n\t\t\t\t\t\t<div class=\"elementor-container elementor-column-gap-default\">\n\t\t\t\t\t<div class=\"elementor-column elementor-col-100 elementor-top-column elementor-element elementor-element-744f7947\" data-id=\"744f7947\" data-element_type=\"column\">\n\t\t\t<div class=\"elementor-widget-wrap elementor-element-populated\">\n\t\t\t\t\t\t<div class=\"elementor-element elementor-element-6f55648b elementor-widget elementor-widget-text-editor\" data-id=\"6f55648b\" data-element_type=\"widget\" data-widget_type=\"text-editor.default\">\n\t\t\t\t<div class=\"elementor-widget-container\">\n\t\t\t\t\t\t\t<!-- wp:paragraph -->\n<p>O cancelamento de Curso \u00e9 o desligamento permanente do aluno de algum curso da UFSM; ou seja, a perda de v\u00ednculo.<\/p>\n<!-- \/wp:paragraph --><!-- wp:paragraph -->\n<p>O cancelamento de curso serve para que o aluno se desligue do curso ou da UFSM e possa, por exemplo, assumir uma vaga em outra Universidade p\u00fablica, em caso de aprova\u00e7\u00e3o. Conforme a\u00a0<a href=\"http:\/\/www.planalto.gov.br\/ccivil_03\/_ato2007-2010\/2009\/lei\/l12089.htm\">Lei n\u00ba 12.089, de 11 de novembro de 2009<\/a>, \u00e9 proibido ao estudante assumir duas vagas em cursos de universidades p\u00fablicas.<\/p>\n<!-- \/wp:paragraph --><!-- wp:paragraph -->\n<p><strong>ATEN\u00c7\u00c3O:\u00a0<\/strong>N\u00e3o \u00e9 poss\u00edvel reverter o Cancelamento de Curso. Para reingressar no Curso, \u00e9 necess\u00e1ria aprova\u00e7\u00e3o em nova sele\u00e7\u00e3o, a qual dar\u00e1 direito a outro n\u00famero de matr\u00edcula na UFSM.<\/p>\n<!-- \/wp:paragraph --><!-- wp:heading {\"level\":1} -->\n<h1>Como solicitar o cancelamento de curso<\/h1>\n<!-- \/wp:heading --><!-- wp:paragraph -->\n<p>O(a) interessado(a) deve entregar\/enviar \u00e0 COREM:<\/p>\n<!-- \/wp:paragraph --><!-- wp:list -->\n<ul>\n<li>o formul\u00e1rio de cancelamento;<\/li>\n<li>c\u00f3pia simples da carteira de identidade;<\/li>\n<\/ul>\n<!-- \/wp:list --><!-- wp:paragraph -->\n<p>Observa\u00e7\u00e3o: as assinaturas do RG e do formul\u00e1rio de cancelamento devem ser compat\u00edveis; do contr\u00e1rio, o cancelamento do curso n\u00e3o \u00e9 efetivado.<\/p>\n<!-- \/wp:paragraph --><!-- wp:paragraph -->\n<p>O encaminhamento dever ser feito para matriculas@ufsm.br. N\u00e3o h\u00e1 necessidade de envio pelo correios.<\/p>\n<!-- \/wp:paragraph --><!-- wp:paragraph -->\n<p>O cancelamento ser\u00e1 efetivado em at\u00e9 7 dias ap\u00f3s o envio da documenta\u00e7\u00e3o.<\/p>\n<!-- \/wp:paragraph --><!-- wp:paragraph -->\n<p><a href=\"https:\/\/www.ufsm.br\/app\/uploads\/sites\/342\/2018\/07\/Formulario-para-solicitacao-de-cancelamento-de-curso.pdf\">Formul\u00e1rio para solicita\u00e7\u00e3o do curso<\/a><\/p>\n<!-- \/wp:paragraph --><!-- wp:paragraph \/--><!-- wp:paragraph -->\n<p>\u00a0<\/p>\n<!-- \/wp:paragraph -->\t\t\t\t\t\t<\/div>\n\t\t\t\t<\/div>\n\t\t\t\t\t<\/div>\n\t\t<\/div>\n\t\t\t\t\t<\/div>\n\t\t<\/section>\n\t\t\t\t<\/div>\n\t\t","protected":false},"excerpt":{"rendered":"<p>O cancelamento de Curso \u00e9 o desligamento permanente do aluno de algum curso da UFSM; ou seja, a perda de v\u00ednculo. O cancelamento de curso serve para que o aluno se desligue do curso ou da UFSM e possa, por exemplo, assumir uma vaga em outra Universidade p\u00fablica, em caso de aprova\u00e7\u00e3o. Conforme a&nbsp;Lei n\u00ba [&hellip;]<\/p>\n","protected":false},"author":2194,"featured_media":0,"parent":0,"menu_order":0,"comment_status":"closed","ping_status":"closed","template":"","meta":{"footnotes":""},"categories":[],"tags":[],"class_list":["post-698","page","type-page","status-publish","hentry"],"acf":[],"_links":{"self":[{"href":"https:\/\/www.ufsm.br\/cursos\/pos-graduacao\/santa-maria\/pgmec\/wp-json\/wp\/v2\/pages\/698","targetHints":{"allow":["GET"]}}],"collection":[{"href":"https:\/\/www.ufsm.br\/cursos\/pos-graduacao\/santa-maria\/pgmec\/wp-json\/wp\/v2\/pages"}],"about":[{"href":"https:\/\/www.ufsm.br\/cursos\/pos-graduacao\/santa-maria\/pgmec\/wp-json\/wp\/v2\/types\/page"}],"author":[{"embeddable":true,"href":"https:\/\/www.ufsm.br\/cursos\/pos-graduacao\/santa-maria\/pgmec\/wp-json\/wp\/v2\/users\/2194"}],"replies":[{"embeddable":true,"href":"https:\/\/www.ufsm.br\/cursos\/pos-graduacao\/santa-maria\/pgmec\/wp-json\/wp\/v2\/comments?post=698"}],"version-history":[{"count":0,"href":"https:\/\/www.ufsm.br\/cursos\/pos-graduacao\/santa-maria\/pgmec\/wp-json\/wp\/v2\/pages\/698\/revisions"}],"wp:attachment":[{"href":"https:\/\/www.ufsm.br\/cursos\/pos-graduacao\/santa-maria\/pgmec\/wp-json\/wp\/v2\/media?parent=698"}],"wp:term":[{"taxonomy":"category","embeddable":true,"href":"https:\/\/www.ufsm.br\/cursos\/pos-graduacao\/santa-maria\/pgmec\/wp-json\/wp\/v2\/categories?post=698"},{"taxonomy":"post_tag","embeddable":true,"href":"https:\/\/www.ufsm.br\/cursos\/pos-graduacao\/santa-maria\/pgmec\/wp-json\/wp\/v2\/tags?post=698"}],"curies":[{"name":"wp","href":"https:\/\/api.w.org\/{rel}","templated":true}]}}