{"id":700,"date":"2022-04-05T13:49:02","date_gmt":"2022-04-05T16:49:02","guid":{"rendered":"https:\/\/www.ufsm.br\/cursos\/pos-graduacao\/santa-maria\/pgmec\/?page_id=700"},"modified":"2022-04-05T16:52:10","modified_gmt":"2022-04-05T19:52:10","slug":"repositorio-de-dissertacoes-pgmec","status":"publish","type":"page","link":"https:\/\/www.ufsm.br\/cursos\/pos-graduacao\/santa-maria\/pgmec\/repositorio-de-dissertacoes-pgmec","title":{"rendered":"Reposit\u00f3rio de disserta\u00e7\u00f5es PGMEC"},"content":{"rendered":"\t\t<div data-elementor-type=\"wp-page\" data-elementor-id=\"700\" class=\"elementor elementor-700\">\n\t\t\t\t\t\t<section class=\"elementor-section elementor-top-section elementor-element elementor-element-78e4b07 elementor-section-boxed elementor-section-height-default elementor-section-height-default\" data-id=\"78e4b07\" data-element_type=\"section\">\n\t\t\t\t\t\t<div class=\"elementor-container elementor-column-gap-default\">\n\t\t\t\t\t<div class=\"elementor-column elementor-col-100 elementor-top-column elementor-element elementor-element-70288975\" data-id=\"70288975\" data-element_type=\"column\">\n\t\t\t<div class=\"elementor-widget-wrap elementor-element-populated\">\n\t\t\t\t\t\t<div class=\"elementor-element elementor-element-2187718e elementor-widget elementor-widget-text-editor\" data-id=\"2187718e\" data-element_type=\"widget\" data-widget_type=\"text-editor.default\">\n\t\t\t\t<div class=\"elementor-widget-container\">\n\t\t\t\t\t\t\t<p><!-- wp:paragraph --><\/p>\n<p><strong>LEONARDO ROSO COLPO<\/strong> &#8211; defesa em 23\/03\/2021<br \/>Banca: Prof. Dr. MACKLINI DALLA NORA &#8211; orientador &#8211; UFSM; Prof. Dr. ANDR\u00c9 OGLIARI &#8211; UFSC; Prof. Dr. ALEXANDRE APARECIDO BUENOS &#8211; UFSM; Prof. Dr. LEONARDO NABES ROMANO -Coorientador -UFSM<br \/>T\u00edtulo: <a href=\"https:\/\/sucupira.capes.gov.br\/sucupira\/public\/consultas\/coleta\/trabalhoConclusao\/viewTrabalhoConclusao.jsf?popup=true&amp;id_trabalho=11019508\">PROJETO CONCEITUAL DE UM VE\u00cdCULO EL\u00c9TRICO DE PEQUENO PORTE PARA O TRANSPORTE URBANO INDIVIDUAL<\/a><\/p>\n<p><strong><span style=\"color: #000000;font-size: 1rem;background-color: var(--bs-body-bg);text-align: var(--bs-body-text-align)\">DIEGO MICHAEL\u00a0<\/span><\/strong><span style=\"color: #000000;font-size: 1rem;text-align: var(--bs-body-text-align);background-color: var(--bs-body-bg)\"><strong>CORNELIUS DOS SANTOS<\/strong> &#8211; defesa em\u00a0 04\/02\/2022<br \/><\/span><span style=\"background-color: var(--bs-body-bg);font-size: 1rem;text-align: var(--bs-body-text-align)\">Banca: Prof\u00aaDr\u00aa\u00a0<\/span><span style=\"background-color: var(--bs-body-bg);text-align: var(--bs-body-text-align)\">NAT\u00c1LIA DE FREITAS DAUDT &#8211; orientadora &#8211; UFSM; Prof. Dr.\u00a0<\/span><span style=\"background-color: var(--bs-body-bg);text-align: var(--bs-body-text-align)\">RAFAEL MENEZES NUNES- UFRGS;<\/span><span style=\"font-size: 1rem;text-align: var(--bs-body-text-align);background-color: var(--bs-body-bg)\">\u00a0\u00a0Prof. Dr.\u00a0<\/span><span style=\"font-size: 1rem;text-align: var(--bs-body-text-align);background-color: var(--bs-body-bg)\">LUCIO STRAZZABOSCO DORNELES &#8211; UFSM<br \/>T\u00edtulo:\u00a0<\/span><a href=\"https:\/\/sucupira.capes.gov.br\/sucupira\/public\/consultas\/coleta\/trabalhoConclusao\/viewTrabalhoConclusao.jsf?popup=true&amp;id_trabalho=11391275\"><span style=\"background-color: var(--bs-body-bg);text-align: var(--bs-body-text-align)\">AVALIA\u00c7\u00c3O MICROESTRUTURAL E MEC\u00c2NICA DE CHAPAS DE Ti-16Nb OBTIDAS\u00a0<\/span><span style=\"background-color: var(--bs-body-bg);text-align: var(--bs-body-text-align)\">POR TAPE CASTING<\/span><\/a><\/p>\n<p><!-- \/wp:paragraph --><\/p>\t\t\t\t\t\t<\/div>\n\t\t\t\t<\/div>\n\t\t\t\t\t<\/div>\n\t\t<\/div>\n\t\t\t\t\t<\/div>\n\t\t<\/section>\n\t\t\t\t<\/div>\n\t\t","protected":false},"excerpt":{"rendered":"<p>LEONARDO ROSO COLPO &#8211; defesa em 23\/03\/2021Banca: Prof. Dr. MACKLINI DALLA NORA &#8211; orientador &#8211; UFSM; Prof. Dr. ANDR\u00c9 OGLIARI &#8211; UFSC; Prof. Dr. ALEXANDRE APARECIDO BUENOS &#8211; UFSM; Prof. Dr. LEONARDO NABES ROMANO -Coorientador -UFSMT\u00edtulo: PROJETO CONCEITUAL DE UM VE\u00cdCULO EL\u00c9TRICO DE PEQUENO PORTE PARA O TRANSPORTE URBANO INDIVIDUAL DIEGO MICHAEL\u00a0CORNELIUS DOS SANTOS &#8211; [&hellip;]<\/p>\n","protected":false},"author":2194,"featured_media":0,"parent":0,"menu_order":0,"comment_status":"closed","ping_status":"closed","template":"","meta":{"footnotes":""},"categories":[],"tags":[],"class_list":["post-700","page","type-page","status-publish","hentry"],"acf":[],"_links":{"self":[{"href":"https:\/\/www.ufsm.br\/cursos\/pos-graduacao\/santa-maria\/pgmec\/wp-json\/wp\/v2\/pages\/700","targetHints":{"allow":["GET"]}}],"collection":[{"href":"https:\/\/www.ufsm.br\/cursos\/pos-graduacao\/santa-maria\/pgmec\/wp-json\/wp\/v2\/pages"}],"about":[{"href":"https:\/\/www.ufsm.br\/cursos\/pos-graduacao\/santa-maria\/pgmec\/wp-json\/wp\/v2\/types\/page"}],"author":[{"embeddable":true,"href":"https:\/\/www.ufsm.br\/cursos\/pos-graduacao\/santa-maria\/pgmec\/wp-json\/wp\/v2\/users\/2194"}],"replies":[{"embeddable":true,"href":"https:\/\/www.ufsm.br\/cursos\/pos-graduacao\/santa-maria\/pgmec\/wp-json\/wp\/v2\/comments?post=700"}],"version-history":[{"count":0,"href":"https:\/\/www.ufsm.br\/cursos\/pos-graduacao\/santa-maria\/pgmec\/wp-json\/wp\/v2\/pages\/700\/revisions"}],"wp:attachment":[{"href":"https:\/\/www.ufsm.br\/cursos\/pos-graduacao\/santa-maria\/pgmec\/wp-json\/wp\/v2\/media?parent=700"}],"wp:term":[{"taxonomy":"category","embeddable":true,"href":"https:\/\/www.ufsm.br\/cursos\/pos-graduacao\/santa-maria\/pgmec\/wp-json\/wp\/v2\/categories?post=700"},{"taxonomy":"post_tag","embeddable":true,"href":"https:\/\/www.ufsm.br\/cursos\/pos-graduacao\/santa-maria\/pgmec\/wp-json\/wp\/v2\/tags?post=700"}],"curies":[{"name":"wp","href":"https:\/\/api.w.org\/{rel}","templated":true}]}}