{"id":941,"date":"2022-07-14T10:48:48","date_gmt":"2022-07-14T13:48:48","guid":{"rendered":"https:\/\/www.ufsm.br\/cursos\/pos-graduacao\/santa-maria\/pgmec\/?page_id=941"},"modified":"2022-07-14T10:48:50","modified_gmt":"2022-07-14T13:48:50","slug":"normas-para-elaboracao-de-trabalhos-na-ufsm","status":"publish","type":"page","link":"https:\/\/www.ufsm.br\/cursos\/pos-graduacao\/santa-maria\/pgmec\/normas-para-elaboracao-de-trabalhos-na-ufsm","title":{"rendered":"Normas para elabora\u00e7\u00e3o de trabalhos na UFSM"},"content":{"rendered":"\n<p>O Manual de Disserta\u00e7\u00f5es e Teses da UFSM tem como objetivo orientar e definir a forma de apresenta\u00e7\u00e3o de trabalhos cient\u00edficos da Universidade Federal de Santa Maria (UFSM), abrangendo os elementos gr\u00e1ficos de organiza\u00e7\u00e3o e reda\u00e7\u00e3o de disserta\u00e7\u00f5es e teses.<\/p>\n\n\n\n<figure class=\"wp-block-image size-full\"><a href=\"https:\/\/www.ufsm.br\/app\/uploads\/sites\/551\/2022\/04\/Manual-de-Dissertac%CC%A7o%CC%83es-e-Teses_MDT_2021.pdf\"><img fetchpriority=\"high\" decoding=\"async\" width=\"600\" height=\"800\" src=\"https:\/\/www.ufsm.br\/app\/uploads\/sites\/595\/2022\/07\/mdt_2.jpg\" alt=\"\" class=\"wp-image-942\" srcset=\"https:\/\/www.ufsm.br\/app\/uploads\/sites\/595\/2022\/07\/mdt_2.jpg 600w, https:\/\/www.ufsm.br\/app\/uploads\/sites\/595\/2022\/07\/mdt_2-225x300.jpg 225w\" sizes=\"(max-width: 600px) 100vw, 600px\" \/><\/a><\/figure>\n","protected":false},"excerpt":{"rendered":"<p>O Manual de Disserta\u00e7\u00f5es e Teses da UFSM tem como objetivo orientar e definir a forma de apresenta\u00e7\u00e3o de trabalhos cient\u00edficos da Universidade Federal de Santa Maria (UFSM), abrangendo os elementos gr\u00e1ficos de organiza\u00e7\u00e3o e reda\u00e7\u00e3o de disserta\u00e7\u00f5es e teses.<\/p>\n","protected":false},"author":488,"featured_media":0,"parent":0,"menu_order":0,"comment_status":"closed","ping_status":"closed","template":"","meta":{"footnotes":""},"categories":[],"tags":[],"class_list":["post-941","page","type-page","status-publish","hentry"],"acf":[],"_links":{"self":[{"href":"https:\/\/www.ufsm.br\/cursos\/pos-graduacao\/santa-maria\/pgmec\/wp-json\/wp\/v2\/pages\/941","targetHints":{"allow":["GET"]}}],"collection":[{"href":"https:\/\/www.ufsm.br\/cursos\/pos-graduacao\/santa-maria\/pgmec\/wp-json\/wp\/v2\/pages"}],"about":[{"href":"https:\/\/www.ufsm.br\/cursos\/pos-graduacao\/santa-maria\/pgmec\/wp-json\/wp\/v2\/types\/page"}],"author":[{"embeddable":true,"href":"https:\/\/www.ufsm.br\/cursos\/pos-graduacao\/santa-maria\/pgmec\/wp-json\/wp\/v2\/users\/488"}],"replies":[{"embeddable":true,"href":"https:\/\/www.ufsm.br\/cursos\/pos-graduacao\/santa-maria\/pgmec\/wp-json\/wp\/v2\/comments?post=941"}],"version-history":[{"count":0,"href":"https:\/\/www.ufsm.br\/cursos\/pos-graduacao\/santa-maria\/pgmec\/wp-json\/wp\/v2\/pages\/941\/revisions"}],"wp:attachment":[{"href":"https:\/\/www.ufsm.br\/cursos\/pos-graduacao\/santa-maria\/pgmec\/wp-json\/wp\/v2\/media?parent=941"}],"wp:term":[{"taxonomy":"category","embeddable":true,"href":"https:\/\/www.ufsm.br\/cursos\/pos-graduacao\/santa-maria\/pgmec\/wp-json\/wp\/v2\/categories?post=941"},{"taxonomy":"post_tag","embeddable":true,"href":"https:\/\/www.ufsm.br\/cursos\/pos-graduacao\/santa-maria\/pgmec\/wp-json\/wp\/v2\/tags?post=941"}],"curies":[{"name":"wp","href":"https:\/\/api.w.org\/{rel}","templated":true}]}}