{"id":955,"date":"2022-07-14T11:18:08","date_gmt":"2022-07-14T14:18:08","guid":{"rendered":"https:\/\/www.ufsm.br\/cursos\/pos-graduacao\/santa-maria\/pgmec\/?page_id=955"},"modified":"2023-05-09T17:23:54","modified_gmt":"2023-05-09T20:23:54","slug":"entrega-da-versao-final","status":"publish","type":"page","link":"https:\/\/www.ufsm.br\/cursos\/pos-graduacao\/santa-maria\/pgmec\/entrega-da-versao-final","title":{"rendered":"Entrega da Vers\u00e3o Final da Disserta\u00e7\u00e3o"},"content":{"rendered":"\n<p>A entrega do trabalho final de curso, Disserta\u00e7\u00e3o ou Tese, \u00e9 na forma digital, sem nenhuma entrega de material f\u00edsico. O envio \u00e9 via Processo Eletr\u00f4nico Nacional \u2013 PEN\/SIE da UFSM e a partir do 2\u00ba semestre de letivo de 2022, 12\/09\/2022, \u00e9 a \u00fanica forma de entrega.<\/p>\n<div>\n<h4>Orienta\u00e7\u00f5es para entrega do material final para solicita\u00e7\u00e3o de emiss\u00e3o de diploma<\/h4>\n<p>Seguir o passo a passo\u00a0somente ap\u00f3s confirmar com o(a) orientador(a) a aprova\u00e7\u00e3o da vers\u00e3o final da disserta\u00e7\u00e3o:<\/p>\n<p>1. Incluir na vers\u00e3o digital da disserta\u00e7\u00e3o (arquivo em formato PDF no seu nome) a\u00a0 <a href=\"https:\/\/www.ufsm.br\/orgaos-suplementares\/biblioteca\/ficha-catalografica-2\/\" target=\"_blank\" rel=\"noopener\" data-saferedirecturl=\"https:\/\/www.google.com\/url?q=https:\/\/www.ufsm.br\/orgaos-suplementares\/biblioteca\/ficha-catalografica-2\/&amp;source=gmail&amp;ust=1683381453197000&amp;usg=AOvVaw21Ie9TP4PZHNzsLhSksqZF\">ficha catalogr\u00e1fica<\/a>\u00a0, dispon\u00edvel no\u00a0<a href=\"https:\/\/www.ufsm.br\/orgaos-suplementares\/biblioteca\/\" target=\"_blank\" rel=\"noopener\" data-saferedirecturl=\"https:\/\/www.google.com\/url?q=https:\/\/www.ufsm.br\/orgaos-suplementares\/biblioteca\/&amp;source=gmail&amp;ust=1683381453197000&amp;usg=AOvVaw2F-u0BbNks_1tu_siwNCo1\">site da biblioteca<\/a>, de\u00a0acordo com o\u00a0<a href=\"http:\/\/repositorio.ufsm.br\/handle\/1\/24203\" target=\"_blank\" rel=\"noopener\" data-saferedirecturl=\"https:\/\/www.google.com\/url?q=http:\/\/repositorio.ufsm.br\/handle\/1\/24203&amp;source=gmail&amp;ust=1683381453197000&amp;usg=AOvVaw1d_s6c9HRQCSO5-Ht5yEhP\">MDT-UFSM<\/a>\u00a0(salvar vers\u00e3o digital desbloqueada para c\u00f3pia);<\/p>\n<\/div>\n<div>\n<div>\n<p>2. A disserta\u00e7\u00e3o dever\u00e1 conter a folha de aprova\u00e7\u00e3o, a mesma n\u00e3o necessita da assinatura dos membros da banca nem do orientador, entretanto \u00e9 obrigat\u00f3ria a indica\u00e7\u00e3o <strong>da data exata de defesa e aprova\u00e7\u00e3o, conforme indicado na ata de defesa;<\/strong><\/p>\n<p>3. Caso o discente tenha recebido bolsa ou qualquer apoio em atividades acad\u00eamicas custeadas com recursos PROAP\/CAPES, dever\u00e1 fazer refer\u00eancia ao apoio recebido e dever\u00e1 constar no trabalho o agradecimento: \u201c<b>O presente trabalho foi realizado com apoio da Coordena\u00e7\u00e3o de Aperfei\u00e7oamento de Pessoal de N\u00edvel Superior \u2013 Brasil (CAPES) \u2013 C\u00f3digo de Financiamento 001\u201d.<\/b><\/p>\n<p>4. Abrir o processo de\u00a0Ato de entrega de disserta\u00e7\u00e3o\/tese,<a href=\"https:\/\/www.ufsm.br\/orgaos-suplementares\/dag\/pen\/apoio-ao-usuario\/tutorial-ato-de-entrega-de-mdt\/\" target=\"_blank\" rel=\"noopener\" data-saferedirecturl=\"https:\/\/www.google.com\/url?q=https:\/\/www.ufsm.br\/orgaos-suplementares\/dag\/pen\/apoio-ao-usuario\/tutorial-ato-de-entrega-de-mdt\/&amp;source=gmail&amp;ust=1683381453197000&amp;usg=AOvVaw17MO9s9mujRrfzZRt-aQlp\">\u00a0tutorial dispon\u00edvel aqui<\/a>(somente abrir o processo ap\u00f3s a corre\u00e7\u00e3o da vers\u00e3o final conforme orientador(a));<\/p>\n<p>5. Anexar ao processo de Ato de entrega de disserta\u00e7\u00e3o\/tese a\u00a0<b>Autoriza\u00e7\u00e3o para disponibiliza\u00e7\u00e3o on-line de disserta\u00e7\u00e3o\/tese<\/b> (solicitar o arquivo para pgmec@ufsm.br);<\/p>\n<p>6. Anexar ao processo de Ato de entrega de disserta\u00e7\u00e3o\/tese a\u00a0<strong>c\u00f3pia do artigo publicado<\/strong>;<\/p>\n<\/div>\n<\/div>\n","protected":false},"excerpt":{"rendered":"<p>A entrega do trabalho final de curso, Disserta\u00e7\u00e3o ou Tese, \u00e9 na forma digital, sem nenhuma entrega de material f\u00edsico. O envio \u00e9 via Processo Eletr\u00f4nico Nacional \u2013 PEN\/SIE da UFSM e a partir do 2\u00ba semestre de letivo de 2022, 12\/09\/2022, \u00e9 a \u00fanica forma de entrega. Orienta\u00e7\u00f5es para entrega do material final para [&hellip;]<\/p>\n","protected":false},"author":488,"featured_media":0,"parent":0,"menu_order":0,"comment_status":"closed","ping_status":"closed","template":"","meta":{"footnotes":""},"categories":[],"tags":[],"class_list":["post-955","page","type-page","status-publish","hentry"],"acf":[],"_links":{"self":[{"href":"https:\/\/www.ufsm.br\/cursos\/pos-graduacao\/santa-maria\/pgmec\/wp-json\/wp\/v2\/pages\/955","targetHints":{"allow":["GET"]}}],"collection":[{"href":"https:\/\/www.ufsm.br\/cursos\/pos-graduacao\/santa-maria\/pgmec\/wp-json\/wp\/v2\/pages"}],"about":[{"href":"https:\/\/www.ufsm.br\/cursos\/pos-graduacao\/santa-maria\/pgmec\/wp-json\/wp\/v2\/types\/page"}],"author":[{"embeddable":true,"href":"https:\/\/www.ufsm.br\/cursos\/pos-graduacao\/santa-maria\/pgmec\/wp-json\/wp\/v2\/users\/488"}],"replies":[{"embeddable":true,"href":"https:\/\/www.ufsm.br\/cursos\/pos-graduacao\/santa-maria\/pgmec\/wp-json\/wp\/v2\/comments?post=955"}],"version-history":[{"count":0,"href":"https:\/\/www.ufsm.br\/cursos\/pos-graduacao\/santa-maria\/pgmec\/wp-json\/wp\/v2\/pages\/955\/revisions"}],"wp:attachment":[{"href":"https:\/\/www.ufsm.br\/cursos\/pos-graduacao\/santa-maria\/pgmec\/wp-json\/wp\/v2\/media?parent=955"}],"wp:term":[{"taxonomy":"category","embeddable":true,"href":"https:\/\/www.ufsm.br\/cursos\/pos-graduacao\/santa-maria\/pgmec\/wp-json\/wp\/v2\/categories?post=955"},{"taxonomy":"post_tag","embeddable":true,"href":"https:\/\/www.ufsm.br\/cursos\/pos-graduacao\/santa-maria\/pgmec\/wp-json\/wp\/v2\/tags?post=955"}],"curies":[{"name":"wp","href":"https:\/\/api.w.org\/{rel}","templated":true}]}}