{"id":969,"date":"2022-08-03T11:02:46","date_gmt":"2022-08-03T14:02:46","guid":{"rendered":"https:\/\/www.ufsm.br\/cursos\/pos-graduacao\/santa-maria\/pgmec\/?page_id=969"},"modified":"2026-03-17T17:10:38","modified_gmt":"2026-03-17T20:10:38","slug":"coordenacao-e-secretaria","status":"publish","type":"page","link":"https:\/\/www.ufsm.br\/cursos\/pos-graduacao\/santa-maria\/pgmec\/coordenacao-e-secretaria","title":{"rendered":"Contato"},"content":{"rendered":"\n<p><strong>Coordenador<br \/><\/strong>Prof.\u00a0Giuliano Demarco\u00a0 \u2013\u00a0e-mail:\u00a0giuliano.demarco@ufsm.br<\/p>\n<p><strong>Coordenador Substituto<br \/><\/strong>Prof. Dr. Maikson Luiz Passaia Tonatto\u00a0 \u2013 e-mail: maikson.tonatto@ufsm.br<\/p>\n<p><strong>Secretaria de P\u00f3s Gradua\u00e7\u00e3o Integrada II<br \/><\/strong>Secret\u00e1ria Executiva M\u00e1rcia Regina Meneghini dos Santos<br \/>Contadora Laura dos Santos<\/p>\n<p>Telefone: (55) 3220-8619<br \/>E-mail: pgmec@ufsm.br<\/p>\n<p>Hor\u00e1rio de atendimento: de segunda-feira \u00e0 sexta-feira das 8h30min \u00e0s 11h30min e das 13h30min \u00e0s 16h30min.<\/p>\n<p><strong>Endere\u00e7o:<br \/><\/strong>Universidade Federal de Santa Maria \u2013 UFSM<br \/>Programa de P\u00f3s-Gradua\u00e7\u00e3o em Engenharia Mec\u00e2nica \u2013 PGMec<br \/>Av. Roraima n\u00ba 1000 \u2013 Campus Universit\u00e1rio \u2013 Bairro Camobi<br \/>Pr\u00e9dio 08 INPE \u2013 Instituto Nacional de Pesquisas Espaciais<br \/>2\u00ba piso \u2013 Sala 2057<br \/>CEP 97105-900 \u2013 Santa Maria \u2013 RS<\/p>\n\n\n\n<p><\/p>\n\n\n\n<p><\/p>\n","protected":false},"excerpt":{"rendered":"<p>CoordenadorProf.\u00a0Giuliano Demarco\u00a0 \u2013\u00a0e-mail:\u00a0giuliano.demarco@ufsm.br Coordenador SubstitutoProf. Dr. Maikson Luiz Passaia Tonatto\u00a0 \u2013 e-mail: maikson.tonatto@ufsm.br Secretaria de P\u00f3s Gradua\u00e7\u00e3o Integrada IISecret\u00e1ria Executiva M\u00e1rcia Regina Meneghini dos SantosContadora Laura dos Santos Telefone: (55) 3220-8619E-mail: pgmec@ufsm.br Hor\u00e1rio de atendimento: de segunda-feira \u00e0 sexta-feira das 8h30min \u00e0s 11h30min e das 13h30min \u00e0s 16h30min. Endere\u00e7o:Universidade Federal de Santa Maria \u2013 UFSMPrograma [&hellip;]<\/p>\n","protected":false},"author":488,"featured_media":0,"parent":0,"menu_order":0,"comment_status":"closed","ping_status":"closed","template":"","meta":{"footnotes":""},"categories":[],"tags":[],"class_list":["post-969","page","type-page","status-publish","hentry"],"acf":[],"_links":{"self":[{"href":"https:\/\/www.ufsm.br\/cursos\/pos-graduacao\/santa-maria\/pgmec\/wp-json\/wp\/v2\/pages\/969","targetHints":{"allow":["GET"]}}],"collection":[{"href":"https:\/\/www.ufsm.br\/cursos\/pos-graduacao\/santa-maria\/pgmec\/wp-json\/wp\/v2\/pages"}],"about":[{"href":"https:\/\/www.ufsm.br\/cursos\/pos-graduacao\/santa-maria\/pgmec\/wp-json\/wp\/v2\/types\/page"}],"author":[{"embeddable":true,"href":"https:\/\/www.ufsm.br\/cursos\/pos-graduacao\/santa-maria\/pgmec\/wp-json\/wp\/v2\/users\/488"}],"replies":[{"embeddable":true,"href":"https:\/\/www.ufsm.br\/cursos\/pos-graduacao\/santa-maria\/pgmec\/wp-json\/wp\/v2\/comments?post=969"}],"version-history":[{"count":0,"href":"https:\/\/www.ufsm.br\/cursos\/pos-graduacao\/santa-maria\/pgmec\/wp-json\/wp\/v2\/pages\/969\/revisions"}],"wp:attachment":[{"href":"https:\/\/www.ufsm.br\/cursos\/pos-graduacao\/santa-maria\/pgmec\/wp-json\/wp\/v2\/media?parent=969"}],"wp:term":[{"taxonomy":"category","embeddable":true,"href":"https:\/\/www.ufsm.br\/cursos\/pos-graduacao\/santa-maria\/pgmec\/wp-json\/wp\/v2\/categories?post=969"},{"taxonomy":"post_tag","embeddable":true,"href":"https:\/\/www.ufsm.br\/cursos\/pos-graduacao\/santa-maria\/pgmec\/wp-json\/wp\/v2\/tags?post=969"}],"curies":[{"name":"wp","href":"https:\/\/api.w.org\/{rel}","templated":true}]}}