{"id":975,"date":"2022-08-03T11:46:26","date_gmt":"2022-08-03T14:46:26","guid":{"rendered":"https:\/\/www.ufsm.br\/cursos\/pos-graduacao\/santa-maria\/pgmec\/?page_id=975"},"modified":"2024-01-24T09:13:38","modified_gmt":"2024-01-24T12:13:38","slug":"plano-de-estudos","status":"publish","type":"page","link":"https:\/\/www.ufsm.br\/cursos\/pos-graduacao\/santa-maria\/pgmec\/plano-de-estudos","title":{"rendered":"Plano de Estudos"},"content":{"rendered":"\n<h4 class=\"wp-block-heading\">Procedimentos ao preenchimento do Plano de Estudos On-line<\/h4>\n<p>O discente somente poder\u00e1 realizar sua matr\u00edcula no segundo semestre letivo de ingresso no curso se tiver preenchido e aprovado seu plano de estudos on-line.<\/p>\n<p>Para abrir o processo de solicita\u00e7\u00e3o de defesa de MDT (ao final do curso), \u00e9 necess\u00e1rio que o discente esteja com seu plano de estudos devidamente cumprido. Esta \u00e9 uma responsabilidade de todo aluno de p\u00f3s-gradua\u00e7\u00e3o. Al\u00e9m disso, \u00e9 importante que o discente saiba que, uma vez aberto o processo de defesa de MDT, n\u00e3o \u00e9 mais permitido alterar o plano de estudos.<\/p>\n<p><a href=\"https:\/\/www.ufsm.br\/app\/uploads\/sites\/345\/2022\/02\/TUTORIAL-PLANO-DE-ESTUDOS.pdf\" target=\"_blank\" rel=\"noopener\">Tutorial de preenchimento do Plano de Estudos On-line<\/a><\/p>\n<p>Atualiza\u00e7\u00e3o do Plano de Estudos:\u00a0<a href=\"https:\/\/www.ufsm.br\/app\/uploads\/sites\/551\/2024\/01\/MEMORANDO-CIRC-001.2024-informa-sobre-PLANO-DE-ESTUDOS-DISCENTES-PG.pdf\" target=\"_blank\" rel=\"noopener\">Memorando circular N. 001\/2024-PRPGP<\/a><\/p>\n","protected":false},"excerpt":{"rendered":"<p>Procedimentos ao preenchimento do Plano de Estudos On-line O discente somente poder\u00e1 realizar sua matr\u00edcula no segundo semestre letivo de ingresso no curso se tiver preenchido e aprovado seu plano de estudos on-line. Para abrir o processo de solicita\u00e7\u00e3o de defesa de MDT (ao final do curso), \u00e9 necess\u00e1rio que o discente esteja com seu [&hellip;]<\/p>\n","protected":false},"author":488,"featured_media":0,"parent":0,"menu_order":0,"comment_status":"closed","ping_status":"closed","template":"","meta":{"footnotes":""},"categories":[],"tags":[],"class_list":["post-975","page","type-page","status-publish","hentry"],"acf":[],"_links":{"self":[{"href":"https:\/\/www.ufsm.br\/cursos\/pos-graduacao\/santa-maria\/pgmec\/wp-json\/wp\/v2\/pages\/975","targetHints":{"allow":["GET"]}}],"collection":[{"href":"https:\/\/www.ufsm.br\/cursos\/pos-graduacao\/santa-maria\/pgmec\/wp-json\/wp\/v2\/pages"}],"about":[{"href":"https:\/\/www.ufsm.br\/cursos\/pos-graduacao\/santa-maria\/pgmec\/wp-json\/wp\/v2\/types\/page"}],"author":[{"embeddable":true,"href":"https:\/\/www.ufsm.br\/cursos\/pos-graduacao\/santa-maria\/pgmec\/wp-json\/wp\/v2\/users\/488"}],"replies":[{"embeddable":true,"href":"https:\/\/www.ufsm.br\/cursos\/pos-graduacao\/santa-maria\/pgmec\/wp-json\/wp\/v2\/comments?post=975"}],"version-history":[{"count":0,"href":"https:\/\/www.ufsm.br\/cursos\/pos-graduacao\/santa-maria\/pgmec\/wp-json\/wp\/v2\/pages\/975\/revisions"}],"wp:attachment":[{"href":"https:\/\/www.ufsm.br\/cursos\/pos-graduacao\/santa-maria\/pgmec\/wp-json\/wp\/v2\/media?parent=975"}],"wp:term":[{"taxonomy":"category","embeddable":true,"href":"https:\/\/www.ufsm.br\/cursos\/pos-graduacao\/santa-maria\/pgmec\/wp-json\/wp\/v2\/categories?post=975"},{"taxonomy":"post_tag","embeddable":true,"href":"https:\/\/www.ufsm.br\/cursos\/pos-graduacao\/santa-maria\/pgmec\/wp-json\/wp\/v2\/tags?post=975"}],"curies":[{"name":"wp","href":"https:\/\/api.w.org\/{rel}","templated":true}]}}