{"id":987,"date":"2022-08-03T15:40:16","date_gmt":"2022-08-03T18:40:16","guid":{"rendered":"https:\/\/www.ufsm.br\/cursos\/pos-graduacao\/santa-maria\/pgmec\/?page_id=987"},"modified":"2026-02-19T18:13:22","modified_gmt":"2026-02-19T21:13:22","slug":"bolsas-de-estudo","status":"publish","type":"page","link":"https:\/\/www.ufsm.br\/cursos\/pos-graduacao\/santa-maria\/pgmec\/bolsas-de-estudo","title":{"rendered":"Bolsas de Estudo"},"content":{"rendered":"\n<p>O Programa de P\u00f3s-Gradua\u00e7\u00e3o em Engenharia Mec\u00e2nica recebe, anualmente, quotas institucionais de bolsas de estudo concedidas pelas ag\u00eancias financiadoras, como CAPES ou CNPq.<\/p>\n<p>A disponibilidade de Bolsa ser\u00e1 preenchida por meio de uma sele\u00e7\u00e3o, normatizada atrav\u00e9s de um edital espec\u00edfico com previs\u00e3o de divulga\u00e7\u00e3o no in\u00edcio do primeiro semestre no ano corrente.<\/p>\n<p>Editais Anteriores:<\/p>\n<ul>\n<li>\n<p><a href=\"https:\/\/www.ufsm.br\/cursos\/pos-graduacao\/santa-maria\/pgmec\/editais\/001-2026-2\" target=\"_blank\" rel=\"noopener\">Edital N. 001\/2026\/PGMEC<\/a> (per\u00edodo de mar\u00e7o de 2026 at\u00e9 fevereiro de 2027);<\/p>\n<\/li>\n<li>\n<p><a href=\"https:\/\/www.ufsm.br\/cursos\/pos-graduacao\/santa-maria\/pgmec\/editais\/004-2023\" target=\"_blank\" rel=\"noopener\">Edital N. 004\/2023\/PGMEC<\/a> (per\u00edodo de novembro de 2023 a fevereiro de 2024);<\/p>\n<\/li>\n<li>\n<p><a href=\"https:\/\/www.ufsm.br\/cursos\/pos-graduacao\/santa-maria\/pgmec\/editais\/001-2023\" target=\"_blank\" rel=\"noopener\">Edital N.001\/2023\/PGMEC<\/a> (per\u00edodo de mar\u00e7o de 2023 a fevereiro de 2025);<\/p>\n<\/li>\n<li>\n<p><a href=\"https:\/\/www.ufsm.br\/cursos\/pos-graduacao\/santa-maria\/pgmec\/editais\/004-2022\" target=\"_blank\" rel=\"noopener\">Edital N.004\/2022\/PGMEC<\/a> (per\u00edodo de novembro de 2022 a fevereiro de 2024);<\/p>\n<\/li>\n<li>\n<p><a href=\"https:\/\/www.ufsm.br\/cursos\/pos-graduacao\/santa-maria\/pgmec\/editais\/001-2022\" target=\"_blank\" rel=\"noopener\">Edital N.001\/2022\/PGMEC<\/a> (per\u00edodo de mar\u00e7o de 2022 a fevereiro de 2023);<\/p>\n<\/li>\n<li>\n<p><a href=\"https:\/\/www.ufsm.br\/cursos\/pos-graduacao\/santa-maria\/pgmec\/editais\/002-2021\" target=\"_blank\" rel=\"noopener\">Edital N.002\/2021\/PGMEC<\/a> (per\u00edodo de mar\u00e7o de 2021 a fevereiro de 2022).<\/p>\n<\/li>\n<\/ul>\n<h4>Informa\u00e7\u00f5es e links \u00fateis:<\/h4>\n<ul>\n<li><a href=\"https:\/\/www.ufsm.br\/pro-reitorias\/prpgp\/bolsas\/normativas\" target=\"_blank\" rel=\"noopener\">Normativas<\/a>;<\/li>\n<li><a href=\"https:\/\/www.ufsm.br\/pro-reitorias\/prpgp\/bolsas\/acompanhamento\" target=\"_blank\" rel=\"noopener\">Acompanhamento<\/a>;<\/li>\n<li>Aplicativo Bolsista CAPES:<br \/><a href=\"https:\/\/play.google.com\/store\/apps\/details?id=br.gov.capes.bolsista\" target=\"_blank\" rel=\"noopener\">Android<\/a><br \/><a href=\"https:\/\/apps.apple.com\/br\/app\/bolsistas-capes\/id1505617581\" target=\"_blank\" rel=\"noopener\">IOs<\/a><\/li>\n<li><a href=\"http:\/\/informerendimentos.capes.gov.br\/informerendimentos\/informerendimentoForm.jsp\" target=\"_blank\" rel=\"noopener noreferrer\">Comprovante de Rendimentos da CAPES para Imposto de Renda<\/a>\u00a0(acesso livre, comprovante at\u00e9 abril de 2020);<\/li>\n<li><a href=\"https:\/\/informerendimentos.capes.gov.br\/\" target=\"_blank\" rel=\"noopener\">Comprovante de Rendimentos da CAPES para Imposto de Renda<\/a>\u00a0(necessidade de cadastro, comprovante a partir de maio de 2020);<\/li>\n<li><a href=\"http:\/\/transparencia.capes.gov.br\/transparencia\/xhtml\/index.faces\" target=\"_blank\" rel=\"noopener noreferrer\">Portal Transpar\u00eancia CAPES;<\/a><\/li>\n<li><a href=\"http:\/\/memoria2.cnpq.br\/bolsistas-vigentes\" target=\"_blank\" rel=\"noopener\">Bolsistas Vigentes CNPq;<\/a><\/li>\n<li><a href=\"https:\/\/www.gov.br\/capes\/pt-br\/assuntos\/noticias\/nova-plataforma-reune-dados-da-capes-e-da-pos-graduacao-brasileira\" target=\"_blank\" rel=\"noopener\">SDI \u2013 Sistema de Dissemina\u00e7\u00e3o de Informa\u00e7\u00f5es<\/a>.<\/li>\n<\/ul>\n","protected":false},"excerpt":{"rendered":"<p>O Programa de P\u00f3s-Gradua\u00e7\u00e3o em Engenharia Mec\u00e2nica recebe, anualmente, quotas institucionais de bolsas de estudo concedidas pelas ag\u00eancias financiadoras, como CAPES ou CNPq. A disponibilidade de Bolsa ser\u00e1 preenchida por meio de uma sele\u00e7\u00e3o, normatizada atrav\u00e9s de um edital espec\u00edfico com previs\u00e3o de divulga\u00e7\u00e3o no in\u00edcio do primeiro semestre no ano corrente. Editais Anteriores: Edital [&hellip;]<\/p>\n","protected":false},"author":488,"featured_media":0,"parent":0,"menu_order":0,"comment_status":"closed","ping_status":"closed","template":"","meta":{"footnotes":""},"categories":[],"tags":[],"class_list":["post-987","page","type-page","status-publish","hentry"],"acf":[],"_links":{"self":[{"href":"https:\/\/www.ufsm.br\/cursos\/pos-graduacao\/santa-maria\/pgmec\/wp-json\/wp\/v2\/pages\/987","targetHints":{"allow":["GET"]}}],"collection":[{"href":"https:\/\/www.ufsm.br\/cursos\/pos-graduacao\/santa-maria\/pgmec\/wp-json\/wp\/v2\/pages"}],"about":[{"href":"https:\/\/www.ufsm.br\/cursos\/pos-graduacao\/santa-maria\/pgmec\/wp-json\/wp\/v2\/types\/page"}],"author":[{"embeddable":true,"href":"https:\/\/www.ufsm.br\/cursos\/pos-graduacao\/santa-maria\/pgmec\/wp-json\/wp\/v2\/users\/488"}],"replies":[{"embeddable":true,"href":"https:\/\/www.ufsm.br\/cursos\/pos-graduacao\/santa-maria\/pgmec\/wp-json\/wp\/v2\/comments?post=987"}],"version-history":[{"count":0,"href":"https:\/\/www.ufsm.br\/cursos\/pos-graduacao\/santa-maria\/pgmec\/wp-json\/wp\/v2\/pages\/987\/revisions"}],"wp:attachment":[{"href":"https:\/\/www.ufsm.br\/cursos\/pos-graduacao\/santa-maria\/pgmec\/wp-json\/wp\/v2\/media?parent=987"}],"wp:term":[{"taxonomy":"category","embeddable":true,"href":"https:\/\/www.ufsm.br\/cursos\/pos-graduacao\/santa-maria\/pgmec\/wp-json\/wp\/v2\/categories?post=987"},{"taxonomy":"post_tag","embeddable":true,"href":"https:\/\/www.ufsm.br\/cursos\/pos-graduacao\/santa-maria\/pgmec\/wp-json\/wp\/v2\/tags?post=987"}],"curies":[{"name":"wp","href":"https:\/\/api.w.org\/{rel}","templated":true}]}}