{"id":990,"date":"2022-08-03T15:51:16","date_gmt":"2022-08-03T18:51:16","guid":{"rendered":"https:\/\/www.ufsm.br\/cursos\/pos-graduacao\/santa-maria\/pgmec\/?page_id=990"},"modified":"2022-08-03T15:51:18","modified_gmt":"2022-08-03T18:51:18","slug":"aluno-regular","status":"publish","type":"page","link":"https:\/\/www.ufsm.br\/cursos\/pos-graduacao\/santa-maria\/pgmec\/aluno-regular","title":{"rendered":"Aluno Regular"},"content":{"rendered":"\n<p>O processo seletivo de aluno regular, n\u00edveis Mestrado em Engenharia Mec\u00e2nica ocorre atrav\u00e9s de\u00a0<a rel=\"noreferrer noopener\" href=\"https:\/\/www.ufsm.br\/busca\/?q=&amp;area=editais&amp;orderby=modified&amp;order=DESC\" target=\"_blank\">edital p\u00fablico<\/a>\u00a0de publica\u00e7\u00e3o semestral, a previs\u00e3o de publica\u00e7\u00e3o ocorre\u00a0conforme cronograma de datas determinadas no\u00a0<a rel=\"noreferrer noopener\" href=\"https:\/\/www.ufsm.br\/calendario\/\" target=\"_blank\">calend\u00e1rio acad\u00eamico<\/a>\u00a0do respectivo ano.<\/p>\n\n\n\n<p>A cada sele\u00e7\u00e3o, o n\u00famero de vagas para cada orientador \u00e9 definido pelo Colegiado do Programa, de acordo com a disponibilidade de orienta\u00e7\u00e3o.<\/p>\n\n\n\n<p>Podem se inscrever profissionais portadores de diploma de gradua\u00e7\u00e3o nas \u00e1reas de&nbsp;<a href=\"http:\/\/www.capes.gov.br\/images\/documentos\/documentos_diversos_2017\/TabelaAreasConhecimento_072012_atualizada_2017_v2.pdf\" target=\"_blank\" rel=\"noreferrer noopener\">Engenharias I, II, III e IV<\/a>,&nbsp;Matem\u00e1tica, Probabilidade e Estat\u00edstica, Ci\u00eancia da Computa\u00e7\u00e3o, Agronomia, Recursos Florestais e Engenharia Florestal, Engenharia Agr\u00edcola, Recursos Pesqueiros e Engenharia de Pesca, Administra\u00e7\u00e3o, Economia, Arquitetura e Urbanismo e outras \u00e1reas afins.<\/p>\n\n\n\n<p>Crit\u00e9rios&nbsp;de sele\u00e7\u00e3o dos candidatos:<br>a) An\u00e1lise do Curriculum Vitae;&nbsp;<br>b) An\u00e1lise do Anteprojeto de Pesquisa; e<br>c) Defesa on-line do curriculum vitae, da experi\u00eancia da trajet\u00f3ria de pesquisa e do anteprojeto de disserta\u00e7\u00e3o ou de tese.<\/p>\n\n\n\n<p>O candidato classificado dever\u00e1 obter nota m\u00ednima final igual a sete.<\/p>\n\n\n\n<p>Os editais de sele\u00e7\u00e3o s\u00e3o publicados na p\u00e1gina de&nbsp;<a href=\"https:\/\/www.ufsm.br\/busca\/?q=&amp;area=editais&amp;orderby=modified&amp;order=DESC\" target=\"_blank\" rel=\"noreferrer noopener\">Editais da UFSM<\/a>&nbsp;,&nbsp;<a href=\"https:\/\/www.ufsm.br\/pro-reitorias\/prpgp\/busca\/?q=&amp;sites%5B%5D=345&amp;area=editais&amp;orderby=modified&amp;order=DESC\" target=\"_blank\" rel=\"noreferrer noopener\">Editais da PRPGP<\/a>,&nbsp;<a href=\"https:\/\/www.ufsm.br\/orgaos-executivos\/derca\/editais-2\/\" target=\"_blank\" rel=\"noreferrer noopener\">Editais DERCA<\/a>&nbsp;e na&nbsp;<a href=\"https:\/\/www.ufsm.br\/cursos\/pos-graduacao\/santa-maria\/ppgep\/\" target=\"_blank\" rel=\"noreferrer noopener\">p\u00e1gina do PPGEP<\/a>.<\/p>\n","protected":false},"excerpt":{"rendered":"<p>O processo seletivo de aluno regular, n\u00edveis Mestrado em Engenharia Mec\u00e2nica ocorre atrav\u00e9s de\u00a0edital p\u00fablico\u00a0de publica\u00e7\u00e3o semestral, a previs\u00e3o de publica\u00e7\u00e3o ocorre\u00a0conforme cronograma de datas determinadas no\u00a0calend\u00e1rio acad\u00eamico\u00a0do respectivo ano. A cada sele\u00e7\u00e3o, o n\u00famero de vagas para cada orientador \u00e9 definido pelo Colegiado do Programa, de acordo com a disponibilidade de orienta\u00e7\u00e3o. Podem se [&hellip;]<\/p>\n","protected":false},"author":488,"featured_media":0,"parent":0,"menu_order":0,"comment_status":"closed","ping_status":"closed","template":"","meta":{"footnotes":""},"categories":[],"tags":[],"class_list":["post-990","page","type-page","status-publish","hentry"],"acf":[],"_links":{"self":[{"href":"https:\/\/www.ufsm.br\/cursos\/pos-graduacao\/santa-maria\/pgmec\/wp-json\/wp\/v2\/pages\/990","targetHints":{"allow":["GET"]}}],"collection":[{"href":"https:\/\/www.ufsm.br\/cursos\/pos-graduacao\/santa-maria\/pgmec\/wp-json\/wp\/v2\/pages"}],"about":[{"href":"https:\/\/www.ufsm.br\/cursos\/pos-graduacao\/santa-maria\/pgmec\/wp-json\/wp\/v2\/types\/page"}],"author":[{"embeddable":true,"href":"https:\/\/www.ufsm.br\/cursos\/pos-graduacao\/santa-maria\/pgmec\/wp-json\/wp\/v2\/users\/488"}],"replies":[{"embeddable":true,"href":"https:\/\/www.ufsm.br\/cursos\/pos-graduacao\/santa-maria\/pgmec\/wp-json\/wp\/v2\/comments?post=990"}],"version-history":[{"count":0,"href":"https:\/\/www.ufsm.br\/cursos\/pos-graduacao\/santa-maria\/pgmec\/wp-json\/wp\/v2\/pages\/990\/revisions"}],"wp:attachment":[{"href":"https:\/\/www.ufsm.br\/cursos\/pos-graduacao\/santa-maria\/pgmec\/wp-json\/wp\/v2\/media?parent=990"}],"wp:term":[{"taxonomy":"category","embeddable":true,"href":"https:\/\/www.ufsm.br\/cursos\/pos-graduacao\/santa-maria\/pgmec\/wp-json\/wp\/v2\/categories?post=990"},{"taxonomy":"post_tag","embeddable":true,"href":"https:\/\/www.ufsm.br\/cursos\/pos-graduacao\/santa-maria\/pgmec\/wp-json\/wp\/v2\/tags?post=990"}],"curies":[{"name":"wp","href":"https:\/\/api.w.org\/{rel}","templated":true}]}}