{"id":1060,"date":"2019-05-27T17:54:12","date_gmt":"2019-05-27T20:54:12","guid":{"rendered":"https:\/\/www.ufsm.br\/cursos\/pos-graduacao\/santa-maria\/poscom\/?page_id=1060"},"modified":"2019-05-27T17:54:14","modified_gmt":"2019-05-27T20:54:14","slug":"gt-estudos-em-comunicacao-institucional-e-organizacional","status":"publish","type":"page","link":"https:\/\/www.ufsm.br\/cursos\/pos-graduacao\/santa-maria\/poscom\/gt-estudos-em-comunicacao-institucional-e-organizacional","title":{"rendered":"GT Estudos em Comunica\u00e7\u00e3o Institucional e Organizacional"},"content":{"rendered":"\n<p><strong><a href=\"https:\/\/www.ufsm.br\/cursos\/pos-graduacao\/santa-maria\/poscom\/wp-content\/uploads\/sites\/513\/2019\/05\/Anal\u00edtica-da-Midiatiza\u00e7\u00e3o-o-Leitor-como-Co-gestor-da-Produ\u00e7\u00e3o-Jornal\u00edstica.pdf\" target=\"_blank\" rel=\"noreferrer noopener\" aria-label=\"Anal\u00edtica da midiatiza\u00e7\u00e3o: o leitor como co-gestor da produ\u00e7\u00e3o jornal\u00edstica (opens in a new tab)\">Anal\u00edtica da midiatiza\u00e7\u00e3o: o leitor como co-gestor da produ\u00e7\u00e3o jornal\u00edstica<\/a><\/strong>, de Fabrise de Oliveira M\u00dcLLER, Stefania TONIN, Maria Ivete Trevisan FOSS\u00c1<\/p>\n\n\n\n<p><strong><a href=\"https:\/\/www.ufsm.br\/cursos\/pos-graduacao\/santa-maria\/poscom\/wp-content\/uploads\/sites\/513\/2019\/05\/Sipecom_Carvalho_Barichello_Rublescki.pdf\" target=\"_blank\" rel=\"noreferrer noopener\" aria-label=\"Midiatiza\u00e7\u00e3o como Matriz para o Estudo do Ecossistema Midi\u00e1tico Contempor\u00e2neo (opens in a new tab)\">Midiatiza\u00e7\u00e3o como Matriz para o Estudo do Ecossistema Midi\u00e1tico Contempor\u00e2neo<\/a><\/strong>, de Luciana Menezes CARVALHO, Anelise RUBLESCKI, Eugenia Mariano da Rocha BARICHELLO<\/p>\n\n\n\n<p><strong><a href=\"https:\/\/www.ufsm.br\/cursos\/pos-graduacao\/santa-maria\/poscom\/wp-content\/uploads\/sites\/513\/2019\/05\/Artigo-SIPECOM-Andressa-Ribeiro.pdf\">O Territ\u00f3rio Midiatizado<\/a><\/strong>, de Andressa RIBEIRO, Rejane POZOBON<\/p>\n\n\n\n<p><strong><a href=\"https:\/\/www.ufsm.br\/cursos\/pos-graduacao\/santa-maria\/poscom\/wp-content\/uploads\/sites\/513\/2019\/05\/MACHADO-Jones.-V-SIPECOM.pdf\">Estrat\u00e9gias de Comunica\u00e7\u00e3o Organizacional no Contexto de Converg\u00eancia Midi\u00e1tica<\/a><\/strong>, de Jones MACHADO<\/p>\n\n\n\n<p><strong><a href=\"https:\/\/www.ufsm.br\/cursos\/pos-graduacao\/santa-maria\/poscom\/wp-content\/uploads\/sites\/513\/2019\/05\/COSTA-Stef\u00e2nia-Comunica\u00e7\u00e3o-organizacional-e-espa\u00e7os-fronteiri\u00e7os-SipecomSM.pdf\">Comunica\u00e7\u00e3o Organizacional e Espa\u00e7os Fronteiri\u00e7os: an\u00e1lise das escolhas lingu\u00edsticas no site institucional da Unipampa<\/a><\/strong>, de Stef\u00e2nia COSTA<\/p>\n\n\n\n<p><strong><a href=\"https:\/\/www.ufsm.br\/cursos\/pos-graduacao\/santa-maria\/poscom\/wp-content\/uploads\/sites\/513\/2019\/05\/Artigo-Sipecom-1.pdf\">Comunica\u00e7\u00e3o digital e movimentos sociais: uma leitura do processo de mobiliza\u00e7\u00e3o social via web contra a usina de Belo Monte<\/a><\/strong>, de Helena SCHUCK, Elizabeth Huber MOREIRA; M\u00f4nica Elisa Dias PONS<\/p>\n\n\n\n<p><strong><a href=\"https:\/\/www.ufsm.br\/cursos\/pos-graduacao\/santa-maria\/poscom\/wp-content\/uploads\/sites\/513\/2019\/05\/artigo.sipecom.dinis_.escoladebambu.pdf\">Comunica\u00e7\u00e3o comunit\u00e1ria na era digital: estrat\u00e9gias de mobiliza\u00e7\u00e3o e midiatiza\u00e7\u00e3o em a\u00e7\u00f5es sociais da Escola de Bambu<\/a><\/strong>, de Dinis Ferreira CORTES, Maicon Elias KROTH<\/p>\n\n\n\n<p><strong><a href=\"https:\/\/www.ufsm.br\/cursos\/pos-graduacao\/santa-maria\/poscom\/wp-content\/uploads\/sites\/513\/2019\/05\/SIPECOM-RAFAELA.pdf\">Movimentos sociais e mobiliza\u00e7\u00e3o social: apontamentos sobre as manifesta\u00e7\u00f5es no Brasil, em 2013<\/a><\/strong>, de Rafaela Caetano PINTO, Maria Ivete Trevisan FOSS\u00c1<\/p>\n\n\n\n<p><strong><a href=\"https:\/\/www.ufsm.br\/cursos\/pos-graduacao\/santa-maria\/poscom\/wp-content\/uploads\/sites\/513\/2019\/05\/Capital-Comunicacional-comunit\u00e1rio-e-as-organiza\u00e7\u00f5es-de-comunica\u00e7\u00e3o-comunit\u00e1ria.pdf\">Capital Comunicacional Comunit\u00e1rio e as organiza\u00e7\u00f5es de comunica\u00e7\u00e3o comunit\u00e1ria<\/a><\/strong>, de Fabiana da Costa PEREIRA<\/p>\n\n\n\n<p><strong><a href=\"https:\/\/www.ufsm.br\/cursos\/pos-graduacao\/santa-maria\/poscom\/wp-content\/uploads\/sites\/513\/2019\/05\/V-sipecom_UFSM_kalliandra.pdf\">As r\u00e1dios comunit\u00e1rias e o modelo rizom\u00e1tico: uma estrat\u00e9gia comunicacional para a democratiza\u00e7\u00e3o da comunica\u00e7\u00e3o<\/a><\/strong>, de Kalliandra Quevedo CONRAD, Maria Ivete Trevisan FOSS\u00c1<\/p>\n\n\n\n<p><strong><a href=\"https:\/\/www.ufsm.br\/cursos\/pos-graduacao\/santa-maria\/poscom\/wp-content\/uploads\/sites\/513\/2019\/05\/SIPECOM-Gabriela-Assmann.pdf\">Participa\u00e7\u00e3o na esfera p\u00fablica interconectada: uma an\u00e1lise do site Novas Ideias POA<\/a><\/strong>, de Gabriela ASSMANN<\/p>\n\n\n\n<p><strong><a href=\"https:\/\/www.ufsm.br\/cursos\/pos-graduacao\/santa-maria\/poscom\/wp-content\/uploads\/sites\/513\/2019\/05\/Sipecom-Zanella.pdf\">Comunica\u00e7\u00e3o P\u00fablica Digital: um estudo das estrat\u00e9gias do site Plenarinho<\/a><\/strong>, de Gabriela Zampirollo ZANELLA, Patricia Milano P\u00c9RSIGO<\/p>\n\n\n\n<p><strong><a href=\"https:\/\/www.ufsm.br\/cursos\/pos-graduacao\/santa-maria\/poscom\/wp-content\/uploads\/sites\/513\/2019\/05\/Artigo-SIPECOM-2013.pdf\">A Comunica\u00e7\u00e3o e a Pol\u00edtica em Tempos Digitais<\/a><\/strong>, Patricia KOEFENDER, Rejane de Oliveira POZOBON<\/p>\n\n\n\n<p><strong><a href=\"https:\/\/www.ufsm.br\/cursos\/pos-graduacao\/santa-maria\/poscom\/wp-content\/uploads\/sites\/513\/2019\/05\/Guedes-Scheid.pdf\">A Comunica\u00e7\u00e3o P\u00fablica nos Portais da Transpar\u00eancia: estudo da Regi\u00e3o do M\u00e9dio Alto Uruguai<\/a><\/strong>, de Ana Helena Da Silva GUEDES, Daiane SCHEID<\/p>\n\n\n\n<p><strong><a href=\"https:\/\/www.ufsm.br\/cursos\/pos-graduacao\/santa-maria\/poscom\/wp-content\/uploads\/sites\/513\/2019\/05\/Foletto-Laura-R.-As-Rela\u00e7\u00f5es-P\u00fablicas-Com-Atua\u00e7\u00e3o-Estrat\u00e9gica-No-Setor-P\u00fablico-O-Restaurante-Universit\u00e1rio-De-Santa-Maria.pdf\">As Rela\u00e7\u00f5es P\u00fablicas Com Atua\u00e7\u00e3o Estrat\u00e9gica No Setor P\u00fablico: O Restaurante Universit\u00e1rio De Santa Maria<\/a><\/strong>, de Laura Roratto FOLETTO, Fabrise M\u00dcLLER<\/p>\n\n\n\n<p><strong><a href=\"https:\/\/www.ufsm.br\/cursos\/pos-graduacao\/santa-maria\/poscom\/wp-content\/uploads\/sites\/513\/2019\/05\/SIPECOM1.pdf\">Gest\u00e3o da Comunica\u00e7\u00e3o: diferencial no Projeto de Extens\u00e3o Hora de Falar de Bullying<\/a><\/strong>, de Josenia AUSTRIA, Juliana Lima Moreira RHODEN, Valmor RHODEN<\/p>\n\n\n\n<p><strong><a href=\"https:\/\/www.ufsm.br\/cursos\/pos-graduacao\/santa-maria\/poscom\/wp-content\/uploads\/sites\/513\/2019\/05\/Artigo-Samira-Tumelero-Valduga.pdf\">O gerenciamento de a\u00e7\u00f5es institucionais por profissionais de Rela\u00e7\u00f5es P\u00fablicas: Um estudo de caso do Projeto Pense Verde da RBS TV Santa Maria<\/a><\/strong>; Samira Tumelero VALDUGA, Elis\u00e2ngela Carlosso Machado MORTARI<\/p>\n\n\n\n<p><strong><a href=\"https:\/\/www.ufsm.br\/cursos\/pos-graduacao\/santa-maria\/poscom\/wp-content\/uploads\/sites\/513\/2019\/05\/KEGLER.-Jaqueline.-Festas_estrategia-comunicacional_identidade1.pdf\">As dimens\u00f5es t\u00e9cnica e social da festa como estrat\u00e9gia comunicacional midiatizada na constru\u00e7\u00e3o identit\u00e1rias<\/a><\/strong>; Jaqueline Quincozes da Silva KEGLER<\/p>\n\n\n\n<p><strong><a href=\"https:\/\/www.ufsm.br\/cursos\/pos-graduacao\/santa-maria\/poscom\/wp-content\/uploads\/sites\/513\/2019\/05\/SIPECOM_JEAN_ROSSATO.pdf\">A triangula\u00e7\u00e3o das culturas: interdepend\u00eancias e desdobramentos<\/a><\/strong>; Jean Felipe ROSSATO<\/p>\n\n\n\n<p><strong><a href=\"https:\/\/www.ufsm.br\/cursos\/pos-graduacao\/santa-maria\/poscom\/wp-content\/uploads\/sites\/513\/2019\/05\/Redes-Sociais-Digitais-apontamentos-e-reflex\u00f5es-quanto-sua-intera\u00e7\u00e3o-com-a-cultura-e-comunica\u00e7\u00e3o-organizacional.pdf\">Redes sociais digitais: apontamentos e reflex\u00f5es quanto sua intera\u00e7\u00e3o com a cultura e comunica\u00e7\u00e3o organizacional<\/a><\/strong>; F\u00e1bio FERNANDES, Marco Ant\u00f4nio CIRILLO<\/p>\n\n\n\n<p><strong><a href=\"https:\/\/www.ufsm.br\/cursos\/pos-graduacao\/santa-maria\/poscom\/wp-content\/uploads\/sites\/513\/2019\/05\/SIPECOM-GLUER.pdf\">Reflex\u00f5es te\u00f3ricas sobre as crises envolvendo marcas nas redes sociais<\/a><\/strong>; Laura Maria GL\u00dcER<\/p>\n\n\n\n<p><strong><a href=\"https:\/\/www.ufsm.br\/cursos\/pos-graduacao\/santa-maria\/poscom\/wp-content\/uploads\/sites\/513\/2019\/05\/Brasil_Rublescki_Barichello-Sipecom.pdf\">Comunica\u00e7\u00e3o Organizacional em WebRP e Mobile: a evolu\u00e7\u00e3o das estrat\u00e9gias de Rela\u00e7\u00f5es P\u00fablicas em plataformas m\u00f3veis<\/a><\/strong>; Jonas BRASIL, Anelise RUBLESCKI, Eugenia BARICHELLO<\/p>\n\n\n\n<p><strong><a href=\"https:\/\/www.ufsm.br\/cursos\/pos-graduacao\/santa-maria\/poscom\/wp-content\/uploads\/sites\/513\/2019\/05\/Sipecom_SPERB-Nanachara.pdf\">Comunica\u00e7\u00e3o Organizacional em sites de redes sociais<\/a><\/strong>; Nanachara Carolina SPERB<\/p>\n\n\n\n<p><strong><a href=\"https:\/\/www.ufsm.br\/cursos\/pos-graduacao\/santa-maria\/poscom\/wp-content\/uploads\/sites\/513\/2019\/05\/MARIANA-SIPECOM.pdf\">Mapeamento da comunica\u00e7\u00e3o digital na cidade fronteiri\u00e7a;<\/a>\u00a0<\/strong>Mariana ROCHA; Crist\u00f3v\u00e3o Domingos de ALMEIDA<\/p>\n\n\n\n<p><strong><a href=\"https:\/\/www.ufsm.br\/cursos\/pos-graduacao\/santa-maria\/poscom\/wp-content\/uploads\/sites\/513\/2019\/05\/A-blogosfera-corporativa-brasileira_Elisangela-Lasta.pdf\">A blogosfera corporativa brasileira: mapeamento dos usos e apropria\u00e7\u00f5es dos elementos sociot\u00e9cnicos;\u00a0<\/a><\/strong>Elisangela LASTA<\/p>\n\n\n\n<p><strong><a href=\"https:\/\/www.ufsm.br\/cursos\/pos-graduacao\/santa-maria\/poscom\/wp-content\/uploads\/sites\/513\/2019\/05\/Vagner-Campos-_-Vinicius-Campos.pdf\">Posicionamento, identidade e imagem de marca: uma an\u00e1lise da empresa CIDUSA de Cruz Alta\/RS<\/a><\/strong>; Vagner Morais CAMPOS,Vinicius Morais CAMPOS<\/p>\n\n\n\n<p><strong><a href=\"https:\/\/www.ufsm.br\/cursos\/pos-graduacao\/santa-maria\/poscom\/wp-content\/uploads\/sites\/513\/2019\/05\/Festival-de-M\u00fasica-de-Itaja\u00ed-2013.pdf\">Festival de M\u00fasica de Itaja\u00ed: qual \u00e9 a identidade visual?<\/a><\/strong>\u00a0Carlos C\u00d3RIA, Carlos GOLEMBIEWSKI<\/p>\n\n\n\n<p><strong><a href=\"https:\/\/www.ufsm.br\/cursos\/pos-graduacao\/santa-maria\/poscom\/wp-content\/uploads\/sites\/513\/2019\/05\/artigo_sipecom_gisele.pdf\">Marketing cultural como ferramenta de constru\u00e7\u00e3o da marca: uma an\u00e1lise dos shows de volta \u00e0s aulas da Unisc;\u00a0<\/a><\/strong>Gisele Padilha SIM\u00c3O, Erion da Silva LARA<\/p>\n\n\n\n<p><strong><a href=\"https:\/\/www.ufsm.br\/cursos\/pos-graduacao\/santa-maria\/poscom\/wp-content\/uploads\/sites\/513\/2019\/05\/Artigo-Final.pdf\">O Cinema na Internet: As Principais Formas de Divulga\u00e7\u00e3o das Grandes Produ\u00e7\u00f5es Cinematogr\u00e1ficas;\u00a0<\/a><\/strong>Hedilaura Guidolin dos SANTOS<\/p>\n\n\n\n<p><strong><a href=\"https:\/\/www.ufsm.br\/cursos\/pos-graduacao\/santa-maria\/poscom\/wp-content\/uploads\/sites\/513\/2019\/05\/SIPECOM3.pdf\">Turismo na Sociedade Midiatizada: o Calend\u00e1rio de Eventos como Ferramenta de Divulga\u00e7\u00e3o e Informa\u00e7\u00e3o de Santa Maria, Rio Grande do Sul, Brasil;\u00a0<\/a><\/strong>Vanessa Cibele Cauzzo DENARDIN<\/p>\n\n\n\n<p><strong><a href=\"https:\/\/www.ufsm.br\/cursos\/pos-graduacao\/santa-maria\/poscom\/wp-content\/uploads\/sites\/513\/2019\/05\/Artigo-para-V-SipeCom.pdf\">O impacto das Novas Tecnologias na Comunica\u00e7\u00e3o Organizacional: um estudo de caso do Col\u00e9gio Marista Sant\u2019Ana em Uruguaiana-RS<\/a><\/strong>; Alessandra FAGUNDES, Sibila ROCHA<\/p>\n\n\n\n<p><strong><a href=\"https:\/\/www.ufsm.br\/cursos\/pos-graduacao\/santa-maria\/poscom\/wp-content\/uploads\/sites\/513\/2019\/05\/Artigo-Jordana.pdf\">O uso da infografia na comunica\u00e7\u00e3o interna: uma aproxima\u00e7\u00e3o a partir das teorias de Rela\u00e7\u00f5es P\u00fablicas<\/a><\/strong>; Jordana Casarin da ROSA, Marcelo FREIRE<\/p>\n\n\n\n<p><strong><a href=\"https:\/\/www.ufsm.br\/cursos\/pos-graduacao\/santa-maria\/poscom\/wp-content\/uploads\/sites\/513\/2019\/05\/Artigo-SIPECOM1.pdf\">A comunica\u00e7\u00e3o no Programa Implementando Cultura de Paz;\u00a0<\/a><\/strong>Daiane Da Costa GAMPERT, Elisa Lubeck TERRA, Elisangela Maia PESSOA<\/p>\n\n\n\n<p><strong><a href=\"https:\/\/www.ufsm.br\/cursos\/pos-graduacao\/santa-maria\/poscom\/wp-content\/uploads\/sites\/513\/2019\/05\/Rela\u00e7\u00f5es-P\u00fablicas-e-Comunica\u00e7\u00e3o-Interna-uma-Abordagem-a-Luz-da-\u00c9tica.pdf\">Rela\u00e7\u00f5es P\u00fablicas e Comunica\u00e7\u00e3o Interna: uma abordagem a luz da \u00c9tica;<\/a>\u00a0<\/strong>Victor Silva THEODORO, Marcela Guimar\u00e3es e SILVA<\/p>\n\n\n\n<p><strong><a href=\"https:\/\/www.ufsm.br\/cursos\/pos-graduacao\/santa-maria\/poscom\/wp-content\/uploads\/sites\/513\/2019\/05\/Estrat\u00e9gias-Comunica\u00e7\u00e3o-evid\u00eancias-sustent\u00e1veis.pdf\">Estrat\u00e9gias de comunica\u00e7\u00e3o para evidencia\u00e7\u00e3o de pr\u00e1ticas sustent\u00e1veis em uma empresa de turismo rural<\/a><\/strong><a href=\"https:\/\/www.ufsm.br\/cursos\/pos-graduacao\/santa-maria\/poscom\/wp-content\/uploads\/sites\/513\/2019\/05\/Estrat\u00e9gias-Comunica\u00e7\u00e3o-evid\u00eancias-sustent\u00e1veis.pdf\">;<\/a> Julio Cesar SCHEID, Jane De F\u00e1tima Foliatti SCHEID<\/p>\n\n\n\n<p><strong><a href=\"https:\/\/www.ufsm.br\/cursos\/pos-graduacao\/santa-maria\/poscom\/wp-content\/uploads\/sites\/513\/2019\/05\/Comprometimento-ou-Entrincheiramento-com-a-Carreira-Um-Estudo-dos-Profissionais-de-Rela\u00e7\u00f5es-P\u00fablicas-no-Mercado-de-Trabalho.doc.pdf\">Comprometimento ou entrincheiramento com a carreira? Um estudo dos profissionais de Rela\u00e7\u00f5es P\u00fablicas no mercado de trabalho;\u00a0<\/a><\/strong>Stefania TONIN, Maria Ivete Trevisan FOSS\u00c1<br><\/p>\n","protected":false},"excerpt":{"rendered":"<p>Anal\u00edtica da midiatiza\u00e7\u00e3o: o leitor como co-gestor da produ\u00e7\u00e3o jornal\u00edstica, de Fabrise de Oliveira M\u00dcLLER, Stefania TONIN, Maria Ivete Trevisan FOSS\u00c1 Midiatiza\u00e7\u00e3o como Matriz para o Estudo do Ecossistema Midi\u00e1tico Contempor\u00e2neo, de Luciana Menezes CARVALHO, Anelise RUBLESCKI, Eugenia Mariano da Rocha BARICHELLO O Territ\u00f3rio Midiatizado, de Andressa RIBEIRO, Rejane POZOBON Estrat\u00e9gias de Comunica\u00e7\u00e3o Organizacional no [&hellip;]<\/p>\n","protected":false},"author":723,"featured_media":0,"parent":0,"menu_order":0,"comment_status":"closed","ping_status":"closed","template":"","meta":{"footnotes":""},"categories":[],"tags":[],"class_list":["post-1060","page","type-page","status-publish","hentry"],"acf":[],"_links":{"self":[{"href":"https:\/\/www.ufsm.br\/cursos\/pos-graduacao\/santa-maria\/poscom\/wp-json\/wp\/v2\/pages\/1060","targetHints":{"allow":["GET"]}}],"collection":[{"href":"https:\/\/www.ufsm.br\/cursos\/pos-graduacao\/santa-maria\/poscom\/wp-json\/wp\/v2\/pages"}],"about":[{"href":"https:\/\/www.ufsm.br\/cursos\/pos-graduacao\/santa-maria\/poscom\/wp-json\/wp\/v2\/types\/page"}],"author":[{"embeddable":true,"href":"https:\/\/www.ufsm.br\/cursos\/pos-graduacao\/santa-maria\/poscom\/wp-json\/wp\/v2\/users\/723"}],"replies":[{"embeddable":true,"href":"https:\/\/www.ufsm.br\/cursos\/pos-graduacao\/santa-maria\/poscom\/wp-json\/wp\/v2\/comments?post=1060"}],"version-history":[{"count":0,"href":"https:\/\/www.ufsm.br\/cursos\/pos-graduacao\/santa-maria\/poscom\/wp-json\/wp\/v2\/pages\/1060\/revisions"}],"wp:attachment":[{"href":"https:\/\/www.ufsm.br\/cursos\/pos-graduacao\/santa-maria\/poscom\/wp-json\/wp\/v2\/media?parent=1060"}],"wp:term":[{"taxonomy":"category","embeddable":true,"href":"https:\/\/www.ufsm.br\/cursos\/pos-graduacao\/santa-maria\/poscom\/wp-json\/wp\/v2\/categories?post=1060"},{"taxonomy":"post_tag","embeddable":true,"href":"https:\/\/www.ufsm.br\/cursos\/pos-graduacao\/santa-maria\/poscom\/wp-json\/wp\/v2\/tags?post=1060"}],"curies":[{"name":"wp","href":"https:\/\/api.w.org\/{rel}","templated":true}]}}