{"id":1061,"date":"2019-05-27T18:04:01","date_gmt":"2019-05-27T21:04:01","guid":{"rendered":"https:\/\/www.ufsm.br\/cursos\/pos-graduacao\/santa-maria\/poscom\/?page_id=1061"},"modified":"2019-05-27T18:04:06","modified_gmt":"2019-05-27T21:04:06","slug":"gt-estudos-de-recepcao","status":"publish","type":"page","link":"https:\/\/www.ufsm.br\/cursos\/pos-graduacao\/santa-maria\/poscom\/gt-estudos-de-recepcao","title":{"rendered":"GT Estudos de Recep\u00e7\u00e3o"},"content":{"rendered":"\n<p><strong><a href=\"https:\/\/www.ufsm.br\/cursos\/pos-graduacao\/santa-maria\/poscom\/wp-content\/uploads\/sites\/513\/2019\/05\/FILIPE-BORDINH\u00c3O-DOS-SANTOS.pdf\">Com a palavra, o receptor! Apontamentos sobre a comunica\u00e7\u00e3o publicit\u00e1ria a partir da cr\u00edtica da recep\u00e7\u00e3o<\/a><\/strong>; Filipe Bordinh\u00e3o dos SANTOS<\/p>\n\n\n\n<p><strong>C<a href=\"https:\/\/www.ufsm.br\/cursos\/pos-graduacao\/santa-maria\/poscom\/wp-content\/uploads\/sites\/513\/2019\/05\/Artigo-Cultural-Studies-SIPECOM-F\u00e1bio.pdf\">ontribui\u00e7\u00f5es dos <\/a><em><a href=\"https:\/\/www.ufsm.br\/cursos\/pos-graduacao\/santa-maria\/poscom\/wp-content\/uploads\/sites\/513\/2019\/05\/Artigo-Cultural-Studies-SIPECOM-F\u00e1bio.pdf\">Cultural Studies <\/a><\/em><a href=\"https:\/\/www.ufsm.br\/cursos\/pos-graduacao\/santa-maria\/poscom\/wp-content\/uploads\/sites\/513\/2019\/05\/Artigo-Cultural-Studies-SIPECOM-F\u00e1bio.pdf\">para o estudo da m\u00eddia e da produ\u00e7\u00e3o de subjetividades nas pesquisas em recep\u00e7\u00e3o<\/a><\/strong>; \u00a0F\u00e1bio Soares da COSTA; Janete de P\u00e1scoa RODRIGUES<\/p>\n\n\n\n<p><strong><a href=\"https:\/\/www.ufsm.br\/cursos\/pos-graduacao\/santa-maria\/poscom\/wp-content\/uploads\/sites\/513\/2019\/05\/Artigo-para-V-SIPECOM-2013.pdf\">Intera\u00e7\u00f5es e negocia\u00e7\u00f5es de sentidos nas redes sociais: um estudo sobre os grupos de discuss\u00e3o do <\/a><em><a href=\"https:\/\/www.ufsm.br\/cursos\/pos-graduacao\/santa-maria\/poscom\/wp-content\/uploads\/sites\/513\/2019\/05\/Artigo-para-V-SIPECOM-2013.pdf\">Facebook <\/a><\/em><a href=\"https:\/\/www.ufsm.br\/cursos\/pos-graduacao\/santa-maria\/poscom\/wp-content\/uploads\/sites\/513\/2019\/05\/Artigo-para-V-SIPECOM-2013.pdf\">em Cruz Alta-RS<\/a><\/strong>; Fabiana ISER; Jana\u00edne dos SANTOS; Veronice MASTELLA; Davi dos Santos PEREIRA<\/p>\n\n\n\n<p><strong><a href=\"https:\/\/www.ufsm.br\/cursos\/pos-graduacao\/santa-maria\/poscom\/wp-content\/uploads\/sites\/513\/2019\/05\/Recep\u00e7\u00e3o-Propaganda-do-PSC.pdf\">Por que a bandeira da fam\u00edlia n\u00e3o pode tamb\u00e9m ser colorida? Estudo de recep\u00e7\u00e3o da propaganda pol\u00edtica do Partido Social Crist\u00e3o (PSC) por homo e heterossexuais<\/a><\/strong><a href=\"https:\/\/www.ufsm.br\/cursos\/pos-graduacao\/santa-maria\/poscom\/wp-content\/uploads\/sites\/513\/2019\/05\/Recep\u00e7\u00e3o-Propaganda-do-PSC.pdf\">;<\/a> Ettore Stefani de MEDEIROS; Milena Freire de OLIVEIRA-CRUZ<\/p>\n\n\n\n<p><strong><a href=\"https:\/\/www.ufsm.br\/cursos\/pos-graduacao\/santa-maria\/poscom\/wp-content\/uploads\/sites\/513\/2019\/05\/Artigo_sipecom_tainan.pdf\">Etnografia e Comunica\u00e7\u00e3o: uma aproxima\u00e7\u00e3o emp\u00edrica \u00e0 experi\u00eancia da Marcha das Vadias<\/a><\/strong>; Tainan Pauli TOMAZETTI; Liliane Dutra BRIGNOL<\/p>\n\n\n\n<p><strong><a href=\"https:\/\/www.ufsm.br\/cursos\/pos-graduacao\/santa-maria\/poscom\/wp-content\/uploads\/sites\/513\/2019\/05\/artigo-sipecom-2.pdf\">Monitoramento online, televis\u00e3o e Twitter: apontamentos para a pesquisa de recep\u00e7\u00e3o<\/a><\/strong><a href=\"https:\/\/www.ufsm.br\/cursos\/pos-graduacao\/santa-maria\/poscom\/wp-content\/uploads\/sites\/513\/2019\/05\/artigo-sipecom-2.pdf\">; Sandra DEPEXE<\/a><strong><a href=\"https:\/\/www.ufsm.br\/cursos\/pos-graduacao\/santa-maria\/poscom\/wp-content\/uploads\/sites\/513\/2019\/05\/artigo-sipecom-2.pdf\">@Inffinito: Interatividade e Territorialidade(s) na Midiatiza\u00e7\u00e3o: um estudo de caso<\/a><\/strong><a href=\"https:\/\/www.ufsm.br\/cursos\/pos-graduacao\/santa-maria\/poscom\/wp-content\/uploads\/sites\/513\/2019\/05\/artigo-sipecom-2.pdf\">;<\/a> M\u00e1rcia de Castro BORGES<\/p>\n\n\n\n<p> <strong><a href=\"https:\/\/www.ufsm.br\/cursos\/pos-graduacao\/santa-maria\/poscom\/wp-content\/uploads\/sites\/513\/2019\/05\/Art-VSipecom-Final.pdf\">@Inffinito: Interatividade e Territorialidade(s) na Midiatiza\u00e7\u00e3o: um estudo de caso<\/a><\/strong>; M\u00e1rcia de Castro BORGES <\/p>\n","protected":false},"excerpt":{"rendered":"<p>Com a palavra, o receptor! Apontamentos sobre a comunica\u00e7\u00e3o publicit\u00e1ria a partir da cr\u00edtica da recep\u00e7\u00e3o; Filipe Bordinh\u00e3o dos SANTOS Contribui\u00e7\u00f5es dos Cultural Studies para o estudo da m\u00eddia e da produ\u00e7\u00e3o de subjetividades nas pesquisas em recep\u00e7\u00e3o; \u00a0F\u00e1bio Soares da COSTA; Janete de P\u00e1scoa RODRIGUES Intera\u00e7\u00f5es e negocia\u00e7\u00f5es de sentidos nas redes sociais: um [&hellip;]<\/p>\n","protected":false},"author":723,"featured_media":0,"parent":0,"menu_order":0,"comment_status":"closed","ping_status":"closed","template":"","meta":{"footnotes":""},"categories":[],"tags":[],"class_list":["post-1061","page","type-page","status-publish","hentry"],"acf":[],"_links":{"self":[{"href":"https:\/\/www.ufsm.br\/cursos\/pos-graduacao\/santa-maria\/poscom\/wp-json\/wp\/v2\/pages\/1061","targetHints":{"allow":["GET"]}}],"collection":[{"href":"https:\/\/www.ufsm.br\/cursos\/pos-graduacao\/santa-maria\/poscom\/wp-json\/wp\/v2\/pages"}],"about":[{"href":"https:\/\/www.ufsm.br\/cursos\/pos-graduacao\/santa-maria\/poscom\/wp-json\/wp\/v2\/types\/page"}],"author":[{"embeddable":true,"href":"https:\/\/www.ufsm.br\/cursos\/pos-graduacao\/santa-maria\/poscom\/wp-json\/wp\/v2\/users\/723"}],"replies":[{"embeddable":true,"href":"https:\/\/www.ufsm.br\/cursos\/pos-graduacao\/santa-maria\/poscom\/wp-json\/wp\/v2\/comments?post=1061"}],"version-history":[{"count":0,"href":"https:\/\/www.ufsm.br\/cursos\/pos-graduacao\/santa-maria\/poscom\/wp-json\/wp\/v2\/pages\/1061\/revisions"}],"wp:attachment":[{"href":"https:\/\/www.ufsm.br\/cursos\/pos-graduacao\/santa-maria\/poscom\/wp-json\/wp\/v2\/media?parent=1061"}],"wp:term":[{"taxonomy":"category","embeddable":true,"href":"https:\/\/www.ufsm.br\/cursos\/pos-graduacao\/santa-maria\/poscom\/wp-json\/wp\/v2\/categories?post=1061"},{"taxonomy":"post_tag","embeddable":true,"href":"https:\/\/www.ufsm.br\/cursos\/pos-graduacao\/santa-maria\/poscom\/wp-json\/wp\/v2\/tags?post=1061"}],"curies":[{"name":"wp","href":"https:\/\/api.w.org\/{rel}","templated":true}]}}