{"id":1069,"date":"2019-05-28T13:53:50","date_gmt":"2019-05-28T16:53:50","guid":{"rendered":"https:\/\/www.ufsm.br\/cursos\/pos-graduacao\/santa-maria\/poscom\/?page_id=1069"},"modified":"2019-05-28T13:53:52","modified_gmt":"2019-05-28T16:53:52","slug":"gt-estudos-em-cultura-e-identidade","status":"publish","type":"page","link":"https:\/\/www.ufsm.br\/cursos\/pos-graduacao\/santa-maria\/poscom\/gt-estudos-em-cultura-e-identidade","title":{"rendered":"GT Estudos em cultura e identidade"},"content":{"rendered":"\n<p><strong><a href=\"https:\/\/www.ufsm.br\/cursos\/pos-graduacao\/santa-maria\/poscom\/wp-content\/uploads\/sites\/513\/2019\/05\/A-Identidade-e-a-Est\u00e9tica-como-forma-persuasiva-nas-camisarias-Nerds-das-marcas-JovemNerd-LinuxMall-e-Redbug.pdf\">A Identidade e a Est\u00e9tica como forma persuasiva nas camisarias Nerds das marcas Jovem Nerd, Linux Mall e Redbug<\/a><\/strong>; Luis David PADILHA, Morgana HAMSTER<\/p>\n\n\n\n<p><strong><a href=\"https:\/\/www.ufsm.br\/cursos\/pos-graduacao\/santa-maria\/poscom\/wp-content\/uploads\/sites\/513\/2019\/05\/Artigo-Sipecom-Vers\u00e3o-Final-2.pdf\">Entre a m\u00eddia alternativa e a m\u00eddia t\u00e1tica: apontamentos sobre o guerrilheiro midi\u00e1tico Luther Blissett<\/a><\/strong>; Dairan Mathias PAUL, Aline Roes DALMOLIN<\/p>\n\n\n\n<p><strong><a href=\"https:\/\/www.ufsm.br\/cursos\/pos-graduacao\/santa-maria\/poscom\/wp-content\/uploads\/sites\/513\/2019\/05\/Midia-e-movimento-hip-hop-Camila-Marques.pdf\">M\u00eddia e Movimento Hip-Hop: uma rela\u00e7\u00e3o pautada por tens\u00f5es e conflito<\/a><\/strong>; de Camila MARQUES, Rosane ROSA<\/p>\n\n\n\n<p><strong><a href=\"https:\/\/www.ufsm.br\/cursos\/pos-graduacao\/santa-maria\/poscom\/wp-content\/uploads\/sites\/513\/2019\/05\/ANAISAIABARRETTOSIPECOM2013.pdf\">Um olhar poss\u00edvel<\/a><\/strong><a href=\"https:\/\/www.ufsm.br\/cursos\/pos-graduacao\/santa-maria\/poscom\/wp-content\/uploads\/sites\/513\/2019\/05\/ANAISAIABARRETTOSIPECOM2013.pdf\">: <\/a><strong><a href=\"https:\/\/www.ufsm.br\/cursos\/pos-graduacao\/santa-maria\/poscom\/wp-content\/uploads\/sites\/513\/2019\/05\/ANAISAIABARRETTOSIPECOM2013.pdf\">a identidade e a imagem nas experi\u00eancias comunicacionais tur\u00edsticas<\/a><\/strong>; de Ana Isaia BARRETTO<\/p>\n\n\n\n<p><strong><a href=\"https:\/\/www.ufsm.br\/cursos\/pos-graduacao\/santa-maria\/poscom\/wp-content\/uploads\/sites\/513\/2019\/05\/ARTIGOCAROLINAMORO.pdf\">Usos do Facebook para a\u00e7\u00f5es coletivas no caso da Boate Kiss<\/a><\/strong>; de Carolina MORO; Liliane Dutra BRIGNOL<\/p>\n\n\n\n<p><strong><a href=\"https:\/\/www.ufsm.br\/cursos\/pos-graduacao\/santa-maria\/poscom\/wp-content\/uploads\/sites\/513\/2019\/05\/O-CIRCUITO-DA-CULTURA.pdf\">O circuito da cultura<\/a><\/strong><a href=\"https:\/\/www.ufsm.br\/cursos\/pos-graduacao\/santa-maria\/poscom\/wp-content\/uploads\/sites\/513\/2019\/05\/O-CIRCUITO-DA-CULTURA.pdf\">: <\/a><strong><a href=\"https:\/\/www.ufsm.br\/cursos\/pos-graduacao\/santa-maria\/poscom\/wp-content\/uploads\/sites\/513\/2019\/05\/O-CIRCUITO-DA-CULTURA.pdf\">um estudo aplicado \u00e0 fan page do Festival Rock In Rio<\/a><\/strong>; de Michele dos Santos PEREIRA<\/p>\n\n\n\n<p><strong><a href=\"https:\/\/www.ufsm.br\/cursos\/pos-graduacao\/santa-maria\/poscom\/wp-content\/uploads\/sites\/513\/2019\/05\/Artigo-GT-Cult-Ident-Retardat\u00e1rio_ETIER.pdf\">R\u00e1dio nas Escolas: Pr\u00e1ticas Educomunicativas em Escolas da Rede P\u00fablica Estadual<\/a><\/strong>; de Etier Pires de Deus LIMA; Rosane ROSA<\/p>\n\n\n\n<p><strong><a href=\"https:\/\/www.ufsm.br\/cursos\/pos-graduacao\/santa-maria\/poscom\/wp-content\/uploads\/sites\/513\/2019\/05\/Barros-Silveira-O-Hit-Harry-Potter.pdf\">O Hit Harry Potter \u2013 midiatiza\u00e7\u00e3o de uma saga liter\u00e1ria<\/a><\/strong>; Janayna BARROS; Ada Cristina Machado SILVEIRA<\/p>\n\n\n\n<p><strong><a href=\"https:\/\/www.ufsm.br\/cursos\/pos-graduacao\/santa-maria\/poscom\/wp-content\/uploads\/sites\/513\/2019\/05\/A-narrativa-ficcional-de-Harry-Potter-como-objeto-de-interven\u00e7\u00e3o-pol\u00edtica-Edu-Jacques.pdf\">A narrativa ficcional de Harry Potter como objeto de interven\u00e7\u00e3o pol\u00edtica<\/a><\/strong>; Edu JACQUES FILHO<\/p>\n\n\n\n<p><strong><a href=\"https:\/\/www.ufsm.br\/cursos\/pos-graduacao\/santa-maria\/poscom\/wp-content\/uploads\/sites\/513\/2019\/05\/tbsipecom.pdf\">Representaci\u00f3n de la mujer en la pel\u00edcula \u201c7 Cajas\u201d<\/a><\/strong>; Maria Liz Benitez ALMEIDA<\/p>\n\n\n\n<p><strong><a href=\"https:\/\/www.ufsm.br\/cursos\/pos-graduacao\/santa-maria\/poscom\/wp-content\/uploads\/sites\/513\/2019\/05\/SIPECOM-2013_Wesley-Grij\u00f3.pdf\">Negras imagens na fic\u00e7\u00e3o seriada: Telenovela como recurso comunicativo de visibilidade da etnicidade negra brasileira<\/a><\/strong>; Wesley Pereira GRIJ\u00d3<\/p>\n\n\n\n<p><strong><a href=\"https:\/\/www.ufsm.br\/cursos\/pos-graduacao\/santa-maria\/poscom\/wp-content\/uploads\/sites\/513\/2019\/05\/Artigo-Sipecom-RS-1-GT-Estudos-de-Audiovisualidades.pdf\">\u201cEra uma vez\u2026\u201d na telinha \u2013 um estudo inicial sobre a apropria\u00e7\u00e3o dos contos de fada pela telenovela brasileira<\/a><\/strong>; Mariana de ALMEIDA Ferreira<\/p>\n\n\n\n<p><strong><a href=\"https:\/\/www.ufsm.br\/cursos\/pos-graduacao\/santa-maria\/poscom\/wp-content\/uploads\/sites\/513\/2019\/05\/ESCOBAR_MULHERES-NEGRAS-220913.pdf\">Mulheres Negras, Comunica\u00e7\u00e3o, Identidade e Cidadania no Clube Social Negro Treze de Maio de Santa Maria-RS; <\/a><\/strong>Giane Vargas ESCOBAR<\/p>\n\n\n\n<p><strong><a href=\"https:\/\/www.ufsm.br\/cursos\/pos-graduacao\/santa-maria\/poscom\/wp-content\/uploads\/sites\/513\/2019\/05\/sipecom2.pdf\">Observa\u00e7\u00e3o, Teoriza\u00e7\u00e3o, Experimenta\u00e7\u00e3o e Interpreta\u00e7\u00e3o: Gestos Metodol\u00f3gicos em Pesquisa sobre Midiatiza\u00e7\u00e3o<\/a><\/strong>; Mois\u00e9s SBARDELOTTO<\/p>\n\n\n\n<p><strong><a href=\"https:\/\/www.ufsm.br\/cursos\/pos-graduacao\/santa-maria\/poscom\/wp-content\/uploads\/sites\/513\/2019\/05\/Brandalise_SIPECOM_2013.pdf\">Perspectivas Antropol\u00f3gicas e dos Estudos Culturais no Campo da Comunica\u00e7\u00e3o: Contribui\u00e7\u00f5es e Aproxima\u00e7\u00f5es Te\u00f3rico-Metodol\u00f3gicas<\/a><\/strong>; Roberta BRANDALISE<\/p>\n\n\n\n<p><strong><a href=\"https:\/\/www.ufsm.br\/cursos\/pos-graduacao\/santa-maria\/poscom\/wp-content\/uploads\/sites\/513\/2019\/05\/LisiAguiarSipecom.pdf\">A cultura do m\u00e9todo cient\u00edfico no campo da comunica\u00e7\u00e3o<\/a><\/strong>; Lisiane Machado AGUIAR<\/p>\n\n\n\n<p><strong><a href=\"https:\/\/www.ufsm.br\/cursos\/pos-graduacao\/santa-maria\/poscom\/wp-content\/uploads\/sites\/513\/2019\/05\/danielle-miranda-sipecom-2013.pdf\">Jogos de visibilidade e contornos semi\u00f3ticos da cultura: contribui\u00e7\u00f5es para o pensamento sobre as fronteiras da cultura perif\u00e9rica<\/a><\/strong>; Danielle MIRANDA<\/p>\n\n\n\n<p><strong><a href=\"https:\/\/www.ufsm.br\/cursos\/pos-graduacao\/santa-maria\/poscom\/wp-content\/uploads\/sites\/513\/2019\/05\/Artigo-V-SIPECOM.pdf\">A Identidade regional representada na Comunica\u00e7\u00e3o Publicit\u00e1ria produzida na cidade de Faxinal do Soturno \u2013 RS: Um olhar a partir das Estruturas de Sentimento; <\/a><\/strong>Mari\u00e2ngela Barichello BARATTO; Carline TERNUS; Flavi Ferreira LISBOA FILHO<\/p>\n\n\n\n<p><strong><a href=\"https:\/\/www.ufsm.br\/cursos\/pos-graduacao\/santa-maria\/poscom\/wp-content\/uploads\/sites\/513\/2019\/05\/lorena_SIPECOM_21set13.pdf\">A identidade brasileira na narrativa publicit\u00e1ria nacional no contexto tem\u00e1tico dos Jogos Ol\u00edmpicos de 2016; <\/a><\/strong>Lorena Oliveira PY; Pauline Neutzling FRAGA<\/p>\n\n\n\n<p><strong><a href=\"https:\/\/www.ufsm.br\/cursos\/pos-graduacao\/santa-maria\/poscom\/wp-content\/uploads\/sites\/513\/2019\/05\/vSipecom_rogerio.pdf\">O jornal e a afirma\u00e7\u00e3o dos estere\u00f3tipos: Uma an\u00e1lise das mat\u00e9rias sobre o ga\u00facho no Di\u00e1rio de Santa Maria; <\/a><\/strong>Rog\u00e9rio Saldanha CORR\u00caA; Flavi Ferreira LISBOA FILHO<\/p>\n\n\n\n<p><strong><a href=\"https:\/\/www.ufsm.br\/cursos\/pos-graduacao\/santa-maria\/poscom\/wp-content\/uploads\/sites\/513\/2019\/05\/Artigo-SIPECOM2.pdf\">Cultura e identidade regional: an\u00e1lise da pedagogiza\u00e7\u00e3o da propaganda pol\u00edtica na revista Rainha dos Ap\u00f3stolos; <\/a><\/strong>Diosen MARIN; Alisson MACHADO; Flavi Ferreira LISBOA FILHO<\/p>\n\n\n\n<p><strong><a href=\"https:\/\/www.ufsm.br\/cursos\/pos-graduacao\/santa-maria\/poscom\/wp-content\/uploads\/sites\/513\/2019\/05\/Identidade-e-hibrida\u00e7\u00e3o-cultural-em-fronteiras.pdf\">Identidade e hibrida\u00e7\u00e3o cultural em fronteiras: conceitos e aproxima\u00e7\u00f5es; <\/a><\/strong>Rossana Zott ENNINGER<\/p>\n\n\n\n<p><strong><a href=\"https:\/\/www.ufsm.br\/cursos\/pos-graduacao\/santa-maria\/poscom\/wp-content\/uploads\/sites\/513\/2019\/05\/Tauana-Darciele.pdf\">Epistemologia: compreendendo as bases te\u00f3ricas do fazer epistemol\u00f3gico<\/a><\/strong>; Tauana Mariana Weinberg JEFFMAN; Darciele Paula MARQUES<br><\/p>\n","protected":false},"excerpt":{"rendered":"<p>A Identidade e a Est\u00e9tica como forma persuasiva nas camisarias Nerds das marcas Jovem Nerd, Linux Mall e Redbug; Luis David PADILHA, Morgana HAMSTER Entre a m\u00eddia alternativa e a m\u00eddia t\u00e1tica: apontamentos sobre o guerrilheiro midi\u00e1tico Luther Blissett; Dairan Mathias PAUL, Aline Roes DALMOLIN M\u00eddia e Movimento Hip-Hop: uma rela\u00e7\u00e3o pautada por tens\u00f5es e [&hellip;]<\/p>\n","protected":false},"author":723,"featured_media":0,"parent":0,"menu_order":0,"comment_status":"closed","ping_status":"closed","template":"","meta":{"footnotes":""},"categories":[],"tags":[],"class_list":["post-1069","page","type-page","status-publish","hentry"],"acf":[],"_links":{"self":[{"href":"https:\/\/www.ufsm.br\/cursos\/pos-graduacao\/santa-maria\/poscom\/wp-json\/wp\/v2\/pages\/1069","targetHints":{"allow":["GET"]}}],"collection":[{"href":"https:\/\/www.ufsm.br\/cursos\/pos-graduacao\/santa-maria\/poscom\/wp-json\/wp\/v2\/pages"}],"about":[{"href":"https:\/\/www.ufsm.br\/cursos\/pos-graduacao\/santa-maria\/poscom\/wp-json\/wp\/v2\/types\/page"}],"author":[{"embeddable":true,"href":"https:\/\/www.ufsm.br\/cursos\/pos-graduacao\/santa-maria\/poscom\/wp-json\/wp\/v2\/users\/723"}],"replies":[{"embeddable":true,"href":"https:\/\/www.ufsm.br\/cursos\/pos-graduacao\/santa-maria\/poscom\/wp-json\/wp\/v2\/comments?post=1069"}],"version-history":[{"count":0,"href":"https:\/\/www.ufsm.br\/cursos\/pos-graduacao\/santa-maria\/poscom\/wp-json\/wp\/v2\/pages\/1069\/revisions"}],"wp:attachment":[{"href":"https:\/\/www.ufsm.br\/cursos\/pos-graduacao\/santa-maria\/poscom\/wp-json\/wp\/v2\/media?parent=1069"}],"wp:term":[{"taxonomy":"category","embeddable":true,"href":"https:\/\/www.ufsm.br\/cursos\/pos-graduacao\/santa-maria\/poscom\/wp-json\/wp\/v2\/categories?post=1069"},{"taxonomy":"post_tag","embeddable":true,"href":"https:\/\/www.ufsm.br\/cursos\/pos-graduacao\/santa-maria\/poscom\/wp-json\/wp\/v2\/tags?post=1069"}],"curies":[{"name":"wp","href":"https:\/\/api.w.org\/{rel}","templated":true}]}}