{"id":1093,"date":"2019-05-28T15:15:19","date_gmt":"2019-05-28T18:15:19","guid":{"rendered":"https:\/\/www.ufsm.br\/cursos\/pos-graduacao\/santa-maria\/poscom\/?page_id=1093"},"modified":"2019-05-28T15:15:23","modified_gmt":"2019-05-28T18:15:23","slug":"gt-estudos-de-audiovisualidades","status":"publish","type":"page","link":"https:\/\/www.ufsm.br\/cursos\/pos-graduacao\/santa-maria\/poscom\/gt-estudos-de-audiovisualidades","title":{"rendered":"GT Estudos de Audiovisualidades"},"content":{"rendered":"\n<p><strong><a href=\"https:\/\/www.ufsm.br\/cursos\/pos-graduacao\/santa-maria\/poscom\/wp-content\/uploads\/sites\/513\/2019\/05\/artigo-Sipecom-V.pdf\">As Interfaces de Dogville; <\/a><\/strong>\u00c2ndrea Cristina SULZBACH<\/p>\n\n\n\n<p><strong><a href=\"https:\/\/www.ufsm.br\/cursos\/pos-graduacao\/santa-maria\/poscom\/wp-content\/uploads\/sites\/513\/2019\/05\/UFSMEmilia2.pdf\">Cinema e Na\u00e7\u00e3o: Representa\u00e7\u00e3o de \u00cdndia e Paquist\u00e3o em Veer-Zaara; <\/a><\/strong>Em\u00edlia Teles da SILVA<\/p>\n\n\n\n<p><strong><a href=\"https:\/\/www.ufsm.br\/cursos\/pos-graduacao\/santa-maria\/poscom\/wp-content\/uploads\/sites\/513\/2019\/05\/Felipe_Martini_Sipecom.pdf\">Pesquisa Audiovisual em Comunica\u00e7\u00e3o: Um convite ao di\u00e1logo; <\/a><\/strong>Felipe Gue MARTINI<\/p>\n\n\n\n<p><strong><a href=\"https:\/\/www.ufsm.br\/cursos\/pos-graduacao\/santa-maria\/poscom\/wp-content\/uploads\/sites\/513\/2019\/05\/A-est\u00e9tica-do-cine-olho-nas-c\u00e2meras-em-protestos.pdf\">A est\u00e9tica do cine-olho nas c\u00e2meras em protestos;<\/a> <\/strong>Bruno LEITES; Alexandre Rocha da SILVA<\/p>\n\n\n\n<p><strong><a href=\"https:\/\/www.ufsm.br\/cursos\/pos-graduacao\/santa-maria\/poscom\/wp-content\/uploads\/sites\/513\/2019\/05\/Artigo-Fernanda-Martins-1984-a-obra-de-George-Orwell-sob-a-perspectiva-funcionalista-das-comunica\u00e7\u00f5es-de-massa.pdf\">\u201c1984\u201d: a obra de George Orwell sob a perspectiva funcionalista das comunica\u00e7\u00f5es de massa; <\/a><\/strong>Fernanda MARTINS; Marcela GUIMAR\u00c3ES<\/p>\n\n\n\n<p><strong><a href=\"https:\/\/www.ufsm.br\/cursos\/pos-graduacao\/santa-maria\/poscom\/wp-content\/uploads\/sites\/513\/2019\/05\/Mulheres-do-Maciel-Corpos-e-Afetos-Singulares-Andr\u00e9-Melo-Mendes.pdf\">Mulheres do Maciel: corpos e afetos singulares; <\/a><\/strong>Andr\u00e9 Melo MENDES<\/p>\n\n\n\n<p><strong><a href=\"https:\/\/www.ufsm.br\/cursos\/pos-graduacao\/santa-maria\/poscom\/wp-content\/uploads\/sites\/513\/2019\/05\/Artigo_SIPECOM_Alisson_MACHADO.pdf\">Intelectuais como fontes experts da m\u00eddia: estruturas de sentimento dominantes, residuais e emergentes na cobertura das manifesta\u00e7\u00f5es de rua no Brasil; <\/a><\/strong>Alisson MACHADO; Tainan Pauli TOMAZETTI; Ana Luiza COIRO MORAES<\/p>\n\n\n\n<p><strong><a href=\"https:\/\/www.ufsm.br\/cursos\/pos-graduacao\/santa-maria\/poscom\/wp-content\/uploads\/sites\/513\/2019\/05\/ARTIGO-SIPECOM-PDF.pdf\">A produ\u00e7\u00e3o midi\u00e1tica na s\u00e9rie de reportagens televisivas sobre a cidade de Santa Maria\/RS;<\/a><\/strong> Tiane Dias CANABARRO; Flavi Ferreira LISB\u00d4A FILHO<\/p>\n\n\n\n<p><strong><a href=\"https:\/\/www.ufsm.br\/cursos\/pos-graduacao\/santa-maria\/poscom\/wp-content\/uploads\/sites\/513\/2019\/05\/Iuri-Rodrigues_Sipecom.pdf\">O liter\u00e1rio na TV a partir das reportagens de Neide Duarte;<\/a><\/strong> Iuri da Silva RODRIGUES<\/p>\n\n\n\n<p><strong><a href=\"https:\/\/www.ufsm.br\/cursos\/pos-graduacao\/santa-maria\/poscom\/wp-content\/uploads\/sites\/513\/2019\/05\/MORELLI-MENDES-Cleber__SIPECOM2013.pdf\">A relev\u00e2ncia da EMBRAFILME como pol\u00edtica p\u00fablica para o desenvolvimento da cinematografia brasileira; <\/a><\/strong>Crist\u00f3v\u00e3o Domingos de ALMEIDA; Cleber MORELLI-MENDES<\/p>\n\n\n\n<p><strong><a href=\"https:\/\/www.ufsm.br\/cursos\/pos-graduacao\/santa-maria\/poscom\/wp-content\/uploads\/sites\/513\/2019\/05\/Artigo-SIPECOM3.pdf\">V\u00f4lei e identidade nacional: a narra\u00e7\u00e3o televisiva esportiva peruana na Final Sul-Americana de V\u00f4lei Feminino Infanto-Juvenil entre Peru x Brasil; <\/a><\/strong>Jorge Francisco Puente Arnao GALARRETA<\/p>\n\n\n\n<p><strong><a href=\"https:\/\/www.ufsm.br\/cursos\/pos-graduacao\/santa-maria\/poscom\/wp-content\/uploads\/sites\/513\/2019\/05\/A-metropole-comunicacional-o-e-a-popularizacao-dos-apps.pdf\">A metr\u00f3pole comunicacional e a populariza\u00e7\u00e3o dos apps para dispositivos m\u00f3veis; <\/a><\/strong>Fabricio TAROUCO<br><\/p>\n","protected":false},"excerpt":{"rendered":"<p>As Interfaces de Dogville; \u00c2ndrea Cristina SULZBACH Cinema e Na\u00e7\u00e3o: Representa\u00e7\u00e3o de \u00cdndia e Paquist\u00e3o em Veer-Zaara; Em\u00edlia Teles da SILVA Pesquisa Audiovisual em Comunica\u00e7\u00e3o: Um convite ao di\u00e1logo; Felipe Gue MARTINI A est\u00e9tica do cine-olho nas c\u00e2meras em protestos; Bruno LEITES; Alexandre Rocha da SILVA \u201c1984\u201d: a obra de George Orwell sob a perspectiva [&hellip;]<\/p>\n","protected":false},"author":723,"featured_media":0,"parent":0,"menu_order":0,"comment_status":"closed","ping_status":"closed","template":"","meta":{"footnotes":""},"categories":[],"tags":[],"class_list":["post-1093","page","type-page","status-publish","hentry"],"acf":[],"_links":{"self":[{"href":"https:\/\/www.ufsm.br\/cursos\/pos-graduacao\/santa-maria\/poscom\/wp-json\/wp\/v2\/pages\/1093","targetHints":{"allow":["GET"]}}],"collection":[{"href":"https:\/\/www.ufsm.br\/cursos\/pos-graduacao\/santa-maria\/poscom\/wp-json\/wp\/v2\/pages"}],"about":[{"href":"https:\/\/www.ufsm.br\/cursos\/pos-graduacao\/santa-maria\/poscom\/wp-json\/wp\/v2\/types\/page"}],"author":[{"embeddable":true,"href":"https:\/\/www.ufsm.br\/cursos\/pos-graduacao\/santa-maria\/poscom\/wp-json\/wp\/v2\/users\/723"}],"replies":[{"embeddable":true,"href":"https:\/\/www.ufsm.br\/cursos\/pos-graduacao\/santa-maria\/poscom\/wp-json\/wp\/v2\/comments?post=1093"}],"version-history":[{"count":0,"href":"https:\/\/www.ufsm.br\/cursos\/pos-graduacao\/santa-maria\/poscom\/wp-json\/wp\/v2\/pages\/1093\/revisions"}],"wp:attachment":[{"href":"https:\/\/www.ufsm.br\/cursos\/pos-graduacao\/santa-maria\/poscom\/wp-json\/wp\/v2\/media?parent=1093"}],"wp:term":[{"taxonomy":"category","embeddable":true,"href":"https:\/\/www.ufsm.br\/cursos\/pos-graduacao\/santa-maria\/poscom\/wp-json\/wp\/v2\/categories?post=1093"},{"taxonomy":"post_tag","embeddable":true,"href":"https:\/\/www.ufsm.br\/cursos\/pos-graduacao\/santa-maria\/poscom\/wp-json\/wp\/v2\/tags?post=1093"}],"curies":[{"name":"wp","href":"https:\/\/api.w.org\/{rel}","templated":true}]}}