{"id":157,"date":"2019-01-17T10:56:57","date_gmt":"2019-01-17T12:56:57","guid":{"rendered":"https:\/\/www.ufsm.br\/cursos\/pos-graduacao\/santa-maria\/poscom\/?page_id=157"},"modified":"2021-12-13T10:50:52","modified_gmt":"2021-12-13T13:50:52","slug":"doutorado","status":"publish","type":"page","link":"https:\/\/www.ufsm.br\/cursos\/pos-graduacao\/santa-maria\/poscom\/doutorado","title":{"rendered":"Doutorado"},"content":{"rendered":"\n<p>A sele\u00e7\u00e3o de candidatos \u00e9 realizada anualmente. As diretrizes da sele\u00e7\u00e3o s\u00e3o publicadas pela UFSM em Edital no segundo semestre do ano.<\/p>\n<p>As inscri\u00e7\u00f5es ser\u00e3o realizadas no site da PRPGP, durante o per\u00edodo fixado no calend\u00e1rio escolar da UFSM. A documenta\u00e7\u00e3o requerida dever\u00e1 ser enviada \u00e0 secretaria do Programa de P\u00f3s-Gradua\u00e7\u00e3o em Comunica\u00e7\u00e3o da UFSM, de acordo com as orienta\u00e7\u00f5es dispostas no edital.<\/p>\n<p><strong>Da Sele\u00e7\u00e3o de Candidatos<\/strong><\/p>\n<p>A comiss\u00e3o de sele\u00e7\u00e3o ser\u00e1 indicada pelo colegiado do Programa e homologada pela dire\u00e7\u00e3o da unidade mediante portaria.<\/p>\n<p>A sistem\u00e1tica do processo de sele\u00e7\u00e3o ao Doutorado inclui: projeto de pesquisa, curr\u00edculo e entrevista. Caber\u00e1 ao Colegiado definir, a cada edital, os detalhes do processo seletivo, bem como estabelecer se alguma das etapas ser\u00e1 eliminat\u00f3ria.<\/p>\n<p>Ser\u00e3o selecionados para o curso de Doutorado os candidatos que forem aprovados nas etapas especificadas no edital p\u00fablico.<\/p>\n","protected":false},"excerpt":{"rendered":"<p>A sele\u00e7\u00e3o de candidatos \u00e9 realizada anualmente. As diretrizes da sele\u00e7\u00e3o s\u00e3o publicadas pela UFSM em Edital no segundo semestre do ano. As inscri\u00e7\u00f5es ser\u00e3o realizadas no site da PRPGP, durante o per\u00edodo fixado no calend\u00e1rio escolar da UFSM. A documenta\u00e7\u00e3o requerida dever\u00e1 ser enviada \u00e0 secretaria do Programa de P\u00f3s-Gradua\u00e7\u00e3o em Comunica\u00e7\u00e3o da UFSM, [&hellip;]<\/p>\n","protected":false},"author":194,"featured_media":0,"parent":0,"menu_order":0,"comment_status":"closed","ping_status":"closed","template":"","meta":{"footnotes":""},"categories":[],"tags":[],"class_list":["post-157","page","type-page","status-publish","hentry"],"acf":[],"_links":{"self":[{"href":"https:\/\/www.ufsm.br\/cursos\/pos-graduacao\/santa-maria\/poscom\/wp-json\/wp\/v2\/pages\/157","targetHints":{"allow":["GET"]}}],"collection":[{"href":"https:\/\/www.ufsm.br\/cursos\/pos-graduacao\/santa-maria\/poscom\/wp-json\/wp\/v2\/pages"}],"about":[{"href":"https:\/\/www.ufsm.br\/cursos\/pos-graduacao\/santa-maria\/poscom\/wp-json\/wp\/v2\/types\/page"}],"author":[{"embeddable":true,"href":"https:\/\/www.ufsm.br\/cursos\/pos-graduacao\/santa-maria\/poscom\/wp-json\/wp\/v2\/users\/194"}],"replies":[{"embeddable":true,"href":"https:\/\/www.ufsm.br\/cursos\/pos-graduacao\/santa-maria\/poscom\/wp-json\/wp\/v2\/comments?post=157"}],"version-history":[{"count":0,"href":"https:\/\/www.ufsm.br\/cursos\/pos-graduacao\/santa-maria\/poscom\/wp-json\/wp\/v2\/pages\/157\/revisions"}],"wp:attachment":[{"href":"https:\/\/www.ufsm.br\/cursos\/pos-graduacao\/santa-maria\/poscom\/wp-json\/wp\/v2\/media?parent=157"}],"wp:term":[{"taxonomy":"category","embeddable":true,"href":"https:\/\/www.ufsm.br\/cursos\/pos-graduacao\/santa-maria\/poscom\/wp-json\/wp\/v2\/categories?post=157"},{"taxonomy":"post_tag","embeddable":true,"href":"https:\/\/www.ufsm.br\/cursos\/pos-graduacao\/santa-maria\/poscom\/wp-json\/wp\/v2\/tags?post=157"}],"curies":[{"name":"wp","href":"https:\/\/api.w.org\/{rel}","templated":true}]}}