{"id":158,"date":"2019-01-17T11:00:23","date_gmt":"2019-01-17T13:00:23","guid":{"rendered":"https:\/\/www.ufsm.br\/cursos\/pos-graduacao\/santa-maria\/poscom\/?page_id=158"},"modified":"2025-01-22T10:56:56","modified_gmt":"2025-01-22T13:56:56","slug":"aluno-especial","status":"publish","type":"page","link":"https:\/\/www.ufsm.br\/cursos\/pos-graduacao\/santa-maria\/poscom\/aluno-especial","title":{"rendered":"Aluno Especial"},"content":{"rendered":"\n<p>Aluno Especial \u00e9 uma possibilidade para\u00a0cursar disciplinas isoladas nos cursos de Mestrado e Doutorado, sem a necessidade de exist\u00eancia de v\u00ednculo regular com algum curso de p\u00f3s-gradua\u00e7\u00e3o stricto sensu da UFSM.\u00a0<\/p>\n<p>A sele\u00e7\u00e3o de alunos especiais \u00e9 realizada duas vezes ao ano, de acordo com o Calend\u00e1rio Acad\u00eamico da UFSM e suas diretrizes s\u00e3o divulgadas em Edital P\u00fablico no site da UFSM.<\/p>\n<p>As inscri\u00e7\u00f5es, matr\u00edculas, bem como o acompanhamento do deferimento ou indeferimento da solicita\u00e7\u00e3o devem ser realizadas pelo candidato no\u00a0<a href=\"https:\/\/portal.ufsm.br\/especial\/index.html\" target=\"_blank\" rel=\"noopener\">site da UFSM<\/a>, durante os per\u00edodos fixados no edital.<\/p>\n<p>A documenta\u00e7\u00e3o requerida para inscri\u00e7\u00e3o dever\u00e1 ser enviada \u00e0 secretaria do Programa de P\u00f3s-Gradua\u00e7\u00e3o em Comunica\u00e7\u00e3o da UFSM, de acordo com as orienta\u00e7\u00f5es dispostas no edital.<\/p>\n<p>A matr\u00edcula especial em disciplinas de p\u00f3s-gradua\u00e7\u00e3o \u00e9 limitada a uma disciplina por semestre para cada discente e, no m\u00e1ximo, a duas matr\u00edculas especiais no Programa.<\/p>\n<p>O discente poder\u00e1 fazer disciplinas, no m\u00e1ximo, em dois Programas distintos, podendo totalizar, em quatro semestres distintos, quatro disciplinas como discente especial na Institui\u00e7\u00e3o.<\/p>\n<p>N\u00e3o ser\u00e3o permitidas matr\u00edculas especiais em disciplinas obrigat\u00f3rias.<\/p>\n<p>Caber\u00e1 ao Colegiado, por interm\u00e9dio de normativa, regular o n\u00famero de vagas por disciplinas e as prioridades na concess\u00e3o dessas vagas.<\/p>\n<p>\u00a0<\/p>\n<p><strong>Da sele\u00e7\u00e3o de candidatos<\/strong><\/p>\n<p>O Regulamento Interno do POSCOM determina, em seu Art. 85, que a matr\u00edcula especial poder\u00e1 ser concedida nos seguintes casos:<\/p>\n<div>I \u2013 para discentes de gradua\u00e7\u00e3o de qualquer IES que tenham cursado, no m\u00ednimo, 75% (setenta e cinco<br \/>por cento) dos cr\u00e9ditos necess\u00e1rios \u00e0 conclus\u00e3o do seu curso;<\/div>\n<div><br \/>II \u2013 para discentes vinculados(as) a cursos de p\u00f3s-gradua\u00e7\u00e3o stricto sensu de outras IES nacionais ou<br \/>estrangeiras;\u00a0<\/div>\n<div><br \/>III \u2013 para portadores(as) de diploma de curso superior obtido em Institui\u00e7\u00e3o de Ensino Superior<br \/>reconhecida no Brasil ou no Exterior.<\/div>\n<p>\u00a0<\/p>\n","protected":false},"excerpt":{"rendered":"<p>Aluno Especial \u00e9 uma possibilidade para\u00a0cursar disciplinas isoladas nos cursos de Mestrado e Doutorado, sem a necessidade de exist\u00eancia de v\u00ednculo regular com algum curso de p\u00f3s-gradua\u00e7\u00e3o stricto sensu da UFSM.\u00a0 A sele\u00e7\u00e3o de alunos especiais \u00e9 realizada duas vezes ao ano, de acordo com o Calend\u00e1rio Acad\u00eamico da UFSM e suas diretrizes s\u00e3o divulgadas [&hellip;]<\/p>\n","protected":false},"author":194,"featured_media":0,"parent":0,"menu_order":0,"comment_status":"closed","ping_status":"closed","template":"","meta":{"footnotes":""},"categories":[],"tags":[],"class_list":["post-158","page","type-page","status-publish","hentry"],"acf":[],"_links":{"self":[{"href":"https:\/\/www.ufsm.br\/cursos\/pos-graduacao\/santa-maria\/poscom\/wp-json\/wp\/v2\/pages\/158","targetHints":{"allow":["GET"]}}],"collection":[{"href":"https:\/\/www.ufsm.br\/cursos\/pos-graduacao\/santa-maria\/poscom\/wp-json\/wp\/v2\/pages"}],"about":[{"href":"https:\/\/www.ufsm.br\/cursos\/pos-graduacao\/santa-maria\/poscom\/wp-json\/wp\/v2\/types\/page"}],"author":[{"embeddable":true,"href":"https:\/\/www.ufsm.br\/cursos\/pos-graduacao\/santa-maria\/poscom\/wp-json\/wp\/v2\/users\/194"}],"replies":[{"embeddable":true,"href":"https:\/\/www.ufsm.br\/cursos\/pos-graduacao\/santa-maria\/poscom\/wp-json\/wp\/v2\/comments?post=158"}],"version-history":[{"count":0,"href":"https:\/\/www.ufsm.br\/cursos\/pos-graduacao\/santa-maria\/poscom\/wp-json\/wp\/v2\/pages\/158\/revisions"}],"wp:attachment":[{"href":"https:\/\/www.ufsm.br\/cursos\/pos-graduacao\/santa-maria\/poscom\/wp-json\/wp\/v2\/media?parent=158"}],"wp:term":[{"taxonomy":"category","embeddable":true,"href":"https:\/\/www.ufsm.br\/cursos\/pos-graduacao\/santa-maria\/poscom\/wp-json\/wp\/v2\/categories?post=158"},{"taxonomy":"post_tag","embeddable":true,"href":"https:\/\/www.ufsm.br\/cursos\/pos-graduacao\/santa-maria\/poscom\/wp-json\/wp\/v2\/tags?post=158"}],"curies":[{"name":"wp","href":"https:\/\/api.w.org\/{rel}","templated":true}]}}