{"id":159,"date":"2019-01-17T11:04:15","date_gmt":"2019-01-17T13:04:15","guid":{"rendered":"https:\/\/www.ufsm.br\/cursos\/pos-graduacao\/santa-maria\/poscom\/?page_id=159"},"modified":"2025-01-18T09:39:05","modified_gmt":"2025-01-18T12:39:05","slug":"apresentacao","status":"publish","type":"page","link":"https:\/\/www.ufsm.br\/cursos\/pos-graduacao\/santa-maria\/poscom\/apresentacao","title":{"rendered":"Apresenta\u00e7\u00e3o"},"content":{"rendered":"\n<p style=\"text-align: justify\">O Programa de P\u00f3s-Gradua\u00e7\u00e3o em Comunica\u00e7\u00e3o da Universidade Federal de Santa Maria (UFSM) foi recomendado pela Comiss\u00e3o de Aperfei\u00e7oamento de Pessoal Docente, CAPES, em 17 de setembro de 2005, e criado pelo Conselho Universit\u00e1rio da UFSM em 18 de fevereiro de 2006. Iniciou suas atividades em 5 de mar\u00e7o de 2006, com o in\u00edcio das aulas do Curso de Mestrado, mostrando a for\u00e7a da proposta que resultou na cria\u00e7\u00e3o do primeiro programa de p\u00f3s-gradua\u00e7\u00e3o em Comunica\u00e7\u00e3o inserido em uma universidade p\u00fablica na regi\u00e3o sul do Brasil.<\/p>\n<p style=\"text-align: justify\">Desde a implanta\u00e7\u00e3o do Programa, busca-se seguir a pol\u00edtica de \u00e1rea da CAPES quanto \u00e0 proposta, \u00e0s atividades de pesquisa, \u00e0s atividades de forma\u00e7\u00e3o, ao corpo discente, \u00e0s teses e disserta\u00e7\u00f5es, \u00e0 produ\u00e7\u00e3o intelectual e \u00e0 inser\u00e7\u00e3o tem\u00e1tica na \u00e1rea do conhecimento. Os esfor\u00e7os foram recompensados e na primeira avalia\u00e7\u00e3o trienal a qual foi submetido, em seu quinto ano de funcionamento, o Programa recebeu conceito de excel\u00eancia 4.<\/p>\n<p style=\"text-align: justify\">Em 2011, ao final do sexto ano de funcionamento, o Programa teve aprovado o Curso de Doutorado, que iniciou as atividades em 2012. Ao final de 2013, passou ao conceito de excel\u00eancia 5, em seu primeiro ano de Doutorado.<\/p>\n<p style=\"text-align: justify\">Em termos regionais, o Curso de Doutorado do Programa de P\u00f3s-Gradua\u00e7\u00e3o em Comunica\u00e7\u00e3o da UFSM foi o primeiro, na \u00e1rea, a ser criado em uma cidade localizada no interior dos Estados da regi\u00e3o sul do Brasil, uma vez que Santa Maria est\u00e1 situada a 290 quil\u00f4metros de dist\u00e2ncia da capital do Rio Grande do Sul, Porto Alegre.<\/p>\n<p style=\"text-align: justify\">Na \u00e9poca da implanta\u00e7\u00e3o do Curso de Doutorado no Programa da UFSM, apenas quatro cidades do interior do Brasil possu\u00edam doutorados em Comunica\u00e7\u00e3o: S\u00e3o Bernardo do Campo e Campinas, no Estado de S\u00e3o Paulo; Niter\u00f3i, no Rio de Janeiro; e S\u00e3o Leopoldo, no Rio Grande do Sul. Entretanto, todos esses Programas est\u00e3o situados em cidades a menos de 100 km de dist\u00e2ncia das suas capitais.<\/p>\n<p style=\"text-align: justify\">O Programa de P\u00f3s-Gradua\u00e7\u00e3o em Comunica\u00e7\u00e3o da UFSM atende a demanda de gera\u00e7\u00e3o de conhecimento especializado no campo de Comunica\u00e7\u00e3o, promovendo a qualifica\u00e7\u00e3o de docentes e pesquisadores da \u00e1rea de Comunica\u00e7\u00e3o, tanto do Brasil como dos pa\u00edses vizinhos e de outros continentes.<\/p>\n<p style=\"text-align: justify\">No primeiro Semin\u00e1rio de Credenciamento, realizado em 2005, foram credenciados os docentes: Ada Cristina Machado Silveira, Adair Caetano Peruzzolo, Eugenia Mariano da Rocha Barichello, Rog\u00e9rio Ferrer Koff, Veneza Mayora Ronsini, Luciana Pellin Mielniczuk, M\u00e1rcia Franz Amaral e Maria Ivete Trevisan Foss\u00e1.<\/p>\n<p style=\"text-align: justify\">Em 2007 houve a sele\u00e7\u00e3o de um Professor Visitante e a contrata\u00e7\u00e3o do professor Antonio Fausto Neto, da Unisinos, o qual permaneceu durante dezoito meses no Programa. A composi\u00e7\u00e3o do quadro docente foi acrescida, ainda em 2007, das professoras Elizabeth Bastos Duarte e Maria Lilia Dias de Castro.<\/p>\n<p style=\"text-align: justify\">Em dezembro de 2009, o Programa realizou seu II Semin\u00e1rio de Credenciamento, ao qual acorreram 12 novos postulantes, e foram credenciados mais 04 docentes permanentes: D\u00e9bora Lopez Freire, Rosane Rosa, Rejane de Oliveira Pozobon e C\u00e1ssio dos Santos Tomaim. Em outubro de 2012, o Programa realizou seu III Semin\u00e1rio de Credenciamento no qual foram credenciados mais dois docentes permanentes: Liliane Dutra Brignol e Flavi Ferreira Lisb\u00f4a Filho. Em julho de 2013, foram credenciadas as professoras Viviane Borelli e Sandra R\u00fabia da Silva. Em agosto de 2016, foi realizado o credenciamentos dos docentes Reges Toni Schwaab, Aline Roes Dalmolin e Juliana Petermann, que passaram a atuar no Programa a partir do primeiro semestre de 2017 como integrantes do N\u00facleo Docente Permanente (NDP) do Programa.<\/p>\n<div style=\"text-align: justify\">Os objetivos do Programa s\u00e3o:<\/div>\n<div style=\"text-align: justify\"><strong>a)<\/strong>\u00a0Qualificar docentes e pesquisadores para desenvolver pesquisas cient\u00edficas de alto n\u00edvel no campo das Ci\u00eancias da Comunica\u00e7\u00e3o;<\/div>\n<div style=\"text-align: justify\"><strong>b)<\/strong>\u00a0Contribuir para a compreens\u00e3o sistem\u00e1tica e cr\u00edtica de objetos de estudo no \u00e2mbito da \u00e1rea de concentra\u00e7\u00e3o em Comunica\u00e7\u00e3o Midi\u00e1tica, qualificando-a como \u00e1rea cient\u00edfica e promovendo o seu reconhecimento tanto no plano regional, como nacional e internacional;<\/div>\n<div style=\"text-align: justify\"><strong>c)<\/strong> Desenvolver investiga\u00e7\u00f5es originais, com qualidade, para alargar as fronteiras do conhecimento da \u00e1rea de Comunica\u00e7\u00e3o, especialmente no que diz respeito \u00e0s tr\u00eas linhas de pesquisa do Programa: Linha 1 &#8211; M\u00eddia e Identidades Contempor\u00e2neas, Linha 2 &#8211; M\u00eddia, Estrat\u00e9gias Comunicacionais e Linha 3 &#8211; M\u00eddias e Muta\u00e7\u00f5es Sociossimb\u00f3licas e Sociot\u00e9cnicas.<\/div>\n<div style=\"text-align: justify\"><strong>d)<\/strong> Proporcionar a qualifica\u00e7\u00e3o de atividades conjuntas entre os cursos de Gradua\u00e7\u00e3o, Mestrado e Doutorado;<\/div>\n<div style=\"text-align: justify\"><strong>e)<\/strong> Oportunizar a interioriza\u00e7\u00e3o da qualifica\u00e7\u00e3o no contexto atual da P\u00f3s-Gradua\u00e7\u00e3o no Brasil.<\/div>\n","protected":false},"excerpt":{"rendered":"<p>O Programa de P\u00f3s-Gradua\u00e7\u00e3o em Comunica\u00e7\u00e3o da Universidade Federal de Santa Maria (UFSM) foi recomendado pela Comiss\u00e3o de Aperfei\u00e7oamento de Pessoal Docente, CAPES, em 17 de setembro de 2005, e criado pelo Conselho Universit\u00e1rio da UFSM em 18 de fevereiro de 2006. Iniciou suas atividades em 5 de mar\u00e7o de 2006, com o in\u00edcio das [&hellip;]<\/p>\n","protected":false},"author":194,"featured_media":0,"parent":0,"menu_order":0,"comment_status":"closed","ping_status":"closed","template":"","meta":{"footnotes":""},"categories":[],"tags":[],"class_list":["post-159","page","type-page","status-publish","hentry"],"acf":[],"_links":{"self":[{"href":"https:\/\/www.ufsm.br\/cursos\/pos-graduacao\/santa-maria\/poscom\/wp-json\/wp\/v2\/pages\/159","targetHints":{"allow":["GET"]}}],"collection":[{"href":"https:\/\/www.ufsm.br\/cursos\/pos-graduacao\/santa-maria\/poscom\/wp-json\/wp\/v2\/pages"}],"about":[{"href":"https:\/\/www.ufsm.br\/cursos\/pos-graduacao\/santa-maria\/poscom\/wp-json\/wp\/v2\/types\/page"}],"author":[{"embeddable":true,"href":"https:\/\/www.ufsm.br\/cursos\/pos-graduacao\/santa-maria\/poscom\/wp-json\/wp\/v2\/users\/194"}],"replies":[{"embeddable":true,"href":"https:\/\/www.ufsm.br\/cursos\/pos-graduacao\/santa-maria\/poscom\/wp-json\/wp\/v2\/comments?post=159"}],"version-history":[{"count":0,"href":"https:\/\/www.ufsm.br\/cursos\/pos-graduacao\/santa-maria\/poscom\/wp-json\/wp\/v2\/pages\/159\/revisions"}],"wp:attachment":[{"href":"https:\/\/www.ufsm.br\/cursos\/pos-graduacao\/santa-maria\/poscom\/wp-json\/wp\/v2\/media?parent=159"}],"wp:term":[{"taxonomy":"category","embeddable":true,"href":"https:\/\/www.ufsm.br\/cursos\/pos-graduacao\/santa-maria\/poscom\/wp-json\/wp\/v2\/categories?post=159"},{"taxonomy":"post_tag","embeddable":true,"href":"https:\/\/www.ufsm.br\/cursos\/pos-graduacao\/santa-maria\/poscom\/wp-json\/wp\/v2\/tags?post=159"}],"curies":[{"name":"wp","href":"https:\/\/api.w.org\/{rel}","templated":true}]}}