{"id":1675,"date":"2020-03-02T17:06:53","date_gmt":"2020-03-02T20:06:53","guid":{"rendered":"https:\/\/www.ufsm.br\/cursos\/pos-graduacao\/santa-maria\/poscom\/?page_id=1675"},"modified":"2025-06-18T14:10:17","modified_gmt":"2025-06-18T17:10:17","slug":"colegiado","status":"publish","type":"page","link":"https:\/\/www.ufsm.br\/cursos\/pos-graduacao\/santa-maria\/poscom\/colegiado","title":{"rendered":"Colegiado"},"content":{"rendered":"\t\t<div data-elementor-type=\"wp-page\" data-elementor-id=\"1675\" class=\"elementor elementor-1675\">\n\t\t\t\t\t\t<section class=\"elementor-section elementor-top-section elementor-element elementor-element-3bb10e7c elementor-section-boxed elementor-section-height-default elementor-section-height-default\" data-id=\"3bb10e7c\" data-element_type=\"section\">\n\t\t\t\t\t\t<div class=\"elementor-container elementor-column-gap-default\">\n\t\t\t\t\t<div class=\"elementor-column elementor-col-100 elementor-top-column elementor-element elementor-element-65f8aec5\" data-id=\"65f8aec5\" data-element_type=\"column\">\n\t\t\t<div class=\"elementor-widget-wrap elementor-element-populated\">\n\t\t\t\t\t\t<div class=\"elementor-element elementor-element-18d8c2fa elementor-widget elementor-widget-text-editor\" data-id=\"18d8c2fa\" data-element_type=\"widget\" data-widget_type=\"text-editor.default\">\n\t\t\t\t<div class=\"elementor-widget-container\">\n\t\t\t\t\t\t\t<p><strong>Integrantes:<\/strong><\/p>\n<p><!-- \/wp:paragraph --><!-- wp:paragraph --><\/p>\n<p>Prof\u00aa Aline Roes Dalmolin\u2013 <strong>Presidente<\/strong><br \/>Prof\u00aa Laura Strelow Storch \u2013 <strong>Coordenadora Substituta<\/strong><\/p>\n<p><!-- \/wp:paragraph --><!-- wp:paragraph --><\/p>\n<p><strong>Representantes da linha de pesquisa de M\u00eddia e Identidades Contempor\u00e2neas:<\/strong><br \/>Prof\u00aa Liliane Dutra Brignol<br \/>Prof\u00aa Milena Carvalho Bezerra Freire de Oliveira-Cruz \u2013 suplente<\/p>\n<p><!-- \/wp:paragraph --><!-- wp:paragraph --><\/p>\n<p><strong>Representantes da linha de pesquisa de M\u00eddia e Estrat\u00e9gias Comunicacionais:<\/strong><br \/>Prof\u00aa Rejane de Oliveira Pozobon<br \/>Prof\u00aa Juliana Petermann &#8211; suplente<\/p>\n<p><strong>Representantes da linha de pesquisa de M\u00eddias Muta\u00e7\u00f5es sociossimb\u00f3licas e sociot\u00e9cnicas:\u00a0<br \/><\/strong>Prof\u00aa Ada Cristina Machado Silveira<br \/>Prof\u00aa Carlise Porto Schneider Rudnicki- suplente\u00a0<\/p>\n<p><!-- \/wp:paragraph --><!-- wp:paragraph --><\/p>\n<p><strong>Representantes Acad\u00eamicos:<\/strong><br \/>Acad. Let\u00edcia Ribeiro de Oliveira &#8211; Mestrado<br \/>Acad. Jessica Tavares de Souza &#8211; Doutorado\u00a0<\/p>\n<p>Acad. Alice Melo Xavier &#8211; suplente do Mestrado<br \/>Acad. Luiza Gutheil Bayer &#8211; suplente do Doutorado\u00a0<\/p>\n<p><span style=\"color: #000000;font-size: 16px;font-weight: bolder\">Representantes do Departamento:<br \/><\/span><span style=\"color: #000000;font-size: 16px\">Acad. Eduardo Ruedell &#8211; Doutorado<br \/><\/span><span style=\"color: #000000;font-size: 1rem\">Acad. Bruno Cordeiro dos Santos\u00a0&#8211; Doutorado<\/span><\/p>\n<p>\u00a0<\/p>\n<p>\u00a0<\/p>\n<p><a href=\"https:\/\/portal.ufsm.br\/documentos\/publico\/documento.html?id=15251420\">PORT_CCSH_2024_272<\/a><\/p>\n<p><!-- \/wp:paragraph --><!-- wp:paragraph --><\/p>\n<p><a href=\"https:\/\/www.ufsm.br\/app\/uploads\/sites\/513\/2025\/02\/APOST_CCSH_2024_272-1.pdf\">APOST_CCSH_2024_272<\/a><\/p>\n<p><!-- \/wp:paragraph --><\/p>\t\t\t\t\t\t<\/div>\n\t\t\t\t<\/div>\n\t\t\t\t\t<\/div>\n\t\t<\/div>\n\t\t\t\t\t<\/div>\n\t\t<\/section>\n\t\t\t\t<\/div>\n\t\t","protected":false},"excerpt":{"rendered":"<p>Integrantes: Prof\u00aa Aline Roes Dalmolin\u2013 PresidenteProf\u00aa Laura Strelow Storch \u2013 Coordenadora Substituta Representantes da linha de pesquisa de M\u00eddia e Identidades Contempor\u00e2neas:Prof\u00aa Liliane Dutra BrignolProf\u00aa Milena Carvalho Bezerra Freire de Oliveira-Cruz \u2013 suplente Representantes da linha de pesquisa de M\u00eddia e Estrat\u00e9gias Comunicacionais:Prof\u00aa Rejane de Oliveira PozobonProf\u00aa Juliana Petermann &#8211; suplente Representantes da linha de [&hellip;]<\/p>\n","protected":false},"author":727,"featured_media":0,"parent":0,"menu_order":0,"comment_status":"closed","ping_status":"closed","template":"","meta":{"footnotes":""},"categories":[],"tags":[],"class_list":["post-1675","page","type-page","status-publish","hentry"],"acf":[],"_links":{"self":[{"href":"https:\/\/www.ufsm.br\/cursos\/pos-graduacao\/santa-maria\/poscom\/wp-json\/wp\/v2\/pages\/1675","targetHints":{"allow":["GET"]}}],"collection":[{"href":"https:\/\/www.ufsm.br\/cursos\/pos-graduacao\/santa-maria\/poscom\/wp-json\/wp\/v2\/pages"}],"about":[{"href":"https:\/\/www.ufsm.br\/cursos\/pos-graduacao\/santa-maria\/poscom\/wp-json\/wp\/v2\/types\/page"}],"author":[{"embeddable":true,"href":"https:\/\/www.ufsm.br\/cursos\/pos-graduacao\/santa-maria\/poscom\/wp-json\/wp\/v2\/users\/727"}],"replies":[{"embeddable":true,"href":"https:\/\/www.ufsm.br\/cursos\/pos-graduacao\/santa-maria\/poscom\/wp-json\/wp\/v2\/comments?post=1675"}],"version-history":[{"count":0,"href":"https:\/\/www.ufsm.br\/cursos\/pos-graduacao\/santa-maria\/poscom\/wp-json\/wp\/v2\/pages\/1675\/revisions"}],"wp:attachment":[{"href":"https:\/\/www.ufsm.br\/cursos\/pos-graduacao\/santa-maria\/poscom\/wp-json\/wp\/v2\/media?parent=1675"}],"wp:term":[{"taxonomy":"category","embeddable":true,"href":"https:\/\/www.ufsm.br\/cursos\/pos-graduacao\/santa-maria\/poscom\/wp-json\/wp\/v2\/categories?post=1675"},{"taxonomy":"post_tag","embeddable":true,"href":"https:\/\/www.ufsm.br\/cursos\/pos-graduacao\/santa-maria\/poscom\/wp-json\/wp\/v2\/tags?post=1675"}],"curies":[{"name":"wp","href":"https:\/\/api.w.org\/{rel}","templated":true}]}}