{"id":170,"date":"2019-01-17T11:25:58","date_gmt":"2019-01-17T13:25:58","guid":{"rendered":"https:\/\/www.ufsm.br\/cursos\/pos-graduacao\/santa-maria\/poscom\/?page_id=170"},"modified":"2025-04-07T20:44:44","modified_gmt":"2025-04-07T23:44:44","slug":"midias-e-identidades-contemporaneas","status":"publish","type":"page","link":"https:\/\/www.ufsm.br\/cursos\/pos-graduacao\/santa-maria\/poscom\/midias-e-identidades-contemporaneas","title":{"rendered":"M\u00eddias e Identidades Contempor\u00e2neas"},"content":{"rendered":"\n<p><strong>Ementa<\/strong><\/p>\n<p style=\"text-align: justify\"><span style=\"font-weight: 400\"><strong>A linha estuda a conforma\u00e7\u00e3o das identidades contempor\u00e2neas, compreendidas como a constru\u00e7\u00e3o de pertencimentos e reconhecimentos nas din\u00e2micas atravessadas pelas l\u00f3gicas das m\u00eddias.<\/strong> Envolve estudos te\u00f3rico-metodol\u00f3gicos sobre o papel da comunica\u00e7\u00e3o midi\u00e1tica na constru\u00e7\u00e3o de ativismos sociais, matrizes identit\u00e1rias, experi\u00eancias de intera\u00e7\u00e3o e nos processos de recep\u00e7\u00e3o, consumo e apropria\u00e7\u00e3o que passam pelas media\u00e7\u00f5es sociais e pelo trabalho discursivo das linguagens midi\u00e1ticas. Dedica-se \u00e0 instaura\u00e7\u00e3o de a\u00e7\u00f5es afirmativas dos campos sociais agregadas pela comunica\u00e7\u00e3o midi\u00e1tica. Compreende as pesquisas com m\u00eddia, cultura e desigualdades, m\u00eddia e minorias sociais, m\u00eddia e temas emergentes do contempor\u00e2neo e das manifesta\u00e7\u00f5es de interculturalidade.<\/span><\/p>\n<ul>\n<li><strong>Coordena\u00e7\u00e3o: Professor Reges Toni Schwaab<\/strong><\/li>\n<\/ul>\n<p>\u00a0<\/p>\n<p><strong>Temas de interesse da linha<\/strong><\/p>\n<p style=\"text-align: justify\"><span style=\"font-weight: 400\">Estudos culturais; diversidade; interseccionalidades; interculturalidade; classes sociais; vulnerabilidades; transforma\u00e7\u00e3o social; lutas e discursos contra hegem\u00f4nicos; poder e contrapoder; mem\u00f3ria e identidades; resist\u00eancias; representa\u00e7\u00e3o; inclus\u00e3o social; g\u00eanero; quest\u00f5es \u00e9tnico raciais; produ\u00e7\u00f5es audiovisuais; consumo cultural; culturas (perif\u00e9ricas, digitais, urbanas, rurais, fronteiri\u00e7as ou diasp\u00f3ricas); rela\u00e7\u00f5es comunicacionais-midi\u00e1ticas com quest\u00f5es ambientais e sustentabilidade; comunica\u00e7\u00e3o e cidadania; m\u00eddia e educa\u00e7\u00e3o.<\/span><\/p>\n<p><strong>\u00a0<\/strong><\/p>\n<p><strong>Docentes da linha<\/strong><\/p>\n<ul>\n<li><a href=\"http:\/\/lattes.cnpq.br\/3376343720313755\">Prof. Dr. C\u00e1ssio Tomaim<\/a><\/li>\n<li><a href=\"http:\/\/lattes.cnpq.br\/9962424591141586\">Prof. Dr. Flavi Ferreira Lisboa Filho<\/a><\/li>\n<li><a href=\"http:\/\/lattes.cnpq.br\/0991638863291087\">Prof\u00aa Dr\u00aa Fernanda Elouise Budag<\/a><\/li>\n<li><a href=\"http:\/\/lattes.cnpq.br\/9207413919160194\">Prof\u00aa Dr\u00aa Laura Wottrich<\/a><\/li>\n<li><a href=\"http:\/\/lattes.cnpq.br\/5983909606938283\">Prof\u00aa Dr\u00aa Liliane Dutra Brignol<\/a><\/li>\n<li><a href=\"http:\/\/lattes.cnpq.br\/1230871070442696\"><span lang=\"IT\">Prof\u00aa Dr\u00aa Milena Carvalho Bezerra Freire de Oliveira-Cruz<\/span><\/a><\/li>\n<li><a href=\"http:\/\/lattes.cnpq.br\/9809314817287629\">Prof. Dr. Reges Toni Schwaab<\/a><\/li>\n<li><a href=\"http:\/\/lattes.cnpq.br\/7400360496252297\">Prof\u00aa Dr\u00aa Sandra Dalcul Depexe<\/a><\/li>\n<li><a href=\"http:\/\/lattes.cnpq.br\/0158036614584571\">Prof\u00aa Dr\u00aa Veneza Mayora Ronsini<\/a><\/li>\n<\/ul>\n","protected":false},"excerpt":{"rendered":"<p>Ementa A linha estuda a conforma\u00e7\u00e3o das identidades contempor\u00e2neas, compreendidas como a constru\u00e7\u00e3o de pertencimentos e reconhecimentos nas din\u00e2micas atravessadas pelas l\u00f3gicas das m\u00eddias. Envolve estudos te\u00f3rico-metodol\u00f3gicos sobre o papel da comunica\u00e7\u00e3o midi\u00e1tica na constru\u00e7\u00e3o de ativismos sociais, matrizes identit\u00e1rias, experi\u00eancias de intera\u00e7\u00e3o e nos processos de recep\u00e7\u00e3o, consumo e apropria\u00e7\u00e3o que passam pelas media\u00e7\u00f5es [&hellip;]<\/p>\n","protected":false},"author":194,"featured_media":0,"parent":0,"menu_order":0,"comment_status":"closed","ping_status":"closed","template":"","meta":{"footnotes":""},"categories":[],"tags":[],"class_list":["post-170","page","type-page","status-publish","hentry"],"acf":[],"_links":{"self":[{"href":"https:\/\/www.ufsm.br\/cursos\/pos-graduacao\/santa-maria\/poscom\/wp-json\/wp\/v2\/pages\/170","targetHints":{"allow":["GET"]}}],"collection":[{"href":"https:\/\/www.ufsm.br\/cursos\/pos-graduacao\/santa-maria\/poscom\/wp-json\/wp\/v2\/pages"}],"about":[{"href":"https:\/\/www.ufsm.br\/cursos\/pos-graduacao\/santa-maria\/poscom\/wp-json\/wp\/v2\/types\/page"}],"author":[{"embeddable":true,"href":"https:\/\/www.ufsm.br\/cursos\/pos-graduacao\/santa-maria\/poscom\/wp-json\/wp\/v2\/users\/194"}],"replies":[{"embeddable":true,"href":"https:\/\/www.ufsm.br\/cursos\/pos-graduacao\/santa-maria\/poscom\/wp-json\/wp\/v2\/comments?post=170"}],"version-history":[{"count":0,"href":"https:\/\/www.ufsm.br\/cursos\/pos-graduacao\/santa-maria\/poscom\/wp-json\/wp\/v2\/pages\/170\/revisions"}],"wp:attachment":[{"href":"https:\/\/www.ufsm.br\/cursos\/pos-graduacao\/santa-maria\/poscom\/wp-json\/wp\/v2\/media?parent=170"}],"wp:term":[{"taxonomy":"category","embeddable":true,"href":"https:\/\/www.ufsm.br\/cursos\/pos-graduacao\/santa-maria\/poscom\/wp-json\/wp\/v2\/categories?post=170"},{"taxonomy":"post_tag","embeddable":true,"href":"https:\/\/www.ufsm.br\/cursos\/pos-graduacao\/santa-maria\/poscom\/wp-json\/wp\/v2\/tags?post=170"}],"curies":[{"name":"wp","href":"https:\/\/api.w.org\/{rel}","templated":true}]}}