{"id":171,"date":"2019-01-17T11:30:27","date_gmt":"2019-01-17T13:30:27","guid":{"rendered":"https:\/\/www.ufsm.br\/cursos\/pos-graduacao\/santa-maria\/poscom\/?page_id=171"},"modified":"2025-04-07T20:43:27","modified_gmt":"2025-04-07T23:43:27","slug":"midias-e-estrategias-comunicacionais","status":"publish","type":"page","link":"https:\/\/www.ufsm.br\/cursos\/pos-graduacao\/santa-maria\/poscom\/midias-e-estrategias-comunicacionais","title":{"rendered":"M\u00eddias e Estrat\u00e9gias Comunicacionais"},"content":{"rendered":"\n<p style=\"text-align: justify\"><strong>Ementa<\/strong><\/p>\n<p style=\"text-align: justify\"><strong>A linha det\u00e9m-se nas compet\u00eancias estrat\u00e9gicas assentadas em proveito da dimens\u00e3o Comunicacional Midi\u00e1tica. <\/strong>Dedica-se \u00e0s rela\u00e7\u00f5es estabelecidas entre as estrat\u00e9gias comunicacionais e as inova\u00e7\u00f5es inerentes \u00e0s atualiza\u00e7\u00f5es midi\u00e1ticas. Por meio da investiga\u00e7\u00e3o aplicada, impulsiona o estudo de seus processos e produtos com enfoque nas dimens\u00f5es da cultura, da cidadania e das tecnologias. Analisa as transforma\u00e7\u00f5es na forma\u00e7\u00e3o profissional e no mundo do trabalho no campo da Comunica\u00e7\u00e3o Midi\u00e1tica, seus aspectos \u00e9ticos, est\u00e9ticos, discursivos e mercadol\u00f3gicos. Problematiza a l\u00f3gica algor\u00edtmica, o volume de dados, o funcionamento das plataformas midi\u00e1ticas, a participa\u00e7\u00e3o dos p\u00fablicos na produ\u00e7\u00e3o de conte\u00fados, os processos de produ\u00e7\u00e3o e circula\u00e7\u00e3o de conte\u00fados comunicacionais.\u00a0<\/p>\n<ul>\n<li><strong>Coordena\u00e7\u00e3o: Professora Rejane de Oliveira Pozobon<\/strong><\/li>\n<\/ul>\n<p>\u00a0 \u00a0 \u00a0 \u00a0 \u00a0 \u00a0<\/p>\n<p style=\"text-align: justify\"><strong>Temas de interesse da linha<\/strong><\/p>\n<p style=\"text-align: justify\">\u00a0 \u00a0 \u00a0 \u00a0 \u00a0Estrat\u00e9gias comunicacionais, midi\u00e1ticas e discursivas; pr\u00e1ticas e processos culturais, profissionais, organizacionais e institucionais; comunica\u00e7\u00e3o (p\u00fablica, organizacional e institucional); mercado editorial; ind\u00fastria cultural e criativa; experimenta\u00e7\u00f5es criativas; pr\u00e1ticas comunicacionais, publicit\u00e1rias e jornal\u00edsticas; forma\u00e7\u00e3o superior em comunica\u00e7\u00e3o; midiatiza\u00e7\u00e3o e circula\u00e7\u00e3o.<\/p>\n<p>\u00a0<\/p>\n<p><strong>Docentes da linha<\/strong><\/p>\n<ul>\n<li><a href=\"http:\/\/lattes.cnpq.br\/2586087509529910\">Prof\u00aa Dr\u00aa Cl\u00e1udia Herte de Moraes<\/a><\/li>\n<li><a href=\"http:\/\/lattes.cnpq.br\/5060900877446932\">Prof\u00aa Dr\u00aa Jaqueline Quincozes da Silva Kegler<\/a><\/li>\n<li><a href=\"http:\/\/lattes.cnpq.br\/9049669566284488\">Prof\u00aa Dr\u00aa Juliana Petermann<\/a><\/li>\n<li><a href=\"http:\/\/lattes.cnpq.br\/5237110292041340\"><span style=\"font-size: revert\">Prof\u00aa Dr\u00aa M\u00e1rcia Franz Amaral<\/span><\/a><\/li>\n<li><a href=\"http:\/\/lattes.cnpq.br\/8437347954836443\">Prof\u00aa Dr\u00aa Mar\u00edlia de Araujo Barcellos<\/a><\/li>\n<li><a href=\"http:\/\/lattes.cnpq.br\/0718561583412717\">Prof\u00aa Dr\u00aa Maria Ivete Trevisan Foss\u00e1<\/a><\/li>\n<li><a href=\"http:\/\/lattes.cnpq.br\/4513978248449141\">Prof\u00aa Dr\u00aa Rejane de Oliveira Pozobon<\/a><\/li>\n<li><a href=\"http:\/\/lattes.cnpq.br\/7169496368084935\">Prof\u00aa Dr\u00aa Sandra R\u00fabia da Silva<\/a><\/li>\n<li><a href=\"http:\/\/lattes.cnpq.br\/0710124685911526\">Prof\u00aa Dr\u00aa Viviane Borelli<\/a><\/li>\n<\/ul>\n","protected":false},"excerpt":{"rendered":"<p>Ementa A linha det\u00e9m-se nas compet\u00eancias estrat\u00e9gicas assentadas em proveito da dimens\u00e3o Comunicacional Midi\u00e1tica. Dedica-se \u00e0s rela\u00e7\u00f5es estabelecidas entre as estrat\u00e9gias comunicacionais e as inova\u00e7\u00f5es inerentes \u00e0s atualiza\u00e7\u00f5es midi\u00e1ticas. Por meio da investiga\u00e7\u00e3o aplicada, impulsiona o estudo de seus processos e produtos com enfoque nas dimens\u00f5es da cultura, da cidadania e das tecnologias. Analisa as [&hellip;]<\/p>\n","protected":false},"author":194,"featured_media":0,"parent":0,"menu_order":0,"comment_status":"closed","ping_status":"closed","template":"","meta":{"footnotes":""},"categories":[],"tags":[],"class_list":["post-171","page","type-page","status-publish","hentry"],"acf":[],"_links":{"self":[{"href":"https:\/\/www.ufsm.br\/cursos\/pos-graduacao\/santa-maria\/poscom\/wp-json\/wp\/v2\/pages\/171","targetHints":{"allow":["GET"]}}],"collection":[{"href":"https:\/\/www.ufsm.br\/cursos\/pos-graduacao\/santa-maria\/poscom\/wp-json\/wp\/v2\/pages"}],"about":[{"href":"https:\/\/www.ufsm.br\/cursos\/pos-graduacao\/santa-maria\/poscom\/wp-json\/wp\/v2\/types\/page"}],"author":[{"embeddable":true,"href":"https:\/\/www.ufsm.br\/cursos\/pos-graduacao\/santa-maria\/poscom\/wp-json\/wp\/v2\/users\/194"}],"replies":[{"embeddable":true,"href":"https:\/\/www.ufsm.br\/cursos\/pos-graduacao\/santa-maria\/poscom\/wp-json\/wp\/v2\/comments?post=171"}],"version-history":[{"count":0,"href":"https:\/\/www.ufsm.br\/cursos\/pos-graduacao\/santa-maria\/poscom\/wp-json\/wp\/v2\/pages\/171\/revisions"}],"wp:attachment":[{"href":"https:\/\/www.ufsm.br\/cursos\/pos-graduacao\/santa-maria\/poscom\/wp-json\/wp\/v2\/media?parent=171"}],"wp:term":[{"taxonomy":"category","embeddable":true,"href":"https:\/\/www.ufsm.br\/cursos\/pos-graduacao\/santa-maria\/poscom\/wp-json\/wp\/v2\/categories?post=171"},{"taxonomy":"post_tag","embeddable":true,"href":"https:\/\/www.ufsm.br\/cursos\/pos-graduacao\/santa-maria\/poscom\/wp-json\/wp\/v2\/tags?post=171"}],"curies":[{"name":"wp","href":"https:\/\/api.w.org\/{rel}","templated":true}]}}