{"id":174,"date":"2019-01-17T11:41:09","date_gmt":"2019-01-17T13:41:09","guid":{"rendered":"https:\/\/www.ufsm.br\/cursos\/pos-graduacao\/santa-maria\/poscom\/?page_id=174"},"modified":"2025-04-07T20:50:13","modified_gmt":"2025-04-07T23:50:13","slug":"area-de-concentracao","status":"publish","type":"page","link":"https:\/\/www.ufsm.br\/cursos\/pos-graduacao\/santa-maria\/poscom\/area-de-concentracao","title":{"rendered":"\u00c1rea de Concentra\u00e7\u00e3o"},"content":{"rendered":"\n<p style=\"text-align: justify\"><span style=\"font-weight: 400\">O Programa de P\u00f3s-Gradua\u00e7\u00e3o em Comunica\u00e7\u00e3o oferecido pela UFSM congrega os cursos de Mestrado e de Doutorado. Tem sua \u00e1rea de concentra\u00e7\u00e3o definida em Comunica\u00e7\u00e3o Midi\u00e1tica, a qual oferece uma perspectiva cr\u00edtica e abrangente da incid\u00eancia midi\u00e1tica na vida contempor\u00e2nea. Sua proposi\u00e7\u00e3o abarca as deriva\u00e7\u00f5es e variantes que adv\u00eam de investiga\u00e7\u00f5es sobre este fen\u00f4meno. Nosso Programa dedica-se ao desenvolvimento conceitual de terminologias, modelos te\u00f3ricos e metodologias de an\u00e1lise da Comunica\u00e7\u00e3o Midi\u00e1tica. Compreende o estudo das manifesta\u00e7\u00f5es identit\u00e1rias contempor\u00e2neas, da configura\u00e7\u00e3o comunicativa das estrat\u00e9gias, das media\u00e7\u00f5es sociossimb\u00f3licas e inova\u00e7\u00f5es sociot\u00e9cnicas. A \u00e1rea de concentra\u00e7\u00e3o estuda, prioritariamente, as compet\u00eancias comunicacionais que incidem nas rela\u00e7\u00f5es sociais e profissionais.\u00a0<\/span><\/p>\n<p>\u00a0<\/p>\n<p><strong>O enunciado da \u00e1rea de concentra\u00e7\u00e3o em Comunica\u00e7\u00e3o Midi\u00e1tica procura:<\/strong><\/p>\n<p><span style=\"font-weight: 400\">a) evidenciar a preocupa\u00e7\u00e3o com a a\u00e7\u00e3o privilegiada do campo das m\u00eddias;<\/span><\/p>\n<p><span style=\"font-weight: 400\">b) qualificar os estudos e forma\u00e7\u00e3o em Comunica\u00e7\u00e3o Midi\u00e1tica, considerando suas dimens\u00f5es de produ\u00e7\u00e3o, circula\u00e7\u00e3o, recep\u00e7\u00e3o e consumo;<\/span><\/p>\n<p><span style=\"font-weight: 400\">c) evidenciar a incid\u00eancia de l\u00f3gicas e refer\u00eancias da Comunica\u00e7\u00e3o Midi\u00e1tica estabelecidas sobre as pr\u00e1ticas de institui\u00e7\u00f5es que a ela recorrem como par\u00e2metros para os seus protocolos de comunica\u00e7\u00e3o nos espa\u00e7os p\u00fablicos e privados contempor\u00e2neos;<\/span><\/p>\n<p><span style=\"font-weight: 400\">d) analisar a comunica\u00e7\u00e3o midi\u00e1tica frente \u00e0s possibilidades de inova\u00e7\u00e3o social, de desenvolvimento e sua potencializa\u00e7\u00e3o a partir das a\u00e7\u00f5es afirmativas demandadas socialmente.\u00a0\u00a0\u00a0<\/span><\/p>\n<p>\u00a0<\/p>\n<p><strong>Linhas de Pesquisa<\/strong><\/p>\n<p><a href=\"https:\/\/www.ufsm.br\/cursos\/pos-graduacao\/santa-maria\/poscom\/midias-e-identidades-contemporaneas\">Linha 1 M\u00eddias e Identidades Contempor\u00e2neas<\/a>\u00a0<\/p>\n<p><a href=\"https:\/\/www.ufsm.br\/cursos\/pos-graduacao\/santa-maria\/poscom\/midias-e-estrategias-comunicacionais\">Linha 2 M\u00eddias e Estrat\u00e9gias Comunicacionais<\/a><\/p>\n<p><a href=\"https:\/\/www.ufsm.br\/cursos\/pos-graduacao\/santa-maria\/poscom\/midias-mutacoes-sociossimbolicas-e-sociotecnicas\">Linha 3 M\u00eddias, Muta\u00e7\u00f5es Sociossimb\u00f3licas e Sociot\u00e9cnicas<\/a><\/p>\n<h3>\u00a0<\/h3>\n<p>\u00a0<\/p>\n<table style=\"height: 1528px;width: 100%;border-style: solid;border-color: #0f0202\" border=\"0,3\">\n<tbody>\n<tr style=\"height: 67px\">\n<td style=\"border-style: solid;border-color: #170202;width: 99.5498%;text-align: center;background-color: #f7a41e;height: 67px\" colspan=\"3\">\n<h3><strong>Linhas de Pesquisa<\/strong><\/h3>\n<\/td>\n<\/tr>\n<tr style=\"height: 817px\">\n<td style=\"border-style: solid;border-color: #170202;width: 14.4063%;height: 435px\">\n<h3><strong>Linha 1<\/strong><\/h3>\n<h3><span style=\"font-weight: 400\"><strong>M\u00eddias e Identidades Contempor\u00e2neas<\/strong>\u00a0<\/span><\/h3>\n<p><span style=\"font-weight: 400\">Coordena\u00e7\u00e3o: Professor Reges Schwaab<\/span><\/p>\n<\/td>\n<td style=\"border-style: solid;border-color: #170202;text-align: justify;width: 65.6162%;height: 435px\">\n<p><span style=\"font-weight: 400\"><strong>Ementa:<\/strong> <strong>A linha estuda a conforma\u00e7\u00e3o das identidades contempor\u00e2neas, compreendidas como a constru\u00e7\u00e3o de pertencimentos e reconhecimentos nas din\u00e2micas atravessadas pelas l\u00f3gicas das m\u00eddias<\/strong>. Envolve estudos te\u00f3rico-metodol\u00f3gicos sobre o papel da comunica\u00e7\u00e3o midi\u00e1tica na constru\u00e7\u00e3o de ativismos sociais, matrizes identit\u00e1rias, experi\u00eancias de intera\u00e7\u00e3o e nos processos de recep\u00e7\u00e3o, consumo e apropria\u00e7\u00e3o que passam pelas media\u00e7\u00f5es sociais e pelo trabalho discursivo das linguagens midi\u00e1ticas. Dedica-se \u00e0 instaura\u00e7\u00e3o de a\u00e7\u00f5es afirmativas dos campos sociais agregadas pela comunica\u00e7\u00e3o midi\u00e1tica. Compreende as pesquisas com m\u00eddia, cultura e desigualdades, m\u00eddia e minorias sociais, m\u00eddia e temas emergentes do contempor\u00e2neo e das manifesta\u00e7\u00f5es de interculturalidade.\u00a0<\/span><\/p>\n<p><strong>Temas de interesse da linha: <\/strong>e<span style=\"font-weight: 400\">studos culturais; diversidade; interseccionalidades; interculturalidade; classes sociais; vulnerabilidades; transforma\u00e7\u00e3o social; lutas e discursos contra hegem\u00f4nicos; poder e contrapoder; mem\u00f3ria e identidades; resist\u00eancias; representa\u00e7\u00e3o; inclus\u00e3o social; g\u00eanero; quest\u00f5es \u00e9tnico raciais; produ\u00e7\u00f5es audiovisuais; consumo cultural; culturas (perif\u00e9ricas, digitais, urbanas, rurais, fronteiri\u00e7as ou diasp\u00f3ricas); rela\u00e7\u00f5es comunicacionais-midi\u00e1ticas com quest\u00f5es ambientais e sustentabilidade; comunica\u00e7\u00e3o e cidadania; m\u00eddia e educa\u00e7\u00e3o.<\/span><\/p>\n<\/td>\n<td style=\"border-style: solid;border-color: #170202;width: 19.5273%;height: 435px\">\n<p><strong>Docentes:<\/strong><\/p>\n<p><span style=\"font-weight: 400\"><span style=\"font-family: inherit;font-size: inherit;color: initial\">C\u00e1ssio Tomaim<\/span><\/span><\/p>\n<p><span style=\"font-weight: 400\">Fernanda Eloise Budag<\/span><\/p>\n<p><span style=\"font-family: inherit;font-size: inherit;color: initial\">Flavi Ferreira Lisboa Filho<\/span><\/p>\n<p>Laura Wottrich<\/p>\n<p><span style=\"font-weight: 400\">Liliane Dutra Brignol<\/span><\/p>\n<p><span style=\"font-weight: 400\">Milena Oliveira Freire<\/span><\/p>\n<p><span style=\"font-weight: 400\">Reges Toni Schwaab<\/span><\/p>\n<p><span style=\"font-weight: 400\">Sandra Dalcul Depexe<\/span><\/p>\n<p><span style=\"font-weight: 400\">Veneza Veloso Mayora Ronsini<\/span><span style=\"font-weight: 400\">\u00a0<\/span><\/p>\n<\/td>\n<\/tr>\n<tr style=\"height: 784px\">\n<td style=\"border-style: solid;border-color: #170202;width: 14.4063%;height: 443px\">\n<h3><b>Linha 2<\/b><\/h3>\n<h3><b>M\u00eddias e Estrat\u00e9gias Comunicacionais<\/b><\/h3>\n<p>Coordena\u00e7\u00e3o: Professora Rejane de Oliveira Pozobon<\/p>\n<\/td>\n<td style=\"border-style: solid;border-color: #170202;text-align: justify;width: 65.6162%;height: 443px\">\n<p><b>Ementa: A linha det\u00e9m-se nas compet\u00eancias estrat\u00e9gicas assentadas em proveito da dimens\u00e3o Comunicacional Midi\u00e1tica. <\/b>Dedica-se \u00e0s rela\u00e7\u00f5es estabelecidas entre as estrat\u00e9gias comunicacionais e as inova\u00e7\u00f5es inerentes \u00e0s atualiza\u00e7\u00f5es midi\u00e1ticas. Por meio da investiga\u00e7\u00e3o aplicada, impulsiona o estudo de seus processos e produtos com enfoque nas dimens\u00f5es da cultura, da cidadania e das tecnologias. Analisa as transforma\u00e7\u00f5es na forma\u00e7\u00e3o profissional e no mundo do trabalho no campo da Comunica\u00e7\u00e3o Midi\u00e1tica, seus aspectos \u00e9ticos, est\u00e9ticos, discursivos e mercadol\u00f3gicos. Problematiza a l\u00f3gica algor\u00edtmica, o volume de dados, o funcionamento das plataformas midi\u00e1ticas, a participa\u00e7\u00e3o dos p\u00fablicos na produ\u00e7\u00e3o de conte\u00fados, os processos de produ\u00e7\u00e3o e circula\u00e7\u00e3o de conte\u00fados comunicacionais.\u00a0\u00a0<\/p>\n<p><b>Temas de interesse da linha:<\/b><\/p>\n<p>Estrat\u00e9gias comunicacionais, midi\u00e1ticas e discursivas; pr\u00e1ticas e processos culturais, profissionais, organizacionais e institucionais; comunica\u00e7\u00e3o (p\u00fablica, organizacional e institucional); mercado editorial; ind\u00fastria cultural e criativa; experimenta\u00e7\u00f5es criativas; pr\u00e1ticas comunicacionais, publicit\u00e1rias e jornal\u00edsticas; forma\u00e7\u00e3o superior em comunica\u00e7\u00e3o; midiatiza\u00e7\u00e3o e circula\u00e7\u00e3o.\u00a0<\/p>\n<\/td>\n<td style=\"border-style: solid;border-color: #170202;width: 19.5273%;height: 443px\">\n<p><span style=\"font-weight: 400\"><strong>Docentes:<\/strong><\/span><\/p>\n<p>Cl\u00e1udia Herte de Moraes<\/p>\n<p>Jaqueline Quincozes da Silva Kegler<\/p>\n<p><span style=\"font-weight: 400\">Juliana Petermann<\/span><\/p>\n<p><span style=\"font-weight: 400\">M\u00e1rcia Amaral<\/span><\/p>\n<p><span style=\"font-weight: 400\">Maria Ivete Foss\u00e1<\/span><\/p>\n<p><span style=\"font-weight: 400\">Mar\u00edlia Barcellos<\/span><\/p>\n<p><span style=\"font-weight: 400\">Rejane de Oliveira Pozobon<\/span><\/p>\n<p><span style=\"font-weight: 400\">Viviane Borelli\u00a0<\/span><\/p>\n<\/td>\n<\/tr>\n<tr style=\"height: 817px\">\n<td style=\"border-style: solid;border-color: #170202;width: 14.4063%;height: 583px\">\n<h3><b>Linha 3<\/b><\/h3>\n<h3><b>M\u00eddias, muta\u00e7\u00f5es sociossimb\u00f3licas e sociot\u00e9cnicas <\/b><\/h3>\n<p>Coordena\u00e7\u00e3o: Professora Ada Cristina Machado da Silveira<\/p>\n<p>\u00a0<\/p>\n<p><b>(Obs.: <br \/>Esta linha estar\u00e1 vigente a partir do primeiro semestre de 2025)<\/b><\/p>\n<\/td>\n<td style=\"border-style: solid;border-color: #170202;width: 65.6162%;height: 583px\">\n<p style=\"text-align: justify\"><b>Ementa: A linha reconhece o tensionamento comunicativo nas intera\u00e7\u00f5es midiatizadas contempor\u00e2neas, acionadas pela media\u00e7\u00e3o sociossimb\u00f3lica e\/ou pelas din\u00e2micas de inova\u00e7\u00e3o sociot\u00e9cnica. <\/b><span style=\"font-weight: 400\">Contempla estudos impulsionados pela interrela\u00e7\u00e3o entre comunica\u00e7\u00e3o e tecnologia, considerando, de modo particular, suas implica\u00e7\u00f5es no desenvolvimento de teorias e na compreens\u00e3o cr\u00edtica de fen\u00f4menos sociais emergentes, a partir de diversos agenciamentos: <\/span><span style=\"font-weight: 400\">noticiosos, pol\u00edticos, profissionais, culturais, tecnol\u00f3gicos, econ\u00f4micos e religiosos<\/span><span style=\"font-weight: 400\">. Agrega, em especial, an\u00e1lises de intera\u00e7\u00e3o humana e n\u00e3o-humana presentes em processos algor\u00edtmicos e de intelig\u00eancia artificial, com foco nas intera\u00e7\u00f5es sociossimb\u00f3licas nas m\u00eddias digitais. Envolve o interesse em dispositivos de inova\u00e7\u00e3o sociot\u00e9cnica, demarcados pela comunica\u00e7\u00e3o para o desenvolvimento urbano e rural.\u00a0<\/span><\/p>\n<p style=\"text-align: justify\"><b>Temas de interesse da linha:<\/b><\/p>\n<p style=\"text-align: justify\"><span style=\"font-weight: 400\">Teorias e Epistemologias da Comunica\u00e7\u00e3o; Tecnologia; midiatiza\u00e7\u00e3o e interfaces (midiatiza\u00e7\u00e3o da ci\u00eancia, da seguran\u00e7a p\u00fablica, de conflitos, da religi\u00e3o, etc.); noticiabilidade; midiosferas; vigil\u00e2ncia; polariza\u00e7\u00f5es; desinforma\u00e7\u00e3o; decolonialidade; hipermidiatiza\u00e7\u00e3o; semi\u00f3tica material; aplicativos; plataformas; circula\u00e7\u00e3o; datifica\u00e7\u00e3o; m\u00e9tricas; intera\u00e7\u00f5es midiatizadas; comunica\u00e7\u00e3o e desenvolvimento.<\/span><\/p>\n<\/td>\n<td style=\"border-style: solid;border-color: #170202;width: 19.5273%;height: 583px\">\n<p><span style=\"font-weight: 400\"><strong>Docentes:<\/strong><\/span><\/p>\n<p><span style=\"font-weight: 400\">Rejane de Oliveira Pozobon<\/span><\/p>\n<p><span style=\"font-weight: 400\">Ada Cristina Machado da Silveira<\/span><\/p>\n<p><span style=\"font-weight: 400\"><span style=\"font-size: revert;font-family: inherit;color: initial\">Aline Roes Dalmolin<\/span><\/span><\/p>\n<p><span style=\"font-weight: 400\">Carlise Schneider<\/span><\/p>\n<p><span style=\"font-size: revert;font-family: inherit;color: initial\">Celestino Joanguete<\/span><\/p>\n<p><span style=\"font-weight: 400\">Jairo Ferreira<\/span><\/p>\n<p><span style=\"font-size: revert;font-family: inherit;color: initial\">Laura Strelow Storch<\/span><\/p>\n<\/td>\n<\/tr>\n<\/tbody>\n<\/table>\n\n\n\n<p><\/p>\n","protected":false},"excerpt":{"rendered":"<p>O Programa de P\u00f3s-Gradua\u00e7\u00e3o em Comunica\u00e7\u00e3o oferecido pela UFSM congrega os cursos de Mestrado e de Doutorado. Tem sua \u00e1rea de concentra\u00e7\u00e3o definida em Comunica\u00e7\u00e3o Midi\u00e1tica, a qual oferece uma perspectiva cr\u00edtica e abrangente da incid\u00eancia midi\u00e1tica na vida contempor\u00e2nea. Sua proposi\u00e7\u00e3o abarca as deriva\u00e7\u00f5es e variantes que adv\u00eam de investiga\u00e7\u00f5es sobre este fen\u00f4meno. Nosso [&hellip;]<\/p>\n","protected":false},"author":194,"featured_media":0,"parent":0,"menu_order":0,"comment_status":"closed","ping_status":"closed","template":"","meta":{"footnotes":""},"categories":[],"tags":[],"class_list":["post-174","page","type-page","status-publish","hentry"],"acf":[],"_links":{"self":[{"href":"https:\/\/www.ufsm.br\/cursos\/pos-graduacao\/santa-maria\/poscom\/wp-json\/wp\/v2\/pages\/174","targetHints":{"allow":["GET"]}}],"collection":[{"href":"https:\/\/www.ufsm.br\/cursos\/pos-graduacao\/santa-maria\/poscom\/wp-json\/wp\/v2\/pages"}],"about":[{"href":"https:\/\/www.ufsm.br\/cursos\/pos-graduacao\/santa-maria\/poscom\/wp-json\/wp\/v2\/types\/page"}],"author":[{"embeddable":true,"href":"https:\/\/www.ufsm.br\/cursos\/pos-graduacao\/santa-maria\/poscom\/wp-json\/wp\/v2\/users\/194"}],"replies":[{"embeddable":true,"href":"https:\/\/www.ufsm.br\/cursos\/pos-graduacao\/santa-maria\/poscom\/wp-json\/wp\/v2\/comments?post=174"}],"version-history":[{"count":0,"href":"https:\/\/www.ufsm.br\/cursos\/pos-graduacao\/santa-maria\/poscom\/wp-json\/wp\/v2\/pages\/174\/revisions"}],"wp:attachment":[{"href":"https:\/\/www.ufsm.br\/cursos\/pos-graduacao\/santa-maria\/poscom\/wp-json\/wp\/v2\/media?parent=174"}],"wp:term":[{"taxonomy":"category","embeddable":true,"href":"https:\/\/www.ufsm.br\/cursos\/pos-graduacao\/santa-maria\/poscom\/wp-json\/wp\/v2\/categories?post=174"},{"taxonomy":"post_tag","embeddable":true,"href":"https:\/\/www.ufsm.br\/cursos\/pos-graduacao\/santa-maria\/poscom\/wp-json\/wp\/v2\/tags?post=174"}],"curies":[{"name":"wp","href":"https:\/\/api.w.org\/{rel}","templated":true}]}}