{"id":177,"date":"2019-01-17T11:56:27","date_gmt":"2019-01-17T13:56:27","guid":{"rendered":"https:\/\/www.ufsm.br\/cursos\/pos-graduacao\/santa-maria\/poscom\/?page_id=177"},"modified":"2019-01-17T11:56:29","modified_gmt":"2019-01-17T13:56:29","slug":"revistas","status":"publish","type":"page","link":"https:\/\/www.ufsm.br\/cursos\/pos-graduacao\/santa-maria\/poscom\/revistas","title":{"rendered":"Revistas"},"content":{"rendered":"\n<p><strong>Revista Animus<\/strong><\/p>\n<p>Animus \u00e9 uma publica\u00e7\u00e3o do Programa de P\u00f3s-Gradua\u00e7\u00e3o em Comunica\u00e7\u00e3o da Universidade Federal de Santa Maria. A proposta da revista \u00e9 propiciar a reflex\u00e3o e a produ\u00e7\u00e3o e difus\u00e3o do conhecimento em Comunica\u00e7\u00e3o. Para tanto, a pol\u00edtica editorial da revista contempla produ\u00e7\u00f5es da Comunica\u00e7\u00e3o aplicada \u00e0s \u00e1reas de jornalismo, publicidade e propaganda, rela\u00e7\u00f5es p\u00fablicas, r\u00e1dio e televis\u00e3o, produ\u00e7\u00e3o editorial, cinema e audiovisual, al\u00e9m dos estudos que apresentam interface com o campo.\u00a0<\/p>\n<p>Acesse\u00a0<a href=\"http:\/\/cascavel.ufsm.br\/revistas\/ojs-2.2.2\/index.php\/animus\/index\" target=\"_blank\" rel=\"noopener\">Revista Animus<\/a><\/p>\n<p>\u00a0<\/p>\n<p><strong>Revista Cadernos de Comunica\u00e7\u00e3o<\/strong><\/p>\n<p>A Revista Cient\u00edfica Cadernos de Comunica\u00e7\u00e3o foi criada com o intuito de veicular os resultados dos estudos realizados no campo da comunica\u00e7\u00e3o e incentivar a produ\u00e7\u00e3o acad\u00eamica e cient\u00edfica. Procura inserir-se no espa\u00e7o das reflex\u00f5es sobre os fen\u00f4menos culturais e midi\u00e1ticos de nossa sociedade em tempos de globaliza\u00e7\u00e3o, procurando explicitar as ideias e valores que a constroem.<\/p>\n<p>Acesse\u00a0<a href=\"http:\/\/cascavel.ufsm.br\/revistas\/ojs-2.2.2\/index.php\/ccomunicacao\" target=\"_blank\" rel=\"noopener\">Cadernos de Comunica\u00e7\u00e3o<\/a><\/p>\n<p>\u00a0<\/p>\n","protected":false},"excerpt":{"rendered":"<p>Revista Animus Animus \u00e9 uma publica\u00e7\u00e3o do Programa de P\u00f3s-Gradua\u00e7\u00e3o em Comunica\u00e7\u00e3o da Universidade Federal de Santa Maria. A proposta da revista \u00e9 propiciar a reflex\u00e3o e a produ\u00e7\u00e3o e difus\u00e3o do conhecimento em Comunica\u00e7\u00e3o. Para tanto, a pol\u00edtica editorial da revista contempla produ\u00e7\u00f5es da Comunica\u00e7\u00e3o aplicada \u00e0s \u00e1reas de jornalismo, publicidade e propaganda, rela\u00e7\u00f5es [&hellip;]<\/p>\n","protected":false},"author":194,"featured_media":0,"parent":0,"menu_order":0,"comment_status":"closed","ping_status":"closed","template":"","meta":{"footnotes":""},"categories":[],"tags":[],"class_list":["post-177","page","type-page","status-publish","hentry"],"acf":[],"_links":{"self":[{"href":"https:\/\/www.ufsm.br\/cursos\/pos-graduacao\/santa-maria\/poscom\/wp-json\/wp\/v2\/pages\/177","targetHints":{"allow":["GET"]}}],"collection":[{"href":"https:\/\/www.ufsm.br\/cursos\/pos-graduacao\/santa-maria\/poscom\/wp-json\/wp\/v2\/pages"}],"about":[{"href":"https:\/\/www.ufsm.br\/cursos\/pos-graduacao\/santa-maria\/poscom\/wp-json\/wp\/v2\/types\/page"}],"author":[{"embeddable":true,"href":"https:\/\/www.ufsm.br\/cursos\/pos-graduacao\/santa-maria\/poscom\/wp-json\/wp\/v2\/users\/194"}],"replies":[{"embeddable":true,"href":"https:\/\/www.ufsm.br\/cursos\/pos-graduacao\/santa-maria\/poscom\/wp-json\/wp\/v2\/comments?post=177"}],"version-history":[{"count":0,"href":"https:\/\/www.ufsm.br\/cursos\/pos-graduacao\/santa-maria\/poscom\/wp-json\/wp\/v2\/pages\/177\/revisions"}],"wp:attachment":[{"href":"https:\/\/www.ufsm.br\/cursos\/pos-graduacao\/santa-maria\/poscom\/wp-json\/wp\/v2\/media?parent=177"}],"wp:term":[{"taxonomy":"category","embeddable":true,"href":"https:\/\/www.ufsm.br\/cursos\/pos-graduacao\/santa-maria\/poscom\/wp-json\/wp\/v2\/categories?post=177"},{"taxonomy":"post_tag","embeddable":true,"href":"https:\/\/www.ufsm.br\/cursos\/pos-graduacao\/santa-maria\/poscom\/wp-json\/wp\/v2\/tags?post=177"}],"curies":[{"name":"wp","href":"https:\/\/api.w.org\/{rel}","templated":true}]}}