{"id":186,"date":"2019-01-18T10:13:03","date_gmt":"2019-01-18T12:13:03","guid":{"rendered":"https:\/\/www.ufsm.br\/cursos\/pos-graduacao\/santa-maria\/poscom\/?page_id=186"},"modified":"2025-04-07T20:47:47","modified_gmt":"2025-04-07T23:47:47","slug":"grupos-de-pesquisa","status":"publish","type":"page","link":"https:\/\/www.ufsm.br\/cursos\/pos-graduacao\/santa-maria\/poscom\/grupos-de-pesquisa","title":{"rendered":"Grupos de Pesquisa"},"content":{"rendered":"\n<p><strong>Linha &#8211; M\u00eddias e Estrat\u00e9gias Comunicacionais<\/strong><\/p>\n<p>\u00a0<\/p>\n<table style=\"width: 98.4185%\" border=\"0\">\n<tbody>\n<tr>\n<td>\n<p><strong><a href=\"https:\/\/www.ufsm.br\/cursos\/pos-graduacao\/santa-maria\/poscom\/circulacao-midiatica-e-estrategias-comunicacionais\/\" target=\"_blank\" rel=\"noopener\">Circula\u00e7\u00e3o midi\u00e1tica e estrat\u00e9gias comunicacionais<\/a><\/strong><br \/>L\u00edderes: Dr.\u00aa Aline Roes Dalmolin e Dr.\u00aa Viviane Borelli<\/p>\n<\/td>\n<\/tr>\n<tr>\n<td>\n<p><a href=\"https:\/\/www.ufsm.br\/cursos\/pos-graduacao\/santa-maria\/poscom\/midia-discurso-e-comunicacao-publica\"><strong>M\u00eddia, Discurso e Comunica\u00e7\u00e3o P\u00fablica<\/strong><\/a><br \/>L\u00edder: Dr.\u00aa Rejane de Oliveira Pozobon<strong>\u00a0<br \/><\/strong><\/p>\n<\/td>\n<\/tr>\n<tr>\n<td>\n<p><strong><a href=\"https:\/\/www.ufsm.br\/cursos\/pos-graduacao\/santa-maria\/poscom\/comunicacao-institucional-e-organizacional\/\" target=\"_blank\" rel=\"noopener\">Comunica\u00e7\u00e3o Institucional e Organizacional<\/a><\/strong>\u00a0<br \/>L\u00edderes: Dr.\u00aa Eugenia Maria Mariano da Rocha Barichello e Dr.\u00aa Maria Ivete Trevisan Foss\u00e1<\/p>\n<\/td>\n<\/tr>\n<tr>\n<td><strong><a href=\"https:\/\/www.ufsm.br\/cursos\/pos-graduacao\/santa-maria\/poscom\/nos-pesquisa-criativa\">N\u00f3s Pesquisa Criativa<\/a><\/strong>\n<p><span style=\"font-weight: 400\">L\u00edder: Profa. Juliana Petermann<\/span><\/p>\n<\/td>\n<\/tr>\n<tr>\n<td>\n<p><strong><a href=\"https:\/\/www.ufsm.br\/cursos\/pos-graduacao\/santa-maria\/poscom\/webrp-praticas-de-relacoes-publicas-em-suportes-midiaticos-digitais\/\" target=\"_blank\" rel=\"noopener\">WebRP: Pr\u00e1ticas de Rela\u00e7\u00f5es P\u00fablicas em suportes midi\u00e1ticos digitais<\/a><\/strong><br \/>L\u00edderes: Dr.\u00aa Eugenia Maria Mariano da Rocha Barichello e Dr.\u00aa Daiana Stasiak\u00a0\u00a0<\/p>\n<\/td>\n<\/tr>\n<\/tbody>\n<\/table>\n<p>\u00a0<\/p>\n<p><strong>Linha &#8211; M\u00eddias e Identidades Contempor\u00e2neas<\/strong><\/p>\n<p>\u00a0<\/p>\n<table style=\"width: 100%;height: 1036px\" border=\"0\">\n<tbody>\n<tr style=\"height: 100px\">\n<td style=\"height: 100px\">\n<p><strong><a href=\"https:\/\/www.ufsm.br\/cursos\/pos-graduacao\/santa-maria\/poscom\/comunicacao-e-desenvolvimento\/\" target=\"_blank\" rel=\"noopener\">Comunica\u00e7\u00e3o e Desenvolvimento<\/a><\/strong><br \/>L\u00edderes: Dr.\u00aa Ada Cristina Machado Silveira e Dr.\u00aa Jaqueline Quincozes da Silva Kegler<\/p>\n<\/td>\n<\/tr>\n<tr style=\"height: 100px\">\n<td style=\"height: 100px\">\n<p><strong><a href=\"https:\/\/www.ufsm.br\/cursos\/pos-graduacao\/santa-maria\/poscom\/comunicacao-em-rede-identidades-e-cidadania\/\" target=\"_blank\" rel=\"noopener\">Comunica\u00e7\u00e3o em rede, identidades e cidadania<\/a><\/strong>\u00a0<br \/>L\u00edder: Dr.\u00aa Liliane Dutra Brignol<\/p>\n<\/td>\n<\/tr>\n<tr style=\"height: 100px\">\n<td style=\"height: 100px\">\n<p><strong><a href=\"https:\/\/www.ufsm.br\/cursos\/pos-graduacao\/santa-maria\/poscom\/comunicacao-identidades-e-fronteiras\/\" target=\"_blank\" rel=\"noopener\">Comunica\u00e7\u00e3o, identidades e fronteiras<\/a><\/strong>\u00a0<br \/>L\u00edderes: Dr.\u00aa Ada Cristina Machado Silveira e Dr.\u00aa Isabel Padilha Guimar\u00e3es<\/p>\n<\/td>\n<\/tr>\n<tr style=\"height: 100px\">\n<td style=\"height: 100px\">\n<p><strong><a href=\"https:\/\/www.ufsm.br\/cursos\/pos-graduacao\/santa-maria\/poscom\/estudos-culturais-e-audiovisualidades\/\" target=\"_blank\" rel=\"noopener\">Estudos culturais e audiovisualidades<\/a><\/strong>\u00a0<br \/>L\u00edderes: Dr. Flavi Ferreira Lisb\u00f4a Filho e Dr.\u00aa Ana Luiza Coiro Moraes<\/p>\n<\/td>\n<\/tr>\n<tr style=\"height: 100px\">\n<td style=\"height: 100px\">\n<p><strong><a href=\"https:\/\/www.ufsm.br\/cursos\/pos-graduacao\/santa-maria\/poscom\/estudos-de-jornalismo-2\" target=\"_blank\" rel=\"noopener\">Estudos de Jornalismo<\/a>\u00a0<br \/><\/strong>L\u00edder:\u00a0 Dr.\u00aa Laura Strelow Storch<\/p>\n<\/td>\n<\/tr>\n<tr style=\"height: 118px\">\n<td style=\"height: 118px\">\n<p><strong><a href=\"https:\/\/www.ufsm.br\/cursos\/pos-graduacao\/santa-maria\/poscom\/milpa-laboratorio-de-reportagem-cnpq-ufsm\">milpa &#8211; laborat\u00f3rio de jornalismo (CNPq\/UFSM)<\/a><\/strong><\/p>\n<p><span style=\"font-weight: 400\">L\u00edder<strong>:<\/strong> Prof. Reges Schwaab<\/span><\/p>\n<\/td>\n<\/tr>\n<tr style=\"height: 100px\">\n<td style=\"height: 100px\">\n<p><strong><a href=\"https:\/\/www.ufsm.br\/cursos\/pos-graduacao\/santa-maria\/poscom\/nucleo-de-comunicacao-educacao-intercultural-e-cidadania\/\" target=\"_blank\" rel=\"noopener\">N\u00facleo de Comunica\u00e7\u00e3o, Educa\u00e7\u00e3o Intercultural e Cidadania<\/a><\/strong><br \/>L\u00edder: Dr.\u00aa Rosane Rosa<\/p>\n<\/td>\n<\/tr>\n<tr style=\"height: 118px\">\n<td style=\"height: 118px\">\n<p><a href=\"https:\/\/www.ufsm.br\/cursos\/pos-graduacao\/santa-maria\/poscom\/conecta-comunicacao-e-experimentacao-criativa\"><b>CONECTA \u2013 Comunica\u00e7\u00e3o e Experimenta\u00e7\u00e3o Criativa<\/b><\/a><\/p>\n<p><span style=\"font-weight: 400\">L\u00edderes<\/span><span style=\"font-weight: 400\">: Sandra Depexe, Leandro Stevens e Maicon Kroth<\/span><\/p>\n<\/td>\n<\/tr>\n<tr style=\"height: 100px\">\n<td style=\"height: 100px\">\n<p><strong><a href=\"https:\/\/www.ufsm.br\/cursos\/pos-graduacao\/santa-maria\/poscom\/usos-sociais-da-midia\/\" target=\"_blank\" rel=\"noopener\">Usos Sociais da M\u00eddia<\/a><\/strong><br \/>L\u00edderes: Dr.\u00aa Veneza Mayora Ronsini e Dr.\u00aa Sandra Dalcul Depexe<\/p>\n<\/td>\n<\/tr>\n<\/tbody>\n<\/table>\n","protected":false},"excerpt":{"rendered":"<p>Linha &#8211; M\u00eddias e Estrat\u00e9gias Comunicacionais \u00a0 Circula\u00e7\u00e3o midi\u00e1tica e estrat\u00e9gias comunicacionaisL\u00edderes: Dr.\u00aa Aline Roes Dalmolin e Dr.\u00aa Viviane Borelli M\u00eddia, Discurso e Comunica\u00e7\u00e3o P\u00fablicaL\u00edder: Dr.\u00aa Rejane de Oliveira Pozobon\u00a0 Comunica\u00e7\u00e3o Institucional e Organizacional\u00a0L\u00edderes: Dr.\u00aa Eugenia Maria Mariano da Rocha Barichello e Dr.\u00aa Maria Ivete Trevisan Foss\u00e1 N\u00f3s Pesquisa Criativa L\u00edder: Profa. Juliana Petermann WebRP: [&hellip;]<\/p>\n","protected":false},"author":194,"featured_media":0,"parent":0,"menu_order":0,"comment_status":"closed","ping_status":"closed","template":"","meta":{"footnotes":""},"categories":[],"tags":[],"class_list":["post-186","page","type-page","status-publish","hentry"],"acf":[],"_links":{"self":[{"href":"https:\/\/www.ufsm.br\/cursos\/pos-graduacao\/santa-maria\/poscom\/wp-json\/wp\/v2\/pages\/186","targetHints":{"allow":["GET"]}}],"collection":[{"href":"https:\/\/www.ufsm.br\/cursos\/pos-graduacao\/santa-maria\/poscom\/wp-json\/wp\/v2\/pages"}],"about":[{"href":"https:\/\/www.ufsm.br\/cursos\/pos-graduacao\/santa-maria\/poscom\/wp-json\/wp\/v2\/types\/page"}],"author":[{"embeddable":true,"href":"https:\/\/www.ufsm.br\/cursos\/pos-graduacao\/santa-maria\/poscom\/wp-json\/wp\/v2\/users\/194"}],"replies":[{"embeddable":true,"href":"https:\/\/www.ufsm.br\/cursos\/pos-graduacao\/santa-maria\/poscom\/wp-json\/wp\/v2\/comments?post=186"}],"version-history":[{"count":0,"href":"https:\/\/www.ufsm.br\/cursos\/pos-graduacao\/santa-maria\/poscom\/wp-json\/wp\/v2\/pages\/186\/revisions"}],"wp:attachment":[{"href":"https:\/\/www.ufsm.br\/cursos\/pos-graduacao\/santa-maria\/poscom\/wp-json\/wp\/v2\/media?parent=186"}],"wp:term":[{"taxonomy":"category","embeddable":true,"href":"https:\/\/www.ufsm.br\/cursos\/pos-graduacao\/santa-maria\/poscom\/wp-json\/wp\/v2\/categories?post=186"},{"taxonomy":"post_tag","embeddable":true,"href":"https:\/\/www.ufsm.br\/cursos\/pos-graduacao\/santa-maria\/poscom\/wp-json\/wp\/v2\/tags?post=186"}],"curies":[{"name":"wp","href":"https:\/\/api.w.org\/{rel}","templated":true}]}}