{"id":188,"date":"2019-01-18T09:44:35","date_gmt":"2019-01-18T11:44:35","guid":{"rendered":"https:\/\/www.ufsm.br\/cursos\/pos-graduacao\/santa-maria\/poscom\/?page_id=188"},"modified":"2019-01-18T09:44:37","modified_gmt":"2019-01-18T11:44:37","slug":"comunicacao-e-politica","status":"publish","type":"page","link":"https:\/\/www.ufsm.br\/cursos\/pos-graduacao\/santa-maria\/poscom\/comunicacao-e-politica","title":{"rendered":"Comunica\u00e7\u00e3o e Pol\u00edtica"},"content":{"rendered":"\n<p><strong>L\u00edder: Dr.\u00aa Rejane de Oliveira Pozobon.<\/strong><\/p>\n<p>O grupo foi fundado no ano de 2012 com o objetivo de estudar as rela\u00e7\u00f5es existentes entre os campos midi\u00e1tico e pol\u00edtico. Visa compreender como os referidos campos se reorganizam, estabelecendo novas regras e estrat\u00e9gias, em fun\u00e7\u00e3o das a\u00e7\u00f5es do outro campo. Debate basicamente teorias, conceitos e m\u00e9todos pertinentes ao estudo da comunica\u00e7\u00e3o pol\u00edtica. Atualmente conta com 20 integrantes, dentre eles: doutorandos, mestrandos, bolsistas de inicia\u00e7\u00e3o cient\u00edfica, orientandos de gradua\u00e7\u00e3o e pesquisadores convidados.Os editais de ingresso s\u00e3o divulgados a cada in\u00edcio de semestre.<\/p>\n<p><strong>Linhas de pesquisa:<\/strong><\/p>\n<p>&#8211;\u00a0<strong>M\u00eddia, Pol\u00edtica e Estrat\u00e9gias Comunicacionais:<\/strong>\u00a0objetiva analisar as estrat\u00e9gias comunicacionais empreendidas nas campanhas e no discurso eleitoral.<\/p>\n","protected":false},"excerpt":{"rendered":"<p>L\u00edder: Dr.\u00aa Rejane de Oliveira Pozobon. O grupo foi fundado no ano de 2012 com o objetivo de estudar as rela\u00e7\u00f5es existentes entre os campos midi\u00e1tico e pol\u00edtico. Visa compreender como os referidos campos se reorganizam, estabelecendo novas regras e estrat\u00e9gias, em fun\u00e7\u00e3o das a\u00e7\u00f5es do outro campo. Debate basicamente teorias, conceitos e m\u00e9todos pertinentes [&hellip;]<\/p>\n","protected":false},"author":194,"featured_media":0,"parent":0,"menu_order":0,"comment_status":"closed","ping_status":"closed","template":"","meta":{"footnotes":""},"categories":[],"tags":[],"class_list":["post-188","page","type-page","status-publish","hentry"],"acf":[],"_links":{"self":[{"href":"https:\/\/www.ufsm.br\/cursos\/pos-graduacao\/santa-maria\/poscom\/wp-json\/wp\/v2\/pages\/188","targetHints":{"allow":["GET"]}}],"collection":[{"href":"https:\/\/www.ufsm.br\/cursos\/pos-graduacao\/santa-maria\/poscom\/wp-json\/wp\/v2\/pages"}],"about":[{"href":"https:\/\/www.ufsm.br\/cursos\/pos-graduacao\/santa-maria\/poscom\/wp-json\/wp\/v2\/types\/page"}],"author":[{"embeddable":true,"href":"https:\/\/www.ufsm.br\/cursos\/pos-graduacao\/santa-maria\/poscom\/wp-json\/wp\/v2\/users\/194"}],"replies":[{"embeddable":true,"href":"https:\/\/www.ufsm.br\/cursos\/pos-graduacao\/santa-maria\/poscom\/wp-json\/wp\/v2\/comments?post=188"}],"version-history":[{"count":0,"href":"https:\/\/www.ufsm.br\/cursos\/pos-graduacao\/santa-maria\/poscom\/wp-json\/wp\/v2\/pages\/188\/revisions"}],"wp:attachment":[{"href":"https:\/\/www.ufsm.br\/cursos\/pos-graduacao\/santa-maria\/poscom\/wp-json\/wp\/v2\/media?parent=188"}],"wp:term":[{"taxonomy":"category","embeddable":true,"href":"https:\/\/www.ufsm.br\/cursos\/pos-graduacao\/santa-maria\/poscom\/wp-json\/wp\/v2\/categories?post=188"},{"taxonomy":"post_tag","embeddable":true,"href":"https:\/\/www.ufsm.br\/cursos\/pos-graduacao\/santa-maria\/poscom\/wp-json\/wp\/v2\/tags?post=188"}],"curies":[{"name":"wp","href":"https:\/\/api.w.org\/{rel}","templated":true}]}}