{"id":193,"date":"2019-01-18T09:58:52","date_gmt":"2019-01-18T11:58:52","guid":{"rendered":"https:\/\/www.ufsm.br\/cursos\/pos-graduacao\/santa-maria\/poscom\/?page_id=193"},"modified":"2020-03-03T10:42:21","modified_gmt":"2020-03-03T13:42:21","slug":"comunicacao-e-desenvolvimento","status":"publish","type":"page","link":"https:\/\/www.ufsm.br\/cursos\/pos-graduacao\/santa-maria\/poscom\/comunicacao-e-desenvolvimento","title":{"rendered":"Comunica\u00e7\u00e3o e desenvolvimento"},"content":{"rendered":"\n<p><strong>L\u00edderes: Dr.\u00aa Ada Cristina Machado Silveira e Dr.\u00aa\u00a0<\/strong><strong>Jaqueline Quincozes da Silva Kegler.<\/strong><\/p>\n<p>O grupo conta com diversas pesquisas das quais resultam disserta\u00e7\u00f5es de mestrado, teses de doutorado e monografias de gradua\u00e7\u00e3o. O grupo atua em atividades de extens\u00e3o com capacita\u00e7\u00e3o de agentes para a mobiliza\u00e7\u00e3o social com base na apropria\u00e7\u00e3o das tecnologias de informa\u00e7\u00e3o e de comunica\u00e7\u00e3o (TICs), bem como na radiodifus\u00e3o comunit\u00e1ria.<\/p>\n<p><strong>Linhas de pesquisa:<\/strong><\/p>\n<p>&#8211;\u00a0<strong>Apropria\u00e7\u00e3o de TICs:<\/strong>\u00a0dedica-se aos processos de consumo, uso e apropria\u00e7\u00e3o das tecnologias de informa\u00e7\u00e3o e comunica\u00e7\u00e3o por parte da sociedade, em sua rela\u00e7\u00e3o com agentes p\u00fablicos, especialmente os detentores do saber especializado;<\/p>\n<p>&#8211;\u00a0<strong>Comunica\u00e7\u00e3o e mobiliza\u00e7\u00e3o social:<\/strong>\u00a0estudo de processos de mobiliza\u00e7\u00e3o social por via de a\u00e7\u00f5es medidas pelo consumo\/uso\/apropria\u00e7\u00e3o das tecnologias de informa\u00e7\u00e3o e comunica\u00e7\u00e3o, envolvendo processos de midiatiza\u00e7\u00e3o prim\u00e1rios, secund\u00e1rios, terci\u00e1rios e quatern\u00e1rios;<\/p>\n<p>&#8211;\u00a0<strong>Divulga\u00e7\u00e3o cientifica e populariza\u00e7\u00e3o da ci\u00eancia:<\/strong>\u00a0dedica-se ao estudo de processos articuladores de rela\u00e7\u00f5es entre produtores de conte\u00fados especializados (cient\u00edfico-t\u00e9cnicos) e a sociedade, especialmente a escola b\u00e1sica da rede p\u00fablica.<\/p>\n","protected":false},"excerpt":{"rendered":"<p>L\u00edderes: Dr.\u00aa Ada Cristina Machado Silveira e Dr.\u00aa\u00a0Jaqueline Quincozes da Silva Kegler. O grupo conta com diversas pesquisas das quais resultam disserta\u00e7\u00f5es de mestrado, teses de doutorado e monografias de gradua\u00e7\u00e3o. O grupo atua em atividades de extens\u00e3o com capacita\u00e7\u00e3o de agentes para a mobiliza\u00e7\u00e3o social com base na apropria\u00e7\u00e3o das tecnologias de informa\u00e7\u00e3o e [&hellip;]<\/p>\n","protected":false},"author":194,"featured_media":0,"parent":0,"menu_order":0,"comment_status":"closed","ping_status":"closed","template":"","meta":{"footnotes":""},"categories":[],"tags":[],"class_list":["post-193","page","type-page","status-publish","hentry"],"acf":[],"_links":{"self":[{"href":"https:\/\/www.ufsm.br\/cursos\/pos-graduacao\/santa-maria\/poscom\/wp-json\/wp\/v2\/pages\/193","targetHints":{"allow":["GET"]}}],"collection":[{"href":"https:\/\/www.ufsm.br\/cursos\/pos-graduacao\/santa-maria\/poscom\/wp-json\/wp\/v2\/pages"}],"about":[{"href":"https:\/\/www.ufsm.br\/cursos\/pos-graduacao\/santa-maria\/poscom\/wp-json\/wp\/v2\/types\/page"}],"author":[{"embeddable":true,"href":"https:\/\/www.ufsm.br\/cursos\/pos-graduacao\/santa-maria\/poscom\/wp-json\/wp\/v2\/users\/194"}],"replies":[{"embeddable":true,"href":"https:\/\/www.ufsm.br\/cursos\/pos-graduacao\/santa-maria\/poscom\/wp-json\/wp\/v2\/comments?post=193"}],"version-history":[{"count":0,"href":"https:\/\/www.ufsm.br\/cursos\/pos-graduacao\/santa-maria\/poscom\/wp-json\/wp\/v2\/pages\/193\/revisions"}],"wp:attachment":[{"href":"https:\/\/www.ufsm.br\/cursos\/pos-graduacao\/santa-maria\/poscom\/wp-json\/wp\/v2\/media?parent=193"}],"wp:term":[{"taxonomy":"category","embeddable":true,"href":"https:\/\/www.ufsm.br\/cursos\/pos-graduacao\/santa-maria\/poscom\/wp-json\/wp\/v2\/categories?post=193"},{"taxonomy":"post_tag","embeddable":true,"href":"https:\/\/www.ufsm.br\/cursos\/pos-graduacao\/santa-maria\/poscom\/wp-json\/wp\/v2\/tags?post=193"}],"curies":[{"name":"wp","href":"https:\/\/api.w.org\/{rel}","templated":true}]}}