{"id":201,"date":"2019-01-18T10:12:43","date_gmt":"2019-01-18T12:12:43","guid":{"rendered":"https:\/\/www.ufsm.br\/cursos\/pos-graduacao\/santa-maria\/poscom\/?page_id=201"},"modified":"2023-10-20T08:23:28","modified_gmt":"2023-10-20T11:23:28","slug":"usos-sociais-da-midia","status":"publish","type":"page","link":"https:\/\/www.ufsm.br\/cursos\/pos-graduacao\/santa-maria\/poscom\/usos-sociais-da-midia","title":{"rendered":"Usos sociais da m\u00eddia"},"content":{"rendered":"\n<p style=\"text-align: justify\"><b>Breve hist\u00f3rico:\u00a0<\/b><span style=\"font-weight: 400\">O grupo tem parcerias nacionais e internacionais. No Brasil, integra o plano de trabalho bianual do Observat\u00f3rio Brasileiro de Fic\u00e7\u00e3o Televisiva com desenvolvimento de projeto de pesquisa da equipe da UFSM. Promoveu o acordo de coopera\u00e7\u00e3o entre UFSM e Karlstad de 2013 a 2017. Integra a equipe do Projeto Capes-Print Informa\u00e7\u00e3o e Tecnologia (2018-2022) com o objetivo de internacionalizar a institui\u00e7\u00e3o e o Programa de P\u00f3s-Gradua\u00e7\u00e3o em Comunica\u00e7\u00e3o. \u00a0 In\u00fameros projetos de pesquisa foram finalizados com o apoio de \u00f3rg\u00e3os de fomento (Fapergs,\u00a0 CNPq\u00a0 e CAPES) e parceria com USP\/Rede Globo. O in\u00edcio do seu funcionamento foi 1994, quando o l\u00edder atuava na Tutoria do Grupo PET. A participa\u00e7\u00e3o estudantil no grupo\u00a0 inclui alunos petianos, alunos de gradua\u00e7\u00e3o, alunos de inicia\u00e7\u00e3o cient\u00edfica, mestrandos e doutorandos\u00a0 do PPGCOM (desde 2006). Desde setembro de 2023, a l\u00edder do grupo passa a ser servidora da UFRGS.\u00a0\u00a0\u00a0<\/span><\/p>\n<p><strong>Objetivos do grupo:\u00a0<\/strong><\/p>\n<p><strong>P\u00fablico-alvo:<\/strong><\/p>\n<p><span style=\"font-weight: 400\"><strong>L\u00edder:<\/strong> <\/span>Veneza Mayora Ronsini\u00a0<\/p>\n<p><b>Linhas de Pesquisa:\u00a0<\/b><\/p>\n<ul>\n<li><span style=\"font-weight: 400\">Processos de recep\u00e7\u00e3o e consumo dos meios de comunica\u00e7\u00e3o tecnol\u00f3gicos<\/span><\/li>\n<li><span style=\"font-weight: 400\">Tecnologias da Comunica\u00e7\u00e3o, classes sociais e comunidades sustent\u00e1veis<\/span><\/li>\n<\/ul>\n<p style=\"text-align: justify\"><strong>Hor\u00e1rios e dias de encontros:\u00a0<\/strong><span style=\"font-weight: 400\">Cada semestre \u00e9 definido um dia do m\u00eas de acordo com a disponibilidade de todos os integrantes.<\/span><\/p>\n<p><b>Contatos<\/b><span style=\"font-weight: 400\">:\u00a0 venezar@gmail.com<\/span><\/p>\n<p><strong>Link:\u00a0<\/strong><\/p>\n","protected":false},"excerpt":{"rendered":"<p>Breve hist\u00f3rico:\u00a0O grupo tem parcerias nacionais e internacionais. No Brasil, integra o plano de trabalho bianual do Observat\u00f3rio Brasileiro de Fic\u00e7\u00e3o Televisiva com desenvolvimento de projeto de pesquisa da equipe da UFSM. Promoveu o acordo de coopera\u00e7\u00e3o entre UFSM e Karlstad de 2013 a 2017. Integra a equipe do Projeto Capes-Print Informa\u00e7\u00e3o e Tecnologia (2018-2022) [&hellip;]<\/p>\n","protected":false},"author":194,"featured_media":0,"parent":0,"menu_order":0,"comment_status":"closed","ping_status":"closed","template":"","meta":{"footnotes":""},"categories":[],"tags":[],"class_list":["post-201","page","type-page","status-publish","hentry"],"acf":[],"_links":{"self":[{"href":"https:\/\/www.ufsm.br\/cursos\/pos-graduacao\/santa-maria\/poscom\/wp-json\/wp\/v2\/pages\/201","targetHints":{"allow":["GET"]}}],"collection":[{"href":"https:\/\/www.ufsm.br\/cursos\/pos-graduacao\/santa-maria\/poscom\/wp-json\/wp\/v2\/pages"}],"about":[{"href":"https:\/\/www.ufsm.br\/cursos\/pos-graduacao\/santa-maria\/poscom\/wp-json\/wp\/v2\/types\/page"}],"author":[{"embeddable":true,"href":"https:\/\/www.ufsm.br\/cursos\/pos-graduacao\/santa-maria\/poscom\/wp-json\/wp\/v2\/users\/194"}],"replies":[{"embeddable":true,"href":"https:\/\/www.ufsm.br\/cursos\/pos-graduacao\/santa-maria\/poscom\/wp-json\/wp\/v2\/comments?post=201"}],"version-history":[{"count":0,"href":"https:\/\/www.ufsm.br\/cursos\/pos-graduacao\/santa-maria\/poscom\/wp-json\/wp\/v2\/pages\/201\/revisions"}],"wp:attachment":[{"href":"https:\/\/www.ufsm.br\/cursos\/pos-graduacao\/santa-maria\/poscom\/wp-json\/wp\/v2\/media?parent=201"}],"wp:term":[{"taxonomy":"category","embeddable":true,"href":"https:\/\/www.ufsm.br\/cursos\/pos-graduacao\/santa-maria\/poscom\/wp-json\/wp\/v2\/categories?post=201"},{"taxonomy":"post_tag","embeddable":true,"href":"https:\/\/www.ufsm.br\/cursos\/pos-graduacao\/santa-maria\/poscom\/wp-json\/wp\/v2\/tags?post=201"}],"curies":[{"name":"wp","href":"https:\/\/api.w.org\/{rel}","templated":true}]}}