{"id":232,"date":"2019-01-18T12:05:58","date_gmt":"2019-01-18T14:05:58","guid":{"rendered":"https:\/\/www.ufsm.br\/cursos\/pos-graduacao\/santa-maria\/poscom\/?page_id=232"},"modified":"2024-08-21T00:35:23","modified_gmt":"2024-08-21T03:35:23","slug":"livros-e-e-books","status":"publish","type":"page","link":"https:\/\/www.ufsm.br\/cursos\/pos-graduacao\/santa-maria\/poscom\/livros-e-e-books","title":{"rendered":"Livros e E-books"},"content":{"rendered":"\t\t<div data-elementor-type=\"wp-page\" data-elementor-id=\"232\" class=\"elementor elementor-232\">\n\t\t\t\t\t\t<section class=\"elementor-section elementor-top-section elementor-element elementor-element-b290395 elementor-section-boxed elementor-section-height-default elementor-section-height-default\" data-id=\"b290395\" data-element_type=\"section\">\n\t\t\t\t\t\t<div class=\"elementor-container elementor-column-gap-default\">\n\t\t\t\t\t<div class=\"elementor-column elementor-col-100 elementor-top-column elementor-element elementor-element-53b3992\" data-id=\"53b3992\" data-element_type=\"column\">\n\t\t\t<div class=\"elementor-widget-wrap elementor-element-populated\">\n\t\t\t\t\t\t<div class=\"elementor-element elementor-element-3123bc4 elementor-widget elementor-widget-heading\" data-id=\"3123bc4\" data-element_type=\"widget\" data-widget_type=\"heading.default\">\n\t\t\t\t<div class=\"elementor-widget-container\">\n\t\t\t<h5 class=\"elementor-heading-title elementor-size-default\">Editora FACOS-UFSM<\/h5>\t\t<\/div>\n\t\t\t\t<\/div>\n\t\t\t\t\t<\/div>\n\t\t<\/div>\n\t\t\t\t\t<\/div>\n\t\t<\/section>\n\t\t\t\t<section class=\"elementor-section elementor-top-section elementor-element elementor-element-5463758 elementor-section-boxed elementor-section-height-default elementor-section-height-default\" data-id=\"5463758\" data-element_type=\"section\">\n\t\t\t\t\t\t<div class=\"elementor-container elementor-column-gap-default\">\n\t\t\t\t\t<div class=\"elementor-column elementor-col-25 elementor-top-column elementor-element elementor-element-8898b36\" data-id=\"8898b36\" data-element_type=\"column\">\n\t\t\t<div class=\"elementor-widget-wrap elementor-element-populated\">\n\t\t\t\t\t\t<div class=\"elementor-element elementor-element-fe711b4 elementor-widget elementor-widget-image\" data-id=\"fe711b4\" data-element_type=\"widget\" data-widget_type=\"image.default\">\n\t\t\t\t<div class=\"elementor-widget-container\">\n\t\t\t\t\t\t\t\t\t\t<figure class=\"wp-caption\">\n\t\t\t\t\t\t\t\t\t\t\t<a href=\"https:\/\/www.ufsm.br\/editoras\/facos\/publicidade-contemporanea\" target=\"_blank\">\n\t\t\t\t\t\t\t<img fetchpriority=\"high\" decoding=\"async\" width=\"200\" height=\"300\" src=\"https:\/\/www.ufsm.br\/app\/uploads\/sites\/513\/2024\/08\/Publidade-Contemporanea-Caminhos-em-Formacao-200x300.jpg\" class=\"attachment-medium size-medium wp-image-3550\" alt=\"\" srcset=\"https:\/\/www.ufsm.br\/app\/uploads\/sites\/513\/2024\/08\/Publidade-Contemporanea-Caminhos-em-Formacao-200x300.jpg 200w, https:\/\/www.ufsm.br\/app\/uploads\/sites\/513\/2024\/08\/Publidade-Contemporanea-Caminhos-em-Formacao-682x1024.jpg 682w, https:\/\/www.ufsm.br\/app\/uploads\/sites\/513\/2024\/08\/Publidade-Contemporanea-Caminhos-em-Formacao-768x1152.jpg 768w, https:\/\/www.ufsm.br\/app\/uploads\/sites\/513\/2024\/08\/Publidade-Contemporanea-Caminhos-em-Formacao.jpg 827w\" sizes=\"(max-width: 200px) 100vw, 200px\" \/>\t\t\t\t\t\t\t\t<\/a>\n\t\t\t\t\t\t\t\t\t\t\t<figcaption class=\"widget-image-caption wp-caption-text\">Publicidade contempor\u00e2nea: caminhos em forma\u00e7\u00e3o<\/figcaption>\n\t\t\t\t\t\t\t\t\t\t<\/figure>\n\t\t\t\t\t\t\t<\/div>\n\t\t\t\t<\/div>\n\t\t\t\t\t<\/div>\n\t\t<\/div>\n\t\t\t\t<div class=\"elementor-column elementor-col-25 elementor-top-column elementor-element elementor-element-d9c3b90\" data-id=\"d9c3b90\" data-element_type=\"column\">\n\t\t\t<div class=\"elementor-widget-wrap elementor-element-populated\">\n\t\t\t\t\t\t<div class=\"elementor-element elementor-element-94e53f9 elementor-widget elementor-widget-image\" data-id=\"94e53f9\" data-element_type=\"widget\" data-widget_type=\"image.default\">\n\t\t\t\t<div class=\"elementor-widget-container\">\n\t\t\t\t\t\t\t\t\t\t<figure class=\"wp-caption\">\n\t\t\t\t\t\t\t\t\t\t\t<a href=\"https:\/\/www.ufsm.br\/editoras\/facos\/tecnologias-plataformas-e-meios-digitais\" target=\"_blank\">\n\t\t\t\t\t\t\t<img decoding=\"async\" width=\"212\" height=\"300\" src=\"https:\/\/www.ufsm.br\/app\/uploads\/sites\/513\/2024\/08\/Capa-Tecnologias-plataformas-212x300.jpg\" class=\"attachment-medium size-medium wp-image-3551\" alt=\"\" srcset=\"https:\/\/www.ufsm.br\/app\/uploads\/sites\/513\/2024\/08\/Capa-Tecnologias-plataformas-212x300.jpg 212w, https:\/\/www.ufsm.br\/app\/uploads\/sites\/513\/2024\/08\/Capa-Tecnologias-plataformas-725x1024.jpg 725w, https:\/\/www.ufsm.br\/app\/uploads\/sites\/513\/2024\/08\/Capa-Tecnologias-plataformas-768x1085.jpg 768w, https:\/\/www.ufsm.br\/app\/uploads\/sites\/513\/2024\/08\/Capa-Tecnologias-plataformas-1087x1536.jpg 1087w, https:\/\/www.ufsm.br\/app\/uploads\/sites\/513\/2024\/08\/Capa-Tecnologias-plataformas.jpg 1241w\" sizes=\"(max-width: 212px) 100vw, 212px\" \/>\t\t\t\t\t\t\t\t<\/a>\n\t\t\t\t\t\t\t\t\t\t\t<figcaption class=\"widget-image-caption wp-caption-text\">Tecnologias, plataformas e meios digitais: contextos, desafios e pr\u00e1ticas<\/figcaption>\n\t\t\t\t\t\t\t\t\t\t<\/figure>\n\t\t\t\t\t\t\t<\/div>\n\t\t\t\t<\/div>\n\t\t\t\t\t<\/div>\n\t\t<\/div>\n\t\t\t\t<div class=\"elementor-column elementor-col-25 elementor-top-column elementor-element elementor-element-a2103f4\" data-id=\"a2103f4\" data-element_type=\"column\">\n\t\t\t<div class=\"elementor-widget-wrap elementor-element-populated\">\n\t\t\t\t\t\t<div class=\"elementor-element elementor-element-61168a8 elementor-widget elementor-widget-image\" data-id=\"61168a8\" data-element_type=\"widget\" data-widget_type=\"image.default\">\n\t\t\t\t<div class=\"elementor-widget-container\">\n\t\t\t\t\t\t\t\t\t\t<figure class=\"wp-caption\">\n\t\t\t\t\t\t\t\t\t\t\t<a href=\"https:\/\/www.ufsm.br\/editoras\/facos\/formacao-e-saberes-em-comunicacao-e-midia-volume-i\">\n\t\t\t\t\t\t\t<img decoding=\"async\" width=\"212\" height=\"300\" src=\"https:\/\/www.ufsm.br\/app\/uploads\/sites\/513\/2024\/08\/Capa-Formacao-e-Saberes-212x300.jpg\" class=\"attachment-medium size-medium wp-image-3549\" alt=\"\" srcset=\"https:\/\/www.ufsm.br\/app\/uploads\/sites\/513\/2024\/08\/Capa-Formacao-e-Saberes-212x300.jpg 212w, https:\/\/www.ufsm.br\/app\/uploads\/sites\/513\/2024\/08\/Capa-Formacao-e-Saberes-725x1024.jpg 725w, https:\/\/www.ufsm.br\/app\/uploads\/sites\/513\/2024\/08\/Capa-Formacao-e-Saberes-768x1085.jpg 768w, https:\/\/www.ufsm.br\/app\/uploads\/sites\/513\/2024\/08\/Capa-Formacao-e-Saberes-1087x1536.jpg 1087w, https:\/\/www.ufsm.br\/app\/uploads\/sites\/513\/2024\/08\/Capa-Formacao-e-Saberes.jpg 1241w\" sizes=\"(max-width: 212px) 100vw, 212px\" \/>\t\t\t\t\t\t\t\t<\/a>\n\t\t\t\t\t\t\t\t\t\t\t<figcaption class=\"widget-image-caption wp-caption-text\">Forma\u00e7\u00e3o e saberes em comunica\u00e7\u00e3o e m\u00eddia: volume I<\/figcaption>\n\t\t\t\t\t\t\t\t\t\t<\/figure>\n\t\t\t\t\t\t\t<\/div>\n\t\t\t\t<\/div>\n\t\t\t\t\t<\/div>\n\t\t<\/div>\n\t\t\t\t<div class=\"elementor-column elementor-col-25 elementor-top-column elementor-element elementor-element-0ee47d2\" data-id=\"0ee47d2\" data-element_type=\"column\">\n\t\t\t<div class=\"elementor-widget-wrap elementor-element-populated\">\n\t\t\t\t\t\t<div class=\"elementor-element elementor-element-058b3e1 elementor-widget elementor-widget-image\" data-id=\"058b3e1\" data-element_type=\"widget\" data-widget_type=\"image.default\">\n\t\t\t\t<div class=\"elementor-widget-container\">\n\t\t\t\t\t\t\t\t\t\t<figure class=\"wp-caption\">\n\t\t\t\t\t\t\t\t\t\t\t<a href=\"https:\/\/www.ufsm.br\/editoras\/facos\/midia-discurso-e-minorias\">\n\t\t\t\t\t\t\t<img loading=\"lazy\" decoding=\"async\" width=\"212\" height=\"300\" src=\"https:\/\/www.ufsm.br\/app\/uploads\/sites\/513\/2024\/08\/Capa-Midia-discurso-e-minorias-212x300.jpg\" class=\"attachment-medium size-medium wp-image-3552\" alt=\"\" srcset=\"https:\/\/www.ufsm.br\/app\/uploads\/sites\/513\/2024\/08\/Capa-Midia-discurso-e-minorias-212x300.jpg 212w, https:\/\/www.ufsm.br\/app\/uploads\/sites\/513\/2024\/08\/Capa-Midia-discurso-e-minorias-725x1024.jpg 725w, https:\/\/www.ufsm.br\/app\/uploads\/sites\/513\/2024\/08\/Capa-Midia-discurso-e-minorias-768x1085.jpg 768w, https:\/\/www.ufsm.br\/app\/uploads\/sites\/513\/2024\/08\/Capa-Midia-discurso-e-minorias-1087x1536.jpg 1087w, https:\/\/www.ufsm.br\/app\/uploads\/sites\/513\/2024\/08\/Capa-Midia-discurso-e-minorias.jpg 1241w\" sizes=\"(max-width: 212px) 100vw, 212px\" \/>\t\t\t\t\t\t\t\t<\/a>\n\t\t\t\t\t\t\t\t\t\t\t<figcaption class=\"widget-image-caption wp-caption-text\">M\u00eddia, discurso e minorias: identidades, representa\u00e7\u00f5es e distor\u00e7\u00f5es<\/figcaption>\n\t\t\t\t\t\t\t\t\t\t<\/figure>\n\t\t\t\t\t\t\t<\/div>\n\t\t\t\t<\/div>\n\t\t\t\t\t<\/div>\n\t\t<\/div>\n\t\t\t\t\t<\/div>\n\t\t<\/section>\n\t\t\t\t<section class=\"elementor-section elementor-top-section elementor-element elementor-element-2da5f77 elementor-section-boxed elementor-section-height-default elementor-section-height-default\" data-id=\"2da5f77\" data-element_type=\"section\">\n\t\t\t\t\t\t<div class=\"elementor-container elementor-column-gap-default\">\n\t\t\t\t\t<div class=\"elementor-column elementor-col-100 elementor-top-column elementor-element elementor-element-5cd00e6\" data-id=\"5cd00e6\" data-element_type=\"column\">\n\t\t\t<div class=\"elementor-widget-wrap elementor-element-populated\">\n\t\t\t\t\t\t<div class=\"elementor-element elementor-element-1710e6f elementor-widget elementor-widget-heading\" data-id=\"1710e6f\" data-element_type=\"widget\" data-widget_type=\"heading.default\">\n\t\t\t\t<div class=\"elementor-widget-container\">\n\t\t\t<h5 class=\"elementor-heading-title elementor-size-default\">Outras editoras<\/h5>\t\t<\/div>\n\t\t\t\t<\/div>\n\t\t\t\t\t<\/div>\n\t\t<\/div>\n\t\t\t\t\t<\/div>\n\t\t<\/section>\n\t\t\t\t<section class=\"elementor-section elementor-top-section elementor-element elementor-element-6237f51 elementor-section-boxed elementor-section-height-default elementor-section-height-default\" data-id=\"6237f51\" data-element_type=\"section\">\n\t\t\t\t\t\t<div class=\"elementor-container elementor-column-gap-default\">\n\t\t\t\t\t<div class=\"elementor-column elementor-col-50 elementor-top-column elementor-element elementor-element-77181d2\" data-id=\"77181d2\" data-element_type=\"column\">\n\t\t\t<div class=\"elementor-widget-wrap elementor-element-populated\">\n\t\t\t\t\t\t<div class=\"elementor-element elementor-element-d4cb48b elementor-widget elementor-widget-text-editor\" data-id=\"d4cb48b\" data-element_type=\"widget\" data-widget_type=\"text-editor.default\">\n\t\t\t\t<div class=\"elementor-widget-container\">\n\t\t\t\t\t\t\t<h3><strong>Estrat\u00e9gias de Comunica\u00e7\u00e3o e Rela\u00e7\u00f5es P\u00fablicas em contextos organizacionais emergentes<\/strong><\/h3>\n<p>Organizadores:\u00a0<span style=\"color: #000000;font-family: arial, sans-serif;font-size: small;font-weight: var( --e-global-typography-text-font-weight );text-align: var(--bs-body-text-align)\">Maria Ivete Trevisan Foss\u00e1, Fabio Fr\u00e1 Fernandes e Gibsy Lisi\u00ea Caporal Soares<\/span><\/p>\n<div>\u00a0Dispon\u00edvel no site da\u00a0<a href=\"https:\/\/poisson.com.br\/2018\/produto\/estrategias-de-comunicacao-e-relacoes-publicas\/\" target=\"_blank\" rel=\"noopener\">editora Poisson<\/a>\u00a0<\/div>\t\t\t\t\t\t<\/div>\n\t\t\t\t<\/div>\n\t\t\t\t\t<\/div>\n\t\t<\/div>\n\t\t\t\t<div class=\"elementor-column elementor-col-50 elementor-top-column elementor-element elementor-element-46ca047\" data-id=\"46ca047\" data-element_type=\"column\">\n\t\t\t<div class=\"elementor-widget-wrap elementor-element-populated\">\n\t\t\t\t\t\t<div class=\"elementor-element elementor-element-0ce33f5 elementor-widget elementor-widget-text-editor\" data-id=\"0ce33f5\" data-element_type=\"widget\" data-widget_type=\"text-editor.default\">\n\t\t\t\t<div class=\"elementor-widget-container\">\n\t\t\t\t\t\t\t<h3><strong>Mudan\u00e7as Estruturais e de Financiamento de Servi\u00e7os P\u00fablicos da Radiodifus\u00e3o\u00a0<\/strong><\/h3>\n<p>Celestino Vaz Tom\u00e1s Jone Joanguete<\/p>\t\t\t\t\t\t<\/div>\n\t\t\t\t<\/div>\n\t\t\t\t\t<\/div>\n\t\t<\/div>\n\t\t\t\t\t<\/div>\n\t\t<\/section>\n\t\t\t\t<section class=\"elementor-section elementor-top-section elementor-element elementor-element-4ba37a2 elementor-section-boxed elementor-section-height-default elementor-section-height-default\" data-id=\"4ba37a2\" data-element_type=\"section\">\n\t\t\t\t\t\t<div class=\"elementor-container elementor-column-gap-default\">\n\t\t\t\t\t<div class=\"elementor-column elementor-col-100 elementor-top-column elementor-element elementor-element-5b49e81\" data-id=\"5b49e81\" data-element_type=\"column\">\n\t\t\t<div class=\"elementor-widget-wrap elementor-element-populated\">\n\t\t\t\t\t\t<div class=\"elementor-element elementor-element-1a60973 elementor-widget elementor-widget-heading\" data-id=\"1a60973\" data-element_type=\"widget\" data-widget_type=\"heading.default\">\n\t\t\t\t<div class=\"elementor-widget-container\">\n\t\t\t<h5 class=\"elementor-heading-title elementor-size-default\">Hist\u00f3rico<\/h5>\t\t<\/div>\n\t\t\t\t<\/div>\n\t\t\t\t<div class=\"elementor-element elementor-element-c5c9032 elementor-widget elementor-widget-text-editor\" data-id=\"c5c9032\" data-element_type=\"widget\" data-widget_type=\"text-editor.default\">\n\t\t\t\t<div class=\"elementor-widget-container\">\n\t\t\t\t\t\t\t<p><!-- wp:tadv\/classic-paragraph --><\/p>\n<p><span style=\"color: #000000;font-size: 16px\">Lan\u00e7ados em\u00a0<\/span><a style=\"color: #204c90;font-size: 16px\" href=\"https:\/\/www.ufsm.br\/cursos\/pos-graduacao\/santa-maria\/poscom\/lancados-em-2016\/\">2016<\/a><br \/><span style=\"color: #000000;font-size: 16px\">Lan\u00e7ados em\u00a0<\/span><a style=\"color: #204c90;font-size: 16px\" href=\"https:\/\/www.ufsm.br\/cursos\/pos-graduacao\/santa-maria\/poscom\/lancados-em-2015\/\">2015<\/a><br \/><span style=\"color: #000000;font-size: 1rem;font-weight: var( --e-global-typography-text-font-weight );text-align: var(--bs-body-text-align)\">Lan\u00e7ados em\u00a0<\/span><a style=\"font-size: 1rem;font-weight: var( --e-global-typography-text-font-weight );text-align: var(--bs-body-text-align)\" href=\"https:\/\/www.ufsm.br\/cursos\/pos-graduacao\/santa-maria\/poscom\/lancados-em-2014\/\">2014<\/a><br \/><span style=\"color: #000000;font-size: 16px;font-weight: var( --e-global-typography-text-font-weight );text-align: var(--bs-body-text-align)\">Lan\u00e7ados em\u00a0<\/span><a style=\"font-size: 16px;font-weight: var( --e-global-typography-text-font-weight );text-align: var(--bs-body-text-align);color: #204c90\" href=\"https:\/\/www.ufsm.br\/cursos\/pos-graduacao\/santa-maria\/poscom\/lancados-em-2013\/\">2013<\/a><br \/><span style=\"color: #000000;font-size: 16px;font-weight: var( --e-global-typography-text-font-weight );text-align: var(--bs-body-text-align)\">Lan\u00e7ados em\u00a0<\/span><a style=\"font-size: 16px;font-weight: var( --e-global-typography-text-font-weight );text-align: var(--bs-body-text-align);color: #204c90\" href=\"https:\/\/www.ufsm.br\/cursos\/pos-graduacao\/santa-maria\/poscom\/lancados-em-2012\/\">2012<\/a><\/p>\n<p><!-- \/wp:tadv\/classic-paragraph --><\/p>\t\t\t\t\t\t<\/div>\n\t\t\t\t<\/div>\n\t\t\t\t\t<\/div>\n\t\t<\/div>\n\t\t\t\t\t<\/div>\n\t\t<\/section>\n\t\t\t\t<\/div>\n\t\t","protected":false},"excerpt":{"rendered":"<p>Editora FACOS-UFSM Publicidade contempor\u00e2nea: caminhos em forma\u00e7\u00e3o Tecnologias, plataformas e meios digitais: contextos, desafios e pr\u00e1ticas Forma\u00e7\u00e3o e saberes em comunica\u00e7\u00e3o e m\u00eddia: volume I M\u00eddia, discurso e minorias: identidades, representa\u00e7\u00f5es e distor\u00e7\u00f5es Outras editoras Estrat\u00e9gias de Comunica\u00e7\u00e3o e Rela\u00e7\u00f5es P\u00fablicas em contextos organizacionais emergentes Organizadores:\u00a0Maria Ivete Trevisan Foss\u00e1, Fabio Fr\u00e1 Fernandes e Gibsy Lisi\u00ea [&hellip;]<\/p>\n","protected":false},"author":194,"featured_media":0,"parent":0,"menu_order":0,"comment_status":"closed","ping_status":"closed","template":"","meta":{"footnotes":""},"categories":[],"tags":[],"class_list":["post-232","page","type-page","status-publish","hentry"],"acf":[],"_links":{"self":[{"href":"https:\/\/www.ufsm.br\/cursos\/pos-graduacao\/santa-maria\/poscom\/wp-json\/wp\/v2\/pages\/232","targetHints":{"allow":["GET"]}}],"collection":[{"href":"https:\/\/www.ufsm.br\/cursos\/pos-graduacao\/santa-maria\/poscom\/wp-json\/wp\/v2\/pages"}],"about":[{"href":"https:\/\/www.ufsm.br\/cursos\/pos-graduacao\/santa-maria\/poscom\/wp-json\/wp\/v2\/types\/page"}],"author":[{"embeddable":true,"href":"https:\/\/www.ufsm.br\/cursos\/pos-graduacao\/santa-maria\/poscom\/wp-json\/wp\/v2\/users\/194"}],"replies":[{"embeddable":true,"href":"https:\/\/www.ufsm.br\/cursos\/pos-graduacao\/santa-maria\/poscom\/wp-json\/wp\/v2\/comments?post=232"}],"version-history":[{"count":0,"href":"https:\/\/www.ufsm.br\/cursos\/pos-graduacao\/santa-maria\/poscom\/wp-json\/wp\/v2\/pages\/232\/revisions"}],"wp:attachment":[{"href":"https:\/\/www.ufsm.br\/cursos\/pos-graduacao\/santa-maria\/poscom\/wp-json\/wp\/v2\/media?parent=232"}],"wp:term":[{"taxonomy":"category","embeddable":true,"href":"https:\/\/www.ufsm.br\/cursos\/pos-graduacao\/santa-maria\/poscom\/wp-json\/wp\/v2\/categories?post=232"},{"taxonomy":"post_tag","embeddable":true,"href":"https:\/\/www.ufsm.br\/cursos\/pos-graduacao\/santa-maria\/poscom\/wp-json\/wp\/v2\/tags?post=232"}],"curies":[{"name":"wp","href":"https:\/\/api.w.org\/{rel}","templated":true}]}}