{"id":233,"date":"2019-01-18T11:20:32","date_gmt":"2019-01-18T13:20:32","guid":{"rendered":"https:\/\/www.ufsm.br\/cursos\/pos-graduacao\/santa-maria\/poscom\/?page_id=233"},"modified":"2019-01-18T11:20:35","modified_gmt":"2019-01-18T13:20:35","slug":"lancados-em-2012","status":"publish","type":"page","link":"https:\/\/www.ufsm.br\/cursos\/pos-graduacao\/santa-maria\/poscom\/lancados-em-2012","title":{"rendered":"Lan\u00e7ados em\u00a02012"},"content":{"rendered":"\n<p><img decoding=\"async\" src=\"http:\/\/poscom.ufsm.br\/images\/Livro_-_Consumo_e_Cultura_Material.jpg\" alt=\"Livro Consumo e Cultura Material\" \/>\u00a0\u00a0<\/p>\n<div><strong>Consumo e Cultura Material: perspectivas etnogr\u00e1ficas<\/strong><\/div>\n<div><strong>Tipologia:<\/strong>\u00a0Livro<\/div>\n<div><strong>Resumo:<\/strong>\u00a0Este livro toma o consumo na sua rela\u00e7\u00e3o com a cultura material e o analisa em diferentes perspectivas: em rela\u00e7\u00e3o \u00e0 globaliza\u00e7\u00e3o, \u00e0 juventude e \u00e0s mercadorias. Escrito por antrop\u00f3logos brasileiros e estrangeiros, ele e fruto de diferentes trabalhos de campo realizados com rigor no Brasil, nos Estados Unidos, no Reino Unido, na Franca, em Portugal, e nas Filipinas. Ele analisa fen\u00f4menos como o uso do celular como \u201ctecnologia afetiva\u201d, as redes sociais e sua rela\u00e7\u00e3o com as tecnologias digitais, o artesanato, a comida, a m\u00fasica, os rituais de consumo entre as camadas populares, a configura\u00e7\u00e3o de \u201cespa\u00e7os jovens\u201d, os supermercados, as picha\u00e7\u00f5es de an\u00fancios publicit\u00e1rios, o consumo de rua em bairros elegantes. Este \u00e9 um livro que interessa a todos aqueles que querem compreender o consumo nas suas dimens\u00f5es sociais e culturais. Afinal, consumir tamb\u00e9m significa pensar. (Texto escrito para o orelha do livro pelo prof. Ruben George Oliven, Professor Titular do Departamento de Antropologia da UFRGS).<\/div>\n<div><strong>Refer\u00eancia:\u00a0<\/strong>Sandra R\u00fabia da Silva; RIAL, C.; SOUZA, A. M. Consumo e Cultura Material: perspectivas etnogr\u00e1ficas. 1. ed. Florian\u00f3polis: UFSC, 2012. v. 1. 278p.<\/div>\n","protected":false},"excerpt":{"rendered":"<p>\u00a0\u00a0 Consumo e Cultura Material: perspectivas etnogr\u00e1ficas Tipologia:\u00a0Livro Resumo:\u00a0Este livro toma o consumo na sua rela\u00e7\u00e3o com a cultura material e o analisa em diferentes perspectivas: em rela\u00e7\u00e3o \u00e0 globaliza\u00e7\u00e3o, \u00e0 juventude e \u00e0s mercadorias. Escrito por antrop\u00f3logos brasileiros e estrangeiros, ele e fruto de diferentes trabalhos de campo realizados com rigor no Brasil, nos [&hellip;]<\/p>\n","protected":false},"author":194,"featured_media":0,"parent":0,"menu_order":0,"comment_status":"closed","ping_status":"closed","template":"","meta":{"footnotes":""},"categories":[],"tags":[],"class_list":["post-233","page","type-page","status-publish","hentry"],"acf":[],"_links":{"self":[{"href":"https:\/\/www.ufsm.br\/cursos\/pos-graduacao\/santa-maria\/poscom\/wp-json\/wp\/v2\/pages\/233","targetHints":{"allow":["GET"]}}],"collection":[{"href":"https:\/\/www.ufsm.br\/cursos\/pos-graduacao\/santa-maria\/poscom\/wp-json\/wp\/v2\/pages"}],"about":[{"href":"https:\/\/www.ufsm.br\/cursos\/pos-graduacao\/santa-maria\/poscom\/wp-json\/wp\/v2\/types\/page"}],"author":[{"embeddable":true,"href":"https:\/\/www.ufsm.br\/cursos\/pos-graduacao\/santa-maria\/poscom\/wp-json\/wp\/v2\/users\/194"}],"replies":[{"embeddable":true,"href":"https:\/\/www.ufsm.br\/cursos\/pos-graduacao\/santa-maria\/poscom\/wp-json\/wp\/v2\/comments?post=233"}],"version-history":[{"count":0,"href":"https:\/\/www.ufsm.br\/cursos\/pos-graduacao\/santa-maria\/poscom\/wp-json\/wp\/v2\/pages\/233\/revisions"}],"wp:attachment":[{"href":"https:\/\/www.ufsm.br\/cursos\/pos-graduacao\/santa-maria\/poscom\/wp-json\/wp\/v2\/media?parent=233"}],"wp:term":[{"taxonomy":"category","embeddable":true,"href":"https:\/\/www.ufsm.br\/cursos\/pos-graduacao\/santa-maria\/poscom\/wp-json\/wp\/v2\/categories?post=233"},{"taxonomy":"post_tag","embeddable":true,"href":"https:\/\/www.ufsm.br\/cursos\/pos-graduacao\/santa-maria\/poscom\/wp-json\/wp\/v2\/tags?post=233"}],"curies":[{"name":"wp","href":"https:\/\/api.w.org\/{rel}","templated":true}]}}