{"id":235,"date":"2019-01-18T11:33:04","date_gmt":"2019-01-18T13:33:04","guid":{"rendered":"https:\/\/www.ufsm.br\/cursos\/pos-graduacao\/santa-maria\/poscom\/?page_id=235"},"modified":"2019-01-18T11:33:06","modified_gmt":"2019-01-18T13:33:06","slug":"lancados-em-2014","status":"publish","type":"page","link":"https:\/\/www.ufsm.br\/cursos\/pos-graduacao\/santa-maria\/poscom\/lancados-em-2014","title":{"rendered":"Lan\u00e7ados em\u00a02014"},"content":{"rendered":"\n<p><img decoding=\"async\" class=\"\" src=\"http:\/\/poscom.ufsm.br\/images\/E-book_-_Midiatiza%C3%A7%C3%A3o_da_trag%C3%A9dia_de_Santa_Maria.jpg\" alt=\"E book Midiatiza\u00c3\u00a7\u00c3\u00a3o da trag\u00c3\u00a9dia de Santa Maria\" width=\"148\" height=\"221\" \/><\/p>\n<div><strong>Midiatiza\u00e7\u00e3o da trag\u00e9dia de Santa Maria<\/strong><\/div>\n<div><strong>Tipologia:<\/strong>\u00a0E-book<\/div>\n<div><strong>Resumo:<\/strong>\u00a0A colet\u00e2nea apresenta 27 autores, 25 brasileiros e dois atuando no estrangeiro (Argentina e Estados Unidos), de dez diferentes institui\u00e7\u00f5es de pesquisa e est\u00e1 composta por 18 textos, que se dedicam a analisar a midiatiza\u00e7\u00e3o do inc\u00eandio na Boate Kiss, uma cat\u00e1strofe biopol\u00edtica de nosso tempo.<\/div>\n<div><strong>Refer\u00eancia:<\/strong>\u00a0Ada Cristina Machado Silveira; FAUSTO NETO, A.; KEGLER, Bruno; DALMOLIN, A. R.; ORELHANA, C.; GUIMAR\u00c3ES, I.P.; BARROS, J. Midiatiza\u00e7\u00e3o da trag\u00e9dia de Santa Maria. 1. ed. , 2014.<\/div>\n<div><strong>Link:<\/strong>\u00a0<a href=\"https:\/\/goo.gl\/P8X7dr\">https:\/\/goo.gl\/P8X7dr<\/a><\/div>\n<div>\u00a0<\/div>\n<div>\n<div><strong>TICs para inclus\u00e3o social: cidadania, educa\u00e7\u00e3o ambiental e agroecologia<\/strong><\/div>\n<div><strong>Tipologia:<\/strong><\/div>\n<div><strong>Resumo:<\/strong><\/div>\n<div><strong>Refer\u00eancia:<\/strong>\u00a0Ada Cristina Machado Silveira. TICs para inclus\u00e3o social: cidadania, educa\u00e7\u00e3o ambiental e agroecologia. 1. ed. Santa Maria: FACOS-UFSM, 2014. v. 1. 88p.<\/div>\n<\/div>\n<div>\u00a0<\/div>\n<div>\n<div><strong>Educa\u00e7\u00e3o ambiental: cidadania e agroecologia<\/strong><\/div>\n<div><strong>Tipologia:<\/strong><\/div>\n<div><strong>Resumo:<\/strong><\/div>\n<div><strong>Refer\u00eancia:<\/strong>\u00a0Ada Cristina Machado Silveira; HILLIG, C. Educa\u00e7\u00e3o ambiental: cidadania e agroecologia. 1. ed. Santa Maria: FACOS-UFSM, 2014. v. 1.<\/div>\n<\/div>\n<div>\u00a0<\/div>\n<div><img decoding=\"async\" class=\"\" src=\"http:\/\/poscom.ufsm.br\/images\/Livro_-_Imagem._estrat%C3%A9gia_discurso_e_sentido.png\" alt=\"Livro Imagem. estrat\u00c3\u00a9gia discurso e sentido\" width=\"163\" height=\"230\" \/><\/div>\n<div>\u00a0<\/div>\n<div><strong>Imagem: estrat\u00e9gia, discurso e sentido<\/strong><br \/><strong>Tipologia:<\/strong>\u00a0E-book<br \/><strong>Resumo:<\/strong>\u00a0O Ebook \u00e9 uma iniciativa dos participantes do Grupo de Estudo e Pesquisa sobre a Imagem Fabiano Maggioni, Doutor, Magnos Cassiano Casagrande, Mestre (ambos pelo Programa de P\u00f3s-Gradua\u00e7\u00e3o em Comunica\u00e7\u00e3o Midi\u00e1tica da UFSM), e do Professor Dr. Adair Caetano Peruzzolo, coordenador do grupo de pesquisa e professor do POSCOM\/UFSM. Esta publica\u00e7\u00e3o faz circular uma d\u00fazia de textos, cujo objeto emp\u00edrico \u00e9 a imagem. Dois deles s\u00e3o de pesquisadores que participaram de avalia\u00e7\u00f5es e prestigiaram os trabalhos do grupo, Norberto Minguez e Ximena A. Carreras Doallo. Os outros dez s\u00e3o textos de participantes efetivos do Grupo de Estudos e Pesquisa sobre Imagem, com an\u00e1lises de objetos de suas respectivas \u00e1reas de forma\u00e7\u00e3o: \u201cJornalismo, Tev\u00ea e Foto\u201d e \u201cPublicidade e Propaganda\u201d. O Ebook \u00e9 fruto de um esfor\u00e7o coletivo, os que estudaram, os que pesquisaram, os que estimularam e os que tornaram poss\u00edvel pelos recursos alocados. Persegue-se o objetivo de fazer circular ideias para ensejar trocas de teorias e metodologias que fa\u00e7am avan\u00e7ar a an\u00e1lise e compreens\u00e3o desta quest\u00e3o nuclear da nossa cultura, que \u00e9 a imagem.<br \/><strong>Refer\u00eancia:<\/strong>\u00a0Adair Caetano Peruzzolo; MAGGIONI, F.; CASAGRANDE, M. C. Imagem: estrat\u00e9gia, discurso e sentido. 01. ed. Santa Maria: FACOS UFSM, 2014. 205p<\/div>\n<div><a href=\"http:\/\/poscom.ufsm.br\/images\/Imagem_estrategia_discurso_e_sentido.pdf\" target=\"_blank\" rel=\"noopener\"><strong>Donwload<\/strong><\/a><\/div>\n<div>\u00a0<\/div>\n<div><img decoding=\"async\" class=\"\" src=\"http:\/\/poscom.ufsm.br\/images\/Livro_-_Document%C3%A1rio_e_o_Brasil_na_Segunda_Guerra_Mundial.jpg\" alt=\"Livro Document\u00c3\u00a1rio e o Brasil na Segunda Guerra Mundial\" width=\"162\" height=\"245\" \/><\/div>\n<div>\n<div><strong>Document\u00e1rio e o Brasil na Segunda Guerra Mundial: o antimilitarismo e o anticomunismo como matrizes sens\u00edveis<\/strong><\/div>\n<div><strong>Tipologia:<\/strong>\u00a0Livro<\/div>\n<div><strong>Resumo:<\/strong>\u00a0O autor investiga a representa\u00e7\u00e3o da FEB e dos ex-combatentes brasileiros no cinema document\u00e1rio contempor\u00e2neo dos anos de 1990 e 2000, compreendendo a rela\u00e7\u00e3o desses filmes com a mem\u00f3ria da FEB e da participa\u00e7\u00e3o do Brasil na Segunda Guerra Mundial. Em 60 anos de p\u00f3s-guerra, o cinema brasileiro visitou o passado dos ex-combatentes tendo (res)sentimentos de outros tempos como mat\u00e9ria-prima, ora encarregando-se de desmistificar a mem\u00f3ria de uma FEB vitoriosa e heroica por meio da ironia \u2013 como artif\u00edcio narrativo \u2013, ora travando uma luta contra o esquecimento e a denega\u00e7\u00e3o. Document\u00e1rio e o Brasil na Segunda Guerra Mundial \u00e9 um livro sobre cinema e hist\u00f3ria, sobre filmes que nos ensinam que o document\u00e1rio \u00e9 um \u201clugar\u201d onde trincheiras s\u00e3o erguidas para o embate com as mem\u00f3rias e os ressentimentos de outros tantos tempos que n\u00e3o o agora da produ\u00e7\u00e3o cinematogr\u00e1fica.<\/div>\n<div><strong>Refer\u00eancia:<\/strong>\u00a0Cassio dos Santos Tomaim. Document\u00e1rio e o Brasil na Segunda Guerra Mundial: o antimilitarismo e o anticomunismo como matrizes sens\u00edveis. 01. ed. S\u00e3o Paulo, SP: Intermeios; FAPESP, 2014. 314p.<\/div>\n<\/div>\n<div>\u00a0<\/div>\n<div><img loading=\"lazy\" decoding=\"async\" class=\"\" src=\"http:\/\/poscom.ufsm.br\/images\/Livro_-_Pesquisa_em_comunica%C3%A7%C3%A3o.jpg\" alt=\"Livro Pesquisa em comunica\u00c3\u00a7\u00c3\u00a3o\" width=\"153\" height=\"220\" \/><\/div>\n<div>\n<div><strong>Pesquisa em comunica\u00e7\u00e3o: olhares e abordagens<\/strong><\/div>\n<div><strong>Tipologia:<\/strong>\u00a0Livro<\/div>\n<div><strong>Resumo:<\/strong>\u00a0O livro Pesquisa em comunica\u00e7\u00e3o: olhares e abordagens re\u00fane nove cap\u00edtulos de pesquisadores que contribuem, a partir de sua experi\u00eancia de pesquisa e com questionamentos inovadores, para ampliar a discuss\u00e3o metodol\u00f3gica no campo da comunica\u00e7\u00e3o. A partir do pressuposto de que \u00e9 o objeto que demanda o percurso metodol\u00f3gico em qualquer pesquisa prop\u00f5e olhares e abordagens poss\u00edveis de acordo com a forma\u00e7\u00e3o te\u00f3rica e epistemol\u00f3gica dos autores.<\/div>\n<div><strong>Refer\u00eancia:<\/strong>\u00a0Eugenia Maria Mariano da Rocha Barichello; RUBLESCKI, A. S. Pesquisa em comunica\u00e7\u00e3o: olhares e abordagens. 1. ed. Santa Maria: FACOS\/UFSM, 2014. v. 1. 232p.<\/div>\n<\/div>\n<div>\u00a0<\/div>\n<div><img loading=\"lazy\" decoding=\"async\" class=\"\" src=\"http:\/\/poscom.ufsm.br\/images\/Livro_-_Estudos_de_Recep%C3%A7%C3%A3o_Latino-Americanos.png\" alt=\"Livro Estudos de Recep\u00c3\u00a7\u00c3\u00a3o Latino Americanos\" width=\"144\" height=\"203\" \/><\/div>\n<div>\n<div><strong>Estudos de Recep\u00e7\u00e3o Latino-Americanos: m\u00e9todos e pr\u00e1ticas<\/strong><\/div>\n<div><strong>Tipologia:<\/strong>\u00a0Livro<\/div>\n<div><strong>Resumo:<\/strong>\u00a0Este libro toma la posta de los publicaciones previas, tambi\u00e9n fruto de las presentaciones y discusiones articuladas en el marco del Grupo de Trabajo (GT) \u201cEstudios de Recepci\u00f3n\u201d de la Asociaci\u00f3n Latinoamericana de Investigadores de la Comunicaci\u00f3n (ALAIC). Como en los anteriores (Orozco, 2002; Jacks, Piedras y S\u00e1nchez, 2006), este libro constituye un esfuerzo de selecci\u00f3n de los trabajos presentados en el XI Congreso Latinoamericano de Investigadores de la Comunicaci\u00f3n, realizado em Montevideo, Uruguay, en Mayo de 2012.<\/div>\n<div><strong>Refer\u00eancia:<\/strong>\u00a0Veneza Mayora Ronsini; COGO, D.; Repoll, J. Estudos de Recep\u00e7\u00e3o Latino-Americanos: m\u00e9todos e pr\u00e1ticas. 1. ed. Belatterra: Institut de la Comunicaci\u00f3 &#8211; Universitat Aut\u00f2noma de Barcelona, 2014.<\/div>\n<\/div>\n","protected":false},"excerpt":{"rendered":"<p>Midiatiza\u00e7\u00e3o da trag\u00e9dia de Santa Maria Tipologia:\u00a0E-book Resumo:\u00a0A colet\u00e2nea apresenta 27 autores, 25 brasileiros e dois atuando no estrangeiro (Argentina e Estados Unidos), de dez diferentes institui\u00e7\u00f5es de pesquisa e est\u00e1 composta por 18 textos, que se dedicam a analisar a midiatiza\u00e7\u00e3o do inc\u00eandio na Boate Kiss, uma cat\u00e1strofe biopol\u00edtica de nosso tempo. Refer\u00eancia:\u00a0Ada Cristina [&hellip;]<\/p>\n","protected":false},"author":194,"featured_media":0,"parent":0,"menu_order":0,"comment_status":"closed","ping_status":"closed","template":"","meta":{"footnotes":""},"categories":[],"tags":[],"class_list":["post-235","page","type-page","status-publish","hentry"],"acf":[],"_links":{"self":[{"href":"https:\/\/www.ufsm.br\/cursos\/pos-graduacao\/santa-maria\/poscom\/wp-json\/wp\/v2\/pages\/235","targetHints":{"allow":["GET"]}}],"collection":[{"href":"https:\/\/www.ufsm.br\/cursos\/pos-graduacao\/santa-maria\/poscom\/wp-json\/wp\/v2\/pages"}],"about":[{"href":"https:\/\/www.ufsm.br\/cursos\/pos-graduacao\/santa-maria\/poscom\/wp-json\/wp\/v2\/types\/page"}],"author":[{"embeddable":true,"href":"https:\/\/www.ufsm.br\/cursos\/pos-graduacao\/santa-maria\/poscom\/wp-json\/wp\/v2\/users\/194"}],"replies":[{"embeddable":true,"href":"https:\/\/www.ufsm.br\/cursos\/pos-graduacao\/santa-maria\/poscom\/wp-json\/wp\/v2\/comments?post=235"}],"version-history":[{"count":0,"href":"https:\/\/www.ufsm.br\/cursos\/pos-graduacao\/santa-maria\/poscom\/wp-json\/wp\/v2\/pages\/235\/revisions"}],"wp:attachment":[{"href":"https:\/\/www.ufsm.br\/cursos\/pos-graduacao\/santa-maria\/poscom\/wp-json\/wp\/v2\/media?parent=235"}],"wp:term":[{"taxonomy":"category","embeddable":true,"href":"https:\/\/www.ufsm.br\/cursos\/pos-graduacao\/santa-maria\/poscom\/wp-json\/wp\/v2\/categories?post=235"},{"taxonomy":"post_tag","embeddable":true,"href":"https:\/\/www.ufsm.br\/cursos\/pos-graduacao\/santa-maria\/poscom\/wp-json\/wp\/v2\/tags?post=235"}],"curies":[{"name":"wp","href":"https:\/\/api.w.org\/{rel}","templated":true}]}}