{"id":237,"date":"2019-01-18T12:05:32","date_gmt":"2019-01-18T14:05:32","guid":{"rendered":"https:\/\/www.ufsm.br\/cursos\/pos-graduacao\/santa-maria\/poscom\/?page_id=237"},"modified":"2019-01-18T12:05:35","modified_gmt":"2019-01-18T14:05:35","slug":"lancados-em-2016","status":"publish","type":"page","link":"https:\/\/www.ufsm.br\/cursos\/pos-graduacao\/santa-maria\/poscom\/lancados-em-2016","title":{"rendered":"Lan\u00e7ados em\u00a02016"},"content":{"rendered":"\n<div><strong>Conex\u00f5es (trans) fronteiri\u00e7as: M\u00eddia, noticiabilidade e ambival\u00eancia<\/strong><\/div>\n<div>Tipologia:<\/div>\n<div>Resumo:<\/div>\n<div>Refer\u00eancia: Ada Cristina Machado Silveira; GUIMAR\u00c3ES, I.P. Conex\u00f5es (trans) fronteiri\u00e7as. M\u00eddia, noticiabilidade e ambival\u00eancia. 1. ed. Foz do Igua\u00e7u: EdUnila, 2016. 220p.<\/div>\n<div>\u00a0<\/div>\n<div><img decoding=\"async\" class=\"\" src=\"http:\/\/poscom.ufsm.br\/images\/Livro_-_TICs_Latinoamericanas.jpg\" alt=\"Livro TICs Latinoamericanas\" width=\"167\" height=\"261\" \/><\/div>\n<div>\n<div><strong>TIC\u2019s Latinoamericanas. Antecedentes, tendencias, usos y representaciones<\/strong><br \/><strong>Tipologia:<\/strong>\u00a0E-book<br \/><strong>Resumo:<\/strong>\u00a0Las nuevas tecnologias de la informaci\u00f3n y la comunicaci\u00f3n, TIC\u2019s, rompen con la unidireccionalidad de la construcci\u00f3n de la informaci\u00f3n y ponen en interacci\u00f3n din\u00e1mica y activa a los nuevos participantes de los espacios individuales. Como elementos diferenciadores de los tipos de comunicaci\u00f3n tradicionales, las caracter\u00edsticas m\u00e1s comunes que encontramos en estos \u00e1mbitos extendidos de la comunicaci\u00f3n son las ideas que comparten y\/o dialogan en los cap\u00edtulos de este libro.<br \/><strong>Refer\u00eancia:<\/strong>\u00a0Ada Cristina Machado Silveira; CARTER, M. P.; DUARTE, M. S. TIC&#8217;s Latinoamericanas. Antecedentes, tendencias, usos y representaciones. 1. ed. Santiago-Chile: Internacional del Conocimiento, 2016. v. 1. 339p.<\/div>\n<div><strong>Link:<\/strong><\/div>\n<\/div>\n<div>\u00a0<\/div>\n<div><img decoding=\"async\" class=\"\" src=\"http:\/\/poscom.ufsm.br\/images\/Livro_-_Cartografia_Cultural.jpg\" alt=\"Livro Cartografia Cultural\" width=\"164\" height=\"229\" \/><\/div>\n<div>\n<div><strong>Cartografia cultural: mapeamento cultural dos munic\u00edpios de Frederico Westphalen, J\u00falio de Castilhos, Palmeira das Miss\u00f5es, Santa Maria, S\u00e3o Borja e Silveira Martins<\/strong><\/div>\n<div><strong>Tipologia:<\/strong>\u00a0E-book<\/div>\n<div><strong>Resumo:<\/strong>\u00a0Esta obra coopera no mapeamento dos processos e equipamentos culturais locais-regionais que contribuem para o Sistema Nacional de Informa\u00e7\u00f5es e Indicadores Culturais \u2013 SNIIC, atrav\u00e9s da disponibiliza\u00e7\u00e3o dos mapas culturais de seis munic\u00edpios do estado do Rio Grande do Sul, sejam eles: Frederico Westphalen, J\u00falio de Castilhos, Palmeira das Miss\u00f5es, Santa Maria, S\u00e3o Borja e Silveira Martins. Esta publica\u00e7\u00e3o \u00e9 oriunda dos resultados obtidos por meio do Projeto Bir\u00f4 de Empreendedorismo Cultural, financiado pelo FAC RS atrav\u00e9s do Edital 07\/2013 \u2013 Processos Culturais Colaborativos e apresenta o invent\u00e1rio cultural de seis munic\u00edpios da regi\u00e3o da abrang\u00eancia da UFSM. Esperamos que esta investiga\u00e7\u00e3o acad\u00eamica e extensionista, que reuniu e organizou informa\u00e7\u00f5es relevantes para a sociedade, possa servir para tomada de decis\u00f5es dos gestores das institui\u00e7\u00f5es p\u00fablicas e da iniciativa privada no que diz respeito \u00e0 elabora\u00e7\u00e3o de pol\u00edticas p\u00fablicas na \u00e1rea cultural e a promo\u00e7\u00e3o e difus\u00e3o cultural, como forma de acesso e democratiza\u00e7\u00e3o para o cidad\u00e3o.<\/div>\n<div><strong>Refer\u00eancia:<\/strong>\u00a0Flavi Ferreira Lisboa Filho; CARNEIRO, R.; PEREIRA, F. C.; MARQUES, D. P.; MACHADO, J. Cartografia cultural: mapeamento cultural dos munic\u00edpios de Frederico Westphalen, J\u00falio de Castilhos, Palmeira das Miss\u00f5es, Santa Maria, S\u00e3o Borja e Silveira Martins. 1. ed. Frederico Westphalen: URI &#8211; Frederico Westph, 2016. v. 1. 223p.<\/div>\n<div><strong>Link:<\/strong>\u00a0<a href=\"https:\/\/goo.gl\/sKXuic\">https:\/\/goo.gl\/sKXuic<\/a><\/div>\n<\/div>\n<div>\u00a0<\/div>\n<div><img decoding=\"async\" class=\"\" src=\"http:\/\/poscom.ufsm.br\/images\/Livro_Flavi.jpg\" alt=\"Livro Flavi\" width=\"158\" height=\"231\" \/><\/div>\n<div>\n<div><strong>Politica, m\u00e9dio y identidaden regiones fronterizas<\/strong><\/div>\n<div><strong>Tipologia:<\/strong>\u00a0E-book<\/div>\n<div><strong>Resumo:<\/strong>\u00a0A obra traz um conjunto de 14 textos, organizados em tr\u00eas partes: Pol\u00edtica e cultura na fronteira, Meios e fronteiras e R\u00e1dios e fronteira. Os textos aqui apresentados possibilitam que seja poss\u00edvel pensar\/refletir na\/sobre a quest\u00e3o fronteiri\u00e7a no que se refere \u00e0 comunica\u00e7\u00e3o e \u00e0 identidade para outras regi\u00f5es de fronteira tamb\u00e9m. Os diversos cap\u00edtulos tematizam as identidades contempor\u00e2neas e as fronteiras a partir do campo da comunica\u00e7\u00e3o atrav\u00e9s de seus diversos suportes e plataformas midi\u00e1ticas. Foram propostos temas de estudos que tencionam as identidades no contexto atual e as fronteiras sociais, econ\u00f4micas, pol\u00edticas, tecnol\u00f3gicas, geogr\u00e1ficas, culturais, \u00e9tnicas ou de g\u00eanero. Mas, tamb\u00e9m as fronteiras invis\u00edveis, n\u00e3o ditas ou interditas que se manifestam em representa\u00e7\u00f5es identit\u00e1rias.<\/div>\n<div><strong>Refer\u00eancia:<\/strong>\u00a0Flavi Ferreira Lisboa Filho; ORELHANA, C. Politica, m\u00e9dio y identidaden regiones fronterizas. Posadas, Argentina: Ed. Universit\u00e1ria Universidad Nacional de Misiones\/POSCOM-UFSM, 2016.<\/div>\n<\/div>\n<div><strong>Link:<\/strong>\u00a0<a href=\"https:\/\/goo.gl\/MiovYf\">https:\/\/goo.gl\/MiovYf<\/a><\/div>\n<div>\u00a0<\/div>\n<div><img loading=\"lazy\" decoding=\"async\" class=\"\" src=\"http:\/\/poscom.ufsm.br\/images\/Livro_-_Est%C3%A2ncias_Castilhenses.jpg\" alt=\"Livro Est\u00c3\u00a2ncias Castilhenses\" width=\"183\" height=\"130\" \/><\/div>\n<div>\n<div><strong>Est\u00e2ncias Castilhenses: identidades e origens das primeiras fam\u00edlias<\/strong><\/div>\n<div><strong>Tipologia:<\/strong>\u00a0E-book<\/div>\n<div>Resumo: Esta publica\u00e7\u00e3o busca atender os anseios da comunidade castilhense, no que se refere ao desvelamento do seu passado atrav\u00e9s dos processos geracionais das primeiras fam\u00edlias. Assim como, dar visibilidade \u00e0 hist\u00f3ria de forma\u00e7\u00e3o do munic\u00edpio.<\/div>\n<div><strong>Refer\u00eancia:<\/strong>\u00a0Flavi Ferreira Lisboa Filho; SALLES, E. P. (Org). Est\u00e2ncias Castilhenses: identidades e origens das primeiras fam\u00edlias. 1. ed. Santa Maria: PE.Com, 2016. v. 1. 161p .<\/div>\n<div><strong>Link:<\/strong>\u00a0<a href=\"https:\/\/goo.gl\/3npwSD\">https:\/\/goo.gl\/3npwSD<\/a><\/div>\n<\/div>\n","protected":false},"excerpt":{"rendered":"<p>Conex\u00f5es (trans) fronteiri\u00e7as: M\u00eddia, noticiabilidade e ambival\u00eancia Tipologia: Resumo: Refer\u00eancia: Ada Cristina Machado Silveira; GUIMAR\u00c3ES, I.P. Conex\u00f5es (trans) fronteiri\u00e7as. M\u00eddia, noticiabilidade e ambival\u00eancia. 1. ed. Foz do Igua\u00e7u: EdUnila, 2016. 220p. \u00a0 TIC\u2019s Latinoamericanas. Antecedentes, tendencias, usos y representacionesTipologia:\u00a0E-bookResumo:\u00a0Las nuevas tecnologias de la informaci\u00f3n y la comunicaci\u00f3n, TIC\u2019s, rompen con la unidireccionalidad de la construcci\u00f3n [&hellip;]<\/p>\n","protected":false},"author":194,"featured_media":0,"parent":0,"menu_order":0,"comment_status":"closed","ping_status":"closed","template":"","meta":{"footnotes":""},"categories":[],"tags":[],"class_list":["post-237","page","type-page","status-publish","hentry"],"acf":[],"_links":{"self":[{"href":"https:\/\/www.ufsm.br\/cursos\/pos-graduacao\/santa-maria\/poscom\/wp-json\/wp\/v2\/pages\/237","targetHints":{"allow":["GET"]}}],"collection":[{"href":"https:\/\/www.ufsm.br\/cursos\/pos-graduacao\/santa-maria\/poscom\/wp-json\/wp\/v2\/pages"}],"about":[{"href":"https:\/\/www.ufsm.br\/cursos\/pos-graduacao\/santa-maria\/poscom\/wp-json\/wp\/v2\/types\/page"}],"author":[{"embeddable":true,"href":"https:\/\/www.ufsm.br\/cursos\/pos-graduacao\/santa-maria\/poscom\/wp-json\/wp\/v2\/users\/194"}],"replies":[{"embeddable":true,"href":"https:\/\/www.ufsm.br\/cursos\/pos-graduacao\/santa-maria\/poscom\/wp-json\/wp\/v2\/comments?post=237"}],"version-history":[{"count":0,"href":"https:\/\/www.ufsm.br\/cursos\/pos-graduacao\/santa-maria\/poscom\/wp-json\/wp\/v2\/pages\/237\/revisions"}],"wp:attachment":[{"href":"https:\/\/www.ufsm.br\/cursos\/pos-graduacao\/santa-maria\/poscom\/wp-json\/wp\/v2\/media?parent=237"}],"wp:term":[{"taxonomy":"category","embeddable":true,"href":"https:\/\/www.ufsm.br\/cursos\/pos-graduacao\/santa-maria\/poscom\/wp-json\/wp\/v2\/categories?post=237"},{"taxonomy":"post_tag","embeddable":true,"href":"https:\/\/www.ufsm.br\/cursos\/pos-graduacao\/santa-maria\/poscom\/wp-json\/wp\/v2\/tags?post=237"}],"curies":[{"name":"wp","href":"https:\/\/api.w.org\/{rel}","templated":true}]}}