{"id":2552,"date":"2023-05-27T10:08:47","date_gmt":"2023-05-27T13:08:47","guid":{"rendered":"https:\/\/www.ufsm.br\/cursos\/pos-graduacao\/santa-maria\/poscom\/?page_id=2552"},"modified":"2025-01-07T18:03:57","modified_gmt":"2025-01-07T21:03:57","slug":"orientacoes-para-discentes","status":"publish","type":"page","link":"https:\/\/www.ufsm.br\/cursos\/pos-graduacao\/santa-maria\/poscom\/orientacoes-para-discentes","title":{"rendered":"Orienta\u00e7\u00f5es para discentes"},"content":{"rendered":"<p style=\"text-align: center\"><strong>ORIENTA\u00c7\u00d5ES PARA DISCENTES<\/strong><\/p>\n<p style=\"text-align: center\"><strong>Programa de P\u00f3s-Gradua\u00e7\u00e3o em comunica\u00e7\u00e3o<\/strong><\/p>\n<p style=\"text-align: justify\">Nesta p\u00e1gina de orienta\u00e7\u00f5es o (a) discente de P\u00f3s-Gradua\u00e7\u00e3o em comunica\u00e7\u00e3o ter\u00e1 acesso \u00e0s \u00a0\u00e0s principais informa\u00e7\u00f5es e procedimentos necess\u00e1rios \u00e0 vida acad\u00eamica, do primeiro ao \u00faltimo semestre do curso de mestrado. Para tanto, encontram-se listadas abaixo (em formato de link) as situa\u00e7\u00f5es mais comuns que suscitam d\u00favidas entre o corpo discente. Para acessar o conte\u00fado, basta escolher o tema da d\u00favida na lista do quadro resumo aos discentes sobre o funcionamento do Poscom, processos relativos ao Plano de Estudos, aproveitamento\u00a0 de disciplinas, sufici\u00eancia em l\u00edngua estrangeira, afastamento por tratamento de sa\u00fade, doc\u00eancia orientada, Qualifica\u00e7\u00e3o e Defesa, Bolsas, entrega da vers\u00e3o final de disserta\u00e7\u00e3o e tese, diploma, etc.<\/p>\n<h3><strong>A<\/strong><b>ten\u00e7\u00e3o<\/b><\/h3>\n<ol>\n<li style=\"text-align: justify\">A maioria dos processos listados, referentes \u00e0 vida acad\u00eamica, s\u00e3o realizados via <b>sistema eletr\u00f4nico PEN SIE<\/b>. Para ter acesso ao sistema <b>\u00e9 preciso criar a Assinatura Eletr\u00f4nica<\/b>, conforme\u00a0<a href=\"https:\/\/www.ufsm.br\/orgaos-suplementares\/dag\/pen\/apoio-ao-usuario\/tutorial-assinatura-do-termo-de-concordancia-assinatura-eletronica-cadastrada-no-sie\" target=\"_blank\" rel=\"noopener\">tutorial<\/a>.<\/li>\n<li><strong style=\"font-size: revert;color: initial\">Processos: <\/strong><span style=\"font-size: revert;color: initial\">\u00c9<\/span><strong style=\"font-size: revert;color: initial\"> de responsabilidade discente a abertura, on line, do Plano de Estudos. Sua atualiza\u00e7\u00e3o \u00e9 requisito para matr\u00edcula, qualifica\u00e7\u00e3o e defesa. \u00c9 o elemento que vincula discentes \u00e0 rela\u00e7\u00e3o de orienta\u00e7\u00e3o com docentes.<\/strong><\/li>\n<\/ol>\n<table style=\"height: 1079px;width: 100%;border-style: solid;border-color: #140202\">\n<tbody>\n<tr style=\"height: 69px\">\n<td style=\"height: 69px;width: 57.1968%;border-style: solid;border-color: #0f0101\">\n<h3 style=\"text-align: center\"><strong>Procedimento \/ Solicita\u00e7\u00e3o<\/strong><\/h3>\n<\/td>\n<td style=\"height: 69px;width: 42.4798%;border-style: solid;border-color: #0f0101\">\n<h3 style=\"text-align: center\"><strong>Como inicia a solicita\u00e7\u00e3o ou o processo?<\/strong><\/h3>\n<\/td>\n<\/tr>\n<tr style=\"height: 46px\">\n<td style=\"height: 46px;width: 57.1968%;border-style: solid;border-color: #0f0101\"><strong>\u00a0 \u00a001.\u00a0<a href=\"https:\/\/www.ufsm.br\/cursos\/pos-graduacao\/santa-maria\/poscom\/matricula\">Matricula<\/a><\/strong><\/td>\n<td style=\"height: 46px;width: 42.4798%;border-style: solid;border-color: #0f0101\">Online, matr\u00edcula ser\u00e1 a cada per\u00edodo letivo, de acordo com o Calend\u00e1rio Acad\u00eamico da UFSM,\u00a0<a href=\"https:\/\/portal.ufsm.br\/aluno\/\">via portal do aluno<\/a>.<\/td>\n<\/tr>\n<tr style=\"height: 23px\">\n<td style=\"height: 23px;width: 57.1968%;border-style: solid;border-color: #0f0101\"><strong>\u00a0\u00a0 02.\u00a0<a href=\"https:\/\/www.ufsm.br\/cursos\/pos-graduacao\/santa-maria\/poscom\/plano-de-estudos\">Elabora\u00e7\u00e3o do Plano de Estudos<\/a><\/strong><\/p>\n<ul>\n<li style=\"text-align: justify\">\u00c9 de responsabilidade discente a abertura, on line, do Plano de Estudos. Sua atualiza\u00e7\u00e3o \u00e9 requisito para matr\u00edcula, qualifica\u00e7\u00e3o e defesa. \u00c9 o elemento que vincula discentes \u00e0 rela\u00e7\u00e3o de orienta\u00e7\u00e3o com docentes.<\/li>\n<\/ul>\n<\/td>\n<td style=\"height: 23px;width: 42.4798%;border-style: solid;border-color: #0f0101\">\u00a0Online, via\u00a0<a href=\"https:\/\/portal.ufsm.br\/estudantil\/\" target=\"_blank\" rel=\"noopener\">Portal Estudantil<\/a><\/td>\n<\/tr>\n<tr style=\"height: 23px\">\n<td style=\"height: 23px;width: 57.1968%;border-style: solid;border-color: #0f0101\"><strong>\u00a0\u00a0 03.\u00a0\u00a0<a href=\"https:\/\/www.ufsm.br\/cursos\/pos-graduacao\/santa-maria\/poscom\/qualificacao-de-mestrado-doutorado\">Defesa de Qualifica\u00e7\u00e3o de Mestrado ou de Doutorado<\/a><\/strong><\/td>\n<td style=\"height: 23px;width: 42.4798%;border-style: solid;border-color: #0f0101\">\u00a0Envio de e-mails para: <a href=\"mailto:poscom@ufsm.br\">poscom@ufsm.br<\/a> e <a class=\"notranslate\" href=\"mailto:sipos.ccsh@ufsm.br\">sipos.ccsh@ufsm.br<\/a><\/td>\n<\/tr>\n<tr style=\"height: 23px\">\n<td style=\"height: 23px;width: 57.1968%;border-style: solid;border-color: #0f0101\"><strong>\u00a0\u00a0 04.\u00a0\u00a0<a href=\"https:\/\/www.ufsm.br\/cursos\/pos-graduacao\/santa-maria\/poscom\/defesa-da-dissertacao-ou-da-tese\">Defesa Final da Disserta\u00e7\u00e3o ou da Tese<\/a><\/strong><\/td>\n<td style=\"height: 23px;width: 42.4798%;border-style: solid;border-color: #0f0101\">\u00a0Online, via\u00a0<a href=\"https:\/\/portal.ufsm.br\/estudantil\/\" target=\"_blank\" rel=\"noopener\">Portal Estudantil<\/a>\u00a0(solicita\u00e7\u00e3o vira um PEN-SIE)<\/td>\n<\/tr>\n<tr style=\"height: 23px\">\n<td style=\"height: 23px;width: 57.1968%;border-style: solid;border-color: #0f0101\"><strong>\u00a0\u00a0 05.\u00a0\u00a0Prorroga\u00e7\u00e3o do Prazo da Qualifica\u00e7\u00e3o de Disserta\u00e7\u00e3o ou de Tese<\/strong><\/td>\n<td style=\"height: 23px;width: 42.4798%;border-style: solid;border-color: #0f0101\">\u00a0Envio de e-mails para: <a href=\"mailto:poscom@ufsm.br\">poscom@ufsm.br<\/a> e <a class=\"notranslate\" href=\"mailto:sipos.ccsh@ufsm.br\">sipos.ccsh@ufsm.br<\/a><\/td>\n<\/tr>\n<tr style=\"height: 96px\">\n<td style=\"height: 96px;width: 57.1968%;border-style: solid;border-color: #0f0101\"><strong>\u00a0\u00a0 06.\u00a0\u00a0<a href=\"https:\/\/www.ufsm.br\/pro-reitorias\/prpgp\/servicos\/prorrogacao-de-prazo-para-defesa\">Prorroga\u00e7\u00e3o do Prazo de Defesa da Disserta\u00e7\u00e3o ou da Tese<\/a><\/strong><\/p>\n<ul>\n<li style=\"text-align: justify\">A solicita\u00e7\u00e3o de prorroga\u00e7\u00e3o de prazo para defesa deve ser aberta pelo discente interessado, em processo eletr\u00f4nico no PEN SIE, conforme as instru\u00e7\u00f5es da PRPGP.<\/li>\n<\/ul>\n<\/td>\n<td style=\"height: 96px;width: 42.4798%;border-style: solid;border-color: #0f0101\">\u00a0Processo Eletr\u00f4nico PEN-SIE, via\u00a0<a href=\"https:\/\/portal.ufsm.br\/documentos\/mainMenu.html\" target=\"_blank\" rel=\"noopener\">Portal de Documentos<\/a><\/td>\n<\/tr>\n<tr style=\"height: 23px\">\n<td style=\"height: 23px;width: 57.1968%;border-style: solid;border-color: #0f0101\"><strong>\u00a0\u00a0 07.\u00a0\u00a0<a href=\"https:\/\/www.ufsm.br\/cursos\/pos-graduacao\/santa-maria\/poscom\/entrega-da-versao-final-da-dissertacao-ou-tese-digital\">Entrega da Vers\u00e3o Final da Disserta\u00e7\u00e3o e Tese \u2013 Digital e Diploma<\/a><\/strong><\/p>\n<ul>\n<li style=\"text-align: justify\">Ap\u00f3s a defesa e ajustes do trabalho de mestrado e doutorado, a vers\u00e3o final da disserta\u00e7\u00e3o e tese deve ser entregue via processo eletr\u00f4nico no PEN SIE, conforme tutorial da PRPGP.<\/li>\n<li><a href=\"https:\/\/www.ufsm.br\/pro-reitorias\/prpgp\/servicos\/urgencia-para-emissao-de-diploma-da-pos-graduacao\" target=\"_blank\" rel=\"noopener\">Urg\u00eancia para emiss\u00e3o do diploma<\/a><\/li>\n<li>Havendo necessidade em\u00a0acelerar o processo de emiss\u00e3o de Diploma\/Certificado, o discente pode solicitar urg\u00eancia, conforme as orienta\u00e7\u00f5es da PRPGP.<\/li>\n<\/ul>\n<\/td>\n<td style=\"height: 23px;width: 42.4798%;border-style: solid;border-color: #0f0101\">\u00a0Processo Eletr\u00f4nico PEN-SIE, via\u00a0<a href=\"https:\/\/portal.ufsm.br\/documentos\/mainMenu.html\" target=\"_blank\" rel=\"noopener\">Portal de Documentos<\/a><\/td>\n<\/tr>\n<tr style=\"height: 23px\">\n<td style=\"height: 23px;width: 57.1968%;border-style: solid;border-color: #0f0101\"><strong>\u00a0\u00a0 08.\u00a0\u00a0<a href=\"https:\/\/www.ufsm.br\/cursos\/pos-graduacao\/santa-maria\/poscom\/docencia-orientada\">Solicita\u00e7\u00e3o de Doc\u00eancia Orientada<\/a><\/strong><\/td>\n<td style=\"height: 23px;width: 42.4798%;border-style: solid;border-color: #0f0101\">\u00a0Processo Eletr\u00f4nico PEN-SIE, via\u00a0<a href=\"https:\/\/portal.ufsm.br\/documentos\/mainMenu.html\" target=\"_blank\" rel=\"noopener\">Portal de Documentos<\/a><\/td>\n<\/tr>\n<tr style=\"height: 23px\">\n<td style=\"height: 23px;width: 57.1968%;border-style: solid;border-color: #0f0101\"><strong>\u00a0\u00a0 09.\u00a0<\/strong><a href=\"https:\/\/www.ufsm.br\/pro-reitorias\/prpgp\/servicos\/dispensa-aproveitamento-de-disciplinas-de-pos-graduacao\" target=\"_blank\" rel=\"noopener\">Dispensa\/Aproveitamento de disciplinas de P\u00f3s-Gradua\u00e7\u00e3o<\/a><\/p>\n<ul>\n<li>Discentes\u00a0podem solicitar o aproveitamento ou a dispensa de disciplinas j\u00e1 cursadas na UFSM como aluno regular ou especial da UFSM e em outras IES.<\/li>\n<li><strong>link PRPGP procedimentos para solicita\u00e7\u00e3o de <a href=\"https:\/\/www.ufsm.br\/pro-reitorias\/prpgp\/controle-academico-de-pos-graduacao\">aproveitamento disciplina\u00a0<\/a><\/strong><\/li>\n<\/ul>\n<\/td>\n<td style=\"height: 23px;width: 42.4798%;border-style: solid;border-color: #0f0101\">\u00a0Processo Eletr\u00f4nico PEN-SIE, via\u00a0<a href=\"https:\/\/portal.ufsm.br\/documentos\/mainMenu.html\" target=\"_blank\" rel=\"noopener\">Portal de Documentos<\/a><\/td>\n<\/tr>\n<tr style=\"height: 23px\">\n<td style=\"height: 23px;width: 57.1968%;border-style: solid;border-color: #0f0101\"><strong>\u00a0 \u00a010.\u00a0\u00a0<a href=\"https:\/\/www.ufsm.br\/pro-reitorias\/prpgp\/servicos\/comprovacao-de-suficiencia-em-lingua-estrangeira\">Solicita\u00e7\u00e3o de Aproveitamento de Teste Sufici\u00eancia em L\u00edngua Estrangeira<\/a><\/strong><\/p>\n<ul>\n<li>\u00a0 \u00a0 \u00a0<span style=\"text-align: justify;font-family: inherit;font-size: inherit;font-weight: inherit;color: initial\">Discentes devem comprovar a sufici\u00eancia em l\u00edngua estrangeira, conforme estabelece o Regimento e Regulamento da p\u00f3s-gradua\u00e7\u00e3o.<\/span><\/li>\n<li style=\"text-align: justify\"><strong>\u00a0\u00a0Link PRPGP procedimentos: <a href=\"https:\/\/www.ufsm.br\/pro-reitorias\/prpgp\/servicos\/comprovacao-de-suficiencia-em-lingua-estrangeira\">Aproveitamento\/Dispensa da sufici\u00eancia em l\u00edngua estrangeira<\/a><\/strong><\/li>\n<\/ul>\n<\/td>\n<td style=\"height: 23px;width: 42.4798%;border-style: solid;border-color: #0f0101\">\u00a0Processo Eletr\u00f4nico PEN-SIE, via\u00a0<a href=\"https:\/\/portal.ufsm.br\/documentos\/mainMenu.html\" target=\"_blank\" rel=\"noopener\">Portal de Documentos<\/a><\/td>\n<\/tr>\n<tr style=\"height: 23px\">\n<td style=\"height: 23px;width: 57.1968%;border-style: solid;border-color: #0f0101\"><strong><strong>\u00a0\u00a0 11.\u00a0 \u00a0<\/strong><\/strong><a style=\"font-size: revert;font-weight: revert;font-family: inherit\" href=\"https:\/\/www.ufsm.br\/app\/uploads\/sites\/513\/2023\/05\/REQUERIMENTO_DE_MATRICULA_EXTRACURRICULAR.doc\">Solicita\u00e7\u00e3o de matr\u00edcula extracurricular<\/a><\/p>\n<ul>\n<li style=\"text-align: justify\">Discentes do Poscom podem solicitar matr\u00edcula em disciplinas de outros cursos de p\u00f3s-gradua\u00e7\u00e3o da UFSM, mediante o formul\u00e1rio. Discentes de outros cursos de p\u00f3s-gradua\u00e7\u00e3o da UFSM podem utilizar este formul\u00e1rio para solicitar cursar disciplinas no Poscom.<\/li>\n<\/ul>\n<\/td>\n<td style=\"height: 23px;width: 42.4798%;border-style: solid;border-color: #0f0101\">\u00a0Envio de e-mail para\u00a0<a href=\"mailto:poscom@ufsm.br\">poscom@ufsm.br<\/a>\u00a0ou presencialmente<\/td>\n<\/tr>\n<tr style=\"height: 68px\">\n<td style=\"height: 68px;width: 57.1968%;border-style: solid;border-color: #0f0101\"><strong>\u00a0\u00a0 12.\u00a0\u00a0Solicita\u00e7\u00e3o de Recursos Financeiros para Participa\u00e7\u00e3o em Eventos<\/strong><\/td>\n<td style=\"height: 68px;width: 42.4798%;border-style: solid;border-color: #0f0101\">\u00a0Envio de e-mails para:\u00a0 <a href=\"mailto:poscom@ufsm.br\">poscom@ufsm.br<\/a> e\u00a0 \u00a0<a class=\"notranslate\" href=\"mailto:financeiropos.ccsh@ufsm.br\">financeiropos.ccsh@ufsm.br<\/a><\/td>\n<\/tr>\n<tr style=\"height: 118px\">\n<td style=\"height: 118px;width: 57.1968%;border-style: solid;border-color: #0f0101\"><strong>\u00a0\u00a0 13.\u00a0\u00a0Solicita\u00e7\u00e3o de Afastamento por Motivos de Sa\u00fade \u2013 Regime Domiciliar<\/strong><\/p>\n<ul>\n<li><a style=\"font-size: revert;font-weight: revert;font-family: inherit\" href=\"https:\/\/www.ufsm.br\/pro-reitorias\/prpgp\/servicos\/regime-de-exercicios-domiciliares-tratamento-de-saude\" target=\"_blank\" rel=\"noopener\">Regime de Exerc\u00edcios Domiciliares (tratamento de sa\u00fade)<\/a><\/li>\n<li style=\"text-align: justify\">Procedimentos para aus\u00eancia em fun\u00e7\u00e3o de sa\u00fade.\u00a0Para o tratamento de sa\u00fade n\u00e3o h\u00e1 a suspens\u00e3o de curso, sendo poss\u00edvel ao discente usufruir do Afastamento em Regime de Exerc\u00edcio Domiciliar para o Tratamento da Sa\u00fade.<\/li>\n<\/ul>\n<\/td>\n<td style=\"height: 118px;width: 42.4798%;border-style: solid;border-color: #0f0101\">\u00a0Processo Eletr\u00f4nico PEN-SIE, via\u00a0<a href=\"https:\/\/portal.ufsm.br\/documentos\/mainMenu.html\" target=\"_blank\" rel=\"noopener\">Portal de Documentos\u00a0<\/a><\/p>\n<ul>\n<li><a href=\"https:\/\/www.ufsm.br\/app\/uploads\/sites\/513\/2024\/10\/RESOLUCAO-UFSM-175-de-2024-altera-prazos-licencas-discentes-1.pdf\"><strong>Prazos Licen\u00e7as Discentes<\/strong><\/a><\/li>\n<\/ul>\n<\/td>\n<\/tr>\n<tr style=\"height: 248px\">\n<td style=\"width: 57.1968%;border-style: solid;border-color: #0f0101;height: 248px\"><b>\u00a0 14. Servi\u00e7os PRPGP<\/b><\/p>\n<ul>\n<li style=\"text-align: justify\">Para acessar demais funcionalidades e processos, como altera\u00e7\u00e3o do nome no cadastro acad\u00eamico, inclus\u00e3o de nome social, cancelamento de matr\u00edcula, dentre outros, verifique a<a href=\"https:\/\/www.ufsm.br\/pro-reitorias\/prpgp\/servicos\" target=\"_blank\" rel=\"noopener\"> guia da servi\u00e7os da PRPGP<\/a>.<\/li>\n<\/ul>\n<\/td>\n<td style=\"width: 42.4798%;border-style: solid;border-color: #0f0101;height: 248px\">\n<p style=\"text-align: justify\"><a role=\"button\" href=\"#regulamentos\">Regulamentos<br \/>\n<\/a><a role=\"button\" href=\"#processos\">Processos<br \/>\n<\/a><a role=\"button\" href=\"#quali-defesa\">Qualifica\u00e7\u00e3o e defesa<br \/>\n<\/a><a role=\"button\" href=\"#bolsas\">Bolsas<br \/>\n<\/a><a role=\"button\" href=\"#diploma\">Vers\u00e3o final e diploma<br \/>\n<\/a><\/p>\n<p><a href=\"https:\/\/www.ufsm.br\/app\/uploads\/sites\/513\/2024\/10\/RESOLUCAO-UFSM-175-de-2024-altera-prazos-licencas-discentes-1.pdf\">RESOLU\u00c7\u00c3O UFSM 175 de 2024 altera prazos licen\u00e7as discentes<\/a><\/td>\n<\/tr>\n<tr style=\"height: 227px\">\n<td style=\"width: 57.1968%;border-style: solid;border-color: #0f0101;height: 227px\">\u00a0<strong>15. Regulamentos<\/strong><\/p>\n<ul>\n<li><b>Resolu\u00e7\u00e3o que estabelece as diretrizes da p\u00f3s-gradua\u00e7\u00e3o\u00a0<i>Stricto\u00a0Sensu<\/i> e<i> Lato Sensu<\/i> da UFSM.<\/b><\/li>\n<\/ul>\n<\/td>\n<td style=\"width: 42.4798%;border-style: solid;border-color: #0f0101;height: 227px\"><a href=\"https:\/\/www.ufsm.br\/app\/uploads\/sites\/345\/2023\/10\/RES_UFSM_2023_139_ANEXO_I_Regulamento-Geral-PG-Stricto-Sensu-UFSM-2023.pdf\"><strong>Regulamento Geral da P\u00f3s-Gradua\u00e7\u00e3o da UFSM<em> Stricto Sensu<\/em> (Mestrado e Doutorado)<\/strong><\/a><a href=\"https:\/\/www.ufsm.br\/app\/uploads\/sites\/345\/2023\/10\/RES_UFSM_2023_139_ANEXO_I_Regulamento-Geral-PG-Stricto-Sensu-UFSM-2023.pdf\">Regulamento Geral da P\u00f3s-Gradua\u00e7\u00e3o da UFSM Anexo I &#8211; 2023<\/a><\/p>\n<h4><a href=\"https:\/\/portal.ufsm.br\/documentos\/publico\/documento.html?id=15211974\">Regulamento do Poscom<\/a><\/h4>\n<p>Documento que regulamenta o funcionamento do Programa de P\u00f3s-Gradua\u00e7\u00e3o em Comunica\u00e7\u00e3o da UFSM.<\/td>\n<\/tr>\n<tr>\n<td style=\"width: 57.1968%;border-style: solid;border-color: #0f0101\">\u00a0<strong>16. Bolsas<\/strong><\/p>\n<ul>\n<li><a href=\"https:\/\/www.ufsm.br\/app\/uploads\/sites\/513\/2025\/01\/Normas-Comissao-de-Bolsas-versaoDEZ2024-1.pdf\">Normativas de bolsas do Poscom<\/a>: a\u00a0concess\u00e3o e a manuten\u00e7\u00e3o de bolsas de Mestrado e Doutorado do Poscom seguem normativas espec\u00edficas, definidas pelo Programa.<br \/>\nVers\u00e3o atual: dezembro 2024.<\/li>\n<li><a href=\"https:\/\/www.ufsm.br\/pro-reitorias\/prpgp\/bolsas\/normativas\" target=\"_blank\" rel=\"noopener\">Regulamento das bolsas pelos \u00f3rg\u00e3os de fomento<\/a>: a\u00a0concess\u00e3o, manuten\u00e7\u00e3o e desligamento das bolsas seguem regulamentos segundo os \u00f3rg\u00e3os de fomento, como a CAPES.<\/li>\n<li>Discentes contemplados com bolsas devem entregar anualmente relat\u00f3rio de bolsa, conforme as normativas do Poscom. <a href=\"https:\/\/www.ufsm.br\/app\/uploads\/sites\/513\/2023\/11\/Modelo-de-Relatorio.docx\">Modelo de Relat\u00f3rio<\/a><\/li>\n<\/ul>\n<p style=\"color: #1c1c1c;font-size: 16px\">\n<\/td>\n<td style=\"width: 42.4798%;border-style: solid;border-color: #0f0101\"><strong>Envio de e-mails para:\u00a0 <a href=\"mailto:poscom@ufsm.br\">poscom@ufsm.br<\/a> e\u00a0 <a class=\"notranslate\" href=\"mailto:financeiropos.ccsh@ufsm.br\">financeiropos.ccsh@ufsm.br<\/a><\/strong><\/td>\n<\/tr>\n<\/tbody>\n<\/table>\n<h2><\/h2>\n<p style=\"color: #1c1c1c;font-size: 16px\">\n","protected":false},"excerpt":{"rendered":"<p>ORIENTA\u00c7\u00d5ES PARA DISCENTES Programa de P\u00f3s-Gradua\u00e7\u00e3o em comunica\u00e7\u00e3o Nesta p\u00e1gina de orienta\u00e7\u00f5es o (a) discente de P\u00f3s-Gradua\u00e7\u00e3o em comunica\u00e7\u00e3o ter\u00e1 acesso \u00e0s \u00a0\u00e0s principais informa\u00e7\u00f5es e procedimentos necess\u00e1rios \u00e0 vida acad\u00eamica, do primeiro ao \u00faltimo semestre do curso de mestrado. Para tanto, encontram-se listadas abaixo (em formato de link) as situa\u00e7\u00f5es mais comuns que suscitam [&hellip;]<\/p>\n","protected":false},"author":68,"featured_media":0,"parent":0,"menu_order":0,"comment_status":"closed","ping_status":"closed","template":"","meta":{"footnotes":""},"categories":[],"tags":[256,257,258],"class_list":["post-2552","page","type-page","status-publish","hentry","tag-discentes","tag-orientacoes","tag-tutoriais"],"acf":[],"_links":{"self":[{"href":"https:\/\/www.ufsm.br\/cursos\/pos-graduacao\/santa-maria\/poscom\/wp-json\/wp\/v2\/pages\/2552","targetHints":{"allow":["GET"]}}],"collection":[{"href":"https:\/\/www.ufsm.br\/cursos\/pos-graduacao\/santa-maria\/poscom\/wp-json\/wp\/v2\/pages"}],"about":[{"href":"https:\/\/www.ufsm.br\/cursos\/pos-graduacao\/santa-maria\/poscom\/wp-json\/wp\/v2\/types\/page"}],"author":[{"embeddable":true,"href":"https:\/\/www.ufsm.br\/cursos\/pos-graduacao\/santa-maria\/poscom\/wp-json\/wp\/v2\/users\/68"}],"replies":[{"embeddable":true,"href":"https:\/\/www.ufsm.br\/cursos\/pos-graduacao\/santa-maria\/poscom\/wp-json\/wp\/v2\/comments?post=2552"}],"version-history":[{"count":0,"href":"https:\/\/www.ufsm.br\/cursos\/pos-graduacao\/santa-maria\/poscom\/wp-json\/wp\/v2\/pages\/2552\/revisions"}],"wp:attachment":[{"href":"https:\/\/www.ufsm.br\/cursos\/pos-graduacao\/santa-maria\/poscom\/wp-json\/wp\/v2\/media?parent=2552"}],"wp:term":[{"taxonomy":"category","embeddable":true,"href":"https:\/\/www.ufsm.br\/cursos\/pos-graduacao\/santa-maria\/poscom\/wp-json\/wp\/v2\/categories?post=2552"},{"taxonomy":"post_tag","embeddable":true,"href":"https:\/\/www.ufsm.br\/cursos\/pos-graduacao\/santa-maria\/poscom\/wp-json\/wp\/v2\/tags?post=2552"}],"curies":[{"name":"wp","href":"https:\/\/api.w.org\/{rel}","templated":true}]}}