{"id":2825,"date":"2023-09-25T15:44:27","date_gmt":"2023-09-25T18:44:27","guid":{"rendered":"https:\/\/www.ufsm.br\/cursos\/pos-graduacao\/santa-maria\/poscom\/?page_id=2825"},"modified":"2025-09-16T11:31:38","modified_gmt":"2025-09-16T14:31:38","slug":"comissao-de-selecao","status":"publish","type":"page","link":"https:\/\/www.ufsm.br\/cursos\/pos-graduacao\/santa-maria\/poscom\/comissao-de-selecao","title":{"rendered":"Comiss\u00e3o de Sele\u00e7\u00e3o"},"content":{"rendered":"\t\t<div data-elementor-type=\"wp-page\" data-elementor-id=\"2825\" class=\"elementor elementor-2825\">\n\t\t\t\t\t\t<section class=\"elementor-section elementor-top-section elementor-element elementor-element-2271f042 elementor-section-boxed elementor-section-height-default elementor-section-height-default\" data-id=\"2271f042\" data-element_type=\"section\">\n\t\t\t\t\t\t<div class=\"elementor-container elementor-column-gap-default\">\n\t\t\t\t\t<div class=\"elementor-column elementor-col-100 elementor-top-column elementor-element elementor-element-d4c30a6\" data-id=\"d4c30a6\" data-element_type=\"column\">\n\t\t\t<div class=\"elementor-widget-wrap elementor-element-populated\">\n\t\t\t\t\t\t<div class=\"elementor-element elementor-element-3eec8c4 elementor-widget elementor-widget-text-editor\" data-id=\"3eec8c4\" data-element_type=\"widget\" data-widget_type=\"text-editor.default\">\n\t\t\t\t<div class=\"elementor-widget-container\">\n\t\t\t\t\t\t\t<p><strong>INGRESSO 2026:<\/strong><\/p>\n<p><!-- \/wp:paragraph --><!-- wp:paragraph --><\/p>\n<p>Profa Aline Ro\u00e9s Dalmolin &#8211; <strong>Presidente e representante da linha M\u00eddias, muta\u00e7\u00f5es sociossimb\u00f3licas e sociot\u00e9cnicas<\/strong><\/p>\n<p><strong>Representantes da linha M\u00eddia e Estrat\u00e9gias Comunicacionais:<\/strong><\/p>\n<p>Profa Juliana Petermann;<\/p>\n<p>Profa Viviane Borelli;<\/p>\n<p>Profa Jaqueline Quincozes da Silva Kegler;<\/p>\n<p>Profa Cl\u00e1udia Herte de Moraes;<\/p>\n<p>Profa Maria Ivete Trevisan Foss\u00e1;<\/p>\n<p>Profa Rejane de Oliveira Pozobon;<\/p>\n<p>Profa Marilia de Ara\u00fajo Barcellos.<\/p>\n<p><strong>Representantes da linha M\u00eddia e Identidades Contempor\u00e2neas:<\/strong><\/p>\n<p>Prof. Flavi Ferreira Lisb\u00f4a Filho;<\/p>\n<p>Profa Liliane Dutra Brignol;<\/p>\n<p>Profa Milena Freire de Oliveira-Cruz;<\/p>\n<p>Prof. Reges Toni Schwaab;<\/p>\n<p>Profa Sandra Dalcul Depexe.<\/p>\n<p><strong>Representantes da linha M\u00eddias, muta\u00e7\u00f5es sociossimb\u00f3licas e sociot\u00e9cnicas:<\/strong><\/p>\n<p>Profa Ada Cristina Machado Silveira;<\/p>\n<p>Profa Carlise Schneider Rudnicki;<\/p>\n<p>Profa Laura Strelow Storch.<\/p>\n<p><span style=\"text-decoration: underline\">Base legal<\/span>: PORTARIA CCSH n\u00ba 331\/2025 <a href=\"https:\/\/www.ufsm.br\/app\/uploads\/sites\/513\/2025\/09\/PORT_CCSH_2025_331.pdf\">PORT_CCSH_2025_331<\/a><\/p>\n<p>\u00a0<\/p>\n<p><strong>Mestrado Ingresso 2024\/1:<\/strong><\/p>\n<p><!-- \/wp:paragraph --><!-- wp:paragraph --><\/p>\n<p>Profa Juliana Petermann, SIAPE 3508661 \u2013 presidente;<br \/>Profa Ada Cristina Machado Silveira;<br \/>Prof. C\u00e1ssio dos Santos Tomaim;<br \/>Prof. Flavi Ferreira Lisboa Filho;<br \/>Profa Laura Strelow Storch;<br \/>Profa Mar\u00edlia de Ara\u00fajo Barcellos;<br \/>Profa Milena Carvalho Bezerra Freire de Oliveira-Cruz;<br \/>Profa Rejane de Oliveira Pozobon;<br \/>Profa Sandra Dalcul Depexe;<br \/>Profa Viviane Borelli;<br \/>Acad. Alice Melo Xavier &#8211; suplente do mestrado;<\/p>\n<p><br \/>Base legal: Portaria CCSH n\u00ba 315\/2023 <a href=\"https:\/\/www.ufsm.br\/app\/uploads\/sites\/513\/2023\/09\/PORT_CCSH_2023_315.pdf\">PORT_CCSH_2023_315<\/a><br \/><br \/>Base legal: Apostila a Portaria CCSH n\u00ba 272\/2024 <a href=\"https:\/\/portal.ufsm.br\/documentos\/publico\/documento.html?id=15270416\">APOST_CCSH_2024_272<\/a><\/p>\n<p><!-- \/wp:paragraph --><!-- wp:paragraph --><\/p>\n<p><!-- \/wp:paragraph --><!-- wp:paragraph --><\/p>\n<p><strong>Doutorado Ingresso 2024\/1:<\/strong><\/p>\n<p><!-- \/wp:paragraph --><!-- wp:paragraph --><\/p>\n<p>Profa Viviane Borelli, SIAPE 1805513 \u2013 presidente;<br \/>Profa Ada Cristina Machado Silveira;<br \/>Prof. C\u00e1ssio dos Santos Tomaim;<br \/>Prof. Flavi Ferreira Lisboa Filho;<br \/>Profa Juliana Petermann;<br \/>Profa Laura Strelow Storch;<br \/>Profa Milena Carvalho Bezerra Freire de Oliveira-Cruz;<br \/>Profa Rejane de Oliveira Pozobon;<br \/>Acad. Luiza Gutheil Bayer &#8211; suplente doutorado\u00a0<br \/><br \/><\/p>\n<p><!-- \/wp:paragraph --><!-- wp:paragraph --><\/p>\n<p>Base legal: Portaria CCSH n\u00ba 316\/2023 <a href=\"https:\/\/www.ufsm.br\/app\/uploads\/sites\/513\/2023\/09\/PORT_CCSH_2023_316.pdf\">PORT_CCSH_2023_316<\/a><\/p>\n<p>Base legal: Apostila a Portaria CCSH n\u00ba 216\/2023 <a href=\"https:\/\/www.ufsm.br\/app\/uploads\/sites\/513\/2023\/12\/APOST_CCSH_2023_316.pdf\">APOST_CCSH_2023_316<\/a><\/p>\n<p>Base legal : Apostila a Portaria CCSH n\u00ba 272\/2024 <a href=\"https:\/\/portal.ufsm.br\/documentos\/publico\/documento.html?id=15270416\">APOST_CCSH_2024_272<\/a><\/p>\n<p><!-- \/wp:paragraph --><!-- wp:paragraph --><\/p>\n<p><!-- \/wp:paragraph --><!-- wp:gallery {\"linkTo\":\"none\"} --><\/p>\n<figure class=\"wp-block-gallery has-nested-images columns-default is-cropped\"><\/figure>\n<p><!-- \/wp:gallery --><!-- wp:paragraph --><\/p>\n<p><!-- \/wp:paragraph --><\/p>\t\t\t\t\t\t<\/div>\n\t\t\t\t<\/div>\n\t\t\t\t\t<\/div>\n\t\t<\/div>\n\t\t\t\t\t<\/div>\n\t\t<\/section>\n\t\t\t\t<\/div>\n\t\t","protected":false},"excerpt":{"rendered":"<p>INGRESSO 2026: Profa Aline Ro\u00e9s Dalmolin &#8211; Presidente e representante da linha M\u00eddias, muta\u00e7\u00f5es sociossimb\u00f3licas e sociot\u00e9cnicas Representantes da linha M\u00eddia e Estrat\u00e9gias Comunicacionais: Profa Juliana Petermann; Profa Viviane Borelli; Profa Jaqueline Quincozes da Silva Kegler; Profa Cl\u00e1udia Herte de Moraes; Profa Maria Ivete Trevisan Foss\u00e1; Profa Rejane de Oliveira Pozobon; Profa Marilia de Ara\u00fajo [&hellip;]<\/p>\n","protected":false},"author":905,"featured_media":0,"parent":0,"menu_order":0,"comment_status":"closed","ping_status":"closed","template":"","meta":{"footnotes":""},"categories":[],"tags":[],"class_list":["post-2825","page","type-page","status-publish","hentry"],"acf":[],"_links":{"self":[{"href":"https:\/\/www.ufsm.br\/cursos\/pos-graduacao\/santa-maria\/poscom\/wp-json\/wp\/v2\/pages\/2825","targetHints":{"allow":["GET"]}}],"collection":[{"href":"https:\/\/www.ufsm.br\/cursos\/pos-graduacao\/santa-maria\/poscom\/wp-json\/wp\/v2\/pages"}],"about":[{"href":"https:\/\/www.ufsm.br\/cursos\/pos-graduacao\/santa-maria\/poscom\/wp-json\/wp\/v2\/types\/page"}],"author":[{"embeddable":true,"href":"https:\/\/www.ufsm.br\/cursos\/pos-graduacao\/santa-maria\/poscom\/wp-json\/wp\/v2\/users\/905"}],"replies":[{"embeddable":true,"href":"https:\/\/www.ufsm.br\/cursos\/pos-graduacao\/santa-maria\/poscom\/wp-json\/wp\/v2\/comments?post=2825"}],"version-history":[{"count":0,"href":"https:\/\/www.ufsm.br\/cursos\/pos-graduacao\/santa-maria\/poscom\/wp-json\/wp\/v2\/pages\/2825\/revisions"}],"wp:attachment":[{"href":"https:\/\/www.ufsm.br\/cursos\/pos-graduacao\/santa-maria\/poscom\/wp-json\/wp\/v2\/media?parent=2825"}],"wp:term":[{"taxonomy":"category","embeddable":true,"href":"https:\/\/www.ufsm.br\/cursos\/pos-graduacao\/santa-maria\/poscom\/wp-json\/wp\/v2\/categories?post=2825"},{"taxonomy":"post_tag","embeddable":true,"href":"https:\/\/www.ufsm.br\/cursos\/pos-graduacao\/santa-maria\/poscom\/wp-json\/wp\/v2\/tags?post=2825"}],"curies":[{"name":"wp","href":"https:\/\/api.w.org\/{rel}","templated":true}]}}