{"id":2870,"date":"2023-10-20T07:32:47","date_gmt":"2023-10-20T10:32:47","guid":{"rendered":"https:\/\/www.ufsm.br\/cursos\/pos-graduacao\/santa-maria\/poscom\/?page_id=2870"},"modified":"2023-10-20T07:35:58","modified_gmt":"2023-10-20T10:35:58","slug":"estudos-de-jornalismo-2","status":"publish","type":"page","link":"https:\/\/www.ufsm.br\/cursos\/pos-graduacao\/santa-maria\/poscom\/estudos-de-jornalismo-2","title":{"rendered":"Estudos de Jornalismo"},"content":{"rendered":"\n<p style=\"text-align: justify\"><span style=\"font-weight: 400\"><strong>Breve hist\u00f3rico:<\/strong> O grupo Estudos em Jornalismo foi criado no ano 2000 e est\u00e1 vinculado ao curso de gradua\u00e7\u00e3o em Comunica\u00e7\u00e3o e ao programa de p\u00f3s-gradua\u00e7\u00e3o em Comunica\u00e7\u00e3o (POSCOM), ambos da UFSM. As atividades do grupo est\u00e3o alicer\u00e7adas na constru\u00e7\u00e3o de uma rede de estudos especializada, com aporte central nos debates sobre o jornalismo.<\/span><\/p>\n<p style=\"text-align: justify\"><span style=\"font-weight: 400\"><strong>Objetivos do grupo:<\/strong>\u00a0<\/span><span style=\"font-weight: 400\">O grupo pretende fortalecer o debate continuado das teorias da comunica\u00e7\u00e3o e do jornalismo no \u00e2mbito da UFSM, de forma a estimular a produ\u00e7\u00e3o cient\u00edfica qualificada e sua ampla divulga\u00e7\u00e3o, a partir da publica\u00e7\u00e3o de resultados de pesquisas, participa\u00e7\u00e3o em congressos da \u00e1rea e integra\u00e7\u00e3o com pesquisadores de outras institui\u00e7\u00f5es, inclusive de institui\u00e7\u00f5es internacionais.<\/span><\/p>\n<p style=\"text-align: justify\"><strong>P\u00fablico-alvo:\u00a0<\/strong><span style=\"font-weight: 400\">O grupo realiza a integra\u00e7\u00e3o entre pesquisadores de diferentes n\u00edveis, possibilitando um importante espa\u00e7o de discuss\u00e3o te\u00f3rica entre doutores, doutorandos, mestrandos e acad\u00eamicos do curso de Jornalismo.<\/span><\/p>\n<p><strong>L\u00edder: <\/strong>Laura Strelow Storch<\/p>\n<p><strong>Linhas de Pesquisa:<\/strong><\/p>\n<ul>\n<li><span style=\"font-weight: 400\">Jornalismo, discurso e narrativa<\/span><\/li>\n<li><span style=\"font-weight: 400\">Jornalismo e Tecnologias<\/span><\/li>\n<\/ul>\n<p><span style=\"font-weight: 400\"><strong>Hor\u00e1rios e dias de encontros:<\/strong> <\/span>A agenda de trabalhos \u00e9 organizada semestralmente, com encontros nas ter\u00e7as a partir das 14 horas.<\/p>\n<p><strong>Contatos:\u00a0<\/strong><span style=\"font-weight: 400\">ejor@ufsm.br<\/span><\/p>\n<p><span style=\"font-weight: 400\"><strong>Link:<\/strong>\u00a0<\/span><a href=\"https:\/\/www.ufsm.br\/grupos\/ejor\"><span style=\"font-weight: 400\">https:\/\/www.ufsm.br\/grupos\/ejor<\/span><\/a><\/p>\n","protected":false},"excerpt":{"rendered":"<p>Breve hist\u00f3rico: O grupo Estudos em Jornalismo foi criado no ano 2000 e est\u00e1 vinculado ao curso de gradua\u00e7\u00e3o em Comunica\u00e7\u00e3o e ao programa de p\u00f3s-gradua\u00e7\u00e3o em Comunica\u00e7\u00e3o (POSCOM), ambos da UFSM. As atividades do grupo est\u00e3o alicer\u00e7adas na constru\u00e7\u00e3o de uma rede de estudos especializada, com aporte central nos debates sobre o jornalismo. Objetivos [&hellip;]<\/p>\n","protected":false},"author":905,"featured_media":0,"parent":0,"menu_order":0,"comment_status":"closed","ping_status":"closed","template":"","meta":{"footnotes":""},"categories":[],"tags":[],"class_list":["post-2870","page","type-page","status-publish","hentry"],"acf":[],"_links":{"self":[{"href":"https:\/\/www.ufsm.br\/cursos\/pos-graduacao\/santa-maria\/poscom\/wp-json\/wp\/v2\/pages\/2870","targetHints":{"allow":["GET"]}}],"collection":[{"href":"https:\/\/www.ufsm.br\/cursos\/pos-graduacao\/santa-maria\/poscom\/wp-json\/wp\/v2\/pages"}],"about":[{"href":"https:\/\/www.ufsm.br\/cursos\/pos-graduacao\/santa-maria\/poscom\/wp-json\/wp\/v2\/types\/page"}],"author":[{"embeddable":true,"href":"https:\/\/www.ufsm.br\/cursos\/pos-graduacao\/santa-maria\/poscom\/wp-json\/wp\/v2\/users\/905"}],"replies":[{"embeddable":true,"href":"https:\/\/www.ufsm.br\/cursos\/pos-graduacao\/santa-maria\/poscom\/wp-json\/wp\/v2\/comments?post=2870"}],"version-history":[{"count":0,"href":"https:\/\/www.ufsm.br\/cursos\/pos-graduacao\/santa-maria\/poscom\/wp-json\/wp\/v2\/pages\/2870\/revisions"}],"wp:attachment":[{"href":"https:\/\/www.ufsm.br\/cursos\/pos-graduacao\/santa-maria\/poscom\/wp-json\/wp\/v2\/media?parent=2870"}],"wp:term":[{"taxonomy":"category","embeddable":true,"href":"https:\/\/www.ufsm.br\/cursos\/pos-graduacao\/santa-maria\/poscom\/wp-json\/wp\/v2\/categories?post=2870"},{"taxonomy":"post_tag","embeddable":true,"href":"https:\/\/www.ufsm.br\/cursos\/pos-graduacao\/santa-maria\/poscom\/wp-json\/wp\/v2\/tags?post=2870"}],"curies":[{"name":"wp","href":"https:\/\/api.w.org\/{rel}","templated":true}]}}