{"id":3323,"date":"2024-03-27T14:10:39","date_gmt":"2024-03-27T17:10:39","guid":{"rendered":"https:\/\/www.ufsm.br\/cursos\/pos-graduacao\/santa-maria\/poscom\/?page_id=3323"},"modified":"2024-08-01T11:27:57","modified_gmt":"2024-08-01T14:27:57","slug":"guia-de-internacionalizacao","status":"publish","type":"page","link":"https:\/\/www.ufsm.br\/cursos\/pos-graduacao\/santa-maria\/poscom\/guia-de-internacionalizacao","title":{"rendered":"Guia de Internacionaliza\u00e7\u00e3o"},"content":{"rendered":"\t\t<div data-elementor-type=\"wp-page\" data-elementor-id=\"3323\" class=\"elementor elementor-3323\">\n\t\t\t\t\t\t<section class=\"elementor-section elementor-top-section elementor-element elementor-element-5d2844d2 elementor-section-boxed elementor-section-height-default elementor-section-height-default\" data-id=\"5d2844d2\" data-element_type=\"section\">\n\t\t\t\t\t\t<div class=\"elementor-container elementor-column-gap-default\">\n\t\t\t\t\t<div class=\"elementor-column elementor-col-100 elementor-top-column elementor-element elementor-element-64aacdfc\" data-id=\"64aacdfc\" data-element_type=\"column\">\n\t\t\t<div class=\"elementor-widget-wrap elementor-element-populated\">\n\t\t\t\t\t\t<div class=\"elementor-element elementor-element-77e60f5 elementor-widget elementor-widget-text-editor\" data-id=\"77e60f5\" data-element_type=\"widget\" data-widget_type=\"text-editor.default\">\n\t\t\t\t<div class=\"elementor-widget-container\">\n\t\t\t\t\t\t\t<!-- wp:paragraph -->\n<p style=\"text-align: justify\"><strong>POSCOM pelo mundo<\/strong> \u00e9 um guia de internacionaliza\u00e7\u00e3o na p\u00f3s-gradua\u00e7\u00e3o.<\/p>\n<!-- \/wp:paragraph --><!-- wp:paragraph -->\n<p style=\"text-align: justify\">O guia, lan\u00e7ado em 2023, foi criado com o objetivo de ser um manual, com relatos de experi\u00eancias de docentes e discentes do POSCOM que tiveram a oportunidade de levar suas pesquisas para outras Universidades em diferentes Pa\u00edses.<\/p>\n<!-- \/wp:paragraph --><!-- wp:paragraph -->\n<p style=\"text-align: justify\">Al\u00e9m do potencial enriquecedor que o processo de internacionaliza\u00e7\u00e3o tem para docentes e discentes da P\u00f3s-Gradua\u00e7\u00e3o e de suas pesquisas e produ\u00e7\u00f5es acad\u00eamicas, fazer interc\u00e2mbio \u00e9 uma grata oportunidade para o desenvolvimento pessoal e profissional das pessoas.<\/p>\n<!-- \/wp:paragraph --><!-- wp:paragraph -->\n<p style=\"text-align: justify\">\u00a0<\/p>\n<!-- \/wp:paragraph -->\t\t\t\t\t\t<\/div>\n\t\t\t\t<\/div>\n\t\t\t\t\t<\/div>\n\t\t<\/div>\n\t\t\t\t\t<\/div>\n\t\t<\/section>\n\t\t\t\t<\/div>\n\t\t","protected":false},"excerpt":{"rendered":"<p>POSCOM pelo mundo \u00e9 um guia de internacionaliza\u00e7\u00e3o na p\u00f3s-gradua\u00e7\u00e3o. O guia, lan\u00e7ado em 2023, foi criado com o objetivo de ser um manual, com relatos de experi\u00eancias de docentes e discentes do POSCOM que tiveram a oportunidade de levar suas pesquisas para outras Universidades em diferentes Pa\u00edses. Al\u00e9m do potencial enriquecedor que o processo [&hellip;]<\/p>\n","protected":false},"author":68,"featured_media":0,"parent":0,"menu_order":0,"comment_status":"closed","ping_status":"closed","template":"","meta":{"footnotes":""},"categories":[],"tags":[107,289,108],"class_list":["post-3323","page","type-page","status-publish","hentry","tag-divulgacao-cientifica","tag-intercambio","tag-internacionalizacao"],"acf":[],"_links":{"self":[{"href":"https:\/\/www.ufsm.br\/cursos\/pos-graduacao\/santa-maria\/poscom\/wp-json\/wp\/v2\/pages\/3323","targetHints":{"allow":["GET"]}}],"collection":[{"href":"https:\/\/www.ufsm.br\/cursos\/pos-graduacao\/santa-maria\/poscom\/wp-json\/wp\/v2\/pages"}],"about":[{"href":"https:\/\/www.ufsm.br\/cursos\/pos-graduacao\/santa-maria\/poscom\/wp-json\/wp\/v2\/types\/page"}],"author":[{"embeddable":true,"href":"https:\/\/www.ufsm.br\/cursos\/pos-graduacao\/santa-maria\/poscom\/wp-json\/wp\/v2\/users\/68"}],"replies":[{"embeddable":true,"href":"https:\/\/www.ufsm.br\/cursos\/pos-graduacao\/santa-maria\/poscom\/wp-json\/wp\/v2\/comments?post=3323"}],"version-history":[{"count":0,"href":"https:\/\/www.ufsm.br\/cursos\/pos-graduacao\/santa-maria\/poscom\/wp-json\/wp\/v2\/pages\/3323\/revisions"}],"wp:attachment":[{"href":"https:\/\/www.ufsm.br\/cursos\/pos-graduacao\/santa-maria\/poscom\/wp-json\/wp\/v2\/media?parent=3323"}],"wp:term":[{"taxonomy":"category","embeddable":true,"href":"https:\/\/www.ufsm.br\/cursos\/pos-graduacao\/santa-maria\/poscom\/wp-json\/wp\/v2\/categories?post=3323"},{"taxonomy":"post_tag","embeddable":true,"href":"https:\/\/www.ufsm.br\/cursos\/pos-graduacao\/santa-maria\/poscom\/wp-json\/wp\/v2\/tags?post=3323"}],"curies":[{"name":"wp","href":"https:\/\/api.w.org\/{rel}","templated":true}]}}