{"id":3494,"date":"2024-08-01T11:03:24","date_gmt":"2024-08-01T14:03:24","guid":{"rendered":"https:\/\/www.ufsm.br\/cursos\/pos-graduacao\/santa-maria\/poscom\/?page_id=3494"},"modified":"2024-08-15T10:40:07","modified_gmt":"2024-08-15T13:40:07","slug":"visibilidade-do-programa","status":"publish","type":"page","link":"https:\/\/www.ufsm.br\/cursos\/pos-graduacao\/santa-maria\/poscom\/visibilidade-do-programa","title":{"rendered":"Visibilidade do Programa"},"content":{"rendered":"<table style=\"border-collapse: collapse;border-style: solid;border-color: #0f0202\">\n<tbody>\n<tr>\n<td style=\"border-style: solid;border-color: #120202;background-color: #e6e6e6\"><img decoding=\"async\" class=\"wp-image-3511 size-thumbnail aligncenter\" src=\"https:\/\/www.ufsm.br\/app\/uploads\/sites\/513\/2024\/08\/POSCOM-Fundo-Transparente-1-150x150.png\" alt=\"\" width=\"150\" height=\"150\" srcset=\"https:\/\/www.ufsm.br\/app\/uploads\/sites\/513\/2024\/08\/POSCOM-Fundo-Transparente-1-150x150.png 150w, https:\/\/www.ufsm.br\/app\/uploads\/sites\/513\/2024\/08\/POSCOM-Fundo-Transparente-1-300x300.png 300w, https:\/\/www.ufsm.br\/app\/uploads\/sites\/513\/2024\/08\/POSCOM-Fundo-Transparente-1.png 500w\" sizes=\"(max-width: 150px) 100vw, 150px\" \/><\/td>\n<td style=\"border-style: solid;border-color: #120202;background-color: #e6e6e6\">\n<h1 style=\"text-align: center\">Visibilidade<\/h1>\n<\/td>\n<\/tr>\n<tr>\n<td style=\"border-style: solid;border-color: #0d0101;background-color: #f09c26\">\n<h2 style=\"text-align: center\">Site do Programa<\/h2>\n<\/td>\n<td style=\"border-style: solid;border-color: #0a0101;background-color: #faf1d9\">\n<p style=\"text-align: justify\">\u00a0 \u00a0 \u00a0O site institucional (www.ufsm.br\/poscom) \u00e9 um dos principais suportes usados para tornar p\u00fablicos os eventos organizados pelo Programa, assim como a produ\u00e7\u00e3o intelectual dos pesquisadores e a participa\u00e7\u00e3o de docentes e discentes em eventos cient\u00edficos. Por meio do site, tamb\u00e9m se d\u00e1 visibilidade ao hist\u00f3rico do Programa, \u00e0s linhas de pesquisa e \u00e0 atua\u00e7\u00e3o de cada pesquisador, bem como aos projetos desenvolvidos. Desde suas primeiras vers\u00f5es parte de seu conte\u00fado foi traduzido para outro dois idiomas, ingl\u00eas e espanhol, conforme as diretrizes da CAPES, e atualmente, vislumbrando uma maior internacionaliza\u00e7\u00e3o do Programa, o objetivo \u00e9 que todo o site seja traduzido.<\/p>\n<p style=\"text-align: justify\">\u00a0 \u00a0 O site \u00e9 atualizado permanentemente, para isto contamos com uma Comiss\u00e3o de Publiciza\u00e7\u00e3o composta por docentes e discentes. Entende-se que o site \u00e9 a principal fonte para todos os interessados nas atividades do Programa, especialmente futuros candidatos e comunidade acad\u00eamica em geral.\u00a0 \u00c9 instrumento de uso cotidiano por parte dos docentes e discentes, visto que congrega todas as informa\u00e7\u00f5es atualizadas que envolvem tanto os eventos como os documentos do Programa, em vigor. O site oferece como principais links:<\/p>\n<ol style=\"text-align: justify\">\n<li>a) Informa\u00e7\u00f5es sobre \u00e1rea de concentra\u00e7\u00e3o, hist\u00f3rico e indicadores do programa.<\/li>\n<li>b) Linhas de Pesquisa com informa\u00e7\u00f5es sobre as linhas e as disciplinas da grade curricular, com ementas e sequ\u00eancia aconselhada.<\/li>\n<li>c) Corpo docente com informa\u00e7\u00f5es sobre os docentes, sua \u00e1rea de atua\u00e7\u00e3o, Lattes e grupos de pesquisa.<\/li>\n<li>d) Corpo discente com informa\u00e7\u00f5es sobre o destino dos egressos e disserta\u00e7\u00f5es e teses por ano e linhas, tanto as j\u00e1 defendidas como em andamento.<\/li>\n<li>e) Publica\u00e7\u00f5es \u2013 traz os \u00faltimos trabalhos dos docentes por linha;<\/li>\n<li>f) Projetos de Pesquisa \u2013 breve resumo dos projetos por linha e por docente<\/li>\n<li>g) Sele\u00e7\u00e3o \u2013 apresenta o regulamento do processo seletivo do Programa contendo todas as informa\u00e7\u00f5es necess\u00e1rias como etapas do processo de sele\u00e7\u00e3o, leituras indicadas, modelo de projeto, edital e resultados.<\/li>\n<li>h) Documentos \u2013 disponibiliza o regulamento do programa, o modelo de relat\u00f3rio de Bolsista CAPES, normas para constitui\u00e7\u00e3o das bancas, editais de sele\u00e7\u00e3o de bolsista, modelo de relat\u00f3rio de Doc\u00eancia Orientada e Planos de Estudos.<\/li>\n<li>i) Disserta\u00e7\u00f5es e teses \u2013 apresenta as disserta\u00e7\u00f5es e teses defendidas, as quais est\u00e3o dispon\u00edveis no reposit\u00f3rio Manancial, da UFSM. Os trabalhos s\u00e3o disponibilizados automaticamente no site do POSCOM assim que atualizados pelo setor competente da Universidade.<\/li>\n<\/ol>\n<p style=\"text-align: justify\">\u00a0 \u00a0 \u00a0 No site consta os links para as revistas Animus e Cadernos de Comunica\u00e7\u00e3o (do Programa), Edital de sele\u00e7\u00e3o em curso; e Not\u00edcias.<\/p>\n<p style=\"text-align: justify\">\u00a0 \u00a0 \u00a0 \u00a0 Sendo importante ressaltar que os sites dos cursos de gradua\u00e7\u00e3o e p\u00f3s-gradua\u00e7\u00e3o da UFSM atuam de forma integrada com o site principal, com identidade visual e organiza\u00e7\u00e3o das informa\u00e7\u00f5es de forma padronizada. O atual s\u00edtio principal da UFSM foi disponibilizado ao p\u00fablico em agosto de 2018. \u00c9 o s\u00e9timo desde que a Universidade deu in\u00edcio a sua presen\u00e7a digital em 1997. A proposta atual foi constru\u00edda coletivamente a partir de diretrizes definidas pelo Grupo de Trabalho em M\u00eddias Digitais, integrado por t\u00e9cnicos e professores das \u00e1reas de Tecnologia da Informa\u00e7\u00e3o, Comunica\u00e7\u00e3o Social, Arquivologia e Acessibilidade.<\/p>\n<p style=\"text-align: justify\">\u00a0 \u00a0 \u00a0 \u00a0 \u00a0Em 2019, as principais altera\u00e7\u00f5es, implantadas pelo Centro de Processamento de Dados, tiveram como finalidade ampliar a acessibilidade dos usu\u00e1rios, com a mudan\u00e7a do menu principal, e apresentar de melhor maneira as informa\u00e7\u00f5es relacionadas aos cursos de gradua\u00e7\u00e3o e p\u00f3s-gradua\u00e7\u00e3o. Na estrutura atual, o menu est\u00e1 mais compacto, apresentado em barra as informa\u00e7\u00f5es que estavam anteriormente na lateral esquerda. Para quem acessa o s\u00edtio pelo desktop, notar\u00e1 uma p\u00e1gina mais leve. No celular, a experi\u00eancia do usu\u00e1rio tamb\u00e9m melhorou, pois os dois menus (lateral e horizontal) est\u00e3o unificados, o que permite telas iniciais com menos informa\u00e7\u00f5es visuais.<\/p>\n<p style=\"text-align: justify\">\u00a0 \u00a0 \u00a0 \u00a0A altera\u00e7\u00e3o do menu tamb\u00e9m foi pensada para facilitar o acesso de internautas cegos ou com baixa vis\u00e3o. Os leitores de tela, como NVDA (Non Visual Desktop Access), n\u00e3o ler\u00e3o mais todo o menu horizontal a cada novo acesso \u00e0 p\u00e1gina inicial. Todos os sites da UFSM, incluindo o do POSCOM, s\u00e3o acess\u00edveis em LIBRAS.<\/p>\n<\/td>\n<\/tr>\n<tr>\n<td style=\"border-style: solid;border-color: #0a0101;background-color: #f0d159;text-align: center\">\n<h2>Facebook<\/h2>\n<\/td>\n<td style=\"text-align: justify;border-style: solid;border-color: #120202;background-color: #f7f6f2\">\u00a0Com o objetivo de potencializar o acesso \u00e0s informa\u00e7\u00f5es divulgadas no site, buscou-se ampliar a divulga\u00e7\u00e3o do Programa tamb\u00e9m nas redes sociais. Em 2013 foi criada a fanpage do POSCOM\/UFSM no Facebook com o objetivo de ampliar a divulga\u00e7\u00e3o das informa\u00e7\u00f5es oficiais que s\u00e3o publicadas no site do Programa, al\u00e9m de garantir outra forma de contato com alunos, professores e comunidade em geral. Al\u00e9m de textos, s\u00e3o compartilhadas fotos de atividades promovidas, chamadas de eventos e demais informa\u00e7\u00f5es de interesse da comunidade acad\u00eamica. O compartilhamento de not\u00edcias sobre atividades de pesquisa, ensino e extens\u00e3o e a busca por uma maior proximidade com os usu\u00e1rios de redes sociais fizeram com que a Fanpage do POSCOM\/UFSM (https:\/\/www.facebook.com\/pages\/Poscom-UFSM\/245813998876757) registrasse ao longo de 2014 um aumento de 70% no n\u00famero de usu\u00e1rios que recebem as informa\u00e7\u00f5es do Programa.\u00a0 Na compara\u00e7\u00e3o entres os anos de 2017 e 2018, a Fanpage do POSCOM registrou crescimento em diversos indicadores. O alcance org\u00e2nico, isto \u00e9, sem impulcionamento, cresceu 16%. Em 2017, 4.082 pessoas foram alcan\u00e7adas pelas publica\u00e7\u00f5es do Programa; j\u00e1 em 2018, foram 4.744. Cabe salientar que esse resultado se torna ainda mais importante tendo em vista que ocorreu, justamente, em um per\u00edodo no qual o Facebook modificou seu algoritmo. Assim, o crescimento demonstra o quanto o conte\u00fado da p\u00e1gina se consolida como relevante para os usu\u00e1rios da rede social. A p\u00e1gina tamb\u00e9m apresentou evolu\u00e7\u00e3o no n\u00famero de \u201ccurtidas\u201d, passando de 1.330 (2017) para 1.419 (2018). Ainda cabe destacar o n\u00famero de seguidores da p\u00e1gina, que em 2017 era de 1.317, e em 2018 aumentou para 1.407, gerando um acr\u00e9scimo de 7%. Al\u00e9m disso, 9% desses seguidores s\u00e3o moradores de 26 pa\u00edses, o que colabora para o reconhecimento internacional do Programa. Em 2019 e em 2020, as redes sociais do POSCOM continuaram a ser atualizadas e se revelaram ainda mais importantes como ve\u00edculo de divulga\u00e7\u00e3o das atividades do Programa.<\/p>\n<p>Acesso <a href=\"https:\/\/www.facebook.com\/poscomufsm\/\"><strong>Facebook POSCOM<\/strong><\/a>.<\/td>\n<\/tr>\n<tr>\n<td style=\"border-style: solid;border-color: #120101;background-color: #4e96ed;text-align: center\">\n<h2>Instagram<\/h2>\n<\/td>\n<td style=\"text-align: justify;border-style: solid;border-color: #120202;background-color: #cae1eb\">Em maio de 2014, foi criada uma conta na rede social online Instagram (http:\/\/www.instagram.com\/poscomufsm). As imagens, v\u00eddeos e pequenos textos caracter\u00edsticos da ferramenta deram \u00eanfase, especialmente, \u00e0 divulga\u00e7\u00e3o da participa\u00e7\u00e3o de docentes e discentes em eventos cient\u00edficos e \u00e0s defesas de disserta\u00e7\u00f5es e teses do Programa. As atividades do Programa ainda foram divulgadas nesta rede social. Acesso ao <strong><a href=\"https:\/\/www.instagram.com\/poscomufsm\/p\/Cx_OSD8MM_O\/\">Instagram POSCOM<\/a>.<\/strong><\/td>\n<\/tr>\n<tr>\n<td style=\"border-style: solid;border-color: #120202;background-color: #54c8e8;text-align: center\">\n<h2>Canal POSCOM no YouTube<\/h2>\n<\/td>\n<td style=\"text-align: justify;border-style: solid;border-color: #000405;background-color: #d5ecf5\">Em abril de 2020, foi criado o canal do POSCOM no YouTube. Atrav\u00e9s do projeto de extens\u00e3o \u201cPoscom Juntes em Casa\u201d, coordenado pela profa. Sandra R\u00fabia da Silva (coordenadora do POSCOM) foram ofertadas atividades semanais extracurriculares na forma de \u201clives\u201d com a participa\u00e7\u00e3o de discentes, docentes e convidados externos ao Programa. O conte\u00fado produzido soma mais de cinquenta v\u00eddeos e foi visualizado mais de nove mil vezes. O canal encerrou 2020 com 432 inscritos e, em junho de 2021, contava com 453 inscritos. Aceso ao<a href=\"https:\/\/www.youtube.com\/channel\/UCwAKzfL4AQEwf87jsgGozIg\"><strong> Canal POSCOM no You tube<\/strong><\/a><\/td>\n<\/tr>\n<tr>\n<td style=\"border-style: solid;border-color: #0f0303;background-color: #f7c983;text-align: center\">\n<h2>Revista Cientifica Cadernos de Comunica\u00e7\u00e3o<\/h2>\n<\/td>\n<td style=\"text-align: justify;border-style: solid;border-color: #140303;background-color: #fcf8ed\">Tendo a divulga\u00e7\u00e3o cient\u00edfica como outra estrat\u00e9gia de visibilidade, destacam-se os dois peri\u00f3dicos vinculados ao POSCOM\/UFSM: Animus e Cadernos de Comunica\u00e7\u00e3o. No Qualis, est\u00e3o classificadas como B1 e B4, respectivamente. A Revista Cient\u00edfica Cadernos de Comunica\u00e7\u00e3o foi criada com o intuito de veicular os resultados dos estudos realizados no campo da comunica\u00e7\u00e3o e incentivar a produ\u00e7\u00e3o acad\u00eamica e cient\u00edfica. Procura inserir-se no espa\u00e7o das reflex\u00f5es sobre os fen\u00f4menos culturais e midi\u00e1ticos de nossa sociedade em tempos de globaliza\u00e7\u00e3o, procurando explicitar as ideias e valores que a constroem. Tem como foco a publica\u00e7\u00e3o de pesquisas da \u00e1rea de Comunica\u00e7\u00e3o e correlatas, tanto pela perspectiva te\u00f3rica como emp\u00edrica. \u00c9 direcionado aos pesquisadores em forma\u00e7\u00e3o e titulados a partir de cinco se\u00e7\u00f5es claramente definidas (Artigos livres; Dossi\u00eas Tem\u00e1ticos; Comunica\u00e7\u00e3o de Resultados de Pesquisa; Relatos de Caso e Resenhas). S\u00e3o aceitos somente textos in\u00e9ditos nos seguintes idiomas: portugu\u00eas, ingl\u00eas ou espanhol. Todas as edi\u00e7\u00f5es est\u00e3o dispon\u00edveis online. <a href=\"https:\/\/periodicos.ufsm.br\/index.php\/ccomunicacao\"><strong>Acesso Cadernos de Comunica\u00e7\u00e3o.\u00a0<\/strong><\/a><\/td>\n<\/tr>\n<tr>\n<td style=\"border-style: solid;border-color: #030000;background-color: #f2b929;text-align: center\">\n<h2>Revista Animus<\/h2>\n<\/td>\n<td style=\"text-align: justify;border-style: solid;border-color: #0f0202;background-color: #f7e9e9\">\u00a0 \u00a0 A Animus &#8211; Revista Interamericana de Comunica\u00e7\u00e3o Midi\u00e1tica (Qualis B1), peri\u00f3dico do POSCOM\/UFSM, encontra-se em fase de convers\u00e3o de seus conte\u00fados para os idiomas ingl\u00eas e espanhol, ademais das funcionalidades em outros idiomas j\u00e1 disponibilizadas pela plataforma SEER (https:\/\/periodicos.ufsm.br\/animus). Criada em 2002, em 2020 atingiu sua 41\u00aa. edi\u00e7\u00e3o e 19 volumes, contabilizando quase vinte anos de exist\u00eancia. Todas suas edi\u00e7\u00f5es encontram-se dispon\u00edveis on line, tendo j\u00e1 publicado artigos em espanhol, franc\u00eas, italiano e ingl\u00eas, ademais do portugu\u00eas. At\u00e9 2012 o peri\u00f3dico contava com edi\u00e7\u00f5es online e impressa. Animus contou com apoio da Pr\u00f3-Reitoria de P\u00f3s-Gradua\u00e7\u00e3o e Pesquisa da UFSM atrav\u00e9s do Edital Pr\u00f3-Publica\u00e7\u00f5es em todo o per\u00edodo do quadri\u00eanio. Os recursos proporcionaram o uso de um software antipl\u00e1gio, facilitando a atividade dos pareceristas. Financiam, igualmente, a atividade de dois bolsistas que atuam na divulga\u00e7\u00e3o de Animus, gerando altmetrics a partir da circula\u00e7\u00e3o dos conte\u00fados nas m\u00eddias sociais. A gera\u00e7\u00e3o dessas m\u00e9tricas alternativas visa promover a difus\u00e3o de conte\u00fados cient\u00edficos, aproximando os p\u00fablicos da produ\u00e7\u00e3o cient\u00edfica em humanidades e, especialmente, na Comunica\u00e7\u00e3o. Os artigos de Animus contam com o DOI, sistema de identifica\u00e7\u00e3o num\u00e9rica que facilita a busca de qualquer texto, em n\u00edvel global, no ambiente digital. H\u00e1 um esfor\u00e7o de conceder DOI inclusive \u00e0s edi\u00e7\u00f5es passadas. A partir de 2016, passa a utilizar tamb\u00e9m o ORCID, um sistema de identifica\u00e7\u00e3o num\u00e9rica relacionado ao pesquisador. Animus encontra-se indexada em bases como Redalyc, Sum\u00e1rios. Org, DOAJ, Georgetown University Library, Redalyc e MIAR.Acesso a <a href=\"https:\/\/periodicos.ufsm.br\/index.php\/animus\/index\"><strong>Revista Animus<\/strong><\/a><\/td>\n<\/tr>\n<tr>\n<td style=\"border-style: solid;border-color: #0a0101;background-color: #f5941d;text-align: center\">\n<h2>Plataforma 50\/50<\/h2>\n<\/td>\n<td style=\"text-align: justify;border-style: solid;border-color: #0d0101;background-color: #faf5eb\">\u00a0A plataforma 50\/50 surgiu atrav\u00e9s do projeto de ensino, o 50\/50 &#8211; Igualdade de g\u00eanero no ensino e no mercado da comunica\u00e7\u00e3o, que se transformou tamb\u00e9m em projeto de extens\u00e3o, no qual desenvolvemos essa plataforma que conecta mercado de trabalho e universidade, cadastrando vagas e oportunidades e tamb\u00e9m os interesses das estudantes rec\u00e9m graduadas. Acesso a <a href=\"https:\/\/www.nospesquisacriativa.com.br\/50\"><strong>Plataforma 50|50<\/strong><\/a><\/td>\n<\/tr>\n<\/tbody>\n<\/table>\n","protected":false},"excerpt":{"rendered":"<p>Visibilidade Site do Programa \u00a0 \u00a0 \u00a0O site institucional (www.ufsm.br\/poscom) \u00e9 um dos principais suportes usados para tornar p\u00fablicos os eventos organizados pelo Programa, assim como a produ\u00e7\u00e3o intelectual dos pesquisadores e a participa\u00e7\u00e3o de docentes e discentes em eventos cient\u00edficos. Por meio do site, tamb\u00e9m se d\u00e1 visibilidade ao hist\u00f3rico do Programa, \u00e0s linhas [&hellip;]<\/p>\n","protected":false},"author":905,"featured_media":0,"parent":0,"menu_order":0,"comment_status":"closed","ping_status":"closed","template":"","meta":{"footnotes":""},"categories":[],"tags":[],"class_list":["post-3494","page","type-page","status-publish","hentry"],"acf":[],"_links":{"self":[{"href":"https:\/\/www.ufsm.br\/cursos\/pos-graduacao\/santa-maria\/poscom\/wp-json\/wp\/v2\/pages\/3494","targetHints":{"allow":["GET"]}}],"collection":[{"href":"https:\/\/www.ufsm.br\/cursos\/pos-graduacao\/santa-maria\/poscom\/wp-json\/wp\/v2\/pages"}],"about":[{"href":"https:\/\/www.ufsm.br\/cursos\/pos-graduacao\/santa-maria\/poscom\/wp-json\/wp\/v2\/types\/page"}],"author":[{"embeddable":true,"href":"https:\/\/www.ufsm.br\/cursos\/pos-graduacao\/santa-maria\/poscom\/wp-json\/wp\/v2\/users\/905"}],"replies":[{"embeddable":true,"href":"https:\/\/www.ufsm.br\/cursos\/pos-graduacao\/santa-maria\/poscom\/wp-json\/wp\/v2\/comments?post=3494"}],"version-history":[{"count":0,"href":"https:\/\/www.ufsm.br\/cursos\/pos-graduacao\/santa-maria\/poscom\/wp-json\/wp\/v2\/pages\/3494\/revisions"}],"wp:attachment":[{"href":"https:\/\/www.ufsm.br\/cursos\/pos-graduacao\/santa-maria\/poscom\/wp-json\/wp\/v2\/media?parent=3494"}],"wp:term":[{"taxonomy":"category","embeddable":true,"href":"https:\/\/www.ufsm.br\/cursos\/pos-graduacao\/santa-maria\/poscom\/wp-json\/wp\/v2\/categories?post=3494"},{"taxonomy":"post_tag","embeddable":true,"href":"https:\/\/www.ufsm.br\/cursos\/pos-graduacao\/santa-maria\/poscom\/wp-json\/wp\/v2\/tags?post=3494"}],"curies":[{"name":"wp","href":"https:\/\/api.w.org\/{rel}","templated":true}]}}