{"id":3497,"date":"2024-08-01T11:05:21","date_gmt":"2024-08-01T14:05:21","guid":{"rendered":"https:\/\/www.ufsm.br\/cursos\/pos-graduacao\/santa-maria\/poscom\/?page_id=3497"},"modified":"2024-08-06T08:24:53","modified_gmt":"2024-08-06T11:24:53","slug":"missao-e-valores-do-poscom","status":"publish","type":"page","link":"https:\/\/www.ufsm.br\/cursos\/pos-graduacao\/santa-maria\/poscom\/missao-e-valores-do-poscom","title":{"rendered":"Miss\u00e3o, Vis\u00e3o, Valores e Objetivos do POSCOM\u00a0"},"content":{"rendered":"\n<p>\u00a0<\/p>\n<table style=\"height: 1196px;width: 100%;border-collapse: collapse;border-style: solid;border-color: #0d0202\">\n<tbody>\n<tr style=\"height: 145px\">\n<td style=\"border-style: solid;border-color: #120202;background-color: #ebe8e8;height: 145px\" colspan=\"2\">\n<p><img decoding=\"async\" class=\"wp-image-3511  alignleft\" style=\"font-size: revert;font-family: inherit;font-weight: inherit;color: initial\" src=\"https:\/\/www.ufsm.br\/app\/uploads\/sites\/513\/2024\/08\/POSCOM-Fundo-Transparente-1-150x150.png\" alt=\"\" width=\"105\" height=\"105\" srcset=\"https:\/\/www.ufsm.br\/app\/uploads\/sites\/513\/2024\/08\/POSCOM-Fundo-Transparente-1-150x150.png 150w, https:\/\/www.ufsm.br\/app\/uploads\/sites\/513\/2024\/08\/POSCOM-Fundo-Transparente-1-300x300.png 300w, https:\/\/www.ufsm.br\/app\/uploads\/sites\/513\/2024\/08\/POSCOM-Fundo-Transparente-1.png 500w\" sizes=\"(max-width: 105px) 100vw, 105px\" \/><\/p>\n<p>\u00a0 \u00a0 \u00a0 \u00a0<\/p>\n<h2 style=\"text-align: center\">\u00a0Programa de P\u00f3s-Gradua\u00e7\u00e3o em Comunica\u00e7\u00e3o _ POSCOM\u00a0<\/h2>\n<\/td>\n<\/tr>\n<tr style=\"height: 124px\">\n<td style=\"height: 124px;border-style: solid;border-color: #0f0202;background-color: #f7bf4f\">\n<h2 style=\"text-align: center\">Miss\u00e3o<\/h2>\n<\/td>\n<td style=\"height: 124px;border-style: solid;border-color: #0f0202;background-color: #f7f6eb\">\n<p style=\"text-align: justify\">\u00a0 \u00a0 \u00a0 \u00a0 \u00a0 A miss\u00e3o POSCOM\/UFSM reside, acima de tudo, na forma\u00e7\u00e3o de recursos humanos de alto n\u00edvel, comprometidos com o pensamento cient\u00edfico cr\u00edtico, capazes de contribuir com o desenvolvimento da sociedade de modo \u00e9tico, inovador e socialmente respons\u00e1vel.<\/p>\n<\/td>\n<\/tr>\n<tr style=\"height: 147px\">\n<td style=\"height: 147px;border-style: solid;border-color: #120202;background-color: #f5dcab\">\n<h2 style=\"text-align: center\">Vis\u00e3o<\/h2>\n<\/td>\n<td style=\"height: 147px;border-style: solid;border-color: #120202;background-color: #f5eee6\">\n<p style=\"text-align: justify\">\u00a0 \u00a0 \u00a0 \u00a0 \u00a0Ser reconhecido como um programa de p\u00f3s-gradua\u00e7\u00e3o em comunica\u00e7\u00e3o de refer\u00eancia no \u00e2mbito das institui\u00e7\u00f5es federais, promovendo excel\u00eancia em sua atua\u00e7\u00e3o em favor de toda comunidade acad\u00eamica e da sociedade em geral.<\/p>\n<p style=\"text-align: justify\">\u00a0 \u00a0 \u00a0 \u00a0 \u00a0 \u00a0 \u00a0 \u00a0 \u00a0 \u00a0 \u00a0 \u00a0 \u00a0 \u00a0 \u00a0 \u00a0<\/p>\n<\/td>\n<\/tr>\n<tr style=\"height: 378px\">\n<td style=\"height: 378px;border-style: solid;border-color: #120202;background-color: #7cd8f7\">\n<h2 style=\"text-align: justify\">Valores<\/h2>\n<\/td>\n<td style=\"height: 378px;border-style: solid;border-color: #120202;background-color: #e9f7f6\">\n<h3 style=\"text-align: justify\">\u00a0<\/h3>\n<ul>\n<li>\u00c9tica<\/li>\n<li>Transpar\u00eancia;<\/li>\n<li>Legalidade;<\/li>\n<li>Impessoalidade;<\/li>\n<li>Comprometimento;<\/li>\n<li>Justi\u00e7a;<\/li>\n<li>Seguran\u00e7a;<\/li>\n<li>Respeito;<\/li>\n<li>Colabora\u00e7\u00e3o.<\/li>\n<\/ul>\n<\/td>\n<\/tr>\n<tr style=\"height: 451px\">\n<td style=\"height: 402px;border-style: solid;border-color: #0f0101;background-color: #5da6f5\">\n<h3 style=\"text-align: justify\">Objetivos<\/h3>\n<\/td>\n<td style=\"height: 402px;border-style: solid;border-color: #0f0101;background-color: #d5e8f2\">\n<h2 style=\"text-align: justify\">\u00a0 \u00a0<\/h2>\n<ol>\n<li style=\"text-align: justify\">\u00a0Qualificar docentes e pesquisadores para desenvolver pesquisas cient\u00edficas de alto n\u00edvel no campo das Ci\u00eancias da Comunica\u00e7\u00e3o;<\/li>\n<li style=\"text-align: justify\">\u00a0Contribuir para a compreens\u00e3o sistem\u00e1tica e cr\u00edtica de objetos de estudo no \u00e2mbito da \u00e1rea de concentra\u00e7\u00e3o em Comunica\u00e7\u00e3o Midi\u00e1tica, qualificando-a como \u00e1rea cient\u00edfica e promovendo o seu reconhecimento tanto no plano regional, como nacional e internacional;<\/li>\n<li style=\"text-align: justify\">Desenvolver investiga\u00e7\u00f5es originais, com qualidade, para alargar as fronteiras do conhecimento da \u00e1rea de Comunica\u00e7\u00e3o, especialmente no que diz respeito \u00e0s duas linhas de pesquisa do Programa: M\u00eddia e Identidades Contempor\u00e2neas e M\u00eddia e Estrat\u00e9gias Comunicacionais;<\/li>\n<li style=\"text-align: justify\">Proporcionar a qualifica\u00e7\u00e3o de atividades conjuntas entre os cursos de gradua\u00e7\u00e3o, mestrado e doutorado;<\/li>\n<li style=\"text-align: justify\">Oportunizar a interioriza\u00e7\u00e3o da qualifica\u00e7\u00e3o no contexto atual da P\u00f3s-gradua\u00e7\u00e3o no Brasil.<\/li>\n<li style=\"text-align: justify\">Fomentar um ambiente acad\u00eamico de pesquisa com interc\u00e2mbios nacionais e internacionais, inova\u00e7\u00e3o social e transfer\u00eancia de conhecimento para a sociedade.\u00a0 \u00a0 \u00a0 \u00a0 \u00a0 \u00a0 \u00a0 \u00a0 \u00a0 \u00a0<\/li>\n<\/ol>\n<\/td>\n<\/tr>\n<\/tbody>\n<\/table>\n<p>\u00a0<\/p>\n<p>\u00a0<\/p>\n<p>\u00a0<\/p>\n<p>\u00a0<\/p>\n","protected":false},"excerpt":{"rendered":"<p>\u00a0 \u00a0 \u00a0 \u00a0 \u00a0 \u00a0Programa de P\u00f3s-Gradua\u00e7\u00e3o em Comunica\u00e7\u00e3o _ POSCOM\u00a0 Miss\u00e3o \u00a0 \u00a0 \u00a0 \u00a0 \u00a0 A miss\u00e3o POSCOM\/UFSM reside, acima de tudo, na forma\u00e7\u00e3o de recursos humanos de alto n\u00edvel, comprometidos com o pensamento cient\u00edfico cr\u00edtico, capazes de contribuir com o desenvolvimento da sociedade de modo \u00e9tico, inovador e socialmente respons\u00e1vel. Vis\u00e3o [&hellip;]<\/p>\n","protected":false},"author":905,"featured_media":0,"parent":0,"menu_order":0,"comment_status":"closed","ping_status":"closed","template":"","meta":{"footnotes":""},"categories":[],"tags":[],"class_list":["post-3497","page","type-page","status-publish","hentry"],"acf":[],"_links":{"self":[{"href":"https:\/\/www.ufsm.br\/cursos\/pos-graduacao\/santa-maria\/poscom\/wp-json\/wp\/v2\/pages\/3497","targetHints":{"allow":["GET"]}}],"collection":[{"href":"https:\/\/www.ufsm.br\/cursos\/pos-graduacao\/santa-maria\/poscom\/wp-json\/wp\/v2\/pages"}],"about":[{"href":"https:\/\/www.ufsm.br\/cursos\/pos-graduacao\/santa-maria\/poscom\/wp-json\/wp\/v2\/types\/page"}],"author":[{"embeddable":true,"href":"https:\/\/www.ufsm.br\/cursos\/pos-graduacao\/santa-maria\/poscom\/wp-json\/wp\/v2\/users\/905"}],"replies":[{"embeddable":true,"href":"https:\/\/www.ufsm.br\/cursos\/pos-graduacao\/santa-maria\/poscom\/wp-json\/wp\/v2\/comments?post=3497"}],"version-history":[{"count":0,"href":"https:\/\/www.ufsm.br\/cursos\/pos-graduacao\/santa-maria\/poscom\/wp-json\/wp\/v2\/pages\/3497\/revisions"}],"wp:attachment":[{"href":"https:\/\/www.ufsm.br\/cursos\/pos-graduacao\/santa-maria\/poscom\/wp-json\/wp\/v2\/media?parent=3497"}],"wp:term":[{"taxonomy":"category","embeddable":true,"href":"https:\/\/www.ufsm.br\/cursos\/pos-graduacao\/santa-maria\/poscom\/wp-json\/wp\/v2\/categories?post=3497"},{"taxonomy":"post_tag","embeddable":true,"href":"https:\/\/www.ufsm.br\/cursos\/pos-graduacao\/santa-maria\/poscom\/wp-json\/wp\/v2\/tags?post=3497"}],"curies":[{"name":"wp","href":"https:\/\/api.w.org\/{rel}","templated":true}]}}