{"id":3507,"date":"2024-08-01T11:36:01","date_gmt":"2024-08-01T14:36:01","guid":{"rendered":"https:\/\/www.ufsm.br\/cursos\/pos-graduacao\/santa-maria\/poscom\/?page_id=3507"},"modified":"2024-08-01T11:36:02","modified_gmt":"2024-08-01T14:36:02","slug":"internacionalizacao-convenios","status":"publish","type":"page","link":"https:\/\/www.ufsm.br\/cursos\/pos-graduacao\/santa-maria\/poscom\/internacionalizacao-convenios","title":{"rendered":"Internacionaliza\u00e7\u00e3o &#8211; Conv\u00eanios"},"content":{"rendered":"\n\n\n<p style=\"text-align: justify\"><strong>Interc\u00e2mbios Internacionais<\/strong><\/p>\n<p style=\"text-align: justify\">No \u00e2mbito internacional, devido \u00e0 localiza\u00e7\u00e3o estrat\u00e9gica da UFSM, o Programa visa promover a\u00e7\u00f5es que contribuam especialmente para implementar e consolidar fortes rela\u00e7\u00f5es com universidades e pesquisadores latino-americanos. Mas tamb\u00e9m desenvolve parcerias e di\u00e1logos com universidades e pesquisadores europeus e anglo-sax\u00f5es.<\/p>\n<p><strong>Conv\u00eanio com Universidades Argentinas\u00a0 &#8211; Programa CAPES\/MINCYT<\/strong><\/p>\n<p style=\"text-align: justify\">O Programa de P\u00f3s-gradua\u00e7\u00e3o em Comunica\u00e7\u00e3o implementou em 2013 a proposta aprovada no ano anterior referente ao Edital CAPES CGCI n\u00b0 029\/2012 Programa CAPES\/MINCYT (Processo Capes Mincyt 10572013, processo no. 23038.0028822013-49), coordenado pela professora Eugenia Mariano da Rocha Barichello. A proposta aprovada intitula-se \u201c<em>Tend\u00eancias e usos das tecnologias de informa\u00e7\u00e3o e comunica\u00e7\u00e3o. Perspectivas das ci\u00eancias da Comunica\u00e7\u00e3o e da Informa\u00e7\u00e3o<\/em>\u201d e envolveu at\u00e9 2015 atividades de uma rede de pesquisadores em miss\u00f5es de trabalho, miss\u00f5es de estudo e realiza\u00e7\u00e3o de est\u00e1gios p\u00f3s-doutorais e doutorados sandu\u00edche de brasileiros na Argentina e de argentinos no Brasil. Os programas participantes da proposta, ademais do programa da UFSM, s\u00e3o o Programa de p\u00f3s-gradua\u00e7\u00e3o em Extens\u00e3o Rural, tamb\u00e9m da UFSM, e o programa de p\u00f3s-gradua\u00e7\u00e3o em Informa\u00e7\u00e3o e Comunica\u00e7\u00e3o da UFRGS.<\/p>\n<p style=\"text-align: justify\"><strong>Conv\u00eanio com a Universidade Nacional de La Plata na Argentina<\/strong>\u00a0<\/p>\n<p style=\"text-align: justify\">Um contato proporcionado pela pesquisadora Lila Luchessi (Conycet, UBA e UNRN) durante a estadia da professora Ada Machado Silveira (POSCOM\/UFSM) em seu est\u00e1gio p\u00f3s-doutoral proporcionou o encontro com o Dr. Cezar Tato D\u00edaz da Universidad Nacional de La Plata (Argentina). Por convite seu, a pesquisadora da UFSM participou das Jornadas \u201cLa Comunicaci\u00f3n est\u00e1 de Historia\u201d, organizada pela Facultad de Periodismo y Comunicaci\u00f3n Social de la Universidad Nacional de La Plata, em 12 e 13 de novembro de 2015, oportunidade em que apresentou o texto intitulado \u201cUn saber contra la barb\u00e1rie: inicios de la popularizaci\u00f3n de la ci\u00eancia en el espacio platino de Uruguay e Brasil\u201c, posteriormente publicado pela revista Improntas de la Historia y de la Comunicaci\u00f3n (ISSN 2469-0457). A professora foi posteriormente convidada a integrar o Conselho Editorial. A revista \u00e9 editada pelo Centro de Estudios en Historia \/ Comunicaci\u00f3n \/ Periodismo \/ Medios (CEHICOPEME) de la Facultad de Periodismo y Comunicaci\u00f3n Social de la Universidad Nacional de La Plata, Argentina. A conforma\u00e7\u00e3o do corpo editorial foi aprovada pela Resolu\u00e7\u00e3o no. 224\/2015 do Conselho Diretivo da institui\u00e7\u00e3o. Ademais dessas atividades, o grupo est\u00e1 articulando um Programa de pesquisas comum em torno de temas de Hist\u00f3ria do Jornalismo Comparado Argentina-Brasil.<\/p>\n<p><strong>Conv\u00eanio com a Associa\u00e7\u00e3o de Universidades do Grupo Montevideo (AUGM)<\/strong><\/p>\n<p style=\"text-align: justify\">Desde 2012 iniciou o Programa Piloto de Mobilidade Acad\u00eamica de Alunos de P\u00f3s-Gradua\u00e7\u00e3o no \u00e2mbito das IES Pertencentes \u00e0 Associa\u00e7\u00e3o de Universidades Grupo Montevideo (AUGM), da qual participam Brasil, Argentina, Bol\u00edvia, Chile, Paraguai e Uruguai. O Programa de interc\u00e2mbio discente e docente, Programa Escala , tamb\u00e9m j\u00e1 est\u00e1 consolidado em n\u00edvel de gradua\u00e7\u00e3o em Comunica\u00e7\u00e3o na UFSM. Em 2013, o Programa recebeu a acad\u00eamica de Mestrado Maria Liz Benitez Almeida, pela AUGM.<\/p>\n<p style=\"text-align: justify\"><strong>Conv\u00eanio com a Universidade Beira-Interior<\/strong><\/p>\n<p style=\"text-align: justify\">Dando continuidade \u00e0s atividades de parceria e di\u00e1logo com a Universidade Beira-Interior (Portugal), via conv\u00eanio implementado em 2013, foi lan\u00e7ado em 30 de abril de 2015 o livro \u201cNovos Media e Novos P\u00fablicos\u201d organizado pelos professores Flavi Ferreira Lisboa Filho (POSCOM) e Gisela Gon\u00e7alves (UBI). A obra trata da import\u00e2ncia da constru\u00e7\u00e3o de rela\u00e7\u00f5es entre as organiza\u00e7\u00f5es e os p\u00fablicos em ambiente web no conjunto de textos reunidos, cuja autoria \u00e9 de investigadores portugueses e brasileiros. A publica\u00e7\u00e3o constitui o terceiro volume da cole\u00e7\u00e3o \u201cRela\u00e7\u00f5es P\u00fablicas e Comunica\u00e7\u00e3o Organizacional \u2013 Dos fundamentos \u00e0s pr\u00e1ticas\u201d, que visa promover uma reflex\u00e3o cr\u00edtica alargada \u00e0s diversas teorias, manifesta\u00e7\u00f5es e aplica\u00e7\u00f5es das Rela\u00e7\u00f5es P\u00fablicas e da Comunica\u00e7\u00e3o Organizacional na contemporaneidade.<\/p>\n<p style=\"text-align: justify\"><strong>Conv\u00eanio com a Universidade do Aveiro<\/strong><\/p>\n<p style=\"text-align: justify\">Em 2015, a a\u00e7\u00e3o deste conv\u00eanio foi o planejamento do livro \u201cEstudos culturais e interfaces: objetos, metoologias e desenhos de investiga\u00e7\u00e3o\u201d, a partir da sele\u00e7\u00e3o de textos de pesquisadores brasileiros e portugueses, a ser publicado em 2016 pelo Programa Doutoral em Estudos Culturais das Universidades do Aveiro e do Minho. O professor Flavi Ferreira Lisboa Filho do POSCOM participou da organiza\u00e7\u00e3o do livro.<\/p>\n<p style=\"text-align: justify\"><strong>Conv\u00eanio com a Karlstad University (Su\u00e9cia)<\/strong><\/p>\n<p style=\"text-align: justify\">O conv\u00eanio com a Karlstad University (Su\u00e9cia) iniciou com a participa\u00e7\u00e3o da doutoranda do Department of Geography Media and Communication Paola Sartoretto em aulas da gradua\u00e7\u00e3o e p\u00f3s-gradua\u00e7\u00e3o no Poscom. A doutoranda integra tamb\u00e9m o Grupo de Pesquisa Comunica\u00e7\u00e3o, Pol\u00edticas P\u00fablicas e Cidadania, liderado pela professora Rosane Rosa (POSCOM\/UFSM). O acordo de coopera\u00e7\u00e3o firmado em 2011 atrav\u00e9s do Memorando de Entendimento entre a Universidade de Karlstad e a Universidade Federal de Santa Maria prev\u00ea o interc\u00e2mbio de discentes e docentes e produ\u00e7\u00f5es conjuntas entre o Programa de P\u00f3s-Gradua\u00e7\u00e3o em Comunica\u00e7\u00e3o da UFSM e o Departamento de Geografia, M\u00eddia e Comunica\u00e7\u00e3o da Universidade de Karlstad.<\/p>\n","protected":false},"excerpt":{"rendered":"<p>Interc\u00e2mbios Internacionais No \u00e2mbito internacional, devido \u00e0 localiza\u00e7\u00e3o estrat\u00e9gica da UFSM, o Programa visa promover a\u00e7\u00f5es que contribuam especialmente para implementar e consolidar fortes rela\u00e7\u00f5es com universidades e pesquisadores latino-americanos. Mas tamb\u00e9m desenvolve parcerias e di\u00e1logos com universidades e pesquisadores europeus e anglo-sax\u00f5es. Conv\u00eanio com Universidades Argentinas\u00a0 &#8211; Programa CAPES\/MINCYT O Programa de P\u00f3s-gradua\u00e7\u00e3o em [&hellip;]<\/p>\n","protected":false},"author":905,"featured_media":0,"parent":0,"menu_order":0,"comment_status":"closed","ping_status":"closed","template":"","meta":{"footnotes":""},"categories":[],"tags":[],"class_list":["post-3507","page","type-page","status-publish","hentry"],"acf":[],"_links":{"self":[{"href":"https:\/\/www.ufsm.br\/cursos\/pos-graduacao\/santa-maria\/poscom\/wp-json\/wp\/v2\/pages\/3507","targetHints":{"allow":["GET"]}}],"collection":[{"href":"https:\/\/www.ufsm.br\/cursos\/pos-graduacao\/santa-maria\/poscom\/wp-json\/wp\/v2\/pages"}],"about":[{"href":"https:\/\/www.ufsm.br\/cursos\/pos-graduacao\/santa-maria\/poscom\/wp-json\/wp\/v2\/types\/page"}],"author":[{"embeddable":true,"href":"https:\/\/www.ufsm.br\/cursos\/pos-graduacao\/santa-maria\/poscom\/wp-json\/wp\/v2\/users\/905"}],"replies":[{"embeddable":true,"href":"https:\/\/www.ufsm.br\/cursos\/pos-graduacao\/santa-maria\/poscom\/wp-json\/wp\/v2\/comments?post=3507"}],"version-history":[{"count":0,"href":"https:\/\/www.ufsm.br\/cursos\/pos-graduacao\/santa-maria\/poscom\/wp-json\/wp\/v2\/pages\/3507\/revisions"}],"wp:attachment":[{"href":"https:\/\/www.ufsm.br\/cursos\/pos-graduacao\/santa-maria\/poscom\/wp-json\/wp\/v2\/media?parent=3507"}],"wp:term":[{"taxonomy":"category","embeddable":true,"href":"https:\/\/www.ufsm.br\/cursos\/pos-graduacao\/santa-maria\/poscom\/wp-json\/wp\/v2\/categories?post=3507"},{"taxonomy":"post_tag","embeddable":true,"href":"https:\/\/www.ufsm.br\/cursos\/pos-graduacao\/santa-maria\/poscom\/wp-json\/wp\/v2\/tags?post=3507"}],"curies":[{"name":"wp","href":"https:\/\/api.w.org\/{rel}","templated":true}]}}