{"id":3517,"date":"2024-08-02T08:01:48","date_gmt":"2024-08-02T11:01:48","guid":{"rendered":"https:\/\/www.ufsm.br\/cursos\/pos-graduacao\/santa-maria\/poscom\/?page_id=3517"},"modified":"2024-08-13T09:48:23","modified_gmt":"2024-08-13T12:48:23","slug":"projetos-de-extensao-poscom","status":"publish","type":"page","link":"https:\/\/www.ufsm.br\/cursos\/pos-graduacao\/santa-maria\/poscom\/projetos-de-extensao-poscom","title":{"rendered":"Projetos de Extens\u00e3o POSCOM"},"content":{"rendered":"\n\n\n<table style=\"border-style: solid;border-color: #120202\">\n<tbody>\n<tr>\n<td style=\"border-style: solid;border-color: #0d0202;background-color: #bdbdbd\" width=\"180\">\n<p style=\"text-align: center\"><strong><img decoding=\"async\" class=\"aligncenter wp-image-3512 size-thumbnail\" src=\"https:\/\/www.ufsm.br\/app\/uploads\/sites\/513\/2024\/08\/POSCOM-Fundo-Transparente-1-1-150x150.png\" alt=\"\" width=\"150\" height=\"150\" srcset=\"https:\/\/www.ufsm.br\/app\/uploads\/sites\/513\/2024\/08\/POSCOM-Fundo-Transparente-1-1-150x150.png 150w, https:\/\/www.ufsm.br\/app\/uploads\/sites\/513\/2024\/08\/POSCOM-Fundo-Transparente-1-1-300x300.png 300w, https:\/\/www.ufsm.br\/app\/uploads\/sites\/513\/2024\/08\/POSCOM-Fundo-Transparente-1-1.png 500w\" sizes=\"(max-width: 150px) 100vw, 150px\" \/>Linhas de Pesquisa<\/strong><\/p>\n<\/td>\n<td style=\"border-style: solid;border-color: #0d0202;background-color: #bdbdbd\" width=\"627\">\n<h1 style=\"text-align: center\">Projetos de Extens\u00e3o POSCOM<\/h1>\n<\/td>\n<\/tr>\n<tr>\n<td style=\"border-style: solid;width: 180px;border-color: #0f0101;background-color: #eda426;text-align: center\" rowspan=\"3\" width=\"180\">\n<h2>M\u00cdDIA E IDENTIDADES CONTEMPOR\u00c2NEAS<\/h2>\n<\/td>\n<td style=\"text-align: justify;border-style: solid;border-color: #0d0101;background-color: #f0efe9\" width=\"627\">\n<p><img decoding=\"async\" class=\"wp-image-2177 size-thumbnail alignnone\" src=\"https:\/\/www.ufsm.br\/app\/uploads\/sites\/513\/2022\/08\/Recorte_Adax-300x300-1-150x150.png\" alt=\"\" width=\"150\" height=\"150\" srcset=\"https:\/\/www.ufsm.br\/app\/uploads\/sites\/513\/2022\/08\/Recorte_Adax-300x300-1-150x150.png 150w, https:\/\/www.ufsm.br\/app\/uploads\/sites\/513\/2022\/08\/Recorte_Adax-300x300-1.png 300w\" sizes=\"(max-width: 150px) 100vw, 150px\" \/><\/p>\n<p><strong>Coordenadora: <\/strong><strong>ADA CRISTINA MACHADO SILVEIRA<\/strong><\/p>\n<p><strong>Projeto: <u>Experimenta\u00e7\u00f5es na pol\u00edtica de acesso aberto<\/u><\/strong><\/p>\n<p><strong>Resumo:<\/strong> A FACOS-UFSM \u00e9 uma editora universit\u00e1ria criada em 2003 com registro autorizado pela Funda\u00e7\u00e3o Biblioteca Nacional. A FACOS-UFSM Editora tem o objetivo de promover publica\u00e7\u00f5es provenientes da produ\u00e7\u00e3o cient\u00edfica, t\u00e9cnica, cultural e acad\u00eamica publicada em suas vers\u00f5es impressa e ebooks, ademais de dar suporte para as edi\u00e7\u00f5es do peri\u00f3dico Animus. Revista Interamericana de Comunica\u00e7\u00e3o Midi\u00e1tica do programa de p\u00f3s-gradua\u00e7\u00e3o em Comunica\u00e7\u00e3o da UFSM. A atividade de FACOS-UFSM est\u00e1 apoiada em recente resolu\u00e7\u00e3o aprovada no \u00e2mbito da UFSM, a qual oportuniza a constru\u00e7\u00e3o coletiva do ecossistema comunicativo de uma pol\u00edtica editorial para o conjunto de editoras universit\u00e1rias, que n\u00e3o gozam de recursos or\u00e7ament\u00e1rios, de pessoal ou de infraestrutura. A editora em sua atividade de publica\u00e7\u00f5es de livros conta com duas dezenas de obras publicadas, sendo metade delas especificamente na \u00e1rea da Comunica\u00e7\u00e3o. Seu objetivo geral consiste em desenvolver experimenta\u00e7\u00f5es dentro da pol\u00edtica de acesso aberto (open access). Um objetivo espec\u00edfico consiste em incrementar o car\u00e1ter experimental de FACOS-UFSM Editora, desenvolvendo da pol\u00edtica de autopublica\u00e7\u00e3o sem custos, pr\u00e1tica que favorece a forma\u00e7\u00e3o discente e ainda questiona velhas pr\u00e1ticas de edi\u00e7\u00e3o de livros, operantes nas universidades p\u00fablicas. Ademais deste objetivo espec\u00edfico, FACOS-UFSM Editora destina-se \u00e0 forma\u00e7\u00e3o discente de alunos de gradua\u00e7\u00e3o e de p\u00f3s-gradua\u00e7\u00e3o. Suas atividades contam com suporte do Departamento de Ci\u00eancias da Comunica\u00e7\u00e3o da UFSM, campus sede. A Editora possui um Portal de E-books com alimenta\u00e7\u00e3o de links provenientes do cervo digital do reposit\u00f3rio Manancial da Biblioteca Central da UFSM em permanente atualiza\u00e7\u00e3o. No reposit\u00f3rio Manancial A comunidade FACOS-UFSM Editora tem o objetivo de reunir a produ\u00e7\u00e3o cient\u00edfica, t\u00e9cnica, cultural e acad\u00eamica publicada em suas vers\u00f5es impressa e ebooks. Seu acervo digital, ademais, conta com o reposit\u00f3rio do Arquivo Geral da UFSM. resultados em 2019 e 2020: As docentes Ada Cristina Machado Silveira e Sandra Depexe atuam como editoras da FACOS-UFSM Editora. O site da editora foi planejado e criado em 2020 (https:\/\/www.ufsm.br\/editoras\/facos\/). Dentre as atividades da editora, desenvolve projeto de extens\u00e3o com experimenta\u00e7\u00f5es veiculadas no seu Portal de e-books de Acesso Aberto com cont\u00ednua alimenta\u00e7\u00e3o e atualiza\u00e7\u00e3o de reposit\u00f3rio digital Manancial da Biblioteca Central (https:\/\/repositorio.ufsm.br\/). A comunidade FACOS-UFSM Editora atua na promo\u00e7\u00e3o da publica\u00e7\u00e3o em formato livro da produ\u00e7\u00e3o cient\u00edfica, t\u00e9cnica, cultural e acad\u00eamica publicada em suas vers\u00f5es impressa e e-books, especialmente na \u00e1rea da comunica\u00e7\u00e3o. No ano de 2020 procedeu-se ao registro de 19 obras junto \u00e0 Funda\u00e7\u00e3o Biblioteca Nacional e C\u00e2mara Brasileira do Livro. Ainda, as docentes representaram a editora no I Encontro de Editoras Acad\u00eamicas Experimentais \u2013 EXPEDI\u00c7\u00c3O, evento realizado no Estande Virtual da UFSM na 47\u00aa Feira do Livro de Santa Maria. FACOS-UFSM Editora, desenvolve projeto de extens\u00e3o com experimenta\u00e7\u00f5es em acesso aberto no\u00a0Portal de E-books editora FACOS-UFSM\u00a0com alimenta\u00e7\u00e3o de reposit\u00f3rio Manancial da Biblioteca Central. Ela d\u00e1 suporte \u00e0s atividades de editora\u00e7\u00e3o do peri\u00f3dico Animus. Revista Interamericana de Comunica\u00e7\u00e3o Midi\u00e1tica do PPGComunica\u00e7\u00e3o UFSM.\u00a0A publica\u00e7\u00e3o do Of\u00edcio Circular n\u00ba 18\/2022- GAB\/PR\/CAPES de 29 de dezembro de 2022, demandou a realiza\u00e7\u00e3o de um Recurso relativo \u00e0 classifica\u00e7\u00e3o Qualis na Avalia\u00e7\u00e3o Quadrienal 2017-2020 da CAPES, tendo como refer\u00eancia o Processo n\u00ba 23038.007034\/2019-11. O recurso argumenta que o peri\u00f3dico animus observa rigorosamente todos os requisitos requeridos para sua classifica\u00e7\u00e3o nos extratos A e indaga sobre os procedimentos classificat\u00f3rios, os quais nnao foram disponibilizados publicamente. J\u00e1 as atividades da editora FACOS-UFSM, fundada em 2003, com duas dezenas de obras publicadas, sendo metade delas especificamente na \u00e1rea da comunica\u00e7\u00e3o, prosseguiram em ritmo reduzido, tendo em vista a revis\u00e3o de seus processos de gerenciamento e sua adequa\u00e7\u00e3o a uma editora- escola.\u00a0A comunidade FACOS-UFSM Editora tem o objetivo de reunir a produ\u00e7\u00e3o cient\u00edfica, t\u00e9cnica, cultural e acad\u00eamica publicada em suas vers\u00f5es impressa e ebooks, especialmente na \u00e1rea da comunica\u00e7\u00e3o.\u00a0A editora prosseguiu suas atividades em conv\u00eanio com a Unisinos, realizando a edi\u00e7\u00e3o de obras do PPGComunica\u00e7\u00e3o daquela universidade. As obras s\u00e3o financiadas com uma grande variedade de chamadas de fomento.<\/p>\n<\/td>\n<\/tr>\n<tr>\n<td style=\"text-align: justify;border-style: solid;border-color: #0d0101;background-color: #f0efe9\">\n<p><img decoding=\"async\" class=\"wp-image-2172 size-thumbnail alignnone\" src=\"https:\/\/www.ufsm.br\/app\/uploads\/sites\/513\/2022\/08\/1-modified-150x150.png\" alt=\"\" width=\"150\" height=\"150\" srcset=\"https:\/\/www.ufsm.br\/app\/uploads\/sites\/513\/2022\/08\/1-modified-150x150.png 150w, https:\/\/www.ufsm.br\/app\/uploads\/sites\/513\/2022\/08\/1-modified-300x300.png 300w, https:\/\/www.ufsm.br\/app\/uploads\/sites\/513\/2022\/08\/1-modified-768x768.png 768w, https:\/\/www.ufsm.br\/app\/uploads\/sites\/513\/2022\/08\/1-modified.png 840w\" sizes=\"(max-width: 150px) 100vw, 150px\" \/><\/p>\n<p><strong>Coordenador: FLAVI FERREIRA LISBOA FILHO<\/strong><\/p>\n<p><strong>Projeto:\u00a0<span style=\"text-decoration: underline\">UFSM Solid\u00e1ria e Cidad\u00e3: esperan\u00e7a e reconstru\u00e7\u00e3o para o Rio Grande do Sul<\/span><\/strong><\/p>\n<p><strong>Resumo:\u00a0<\/strong>Este programa surge como um chamado \u00e0 a\u00e7\u00e3o em resposta urgente e compassiva \u00e0s comunidades atingidas pelas chuvas intensas e pela hist\u00f3rica enchente de maio de 2024 no Rio Grande do Sul, Brasil. Por meio de iniciativas extensionistas multidisciplinares e apoiadas na expertise dos agentes universit\u00e1rios, a Universidade Federal de Santa Maria (UFSM) refor\u00e7a seu compromisso com a responsabilidade social e o bem-estar coletivo, especialmente em momentos de calamidade, auxiliando na reconstru\u00e7\u00e3o f\u00edsica, emocional e social dessas comunidades, incluindo suporte t\u00e9cnico, apoio psicossocial, recupera\u00e7\u00e3o ambiental, engajamento comunit\u00e1rio, entre outros. Espera-se que as a\u00e7\u00f5es de extens\u00e3o sob a \u00e9gide do programa &#8220;UFSM Solid\u00e1ria e Cidad\u00e3&#8221; tenham impactos significativos na supera\u00e7\u00e3o dos desafios enfrentados pelas popula\u00e7\u00f5es afetadas, fortalecendo os la\u00e7os entre a universidade e a sociedade e promovendo valores de solidariedade e cidadania. Juntos, podemos superar os desafios e construir um futuro mais forte, unido e resiliente para o Rio Grande do Sul.<\/p>\n<\/td>\n<\/tr>\n<tr>\n<td style=\"text-align: justify;border-style: solid;border-color: #0d0101;background-color: #f0efe9\" width=\"627\">\n<p><img loading=\"lazy\" decoding=\"async\" class=\"wp-image-2188 size-thumbnail alignnone\" src=\"https:\/\/www.ufsm.br\/app\/uploads\/sites\/513\/2022\/08\/Recorte_Rosanex-300x300-1-150x150.png\" alt=\"\" width=\"150\" height=\"150\" srcset=\"https:\/\/www.ufsm.br\/app\/uploads\/sites\/513\/2022\/08\/Recorte_Rosanex-300x300-1-150x150.png 150w, https:\/\/www.ufsm.br\/app\/uploads\/sites\/513\/2022\/08\/Recorte_Rosanex-300x300-1.png 300w\" sizes=\"(max-width: 150px) 100vw, 150px\" \/><\/p>\n<p><strong>Coordenadora: <\/strong><strong>ROSANE ROSA<\/strong><\/p>\n<p><strong>Projeto: <u>Educomunica\u00e7\u00e3o e Cidadania &#8211; EDUCOM<\/u><\/strong><\/p>\n<p><strong>Resumo:<\/strong> O EDUCOM UFSM d\u00e1 continuidade as atividades iniciadas em 2009 pelo Programa Educa\u00e7\u00e3o Com e Para M\u00eddia ampliando a proposta educomunicativa para democratiza\u00e7\u00e3o da comunica\u00e7\u00e3o como direito humano e de cidadania voltado a Escolas P\u00fablicas e ONG de Santa Maria. Segue o princ\u00edpio da indissociabilidade entre ensino-pesquisa-extens\u00e3o. Teoricamente, o Programa fundamenta-se na epistemologia da educomunica\u00e7\u00e3o e nas pol\u00edticas participativas. Objetivos &#8211; Objetiva-se o empoderamento comunicacional dos participantes voltado a uma educa\u00e7\u00e3o e participa\u00e7\u00e3o cidad\u00e3. Para tanto, utiliza-se uma combina\u00e7\u00e3o metodol\u00f3gica: pesquisa a\u00e7\u00e3o, estudo de caso, aprendizagem baseada em problemas (ABP), aprendizagem colaborativa, tradu\u00e7\u00f5es e produ\u00e7\u00e3o. Um dos principais projetos \u00e9 o de R\u00e1dio Escola que al\u00e9m da atua\u00e7\u00e3o interna, os participantes atuam em coberturas colaborativas de eventos educativos, culturais e comunit\u00e1rios. Nesse processo, a Universidade pode contribuir para que as Escolas e ONG participantes ampliem o seu papel social oferecendo \u201ccondi\u00e7\u00e3o \u00e0 participa\u00e7\u00e3o, como incubadora da cidadania, como processo formativo\u201d (Demo, 2007, p.52). O Programa EDUCOM UFSM possibilita agregar a universidade, a escola, o estado, institui\u00e7\u00f5es, ONG e a comunidade. No ano de 2015 participaram 56 acad\u00eamicos dos Cursos de Produ\u00e7\u00e3o Editorial e Publicidade e Propaganda da disciplina Comunica\u00e7\u00e3o e Cidadania 2015\\1 e a mestranda e doutorando em doc\u00eancia orientada (30h cada atividade): Oficina de audiovisual e produ\u00e7\u00e3o de um minidocument\u00e1rio; oficina de Educomunica\u00e7\u00e3o Ambiental e produ\u00e7\u00e3o de um tutorial \u201cDedo Verde\u201d para hortas verticais; oficina de Reda\u00e7\u00e3o e exerc\u00edcio de autoria com a produ\u00e7\u00e3o de um livro artesanal \u201cMinha Opini\u00e3o Narrada\u201d; oficina de Direitos Humanos no Alojamento da Ver\u00f4nica voltado ao p\u00fablico LGBT com a produ\u00e7\u00e3o colaborativa de material informativo impresso e digital; assessoria de comunica\u00e7\u00e3o comunit\u00e1ria ao CACC &#8211; Centro de Apoio a Crian\u00e7as com C\u00e2ncer, ligado ao HUSM. No ano de 2016 participaram 54 acad\u00eamicos de Produ\u00e7\u00e3o Editorial e de Publicidade e Propaganda da disciplina Comunica\u00e7\u00e3o e Cidadania (90h) e duas mestrandas. Desenvolveram as seguintes atividades, em parceria com Escolas P\u00fablicas e ONGs: 1.Campanha Por um Mundo + Positivo de conscientiza\u00e7\u00e3o sobre HIV\/AIDS na ONG Lar Acalanto; 2. Rodas de conversa e produ\u00e7\u00e3o de cartilha digital sobre educa\u00e7\u00e3o para m\u00eddia no Curso Pr\u00e9\u00ac- universit\u00e1rio Popular Pr\u00e1xis; 3. Produ\u00e7\u00e3o de um v\u00eddeo e de um livro artesanal \u201cM\u00e3os para criar, mentes para expandir\u201d com alunos da EMEI Vila Jardim; 4. Assessoria de comunica\u00e7\u00e3o integrada ao Centro de Apoio \u00e0 Crian\u00e7a com C\u00e2ncer \u2013 CACC; 5. Campanha comunit\u00e1ria de conscientiza\u00e7\u00e3o e combate \u00e0 AIDS na Escola P\u00e3o dos Pobres de SM; 6. Educomunica\u00e7\u00e3o e rela\u00e7\u00f5es de g\u00eanero na Escola Estadual Prof. Margarida Lopes e na Escola Estadual Manoel Ribas (Maneco), por meio de rodas de conversa e produ\u00e7\u00e3o de document\u00e1rio. Avan\u00e7os em 2020: Campanha para veicula\u00e7\u00e3o nas R\u00e1dios Comunit\u00e1rias associadas da ABRACO\\RS e nas R\u00e1dios Comunit\u00e1rias ligadas ao Instituto de Comunica\u00e7\u00e3o Comunit\u00e1ria de Mo\u00e7ambique. Foram produzidos spots e podcast sobre a covid- 19. A a\u00e7\u00e3o integra o Projeto de Ensino- extens\u00e3o Educomunica\u00e7\u00e3o e Cidadania da UFSM e o Projeto Educomunica\u00e7\u00e3o Intercultural (UFSM- UP\\MZ), coordenado pela docente Rosane Rosa. Refer\u00eancias FREIRE, Paulo. Pedagogia da Autonomia: saberes necess\u00e1rios \u00e0 pr\u00e1tica educativa. 23\u00aaed. S\u00e3o Paulo: Paz e Terra, 1996. _____Educa\u00e7\u00e3o como pr\u00e1tica de liberdade. Rio de Janeiro: Ed. Paz e Terra, 1999. Dispon\u00edvel em: http:\/\/www.dhnet.org.br\/direitos\/militantes\/paulofreire\/livro_freire_educacao_pratica_liberdade.pdf MART\u00cdN-BARBERO, Jes\u00fas. Tecnicidades, identidades, alteridades: mudan\u00e7as e opacidades da comunica\u00e7\u00e3o no novo s\u00e9culo. In: MORAES, D\u00eanis (org.). Sociedade midiatizada. Rio de Janeiro: Mauad, 2006, p. 51-79. MANDELA, Nelson. In. Nelson Mandela Foundation. Dispon\u00edvel em: http:\/\/archives.nelsonmandela.org\/home . Consultado em 7\\6\\2013. SOARES, Donizete. Educomunica\u00e7\u00e3o \u2013 o que \u00e9 isto. Dispon\u00edvel em: http:\/\/www.portalgens.com.br\/baixararquivos\/textos\/educomunicacao_o_que_e_isto.pdf. Consultado em: 12\\6\\2009. SOARES, Ismar. Educomunica\u00e7\u00e3o, o conceito, o profissional, a aplica\u00e7\u00e3o. S\u00e3o Paulo: Paulinas, 2011.<\/p>\n<\/td>\n<\/tr>\n<tr>\n<td style=\"border-style: solid;width: 180px;border-color: #170202;background-color: #63c2eb\" rowspan=\"2\">\n<h2 style=\"text-align: center\"><strong>\u00a0<\/strong><\/h2>\n<h2 style=\"text-align: center\"><strong>M\u00cdDIA E ESTRAT\u00c9GIAS COMUNICACIONAIS<\/strong><\/h2>\n<\/td>\n<td style=\"text-align: justify;border-style: solid;width: 627px;border-color: #01060a;background-color: #e1eef2\">\n<p><img loading=\"lazy\" decoding=\"async\" class=\"wp-image-2384 size-thumbnail alignnone\" src=\"https:\/\/www.ufsm.br\/app\/uploads\/sites\/513\/2022\/11\/ALINE-1-150x150.jpg\" alt=\"\" width=\"150\" height=\"150\" srcset=\"https:\/\/www.ufsm.br\/app\/uploads\/sites\/513\/2022\/11\/ALINE-1-150x150.jpg 150w, https:\/\/www.ufsm.br\/app\/uploads\/sites\/513\/2022\/11\/ALINE-1-300x300.jpg 300w, https:\/\/www.ufsm.br\/app\/uploads\/sites\/513\/2022\/11\/ALINE-1.jpg 306w\" sizes=\"(max-width: 150px) 100vw, 150px\" \/><\/p>\n<p><strong>Coordenadora: ALINE ROES DALMOLIN<\/strong><\/p>\n<p><strong>Projeto: <span style=\"text-decoration: underline\">Comunica\u00e7\u00e3o de proximidade: mem\u00f3ria, resili\u00eancia e adapta\u00e7\u00e3o social a riscos clim\u00e1ticos e cat\u00e1strofes naturais na Quarta Col\u00f4nia<\/span>\u00a0<\/strong><\/p>\n<p><strong>Resumo:<\/strong> O projeto de extens\u00e3o intitulado &#8220;Comunica\u00e7\u00e3o de proximidade: mem\u00f3ria, resili\u00eancia e adapta\u00e7\u00e3o social a riscos clim\u00e1ticos e cat\u00e1strofes naturais na Quarta Col\u00f4nia&#8221;, apresentado pelo PPG Comunica\u00e7\u00e3o da UFSM (Col\u00e9gio de Humanas), reconhece as Diretrizes para a Extens\u00e3o Universit\u00e1ria, nomeadamente a de atuar reconhecendo o potencial comunicativo da intera\u00e7\u00e3o dial\u00f3gica, a indissociabilidade ensino pesquisa extens\u00e3o. Ela se alinha ao PDI da UFSM na meta de desenvolvimento local, regional e nacional. A equipe prop\u00f5e-se a desenvolver a\u00e7\u00f5es que possuam impacto na transforma\u00e7\u00e3o social, bem como na forma\u00e7\u00e3o do estudante e se direciona a atender o Objetivo 13 do Desenvolvimento Sustent\u00e1vel da Agenda 2030, qual seja, o de tomar medidas urgentes para combater a mudan\u00e7a clim\u00e1tica e seus impactos. Ele tem como parceiros o PPG Geografia (PPGGEO) PPG Letras (PPGL), do Col\u00e9gio de Humanas, e o Mestrado Profissional em Patrim\u00f4nio Cultural (PPGPC), do Col\u00e9gio Exatas, Tecnol\u00f3gicas e Multidisciplinar. Entendemos a necessidade de refor\u00e7ar a resili\u00eancia e a capacidade de adapta\u00e7\u00e3o social a riscos relacionados ao clima e \u00e0s cat\u00e1strofes naturais no \u00e2mbito da 4a. Col\u00f4nia, seriamente afetada nos \u00faltimos meses. Desejamos integrar-nos em medidas da mudan\u00e7a do clima nas pol\u00edticas, estrat\u00e9gias e planejamentos nacionais atrav\u00e9s das discuss\u00f5es com a comunidade envolvida e com os apontamentos que dela realizaremos em termos de sistema de alerta e defesa civil. Atrav\u00e9s da abordagem da Comunica\u00e7\u00e3o para o Desenvolvimento, reconhecemos a import\u00e2ncia de incrementar a comunica\u00e7\u00e3o de proximidade. E com a abordagem da Educomunica\u00e7\u00e3o pretendemos atuar para melhorar a educa\u00e7\u00e3o, aumentar a conscientiza\u00e7\u00e3o e a capacidade humana e institucional sobre mitiga\u00e7\u00e3o, adapta\u00e7\u00e3o, redu\u00e7\u00e3o de impacto e alerta precoce da mudan\u00e7a do clima. Os resultados esperados s\u00e3o: Registro audiovisual de narrativas sobre os eventos s\u00f3cio clim\u00e1ticos de 2024 e circula\u00e7\u00e3o midi\u00e1tica de seus produtos; Cartografia da malha de comunica\u00e7\u00e3o de proximidade da Quarta col\u00f4nia; Supera\u00e7\u00e3o na Quarta Col\u00f4nia da condi\u00e7\u00e3o de Deserto de Not\u00edcias; Protocolo de comunica\u00e7\u00e3o em situa\u00e7\u00e3o de risco clim\u00e1tico; Policy Papers sobre risco clim\u00e1tico na Quarta Col\u00f4nia.\u00a0<\/p>\n<\/td>\n<\/tr>\n<tr>\n<td style=\"text-align: justify;border-style: solid;width: 627px;border-color: #01060a;background-color: #e1eef2\" width=\"627\">\n<p><img loading=\"lazy\" decoding=\"async\" class=\"wp-image-2182 size-thumbnail alignnone\" src=\"https:\/\/www.ufsm.br\/app\/uploads\/sites\/513\/2022\/08\/Recorte_Juliana-300x300-1-150x150.png\" alt=\"\" width=\"150\" height=\"150\" srcset=\"https:\/\/www.ufsm.br\/app\/uploads\/sites\/513\/2022\/08\/Recorte_Juliana-300x300-1-150x150.png 150w, https:\/\/www.ufsm.br\/app\/uploads\/sites\/513\/2022\/08\/Recorte_Juliana-300x300-1.png 300w\" sizes=\"(max-width: 150px) 100vw, 150px\" \/><\/p>\n<p><strong>Coordenadora: JULIANA PETERMANN<\/strong><\/p>\n<p><strong>Projeto: <u>4C &#8211; Observat\u00f3rio e Laborat\u00f3rio de Marcas da Quarta Col\u00f4nia<\/u><\/strong><\/p>\n<p><strong>Resumo:<\/strong> O presente projeto visa dar conta de uma demanda espec\u00edfica de uma a\u00e7\u00e3o para o ?Geoparque Quarta Col\u00f4nia Aspirante UNESCO?. Trata-se de uma demanda da \u00e1rea Comunica\u00e7\u00e3o: a\u00e7\u00f5es que divulguem as iniciativas de Geoparques, suas a\u00e7\u00f5es, objetivos e proposi\u00e7\u00f5es nas comunidades do Geoparque Ca\u00e7apava ou Geoparque Quarta Col\u00f4nia e\/ou promovam os munic\u00edpios e respectivos Geoparques como destinos tur\u00edsticos. P Enquadra-se no seguinte item: g) Registros fotogr\u00e1ficos e elabora\u00e7\u00e3o de marcas, logomarcas e materiais visuais e audiovisuais para pequenos empreendedores da Quarta Col\u00f4nia: priorizar os que t\u00eam geoss\u00edtios visit\u00e1veis em suas propriedades e os estabelecimentos parceiros\/amigos do Geoparque. Possui como objetivo geral: Criar um observat\u00f3rio e laborat\u00f3rio para a constru\u00e7\u00e3o de marcas, bem como prestar consultorias e oferecer cursos para a manuten\u00e7\u00e3o das identidades visuais de pequenos empreendedores da Quarta Col\u00f4nia, fortalecendo esses pequenos neg\u00f3cios e colaborando com a divulga\u00e7\u00e3o e promo\u00e7\u00e3o do Geoparque da Quarta Col\u00f4nia como um destino tur\u00edstico. Objetivos Possui como objetivo geral: Criar um observat\u00f3rio e laborat\u00f3rio para a constru\u00e7\u00e3o de marcas, bem como prestar consultorias e oferecer cursos para a manuten\u00e7\u00e3o das identidades visuais de pequenos empreendedores da Quarta Col\u00f4nia, fortalecendo esses pequenos neg\u00f3cios e colaborando com a divulga\u00e7\u00e3o e promo\u00e7\u00e3o do Geoparque da Quarta Col\u00f4nia como um destino tur\u00edstico. Como objetivos espec\u00edficos foram definidos os seguintes: 1) Atender demandas marc\u00e1rias dos pequenos empreendedores da quarta col\u00f4nia; 2) Analisar marcas e propor ajustes, alinhamentos e reformula\u00e7\u00f5es; 3) Organizar e ministrar mini cursos que tratam de quest\u00f5es espec\u00edficas da manuten\u00e7\u00e3o das identidades visuais dos pequenos empreendedores; 4) Oferecer uma oportunidade de experimenta\u00e7\u00e3o aos e \u00e0s estudantes do Curso de Publicidade e Propaganda e do curso de Desenho Industrial. Justificativa O presente projeto se justifica pela identifica\u00e7\u00e3o de uma enorme demanda por servi\u00e7os de comunica\u00e7\u00e3o para pequenos empreendedores da Quarta Col\u00f4nia. Identifica-se o potencial de produtos e servi\u00e7os oferecidos pelos pequenos neg\u00f3cios da regi\u00e3o, por\u00e9m percebe-se tamb\u00e9m o quanto carecem de identidade visual atrativa e alinhada em rela\u00e7\u00e3o aos princ\u00edpios comunicacionais. Salientamos tamb\u00e9m a import\u00e2ncia de fortalecer esses pequenos neg\u00f3cios para divulgar e promover o Geoparque da Quarta Col\u00f4nia como um destino tur\u00edstico. O presente projeto visa atuar no Espa\u00e7o Multidisciplinar de Pesquisa e Extens\u00e3o da UFSM em Silveira Martins, com vistas a atender as demandas marc\u00e1rias de toda a Quarta Col\u00f4nia. Resultados esperados Atender demandas de marca e de identidade visual de pequenos empreendedores que ser\u00e3o selecionados via edital, contemplando em torno de 10 cases por ano de dura\u00e7\u00e3o do projeto; Oferecer um espa\u00e7o de consultoria em rela\u00e7\u00e3o \u00e0 aplica\u00e7\u00e3o das marcas e dos elementos de identidade visual, com plant\u00e3o para tira-d\u00favidas; Organizar cursos para pequenos empreendedores que contemplem quest\u00f5es relacionadas \u00e0s principais necessidades comunicacionais; Proporcionar um espa\u00e7o de experimenta\u00e7\u00e3o e de aprendizagem para os estudantes dos Cursos de Comunica\u00e7\u00e3o Social &#8211; Publicidade e Propaganda e de Desenho Industrial. Ampliar o potencial tur\u00edstico da Quarta Col\u00f4nia, divulgando os produtos e servi\u00e7os dos pequenos empreendedores, bem como o Geoparque<\/p>\n<\/td>\n<\/tr>\n<\/tbody>\n<\/table>\n","protected":false},"excerpt":{"rendered":"<p>Linhas de Pesquisa Projetos de Extens\u00e3o POSCOM M\u00cdDIA E IDENTIDADES CONTEMPOR\u00c2NEAS Coordenadora: ADA CRISTINA MACHADO SILVEIRA Projeto: Experimenta\u00e7\u00f5es na pol\u00edtica de acesso aberto Resumo: A FACOS-UFSM \u00e9 uma editora universit\u00e1ria criada em 2003 com registro autorizado pela Funda\u00e7\u00e3o Biblioteca Nacional. A FACOS-UFSM Editora tem o objetivo de promover publica\u00e7\u00f5es provenientes da produ\u00e7\u00e3o cient\u00edfica, t\u00e9cnica, cultural [&hellip;]<\/p>\n","protected":false},"author":905,"featured_media":0,"parent":0,"menu_order":0,"comment_status":"closed","ping_status":"closed","template":"","meta":{"footnotes":""},"categories":[],"tags":[],"class_list":["post-3517","page","type-page","status-publish","hentry"],"acf":[],"_links":{"self":[{"href":"https:\/\/www.ufsm.br\/cursos\/pos-graduacao\/santa-maria\/poscom\/wp-json\/wp\/v2\/pages\/3517","targetHints":{"allow":["GET"]}}],"collection":[{"href":"https:\/\/www.ufsm.br\/cursos\/pos-graduacao\/santa-maria\/poscom\/wp-json\/wp\/v2\/pages"}],"about":[{"href":"https:\/\/www.ufsm.br\/cursos\/pos-graduacao\/santa-maria\/poscom\/wp-json\/wp\/v2\/types\/page"}],"author":[{"embeddable":true,"href":"https:\/\/www.ufsm.br\/cursos\/pos-graduacao\/santa-maria\/poscom\/wp-json\/wp\/v2\/users\/905"}],"replies":[{"embeddable":true,"href":"https:\/\/www.ufsm.br\/cursos\/pos-graduacao\/santa-maria\/poscom\/wp-json\/wp\/v2\/comments?post=3517"}],"version-history":[{"count":0,"href":"https:\/\/www.ufsm.br\/cursos\/pos-graduacao\/santa-maria\/poscom\/wp-json\/wp\/v2\/pages\/3517\/revisions"}],"wp:attachment":[{"href":"https:\/\/www.ufsm.br\/cursos\/pos-graduacao\/santa-maria\/poscom\/wp-json\/wp\/v2\/media?parent=3517"}],"wp:term":[{"taxonomy":"category","embeddable":true,"href":"https:\/\/www.ufsm.br\/cursos\/pos-graduacao\/santa-maria\/poscom\/wp-json\/wp\/v2\/categories?post=3517"},{"taxonomy":"post_tag","embeddable":true,"href":"https:\/\/www.ufsm.br\/cursos\/pos-graduacao\/santa-maria\/poscom\/wp-json\/wp\/v2\/tags?post=3517"}],"curies":[{"name":"wp","href":"https:\/\/api.w.org\/{rel}","templated":true}]}}