{"id":3588,"date":"2024-09-27T15:23:41","date_gmt":"2024-09-27T18:23:41","guid":{"rendered":"https:\/\/www.ufsm.br\/cursos\/pos-graduacao\/santa-maria\/poscom\/?page_id=3588"},"modified":"2025-01-18T10:05:44","modified_gmt":"2025-01-18T13:05:44","slug":"midias-mutacoes-sociossimbolicas-e-sociotecnicas","status":"publish","type":"page","link":"https:\/\/www.ufsm.br\/cursos\/pos-graduacao\/santa-maria\/poscom\/midias-mutacoes-sociossimbolicas-e-sociotecnicas","title":{"rendered":"M\u00eddias, Muta\u00e7\u00f5es Sociossimb\u00f3licas e Sociot\u00e9cnicas"},"content":{"rendered":"\n<p style=\"text-align: justify\"><strong>Ementa<\/strong><\/p>\n<p style=\"text-align: justify\"><strong>A linha reconhece o tensionamento comunicativo nas intera\u00e7\u00f5es midiatizadas contempor\u00e2neas, acionadas pela media\u00e7\u00e3o sociossimb\u00f3lica e\/ou pelas din\u00e2micas de inova\u00e7\u00e3o sociot\u00e9cnica. <\/strong>Contempla estudos impulsionados pela interrela\u00e7\u00e3o entre comunica\u00e7\u00e3o e tecnologia, considerando, de modo particular, suas implica\u00e7\u00f5es no desenvolvimento de teorias e na compreens\u00e3o cr\u00edtica de fen\u00f4menos sociais emergentes, a partir de diversos agenciamentos: noticiosos, pol\u00edticos, profissionais, culturais, tecnol\u00f3gicos, econ\u00f4micos e religiosos. Agrega, em especial, an\u00e1lises de intera\u00e7\u00e3o humana e n\u00e3o-humana presentes em processos algor\u00edtmicos e de intelig\u00eancia artificial, com foco nas intera\u00e7\u00f5es sociossimb\u00f3licas nas m\u00eddias digitais. Envolve o interesse em dispositivos de inova\u00e7\u00e3o sociot\u00e9cnica, demarcados pela comunica\u00e7\u00e3o para o desenvolvimento urbano e rural.<\/p>\n<ul>\n<li><strong>Coordena\u00e7\u00e3o: Professora Ada Cristina Machado Silveira<\/strong><\/li>\n<\/ul>\n<p>\u00a0<\/p>\n<p><strong>Temas de interesse da linha<\/strong><\/p>\n<p style=\"text-align: justify\">Teorias e Epistemologias da Comunica\u00e7\u00e3o; Tecnologia; midiatiza\u00e7\u00e3o e interfaces (midiatiza\u00e7\u00e3o da ci\u00eancia, da seguran\u00e7a p\u00fablica, de conflitos, da religi\u00e3o, etc.); noticiabilidade; midiosferas; vigil\u00e2ncia; polariza\u00e7\u00f5es; desinforma\u00e7\u00e3o; decolonialidade; hipermidiatiza\u00e7\u00e3o; semi\u00f3tica material; aplicativos; plataformas; circula\u00e7\u00e3o; datifica\u00e7\u00e3o; m\u00e9tricas; intera\u00e7\u00f5es midiatizadas; comunica\u00e7\u00e3o e desenvolvimento.<\/p>\n<p>\u00a0<\/p>\n<p><strong>Docentes da linha<\/strong><\/p>\n<ul>\n<li><a href=\"http:\/\/lattes.cnpq.br\/0962895520743039\">Prof\u00aa Dr\u00aa Ada Cristina Machado Silveira<\/a><\/li>\n<li><a href=\"http:\/\/lattes.cnpq.br\/7869463407801702\">Prof\u00aa Dr\u00aa Aline Roes Dalmolin<\/a><\/li>\n<li><a href=\"http:\/\/lattes.cnpq.br\/0298582153021116\"> Prof\u00aa Dr\u00aa Carlise Porto Schneider Rudnicki<\/a><\/li>\n<li><a href=\"http:\/\/lattes.cnpq.br\/0959471337062981\">Prof. Dr. Celestino Joanguete<\/a><\/li>\n<li><a href=\"http:\/\/lattes.cnpq.br\/8243334414084240\">Prof. Dr. Jairo Getulio Ferreira<\/a><\/li>\n<li><a href=\"http:\/\/lattes.cnpq.br\/2030145751550956\">Prof\u00aa Dr\u00aa Laura Strelow Storch<\/a><\/li>\n<\/ul>\n\n\n\n<p><\/p>\n","protected":false},"excerpt":{"rendered":"<p>Ementa A linha reconhece o tensionamento comunicativo nas intera\u00e7\u00f5es midiatizadas contempor\u00e2neas, acionadas pela media\u00e7\u00e3o sociossimb\u00f3lica e\/ou pelas din\u00e2micas de inova\u00e7\u00e3o sociot\u00e9cnica. Contempla estudos impulsionados pela interrela\u00e7\u00e3o entre comunica\u00e7\u00e3o e tecnologia, considerando, de modo particular, suas implica\u00e7\u00f5es no desenvolvimento de teorias e na compreens\u00e3o cr\u00edtica de fen\u00f4menos sociais emergentes, a partir de diversos agenciamentos: noticiosos, pol\u00edticos, [&hellip;]<\/p>\n","protected":false},"author":905,"featured_media":0,"parent":0,"menu_order":0,"comment_status":"closed","ping_status":"closed","template":"","meta":{"footnotes":""},"categories":[],"tags":[],"class_list":["post-3588","page","type-page","status-publish","hentry"],"acf":[],"_links":{"self":[{"href":"https:\/\/www.ufsm.br\/cursos\/pos-graduacao\/santa-maria\/poscom\/wp-json\/wp\/v2\/pages\/3588","targetHints":{"allow":["GET"]}}],"collection":[{"href":"https:\/\/www.ufsm.br\/cursos\/pos-graduacao\/santa-maria\/poscom\/wp-json\/wp\/v2\/pages"}],"about":[{"href":"https:\/\/www.ufsm.br\/cursos\/pos-graduacao\/santa-maria\/poscom\/wp-json\/wp\/v2\/types\/page"}],"author":[{"embeddable":true,"href":"https:\/\/www.ufsm.br\/cursos\/pos-graduacao\/santa-maria\/poscom\/wp-json\/wp\/v2\/users\/905"}],"replies":[{"embeddable":true,"href":"https:\/\/www.ufsm.br\/cursos\/pos-graduacao\/santa-maria\/poscom\/wp-json\/wp\/v2\/comments?post=3588"}],"version-history":[{"count":0,"href":"https:\/\/www.ufsm.br\/cursos\/pos-graduacao\/santa-maria\/poscom\/wp-json\/wp\/v2\/pages\/3588\/revisions"}],"wp:attachment":[{"href":"https:\/\/www.ufsm.br\/cursos\/pos-graduacao\/santa-maria\/poscom\/wp-json\/wp\/v2\/media?parent=3588"}],"wp:term":[{"taxonomy":"category","embeddable":true,"href":"https:\/\/www.ufsm.br\/cursos\/pos-graduacao\/santa-maria\/poscom\/wp-json\/wp\/v2\/categories?post=3588"},{"taxonomy":"post_tag","embeddable":true,"href":"https:\/\/www.ufsm.br\/cursos\/pos-graduacao\/santa-maria\/poscom\/wp-json\/wp\/v2\/tags?post=3588"}],"curies":[{"name":"wp","href":"https:\/\/api.w.org\/{rel}","templated":true}]}}