{"id":3682,"date":"2024-10-17T15:31:03","date_gmt":"2024-10-17T18:31:03","guid":{"rendered":"https:\/\/www.ufsm.br\/cursos\/pos-graduacao\/santa-maria\/poscom\/?page_id=3682"},"modified":"2026-03-03T16:01:41","modified_gmt":"2026-03-03T19:01:41","slug":"qualificacao-de-mestrado-doutorado","status":"publish","type":"page","link":"https:\/\/www.ufsm.br\/cursos\/pos-graduacao\/santa-maria\/poscom\/qualificacao-de-mestrado-doutorado","title":{"rendered":"Qualifica\u00e7\u00e3o de Mestrado &#8211; Doutorado"},"content":{"rendered":"\n<p style=\"text-align: center\"><strong>INSTRU\u00c7\u00d5ES PARA QUALIFICA\u00c7\u00c3O DE MESTRADO &#8211; DOUTORADO<br \/><\/strong><\/p>\n<p style=\"text-align: center\"><strong>Programa de P\u00f3s-Gradua\u00e7\u00e3o em Comunica\u00e7\u00e3o da UFSM<\/strong><\/p>\n<p style=\"text-align: justify\">O(A) discente dever\u00e1 ter conclu\u00eddo, no m\u00ednimo, 50% (cinquenta por cento) dos cr\u00e9ditos requeridos pelo regulamento do Programa para solicitar o exame de qualifica\u00e7\u00e3o. A defesa do exame de qualifica\u00e7\u00e3o de mestrado deve ser realizada em at\u00e9 17 (dezessete) meses ap\u00f3s o ingresso do(a) discente no curso. J\u00e1 a defesa do exame de qualifica\u00e7\u00e3o de doutorado deve ser realizada em at\u00e9 24 (vinte e quatro) meses ap\u00f3s o ingresso do(a) discente no curso.<\/p>\n<p style=\"text-align: justify\"><span style=\"font-weight: 400\">Mais informa\u00e7\u00f5es sobre a Qualifica\u00e7\u00e3o podem ser obtidas no <\/span><a href=\"https:\/\/www.ufsm.br\/app\/uploads\/sites\/345\/2023\/10\/RES_UFSM_2023_139_ANEXO_I_Regulamento-Geral-PG-Stricto-Sensu-UFSM-2023.pdf\"><span style=\"font-weight: 400\">Regulamento Geral da P\u00f3s-Gradua\u00e7\u00e3o Stricto Sensu da UFSM<\/span><\/a><span style=\"font-weight: 400\"> e no <\/span><a href=\"https:\/\/portal.ufsm.br\/documentos\/publico\/documento.html?id=15211974\"><span style=\"font-weight: 400\">Regulamento Interno do Programa de P\u00f3s-Gradua\u00e7\u00e3o em Comunica\u00e7\u00e3o do Centro de Ci\u00eancias Sociais e Humanas da UFSM.<\/span><\/a><\/p>\n<p style=\"text-align: justify\">O pedido de Defesa de Qualifica\u00e7\u00e3o de Mestrado e Doutorado deve ser encaminhado pelo discente, conforme fluxograma abaixo, no m\u00ednimo 20 dias antes da data prevista para a defesa de qualifica\u00e7\u00e3o.<\/p>\n<h3><span style=\"color: #000080\">Qualifica\u00e7\u00e3o e defesa de MDT<\/span><\/h3>\n<p style=\"text-align: justify\">A abertura do processo de qualifica\u00e7\u00e3o de mestrado e doutorado seguem orienta\u00e7\u00f5es distintas, conforme as orienta\u00e7\u00f5es dispon\u00edveis.<\/p>\n<h4 style=\"text-align: justify\"><span style=\"color: #000080\">QUALIFICA\u00c7\u00c3O DE MESTRADO:<\/span><\/h4>\n<h4 style=\"text-align: justify\"><strong>Fluxo para o processo de qualifica\u00e7\u00e3o de mestrado &#8211; Estabelecido pela PRPGP\/UFSM:<\/strong><\/h4>\n<h5 dir=\"ltr\" style=\"text-align: justify\"><span style=\"color: #ff0000\"><strong>[1]<\/strong><\/span>\u00a0discente (abertura do processo)\u00a0<span style=\"color: #ff0000\">\u2192<\/span>\u00a0<span style=\"color: #ff0000\"><strong>[2]<\/strong>\u00a0<\/span>orientador\/a\u00a0<span style=\"color: #ff0000\">\u2192\u00a0<strong>[3]<\/strong><\/span>\u00a0coordena\u00e7\u00e3o\/Colegiado do PPG\u00a0<span style=\"color: #ff0000\">\u2192\u00a0<strong>[4]<\/strong><\/span>\u00a0comiss\u00e3o examinadora\u00a0<span style=\"color: #ff0000\">\u2192<\/span>\u00a0<span style=\"color: #ff0000\"><strong>[5]<\/strong><\/span>\u00a0coordena\u00e7\u00e3o do PPG\u00a0<span style=\"color: #ff0000\">\u2192<\/span>\u00a0<span style=\"color: #ff0000\"><strong>[6]<\/strong>\u00a0<\/span>arquivo.<\/h5>\n<p dir=\"ltr\" style=\"text-align: justify\"><span style=\"color: #607fdb\"><strong><a style=\"color: #607fdb\" href=\"https:\/\/www.ufsm.br\/app\/uploads\/sites\/513\/2024\/07\/Fluxo-para-o-processo-de-qualificacao-de-mestrado-PRPGP-SIPOS.pdf\">Tutorial do processo de qualifica\u00e7\u00e3o de mestrado &#8211; PRPGP-SIPOS<\/a><\/strong><\/span><\/p>\n<h4 style=\"text-align: justify\"><span style=\"color: #000080\">QUALIFICA\u00c7\u00c3O DE DOUTORADO:<\/span><\/h4>\n<p style=\"text-align: justify\">Qualifica\u00e7\u00f5es de doutorado devem ser solicitadas via processo no PEN SIE mesmo procedimento para defesa final <span style=\"color: #607fdb\"><a style=\"color: #607fdb\" href=\"https:\/\/www.ufsm.br\/app\/uploads\/sites\/513\/2024\/07\/Qualificacao-de-Doutorado-Procedimento-3.pdf\">Qualifica\u00e7\u00e3o de Doutorado Tutorial &#8211; POSCOM\/SIPOS<\/a><a style=\"color: #607fdb\" href=\"https:\/\/www.ufsm.br\/app\/uploads\/sites\/513\/2024\/07\/Qualificacao-de-Doutorado-Procedimento-2.pdf\">\u00a0<\/a>&#8211; <a style=\"color: #607fdb\" href=\"https:\/\/www.ufsm.br\/app\/uploads\/sites\/345\/2018\/08\/3.3-processo-de-defesa.pdf\">Tutorial PRPGP<\/a>.<\/span><\/p>\n<p style=\"text-align: justify\"><a href=\"https:\/\/www.ufsm.br\/app\/uploads\/sites\/513\/2024\/07\/Formulario-Banca-de-Defesa.docx\">Formul\u00e1rio Banca de Defesa<\/a><\/p>\n<h4 style=\"text-align: justify\"><a href=\"https:\/\/www.ufsm.br\/orgaos-suplementares\/dag\/pen\/servicos\/cadastro-de-usuarios-externos\" target=\"_blank\" rel=\"noopener\">Cadastro de membros externos de banca<\/a><\/h4>\n<p style=\"text-align: justify\">Para abertura do processo de qualifica\u00e7\u00e3o de doutorado e\/ou abertura do processo de defesa final de mestrado e de doutorado deve ser realizado o cadastro dos membros da banca externos \u00e0 UFSM no sistema eletr\u00f4nico no PEN SIE, conforme o <a href=\"https:\/\/www.ufsm.br\/app\/uploads\/sites\/513\/2022\/10\/Manual-Usuario-Externo-2022.pdf\">Manual de Usu\u00e1rio Externo<\/a>.<\/p>\n\n\n\n<p><\/p>\n","protected":false},"excerpt":{"rendered":"<p>INSTRU\u00c7\u00d5ES PARA QUALIFICA\u00c7\u00c3O DE MESTRADO &#8211; DOUTORADO Programa de P\u00f3s-Gradua\u00e7\u00e3o em Comunica\u00e7\u00e3o da UFSM O(A) discente dever\u00e1 ter conclu\u00eddo, no m\u00ednimo, 50% (cinquenta por cento) dos cr\u00e9ditos requeridos pelo regulamento do Programa para solicitar o exame de qualifica\u00e7\u00e3o. A defesa do exame de qualifica\u00e7\u00e3o de mestrado deve ser realizada em at\u00e9 17 (dezessete) meses ap\u00f3s [&hellip;]<\/p>\n","protected":false},"author":905,"featured_media":0,"parent":0,"menu_order":0,"comment_status":"closed","ping_status":"closed","template":"","meta":{"footnotes":""},"categories":[],"tags":[],"class_list":["post-3682","page","type-page","status-publish","hentry"],"acf":[],"_links":{"self":[{"href":"https:\/\/www.ufsm.br\/cursos\/pos-graduacao\/santa-maria\/poscom\/wp-json\/wp\/v2\/pages\/3682","targetHints":{"allow":["GET"]}}],"collection":[{"href":"https:\/\/www.ufsm.br\/cursos\/pos-graduacao\/santa-maria\/poscom\/wp-json\/wp\/v2\/pages"}],"about":[{"href":"https:\/\/www.ufsm.br\/cursos\/pos-graduacao\/santa-maria\/poscom\/wp-json\/wp\/v2\/types\/page"}],"author":[{"embeddable":true,"href":"https:\/\/www.ufsm.br\/cursos\/pos-graduacao\/santa-maria\/poscom\/wp-json\/wp\/v2\/users\/905"}],"replies":[{"embeddable":true,"href":"https:\/\/www.ufsm.br\/cursos\/pos-graduacao\/santa-maria\/poscom\/wp-json\/wp\/v2\/comments?post=3682"}],"version-history":[{"count":0,"href":"https:\/\/www.ufsm.br\/cursos\/pos-graduacao\/santa-maria\/poscom\/wp-json\/wp\/v2\/pages\/3682\/revisions"}],"wp:attachment":[{"href":"https:\/\/www.ufsm.br\/cursos\/pos-graduacao\/santa-maria\/poscom\/wp-json\/wp\/v2\/media?parent=3682"}],"wp:term":[{"taxonomy":"category","embeddable":true,"href":"https:\/\/www.ufsm.br\/cursos\/pos-graduacao\/santa-maria\/poscom\/wp-json\/wp\/v2\/categories?post=3682"},{"taxonomy":"post_tag","embeddable":true,"href":"https:\/\/www.ufsm.br\/cursos\/pos-graduacao\/santa-maria\/poscom\/wp-json\/wp\/v2\/tags?post=3682"}],"curies":[{"name":"wp","href":"https:\/\/api.w.org\/{rel}","templated":true}]}}