{"id":3833,"date":"2025-01-20T19:39:23","date_gmt":"2025-01-20T22:39:23","guid":{"rendered":"https:\/\/www.ufsm.br\/cursos\/pos-graduacao\/santa-maria\/poscom\/?page_id=3833"},"modified":"2025-01-20T22:38:07","modified_gmt":"2025-01-21T01:38:07","slug":"laboratorios","status":"publish","type":"page","link":"https:\/\/www.ufsm.br\/cursos\/pos-graduacao\/santa-maria\/poscom\/laboratorios","title":{"rendered":"Laborat\u00f3rios"},"content":{"rendered":"\n<p>A infraestrutura laboratorial do Poscom abrange instala\u00e7\u00f5es pr\u00f3prias, multiusu\u00e1rio, no Laborat\u00f3rio de Humanidades &#8211; SIPEH2 (Sistema Integrado de Informa\u00e7\u00e3o e Pesquisa em Humanidades &#8211; pr\u00e9dio 74E), al\u00e9m de espa\u00e7os compartilhados  do Departamento de Ci\u00eancias da Comunica\u00e7\u00e3o e do Centro de Ci\u00eancias Sociais e Humanas. <\/p>\n\n\n\n<p><\/p>\n\n\n\n<p>O <strong>Laborat\u00f3rio Hiperm\u00eddia<\/strong>, recentemente transferido do pr\u00e9dio 21 para o novo pr\u00e9dio 74 E, SIPEH 2 (CT-Infra\/Finep), juntamente com o Laborat\u00f3rio de Visualiza\u00e7\u00e3o de Dados instalado o mesmo pr\u00e9dio, agrega pesquisadores da \u00e1rea da Comunica\u00e7\u00e3o vocacionados \u00e0 pesquisa e seus potenciais para a transforma\u00e7\u00e3o social: Midiatiza\u00e7\u00e3o (da ci\u00eancia, da seguran\u00e7a p\u00fablica, dos discursos sociais); Inova\u00e7\u00f5es comunicativas: m\u00eddias sociais e plataformas digitais; Estudos de Desinforma\u00e7\u00e3o; Visualiza\u00e7\u00e3o de dados quali-quantitativos. Programa de Difus\u00e3o e Suporte a\u0300 Transforma\u00e7\u00e3o Digital \u2013 Conecta e Capacita Brasil, implica em implementar um Sistema Digital para capta\u00e7\u00e3o, edi\u00e7\u00e3o e tratamento de imagem e som, ademais de um Sistema de Visualiza\u00e7\u00e3o de Dados, capaz de proceder \u00e0 minera\u00e7\u00e3o, an\u00e1lise e tratamento de dados por softwares espec\u00edficos.<\/p>\n\n\n\n<p>O<strong> Laborat\u00f3rio de Pesquisa e Comunica\u00e7\u00e3o Digital<\/strong>, localizado no pr\u00e9dio 74E, SIPEH2 (CT-Infra\/Finep), \u00e9 um espa\u00e7o para desenvolvimento de pesquisas vinculadas ao Programa de P\u00f3s Gradua\u00e7\u00e3o em Comunica\u00e7\u00e3o, de incentivo \u00e0 inicia\u00e7\u00e3o cient\u00edfica e \u00e0 experimenta\u00e7\u00e3o metodol\u00f3gica em diferentes n\u00edveis de forma\u00e7\u00e3o. Com o prop\u00f3sito de fomentar a inova\u00e7\u00e3o e a experimenta\u00e7\u00e3o metodol\u00f3gica, busca, atrav\u00e9s de desenhos de pesquisa atentos \u00e0s din\u00e2micas comunicacionais contempor\u00e2neas, estimular investiga\u00e7\u00f5es e o aprendizado por meio de metodologias qualitativas e o uso de softwares de pesquisa para coleta e an\u00e1lise de dados. O Laborat\u00f3rio tem em seu horizonte analisar distintas pr\u00e1ticas integrantes das complexidades constitutivas da comunica\u00e7\u00e3o digital, ampliando, inclusive, as formas de divulga\u00e7\u00e3o e de comunica\u00e7\u00e3o cient\u00edfica. O Laborat\u00f3rio busca ainda integrar investiga\u00e7\u00f5es de docentes e discentes que fazem parte de dois grupos de pesquisa: CONECTA: Comunica\u00e7\u00e3o e Experimenta\u00e7\u00e3o Criativa; e Circula\u00e7\u00e3o Midi\u00e1tica e Estrat\u00e9gias Comunicacionais (Cimid), ambos certificados pelo CNPq\/UFSM. O laborat\u00f3rio tem em suas atividades a oferta de cursos e oficinas voltadas aos seus temas de interesse e abertas a participa\u00e7\u00e3o da comunidade acad\u00eamica.<\/p>\n\n\n\n<p>O<strong> Laborat\u00f3rio de Recep\u00e7\u00e3o e Consumo Cultural<\/strong>, localizado no pr\u00e9dio 74E, SIPEH2 (CT-Infra\/Finep), tem o objetivo de integrar a\u00e7\u00f5es desenvolvidas por tr\u00eas grupos de pesquisa vinculados ao Programa de P\u00f3s-gradua\u00e7\u00e3o em Comunica\u00e7\u00e3o da UFSM, sendo eles &#8220;Usos sociais da m\u00eddia&#8221;, &#8220;Comunica\u00e7\u00e3o em rede, identidades e cidadania&#8221; e &#8220;Comunica\u00e7\u00e3o, g\u00eanero e desigualdades&#8221;, de maneira a aprofundar a discuss\u00e3o te\u00f3rica e a experimenta\u00e7\u00e3o metodol\u00f3gica em pesquisas sobre os usos sociais das m\u00eddias. O foco das investiga\u00e7\u00f5es \u00e9 relacionar a experi\u00eancia cotidiana dos sujeitos com os modos de usar e dar sentido \u00e0s formas culturais da m\u00eddia, assim como observar a constru\u00e7\u00e3o de identidades de classe, \u00e9tnica, de g\u00eanero, geracionais. Outro aspecto comum \u00e0s pesquisas \u00e9 a inscri\u00e7\u00e3o delas na problem\u00e1tica da hegemonia com o intuito de dar continuidade ao legado dos estudos culturais cr\u00edticos. Destacadamente, s\u00e3o fomentadas investiga\u00e7\u00f5es que priorizem a comunica\u00e7\u00e3o em rede, usos sociais da internet e identidades contempor\u00e2neas; movimentos sociais em rede, ativismos digitais e usos sociais das m\u00eddias; recep\u00e7\u00e3o e consumo da m\u00eddia e identidades de g\u00eanero; usos da m\u00eddia e estilos de vida, m\u00eddias digitais, comunidades e identidades de classe.<\/p>\n\n\n\n<p>Os espa\u00e7os de uso compartilhado no <strong>Departamento de Ci\u00eancias da Comunica\u00e7\u00e3o<\/strong> atendem tamb\u00e9m \u00e0s demandas did\u00e1ticas e laboratoriais dos cursos de Gradua\u00e7\u00e3o em Comunica\u00e7\u00e3o (Publicidade e Propaganda, Jornalismo, Editora\u00e7\u00e3o e Rela\u00e7\u00f5es P\u00fablicas), os quais podem ser conhecidos neste <a href=\"https:\/\/www.ufsm.br\/unidades-universitarias\/ccsh\/departamentos\/dccom\/paginas\/laboratorios\">link<\/a>. <\/p>\n\n\n\n<p>Al\u00e9m destes espa\u00e7os, a infraestrutura de salas especiais (audit\u00f3rios, salas de videoconfer\u00eancia, sala inovadora) e laborat\u00f3rios do <strong>Centro de Ci\u00eancias Sociais e Humanas<\/strong> est\u00e1 \u00e0 disposi\u00e7\u00e3o da comunidade acad\u00eamica do Poscom, mediante agendamento. Uma s\u00edntese destes espa\u00e7os pode ser conferida no <a href=\"https:\/\/www.ufsm.br\/unidades-universitarias\/ccsh\/infraestrutura\">link.<\/a><\/p>\n\n\n\n<p><\/p>\n","protected":false},"excerpt":{"rendered":"<p>A infraestrutura laboratorial do Poscom abrange instala\u00e7\u00f5es pr\u00f3prias, multiusu\u00e1rio, no Laborat\u00f3rio de Humanidades &#8211; SIPEH2 (Sistema Integrado de Informa\u00e7\u00e3o e Pesquisa em Humanidades &#8211; pr\u00e9dio 74E), al\u00e9m de espa\u00e7os compartilhados do Departamento de Ci\u00eancias da Comunica\u00e7\u00e3o e do Centro de Ci\u00eancias Sociais e Humanas. O Laborat\u00f3rio Hiperm\u00eddia, recentemente transferido do pr\u00e9dio 21 para o novo [&hellip;]<\/p>\n","protected":false},"author":68,"featured_media":0,"parent":0,"menu_order":0,"comment_status":"closed","ping_status":"closed","template":"","meta":{"footnotes":""},"categories":[],"tags":[],"class_list":["post-3833","page","type-page","status-publish","hentry"],"acf":[],"_links":{"self":[{"href":"https:\/\/www.ufsm.br\/cursos\/pos-graduacao\/santa-maria\/poscom\/wp-json\/wp\/v2\/pages\/3833","targetHints":{"allow":["GET"]}}],"collection":[{"href":"https:\/\/www.ufsm.br\/cursos\/pos-graduacao\/santa-maria\/poscom\/wp-json\/wp\/v2\/pages"}],"about":[{"href":"https:\/\/www.ufsm.br\/cursos\/pos-graduacao\/santa-maria\/poscom\/wp-json\/wp\/v2\/types\/page"}],"author":[{"embeddable":true,"href":"https:\/\/www.ufsm.br\/cursos\/pos-graduacao\/santa-maria\/poscom\/wp-json\/wp\/v2\/users\/68"}],"replies":[{"embeddable":true,"href":"https:\/\/www.ufsm.br\/cursos\/pos-graduacao\/santa-maria\/poscom\/wp-json\/wp\/v2\/comments?post=3833"}],"version-history":[{"count":0,"href":"https:\/\/www.ufsm.br\/cursos\/pos-graduacao\/santa-maria\/poscom\/wp-json\/wp\/v2\/pages\/3833\/revisions"}],"wp:attachment":[{"href":"https:\/\/www.ufsm.br\/cursos\/pos-graduacao\/santa-maria\/poscom\/wp-json\/wp\/v2\/media?parent=3833"}],"wp:term":[{"taxonomy":"category","embeddable":true,"href":"https:\/\/www.ufsm.br\/cursos\/pos-graduacao\/santa-maria\/poscom\/wp-json\/wp\/v2\/categories?post=3833"},{"taxonomy":"post_tag","embeddable":true,"href":"https:\/\/www.ufsm.br\/cursos\/pos-graduacao\/santa-maria\/poscom\/wp-json\/wp\/v2\/tags?post=3833"}],"curies":[{"name":"wp","href":"https:\/\/api.w.org\/{rel}","templated":true}]}}