{"id":4781,"date":"2026-04-06T11:26:05","date_gmt":"2026-04-06T14:26:05","guid":{"rendered":"https:\/\/www.ufsm.br\/cursos\/pos-graduacao\/santa-maria\/poscom\/?page_id=4781"},"modified":"2026-04-06T11:27:37","modified_gmt":"2026-04-06T14:27:37","slug":"acpgs","status":"publish","type":"page","link":"https:\/\/www.ufsm.br\/cursos\/pos-graduacao\/santa-maria\/poscom\/acpgs","title":{"rendered":"ACPGs"},"content":{"rendered":"<p style=\"text-align: justify\">O documento estabelece as\u00a0<a href=\"https:\/\/www.ufsm.br\/app\/uploads\/sites\/513\/2026\/04\/Diretrizes_ACPGs_1_assinado.pdf\"><span style=\"color: #000000\"><b>Diretrizes para Valida\u00e7\u00e3o das Atividades Complementares de P\u00f3s-Gradua\u00e7\u00e3o (ACPGs)<\/b><\/span><\/a>\u00a0no Programa de P\u00f3s-Gradua\u00e7\u00e3o em Comunica\u00e7\u00e3o da UFSM. Ele define que essas atividades t\u00eam como objetivo complementar a forma\u00e7\u00e3o acad\u00eamica dos estudantes, incentivar a produ\u00e7\u00e3o cient\u00edfica e fortalecer a inser\u00e7\u00e3o social do programa, sempre alinhadas aos crit\u00e9rios de avalia\u00e7\u00e3o da CAPES. As ACPGs s\u00e3o organizadas em dois eixos principais \u2014 publica\u00e7\u00f5es cient\u00edficas e atividades de extens\u00e3o \u2014 e sua valida\u00e7\u00e3o depende de crit\u00e9rios como v\u00ednculo com o curso, relev\u00e2ncia acad\u00eamica e ader\u00eancia \u00e0s linhas de pesquisa e estrat\u00e9gias institucionais do programa.<\/p>\n<p>As disciplinas de ACPGs\u00a0do curr\u00edculo do Poscom s\u00e3o as seguintes:<\/p>\n<p><a href=\"https:\/\/portal.ufsm.br\/documentos\/publico\/documento.html?id=14740785\" target=\"_blank\" rel=\"noopener\" data-saferedirecturl=\"https:\/\/www.google.com\/url?q=https:\/\/portal.ufsm.br\/documentos\/publico\/documento.html?id%3D14740785&amp;source=gmail&amp;ust=1775560027941000&amp;usg=AOvVaw3FltRgZNVGaeHWpZyJOyzK\">APG621 T\u00f3picos Especiais I (15h)<\/a><br \/>\n<a href=\"https:\/\/portal.ufsm.br\/documentos\/publico\/documento.html?id=14740799\" target=\"_blank\" rel=\"noopener\" data-saferedirecturl=\"https:\/\/www.google.com\/url?q=https:\/\/portal.ufsm.br\/documentos\/publico\/documento.html?id%3D14740799&amp;source=gmail&amp;ust=1775560027941000&amp;usg=AOvVaw1ddLXhMy8RFuCth5CiTKBp\">APG682 T\u00f3picos Especiais II (15h)<\/a><br \/>\n<a href=\"https:\/\/portal.ufsm.br\/documentos\/publico\/documento.html?id=15046752\" target=\"_blank\" rel=\"noopener\" data-saferedirecturl=\"https:\/\/www.google.com\/url?q=https:\/\/portal.ufsm.br\/documentos\/publico\/documento.html?id%3D15046752&amp;source=gmail&amp;ust=1775560027941000&amp;usg=AOvVaw2TkeUOGfmicHLrE8m6VTV8\">ACPG009 Forma\u00e7\u00e3o em Extens\u00e3o na P\u00f3s-Gradua\u00e7\u00e3o I (60h)<\/a><br \/>\n<a href=\"https:\/\/portal.ufsm.br\/documentos\/publico\/documento.html?id=15047588\" target=\"_blank\" rel=\"noopener\" data-saferedirecturl=\"https:\/\/www.google.com\/url?q=https:\/\/portal.ufsm.br\/documentos\/publico\/documento.html?id%3D15047588&amp;source=gmail&amp;ust=1775560027941000&amp;usg=AOvVaw178KCX0f1e3DM7nyPTjIJK\">ACPG010 Forma\u00e7\u00e3o em Extens\u00e3o na P\u00f3s-Gradua\u00e7\u00e3o II (30h)<\/a><br \/>\n<a href=\"https:\/\/portal.ufsm.br\/documentos\/publico\/documento.html?id=15127630\" target=\"_blank\" rel=\"noopener\" data-saferedirecturl=\"https:\/\/www.google.com\/url?q=https:\/\/portal.ufsm.br\/documentos\/publico\/documento.html?id%3D15127630&amp;source=gmail&amp;ust=1775560027941000&amp;usg=AOvVaw3qWYFgEAaS0quV3Fuj6TZI\">ACPG011 Introdu\u00e7\u00e3o \u00e0 Propriedade Intelectual (75h)<\/a><\/p>\n<p style=\"text-align: justify\">Para solicitar o aproveitamento dos cr\u00e9ditos das Atividades Complementares de P\u00f3s-Gradua\u00e7\u00e3o (ACPGs) e o registro destas no Hist\u00f3rico Escolar, \u00e9 necess\u00e1rio iniciar PEN SIE para aproveitamento de cr\u00e9ditos conforme procedimentos descritos no link\u00a0<a href=\"https:\/\/www.ufsm.br\/pro-reitorias\/prpgp\/servicos\/dispensa-aproveitamento-de-disciplinas-de-pos-graduacao.\" target=\"_blank\" rel=\"noopener\" data-saferedirecturl=\"https:\/\/www.google.com\/url?q=https:\/\/www.ufsm.br\/pro-reitorias\/prpgp\/servicos\/dispensa-aproveitamento-de-disciplinas-de-pos-graduacao.&amp;source=gmail&amp;ust=1775560027941000&amp;usg=AOvVaw163BO6ON2Mjwe64xauG6Jl\">https:\/\/www.ufsm.br\/pro-<wbr \/>reitorias\/prpgp\/servicos\/<wbr \/>dispensa-aproveitamento-de-<wbr \/>disciplinas-de-pos-graduacao.<\/a><\/p>\n","protected":false},"excerpt":{"rendered":"<p>O documento estabelece as\u00a0Diretrizes para Valida\u00e7\u00e3o das Atividades Complementares de P\u00f3s-Gradua\u00e7\u00e3o (ACPGs)\u00a0no Programa de P\u00f3s-Gradua\u00e7\u00e3o em Comunica\u00e7\u00e3o da UFSM. Ele define que essas atividades t\u00eam como objetivo complementar a forma\u00e7\u00e3o acad\u00eamica dos estudantes, incentivar a produ\u00e7\u00e3o cient\u00edfica e fortalecer a inser\u00e7\u00e3o social do programa, sempre alinhadas aos crit\u00e9rios de avalia\u00e7\u00e3o da CAPES. As ACPGs s\u00e3o [&hellip;]<\/p>\n","protected":false},"author":6613,"featured_media":0,"parent":0,"menu_order":0,"comment_status":"closed","ping_status":"closed","template":"","meta":{"footnotes":""},"categories":[],"tags":[],"class_list":["post-4781","page","type-page","status-publish","hentry"],"acf":[],"_links":{"self":[{"href":"https:\/\/www.ufsm.br\/cursos\/pos-graduacao\/santa-maria\/poscom\/wp-json\/wp\/v2\/pages\/4781","targetHints":{"allow":["GET"]}}],"collection":[{"href":"https:\/\/www.ufsm.br\/cursos\/pos-graduacao\/santa-maria\/poscom\/wp-json\/wp\/v2\/pages"}],"about":[{"href":"https:\/\/www.ufsm.br\/cursos\/pos-graduacao\/santa-maria\/poscom\/wp-json\/wp\/v2\/types\/page"}],"author":[{"embeddable":true,"href":"https:\/\/www.ufsm.br\/cursos\/pos-graduacao\/santa-maria\/poscom\/wp-json\/wp\/v2\/users\/6613"}],"replies":[{"embeddable":true,"href":"https:\/\/www.ufsm.br\/cursos\/pos-graduacao\/santa-maria\/poscom\/wp-json\/wp\/v2\/comments?post=4781"}],"version-history":[{"count":0,"href":"https:\/\/www.ufsm.br\/cursos\/pos-graduacao\/santa-maria\/poscom\/wp-json\/wp\/v2\/pages\/4781\/revisions"}],"wp:attachment":[{"href":"https:\/\/www.ufsm.br\/cursos\/pos-graduacao\/santa-maria\/poscom\/wp-json\/wp\/v2\/media?parent=4781"}],"wp:term":[{"taxonomy":"category","embeddable":true,"href":"https:\/\/www.ufsm.br\/cursos\/pos-graduacao\/santa-maria\/poscom\/wp-json\/wp\/v2\/categories?post=4781"},{"taxonomy":"post_tag","embeddable":true,"href":"https:\/\/www.ufsm.br\/cursos\/pos-graduacao\/santa-maria\/poscom\/wp-json\/wp\/v2\/tags?post=4781"}],"curies":[{"name":"wp","href":"https:\/\/api.w.org\/{rel}","templated":true}]}}