{"id":699,"date":"2019-03-11T14:11:19","date_gmt":"2019-03-11T17:11:19","guid":{"rendered":"https:\/\/www.ufsm.br\/cursos\/pos-graduacao\/santa-maria\/poscom\/?page_id=699"},"modified":"2026-03-07T11:20:49","modified_gmt":"2026-03-07T14:20:49","slug":"editais-selecao-de-bolsas","status":"publish","type":"page","link":"https:\/\/www.ufsm.br\/cursos\/pos-graduacao\/santa-maria\/poscom\/editais-selecao-de-bolsas","title":{"rendered":"Bolsas"},"content":{"rendered":"\t\t<div data-elementor-type=\"wp-post\" data-elementor-id=\"699\" class=\"elementor elementor-699\">\n\t\t\t\t\t\t<section class=\"elementor-section elementor-top-section elementor-element elementor-element-94c4641 elementor-section-boxed elementor-section-height-default elementor-section-height-default\" data-id=\"94c4641\" data-element_type=\"section\">\n\t\t\t\t\t\t<div class=\"elementor-container elementor-column-gap-default\">\n\t\t\t\t\t<div class=\"elementor-column elementor-col-100 elementor-top-column elementor-element elementor-element-5593d74\" data-id=\"5593d74\" data-element_type=\"column\">\n\t\t\t<div class=\"elementor-widget-wrap elementor-element-populated\">\n\t\t\t\t\t\t<div class=\"elementor-element elementor-element-e62dada elementor-widget elementor-widget-text-editor\" data-id=\"e62dada\" data-element_type=\"widget\" data-widget_type=\"text-editor.default\">\n\t\t\t\t<div class=\"elementor-widget-container\">\n\t\t\t\t\t\t\t<p data-start=\"396\" data-end=\"621\">Os estudantes de <strong data-start=\"413\" data-end=\"437\">Mestrado e Doutorado<\/strong> interessados em candidatar-se a bolsas junto ao <strong data-start=\"486\" data-end=\"539\">Programa de P\u00f3s-Gradua\u00e7\u00e3o em Comunica\u00e7\u00e3o (POSCOM)<\/strong> devem se inscrever nos <strong data-start=\"563\" data-end=\"597\">Editais de Concess\u00e3o de Bolsas<\/strong> para pleitear uma cota. Os editais s\u00e3o abertos, <strong data-start=\"647\" data-end=\"683\">geralmente no in\u00edcio de cada ano<\/strong>. Editais complementares podem ser lan\u00e7ados ao longo do ano, conforme a disponibiliza\u00e7\u00e3o, pelos \u00f3rg\u00e3os de fomento, de <strong data-start=\"801\" data-end=\"816\">novas cotas<\/strong> ou de <strong data-start=\"823\" data-end=\"854\">outras modalidades de bolsa<\/strong>, como doutorado sandu\u00edche, p\u00f3s-doutoramento, entre outras. As bolsas concedidas ao POSCOM s\u00e3o provenientes de diferentes <strong data-start=\"977\" data-end=\"1024\">ag\u00eancias de fomento e fontes institucionais<\/strong>, estando sua oferta condicionada \u00e0s normas dessas ag\u00eancias e \u00e0 disponibilidade de recursos.<\/p>\n<p data-start=\"1991\" data-end=\"2156\">O processo de sele\u00e7\u00e3o, acompanhamento e gest\u00e3o das bolsas \u00e9 conduzido pela <a href=\"https:\/\/www.ufsm.br\/cursos\/pos-graduacao\/santa-maria\/poscom\/comissoes-2\"><strong data-start=\"2066\" data-end=\"2098\">Comiss\u00e3o de Bolsas do POSCOM<\/strong><\/a>, conforme as normas institucionais e os editais vigentes.<\/p>\n<p data-start=\"915\" data-end=\"1116\">_____________________________<br \/><b><\/b><\/p>\n<p data-start=\"915\" data-end=\"1116\"><span style=\"font-family: georgia, palatino, serif\"><b>Normas para concess\u00e3o e manuten\u00e7\u00e3o de bolsas<\/b><\/span><\/p>\n<p data-start=\"1172\" data-end=\"1345\">As regras, crit\u00e9rios e procedimentos para a <strong data-start=\"1216\" data-end=\"1267\">concess\u00e3o, manuten\u00e7\u00e3o, renova\u00e7\u00e3o e cancelamento<\/strong> de bolsas de Mestrado e Doutorado est\u00e3o definidos em documento institucional que\u00a0<span style=\"font-size: 16px\">orienta a atua\u00e7\u00e3o do Programa e da Comiss\u00e3o de Bolsas, bem como os deveres e responsabilidades dos bolsistas<\/span><\/p>\n<blockquote data-start=\"1347\" data-end=\"1471\">\n<p data-start=\"1349\" data-end=\"1471\"><a href=\"https:\/\/www.ufsm.br\/app\/uploads\/sites\/513\/2026\/03\/Normas-de-Bolsas-DEZ-2025-Colegiado.pdf\"><strong data-start=\"1349\" data-end=\"1443\">Normas para a concess\u00e3o e manuten\u00e7\u00e3o de bolsas de Mestrado e Doutorado | POSCOM (dez\/2025)<\/strong><\/a><\/p>\n<\/blockquote>\n<p style=\"color: #1c1c1c;font-size: 16px\" data-start=\"915\" data-end=\"1116\"><span style=\"color: #000000;font-size: 1rem;text-align: var(--bs-body-text-align)\">_____________________________<\/span><\/p>\n<p style=\"color: #000000;font-size: 16px\"><span style=\"font-size: 1rem;text-align: var(--bs-body-text-align);color: #000000\">P<\/span><span style=\"font-size: 1rem;font-weight: var( --e-global-typography-text-font-weight );text-align: var(--bs-body-text-align);color: #000000\">ara acessar os Editais de sele\u00e7\u00e3o de bolsas do Poscom (tanto os abertos quanto os encerrados), deve-se consultar o menu\u00a0<\/span><a style=\"font-size: 1rem;font-weight: var( --e-global-typography-text-font-weight );text-align: var(--bs-body-text-align)\" href=\"https:\/\/www.ufsm.br\/cursos\/pos-graduacao\/santa-maria\/poscom\/editais\" target=\"_blank\" rel=\"noopener\">Editais<\/a><span style=\"font-size: 1rem;font-weight: var( --e-global-typography-text-font-weight );text-align: var(--bs-body-text-align);color: #000000\">.<\/span><\/p>\n<p>Abaixo, podem ser acessados os editais antigos (2017 e anteriores).<\/p>\t\t\t\t\t\t<\/div>\n\t\t\t\t<\/div>\n\t\t\t\t\t<\/div>\n\t\t<\/div>\n\t\t\t\t\t<\/div>\n\t\t<\/section>\n\t\t\t\t<section class=\"elementor-section elementor-top-section elementor-element elementor-element-1ad6b724 elementor-section-boxed elementor-section-height-default elementor-section-height-default\" data-id=\"1ad6b724\" data-element_type=\"section\">\n\t\t\t\t\t\t<div class=\"elementor-container elementor-column-gap-default\">\n\t\t\t\t\t<div class=\"elementor-column elementor-col-100 elementor-top-column elementor-element elementor-element-5f4e0e9a\" data-id=\"5f4e0e9a\" data-element_type=\"column\">\n\t\t\t<div class=\"elementor-widget-wrap elementor-element-populated\">\n\t\t\t\t\t\t<div class=\"elementor-element elementor-element-927d319 elementor-widget elementor-widget-heading\" data-id=\"927d319\" data-element_type=\"widget\" data-widget_type=\"heading.default\">\n\t\t\t\t<div class=\"elementor-widget-container\">\n\t\t\t<h5 class=\"elementor-heading-title elementor-size-default\">2017<\/h5>\t\t<\/div>\n\t\t\t\t<\/div>\n\t\t\t\t<div class=\"elementor-element elementor-element-a4e5f38 elementor-widget elementor-widget-text-editor\" data-id=\"a4e5f38\" data-element_type=\"widget\" data-widget_type=\"text-editor.default\">\n\t\t\t\t<div class=\"elementor-widget-container\">\n\t\t\t\t\t\t\t<p><a href=\"https:\/\/www.ufsm.br\/cursos\/pos-graduacao\/santa-maria\/poscom\/wp-content\/uploads\/sites\/513\/2019\/03\/Edital_Sele\u00e7\u00e3o_PNPD_2017_POSCOM_UFSM.pdf\">Edital de Sele\u00e7\u00e3o &#8211; Bolsista de P\u00f3s-doutorado &#8211; 2017<\/a><\/p>\n<p><a href=\"https:\/\/www.ufsm.br\/cursos\/pos-graduacao\/santa-maria\/poscom\/wp-content\/uploads\/sites\/513\/2019\/03\/Rela\u00e7\u00e3o_candidatos_selecionados_segunda_fase_PNPD_2017.pdf\">Rela\u00e7\u00e3o de candidatos aprovados para a segunda fase da concess\u00e3o de bolsas do Programa Nacional de de P\u00f3s-Doutorado 2017<\/a><\/p>\t\t\t\t\t\t<\/div>\n\t\t\t\t<\/div>\n\t\t\t\t<div class=\"elementor-element elementor-element-75c3602 elementor-widget elementor-widget-heading\" data-id=\"75c3602\" data-element_type=\"widget\" data-widget_type=\"heading.default\">\n\t\t\t\t<div class=\"elementor-widget-container\">\n\t\t\t<h5 class=\"elementor-heading-title elementor-size-default\">2016<\/h5>\t\t<\/div>\n\t\t\t\t<\/div>\n\t\t\t\t<div class=\"elementor-element elementor-element-75835c4 elementor-widget elementor-widget-text-editor\" data-id=\"75835c4\" data-element_type=\"widget\" data-widget_type=\"text-editor.default\">\n\t\t\t\t<div class=\"elementor-widget-container\">\n\t\t\t\t\t\t\t<p><a href=\"https:\/\/www.ufsm.br\/cursos\/pos-graduacao\/santa-maria\/poscom\/wp-content\/uploads\/sites\/513\/2019\/03\/Edital_Sele\u00e7\u00e3o_PNPD_2016_POSCOM_UFSM.pdf\">Edital de Sele\u00e7\u00e3o &#8211; Bolsista de P\u00f3s-doutorado &#8211; 2016<\/a><\/p>\n<p><a href=\"https:\/\/www.ufsm.br\/cursos\/pos-graduacao\/santa-maria\/poscom\/wp-content\/uploads\/sites\/513\/2019\/03\/ResultadoPNPD.pdf\">Resultado &#8211; Bolsa de p\u00f3s-doutorado 2016<\/a><\/p>\n<p><a href=\"https:\/\/www.ufsm.br\/cursos\/pos-graduacao\/santa-maria\/poscom\/wp-content\/uploads\/sites\/513\/2019\/03\/Edital01_2016_Selecao_bolsas_2016.pdf\">Edital 01\/2016 para Sele\u00e7\u00e3o de Bolsas \u2013 2016<\/a><\/p>\t\t\t\t\t\t<\/div>\n\t\t\t\t<\/div>\n\t\t\t\t<div class=\"elementor-element elementor-element-581eee8 elementor-widget elementor-widget-heading\" data-id=\"581eee8\" data-element_type=\"widget\" data-widget_type=\"heading.default\">\n\t\t\t\t<div class=\"elementor-widget-container\">\n\t\t\t<h5 class=\"elementor-heading-title elementor-size-default\">2015<\/h5>\t\t<\/div>\n\t\t\t\t<\/div>\n\t\t\t\t<div class=\"elementor-element elementor-element-f52fbcc elementor-widget elementor-widget-text-editor\" data-id=\"f52fbcc\" data-element_type=\"widget\" data-widget_type=\"text-editor.default\">\n\t\t\t\t<div class=\"elementor-widget-container\">\n\t\t\t\t\t\t\t<p><a href=\"https:\/\/www.ufsm.br\/cursos\/pos-graduacao\/santa-maria\/poscom\/wp-content\/uploads\/sites\/513\/2019\/03\/Chamada-Interna-01.2015-PDSE.pdf\">Chamada Interna 01\/2015 para sele\u00e7\u00e3o PDSE \u2013 2015<\/a><\/p>\n<p><a href=\"https:\/\/www.ufsm.br\/cursos\/pos-graduacao\/santa-maria\/poscom\/wp-content\/uploads\/sites\/513\/2019\/03\/Chamada-Interna-01.2015-PDSE-1.pdf\">Edital 01\/2015 para Sele\u00e7\u00e3o de Bolsas \u2013 2015<\/a><\/p>\n<p><a href=\"https:\/\/www.ufsm.br\/cursos\/pos-graduacao\/santa-maria\/poscom\/wp-content\/uploads\/sites\/513\/2019\/03\/Formul\u00e1rio-sele\u00e7\u00e3o-de-bolsas_2015.pdf\">Formul\u00e1rio para Sele\u00e7\u00e3o de Bolsas 2015<\/a><\/p>\n<p><a href=\"https:\/\/www.ufsm.br\/cursos\/pos-graduacao\/santa-maria\/poscom\/wp-content\/uploads\/sites\/513\/2019\/03\/Resultado-Edital-de-Bolsas-Poscom-2015-1.jpeg\">Resultado Edital 01\/2015<\/a><\/p>\t\t\t\t\t\t<\/div>\n\t\t\t\t<\/div>\n\t\t\t\t<div class=\"elementor-element elementor-element-d3aaa90 elementor-widget elementor-widget-heading\" data-id=\"d3aaa90\" data-element_type=\"widget\" data-widget_type=\"heading.default\">\n\t\t\t\t<div class=\"elementor-widget-container\">\n\t\t\t<h5 class=\"elementor-heading-title elementor-size-default\">2014<\/h5>\t\t<\/div>\n\t\t\t\t<\/div>\n\t\t\t\t<div class=\"elementor-element elementor-element-c458a4a elementor-widget elementor-widget-text-editor\" data-id=\"c458a4a\" data-element_type=\"widget\" data-widget_type=\"text-editor.default\">\n\t\t\t\t<div class=\"elementor-widget-container\">\n\t\t\t\t\t\t\t<p><a href=\"https:\/\/www.ufsm.br\/cursos\/pos-graduacao\/santa-maria\/poscom\/wp-content\/uploads\/sites\/513\/2019\/03\/Edital-02-2014_Sele\u00e7\u00e3o-de-bolsas-set_2014.pdf\">Edital 02\/2014 para Sele\u00e7\u00e3o de Bolsas \u2013 Setembro\/2014<\/a><\/p>\n<p><a href=\"https:\/\/www.ufsm.br\/cursos\/pos-graduacao\/santa-maria\/poscom\/wp-content\/uploads\/sites\/513\/2019\/03\/Resultado-Sele\u00e7\u00e3o-Bolsistas-Edital-02.2014.jpeg\">Resultado Edital 02\/2014<\/a><\/p>\n<p><a href=\"https:\/\/www.ufsm.br\/cursos\/pos-graduacao\/santa-maria\/poscom\/wp-content\/uploads\/sites\/513\/2019\/03\/Edital-01-2014_Sele\u00e7\u00e3o-de-bolsas_2014.pdf\">Edital 01\/2014 para Sele\u00e7\u00e3o de Bolsas \u2013 2014<\/a><\/p>\n<p><a href=\"https:\/\/www.ufsm.br\/cursos\/pos-graduacao\/santa-maria\/poscom\/wp-content\/uploads\/sites\/513\/2019\/03\/Resultado-Sele\u00e7\u00e3o-Bolsistas-Edital-01.2014.pdf\">Resultado Edital 01\/2014<\/a><\/p>\n<p><a href=\"https:\/\/www.ufsm.br\/cursos\/pos-graduacao\/santa-maria\/poscom\/wp-content\/uploads\/sites\/513\/2019\/03\/TUTORIAL_-_PLANO_DE_ESTUDOS.pdf\">Tutorial Plano de Estudos Online<\/a><\/p>\t\t\t\t\t\t<\/div>\n\t\t\t\t<\/div>\n\t\t\t\t<div class=\"elementor-element elementor-element-23c839ae elementor-widget elementor-widget-text-editor\" data-id=\"23c839ae\" data-element_type=\"widget\" data-widget_type=\"text-editor.default\">\n\t\t\t\t<div class=\"elementor-widget-container\">\n\t\t\t\t\t\t\t<!-- wp:tadv\/classic-paragraph \/-->\t\t\t\t\t\t<\/div>\n\t\t\t\t<\/div>\n\t\t\t\t\t<\/div>\n\t\t<\/div>\n\t\t\t\t\t<\/div>\n\t\t<\/section>\n\t\t\t\t<\/div>\n\t\t","protected":false},"excerpt":{"rendered":"<p>Os estudantes de Mestrado e Doutorado interessados em candidatar-se a bolsas junto ao Programa de P\u00f3s-Gradua\u00e7\u00e3o em Comunica\u00e7\u00e3o (POSCOM) devem se inscrever nos Editais de Concess\u00e3o de Bolsas para pleitear uma cota. Os editais s\u00e3o abertos, geralmente no in\u00edcio de cada ano. Editais complementares podem ser lan\u00e7ados ao longo do ano, conforme a disponibiliza\u00e7\u00e3o, pelos [&hellip;]<\/p>\n","protected":false},"author":115,"featured_media":0,"parent":0,"menu_order":0,"comment_status":"closed","ping_status":"closed","template":"","meta":{"footnotes":""},"categories":[],"tags":[],"class_list":["post-699","page","type-page","status-publish","hentry"],"acf":[],"_links":{"self":[{"href":"https:\/\/www.ufsm.br\/cursos\/pos-graduacao\/santa-maria\/poscom\/wp-json\/wp\/v2\/pages\/699","targetHints":{"allow":["GET"]}}],"collection":[{"href":"https:\/\/www.ufsm.br\/cursos\/pos-graduacao\/santa-maria\/poscom\/wp-json\/wp\/v2\/pages"}],"about":[{"href":"https:\/\/www.ufsm.br\/cursos\/pos-graduacao\/santa-maria\/poscom\/wp-json\/wp\/v2\/types\/page"}],"author":[{"embeddable":true,"href":"https:\/\/www.ufsm.br\/cursos\/pos-graduacao\/santa-maria\/poscom\/wp-json\/wp\/v2\/users\/115"}],"replies":[{"embeddable":true,"href":"https:\/\/www.ufsm.br\/cursos\/pos-graduacao\/santa-maria\/poscom\/wp-json\/wp\/v2\/comments?post=699"}],"version-history":[{"count":0,"href":"https:\/\/www.ufsm.br\/cursos\/pos-graduacao\/santa-maria\/poscom\/wp-json\/wp\/v2\/pages\/699\/revisions"}],"wp:attachment":[{"href":"https:\/\/www.ufsm.br\/cursos\/pos-graduacao\/santa-maria\/poscom\/wp-json\/wp\/v2\/media?parent=699"}],"wp:term":[{"taxonomy":"category","embeddable":true,"href":"https:\/\/www.ufsm.br\/cursos\/pos-graduacao\/santa-maria\/poscom\/wp-json\/wp\/v2\/categories?post=699"},{"taxonomy":"post_tag","embeddable":true,"href":"https:\/\/www.ufsm.br\/cursos\/pos-graduacao\/santa-maria\/poscom\/wp-json\/wp\/v2\/tags?post=699"}],"curies":[{"name":"wp","href":"https:\/\/api.w.org\/{rel}","templated":true}]}}