{"id":776,"date":"2019-03-13T13:48:01","date_gmt":"2019-03-13T16:48:01","guid":{"rendered":"https:\/\/www.ufsm.br\/cursos\/pos-graduacao\/santa-maria\/poscom\/?page_id=776"},"modified":"2026-01-06T13:38:16","modified_gmt":"2026-01-06T16:38:16","slug":"comissoes-2","status":"publish","type":"page","link":"https:\/\/www.ufsm.br\/cursos\/pos-graduacao\/santa-maria\/poscom\/comissoes-2","title":{"rendered":"Comiss\u00f5es"},"content":{"rendered":"<p><strong>Comiss\u00e3o de Bolsas<br \/>\n<\/strong><\/p>\n<p>A Comiss\u00e3o de Bolsas do Programa de P\u00f3s-Gradua\u00e7\u00e3o em Comunica\u00e7\u00e3o da UFSM \u00e9 respons\u00e1vel pela distribui\u00e7\u00e3o, manuten\u00e7\u00e3o e redistribui\u00e7\u00e3o das bolsas concedidas por ag\u00eancias de fomento. Sua composi\u00e7\u00e3o encontra-se definida pelo <a href=\"https:\/\/portal.ufsm.br\/documentos\/publico\/documento.html?id=15211974\">Regulamento Interno do Programa de P\u00f3s-Gradua\u00e7\u00e3o em Comunica\u00e7\u00e3o<\/a> e pelas Normas de Bolsas do Poscom.<\/p>\n<p>As normas s\u00e3o aprovadas pelo colegiado do curso, considerando a legisla\u00e7\u00e3o em vigor: das ag\u00eancias de fomento, do Regimento Geral dos Programas\/Cursos de P\u00f3s-Gradua\u00e7\u00e3o da UFSM e do Regulamento Interno do POSCOM. As normas atuais podem ser consultadas no <a href=\"https:\/\/www.ufsm.br\/cursos\/pos-graduacao\/santa-maria\/poscom\/editais-selecao-de-bolsas\">link<\/a>.<\/p>\n<p><strong>Integrantes da Comiss\u00e3o de Bolsa\u00a0<\/strong><\/p>\n<p><strong>Docentes:<\/strong><\/p>\n<p>Dra. Laura Strelow Storch (Presidenta)<\/p>\n<p>Dra. Aline Roes Dalmolin<\/p>\n<p>Dra. Juliana Petermann<\/p>\n<p>Dra. Sandra Dalcul Depexe<\/p>\n<p>Dra. Viviane Borelli &#8211; Suplente<\/p>\n<p><strong>Discentes:<\/strong><br \/>\nAcad.\u00a0Sendi Chiapinotto Spiazzi\u00a0&#8211; Titular<br \/>\nAcad.\u00a0Danielle Neugebauer Wille &#8211; Suplente<\/p>\n<p>Base legal: <strong><a href=\"https:\/\/www.ufsm.br\/app\/uploads\/sites\/513\/2024\/11\/PORT_CCSH_2024_283-POSCOM.pdf\">PORT_CCSH_2024_283 POSCOM<\/a> <\/strong>&#8211; Portaria de Pessoal CCSH\/UFSM N. 283, de \u00e9 08_11_2024<\/p>\n<p><strong><a href=\"https:\/\/www.ufsm.br\/app\/uploads\/sites\/513\/2025\/06\/APOST_CCSH_2024_283b-POSCOM.pdf\">APOST_CCSH_2024_283b POSCOM<\/a> &#8211; Apostila \u00e0 Portaria de Pessoal CCSH\/UFSM N. 283, de \u00e9 08_11_2024<\/strong><\/p>\n<p><strong><a href=\"https:\/\/www.ufsm.br\/app\/uploads\/sites\/513\/2024\/12\/APOST_CCSH_2024_283-POSCOM.pdf\">APOST_CCSH_2024_283 POSCOM<\/a>\u00a0 &#8211; Apostila \u00e0 Portaria de Pessoal CCSH\/UFSM N. 283, de \u00e9 08_11_2024<\/strong><\/p>\n","protected":false},"excerpt":{"rendered":"<p>Comiss\u00e3o de Bolsas A Comiss\u00e3o de Bolsas do Programa de P\u00f3s-Gradua\u00e7\u00e3o em Comunica\u00e7\u00e3o da UFSM \u00e9 respons\u00e1vel pela distribui\u00e7\u00e3o, manuten\u00e7\u00e3o e redistribui\u00e7\u00e3o das bolsas concedidas por ag\u00eancias de fomento. Sua composi\u00e7\u00e3o encontra-se definida pelo Regulamento Interno do Programa de P\u00f3s-Gradua\u00e7\u00e3o em Comunica\u00e7\u00e3o e pelas Normas de Bolsas do Poscom. As normas s\u00e3o aprovadas pelo colegiado [&hellip;]<\/p>\n","protected":false},"author":115,"featured_media":0,"parent":0,"menu_order":0,"comment_status":"closed","ping_status":"closed","template":"","meta":{"footnotes":""},"categories":[],"tags":[],"class_list":["post-776","page","type-page","status-publish","hentry"],"acf":[],"_links":{"self":[{"href":"https:\/\/www.ufsm.br\/cursos\/pos-graduacao\/santa-maria\/poscom\/wp-json\/wp\/v2\/pages\/776","targetHints":{"allow":["GET"]}}],"collection":[{"href":"https:\/\/www.ufsm.br\/cursos\/pos-graduacao\/santa-maria\/poscom\/wp-json\/wp\/v2\/pages"}],"about":[{"href":"https:\/\/www.ufsm.br\/cursos\/pos-graduacao\/santa-maria\/poscom\/wp-json\/wp\/v2\/types\/page"}],"author":[{"embeddable":true,"href":"https:\/\/www.ufsm.br\/cursos\/pos-graduacao\/santa-maria\/poscom\/wp-json\/wp\/v2\/users\/115"}],"replies":[{"embeddable":true,"href":"https:\/\/www.ufsm.br\/cursos\/pos-graduacao\/santa-maria\/poscom\/wp-json\/wp\/v2\/comments?post=776"}],"version-history":[{"count":0,"href":"https:\/\/www.ufsm.br\/cursos\/pos-graduacao\/santa-maria\/poscom\/wp-json\/wp\/v2\/pages\/776\/revisions"}],"wp:attachment":[{"href":"https:\/\/www.ufsm.br\/cursos\/pos-graduacao\/santa-maria\/poscom\/wp-json\/wp\/v2\/media?parent=776"}],"wp:term":[{"taxonomy":"category","embeddable":true,"href":"https:\/\/www.ufsm.br\/cursos\/pos-graduacao\/santa-maria\/poscom\/wp-json\/wp\/v2\/categories?post=776"},{"taxonomy":"post_tag","embeddable":true,"href":"https:\/\/www.ufsm.br\/cursos\/pos-graduacao\/santa-maria\/poscom\/wp-json\/wp\/v2\/tags?post=776"}],"curies":[{"name":"wp","href":"https:\/\/api.w.org\/{rel}","templated":true}]}}