{"id":972,"date":"2019-05-27T15:47:26","date_gmt":"2019-05-27T18:47:26","guid":{"rendered":"https:\/\/www.ufsm.br\/cursos\/pos-graduacao\/santa-maria\/poscom\/?page_id=972"},"modified":"2019-05-27T15:47:28","modified_gmt":"2019-05-27T18:47:28","slug":"gt-estudos-em-jornalismo","status":"publish","type":"page","link":"https:\/\/www.ufsm.br\/cursos\/pos-graduacao\/santa-maria\/poscom\/gt-estudos-em-jornalismo","title":{"rendered":"GT Estudos em Jornalismo"},"content":{"rendered":"<p><br>\n<br>\n<!--StartFragment--><\/p>\n\n\n<p><strong><a href=\"https:\/\/www.ufsm.br\/cursos\/pos-graduacao\/santa-maria\/poscom\/wp-content\/uploads\/sites\/513\/2019\/05\/DALMASO-Silvana.-V-Sipecom-1.pdf\">Da orienta\u00e7\u00e3o social a produto de uma rede complexa: apontamentos sobre o processo de transforma\u00e7\u00e3o dos eventos em not\u00edcia<\/a><\/strong>, de Silvana Copetti DALMASO<\/p>\n\n\n\n<p><strong><a href=\"https:\/\/www.ufsm.br\/cursos\/pos-graduacao\/santa-maria\/poscom\/wp-content\/uploads\/sites\/513\/2019\/05\/Sofia_Silva.pdf\" target=\"_blank\" rel=\"noreferrer noopener\" aria-label=\"Jornalismo e a apropria\u00e7\u00e3o dos sites de redes sociais: primeiras reflex\u00f5es sobre as implica\u00e7\u00f5es nos crit\u00e9rios de noticiabilidade (opens in a new tab)\">Jornalismo e a apropria\u00e7\u00e3o dos sites de redes sociais: primeiras reflex\u00f5es sobre as implica\u00e7\u00f5es nos crit\u00e9rios de noticiabilidade<\/a><\/strong>, de Sofia SILVA; Vivian BELOCHIO<\/p>\n\n\n\n<p><strong><a href=\"https:\/\/www.ufsm.br\/cursos\/pos-graduacao\/santa-maria\/poscom\/wp-content\/uploads\/sites\/513\/2019\/05\/Motta-Rublescki-V-Sipecom.pdf\" target=\"_blank\" rel=\"noreferrer noopener\" aria-label=\"Cobertura ao vivo em televis\u00e3o: o improviso e o testemunho em situa\u00e7\u00f5es de trag\u00e9dia (opens in a new tab)\">Cobertura ao vivo em televis\u00e3o: o improviso e o testemunho em situa\u00e7\u00f5es de trag\u00e9dia<\/a><\/strong>, de Juliana MOTTA; Anelise RUBLESCKI<\/p>\n\n\n\n<p><strong><a href=\"https:\/\/www.ufsm.br\/cursos\/pos-graduacao\/santa-maria\/poscom\/wp-content\/uploads\/sites\/513\/2019\/05\/Artigo-28-GT-Jornalismo-Daniela-HUBERTY-Marcia-AMARAL.pdf\" target=\"_blank\" rel=\"noreferrer noopener\" aria-label=\"A maior trag\u00e9dia do Brasil: an\u00e1lise da emo\u00e7\u00e3o no discurso jornal\u00edstico de cat\u00e1strofes ambientais (opens in a new tab)\">A maior trag\u00e9dia do Brasil: an\u00e1lise da emo\u00e7\u00e3o no discurso jornal\u00edstico de cat\u00e1strofes ambientais<\/a><\/strong>, de Daniela Silva HUBERTY; M\u00e1rcia Franz AMARAL<\/p>\n\n\n\n<p><strong><a href=\"https:\/\/www.ufsm.br\/cursos\/pos-graduacao\/santa-maria\/poscom\/wp-content\/uploads\/sites\/513\/2019\/05\/SIPECOM-ArtigoPedroBraganca.pdf\">Os blogs jornal\u00edsticos paraenses e os conte\u00fados participativos: an\u00e1lise do Blog do Barata<\/a><\/strong>, de Pedro H. P. LOUREIRO DE BRAGAN\u00c7A<\/p>\n\n\n\n<p><strong><a href=\"https:\/\/www.ufsm.br\/cursos\/pos-graduacao\/santa-maria\/poscom\/wp-content\/uploads\/sites\/513\/2019\/05\/Artigo-Daiane-Costa-SIPECOM.pdf\">Blogs femininos: os novos atores na circula\u00e7\u00e3o do conte\u00fado das revistas<\/a><\/strong>, de Daiane dos Santos COSTA<\/p>\n\n\n\n<p><strong><a href=\"https:\/\/www.ufsm.br\/cursos\/pos-graduacao\/santa-maria\/poscom\/wp-content\/uploads\/sites\/513\/2019\/05\/prudkin_meira_metodologia_jol-2013-09-06c.odt.pdf\">Como medir \u201cqualidade\u201d no jornalismo digital? Uma proposta metodol\u00f3gica e seus desafios<\/a><\/strong>, de Gonzalo PRUDKIN; Jos\u00e9 Antonio MEIRA DA ROCHA<\/p>\n\n\n\n<p><strong><a href=\"https:\/\/www.ufsm.br\/cursos\/pos-graduacao\/santa-maria\/poscom\/wp-content\/uploads\/sites\/513\/2019\/05\/Particularidades-da-Pesquisa-em-Jornalismo.pdf\">Particularidades da Pesquisa em Jornalismo<\/a><\/strong>, de Fabiana PELINSON<\/p>\n\n\n\n<p><strong><a href=\"https:\/\/www.ufsm.br\/cursos\/pos-graduacao\/santa-maria\/poscom\/wp-content\/uploads\/sites\/513\/2019\/05\/artigo_sipecom_marcel_martins.pdf\">Entre o \u2018mundo real\u2019 e o \u2018mundo poss\u00edvel\u2019: o \u2018mundo de refer\u00eancia\u2019 como desafio epistemol\u00f3gico no estudo em comunica\u00e7\u00e3o<\/a><\/strong>, de Marcel Neves MARTINS; Beatriz DORNELLES<\/p>\n\n\n\n<p><strong><a href=\"https:\/\/www.ufsm.br\/cursos\/pos-graduacao\/santa-maria\/poscom\/wp-content\/uploads\/sites\/513\/2019\/05\/Artigo-23-GT-Jornalismo-SCOLARI.pdf\">Viol\u00eancia e Jornalismo Impresso: estudo de caso de A Raz\u00e3o e o Di\u00e1rio de Santa Maria<\/a><\/strong>, de Caroline SCOLARI<\/p>\n\n\n\n<p><strong><a href=\"https:\/\/www.ufsm.br\/cursos\/pos-graduacao\/santa-maria\/poscom\/wp-content\/uploads\/sites\/513\/2019\/05\/artigo-voz-da-comunidade-SIPECOM.pdf\">Protagonismo juvenil e a insurg\u00eancia de um discurso de dissenso: o espa\u00e7o, a voz e a vez da comunidade<\/a><\/strong>, de Maur\u00edcio Lavarda do NASCIMENTO; Rosane ROSA<\/p>\n\n\n\n<p><strong><a href=\"https:\/\/www.ufsm.br\/cursos\/pos-graduacao\/santa-maria\/poscom\/wp-content\/uploads\/sites\/513\/2019\/05\/ArtigoSipecom2013_Final.pdf\">O conceito comunidade no telejornalismo do Brasil: do conceito ao grotesco<\/a><\/strong>, de Patr\u00edcia Franck PICHLER; Maria Ivete Trevisan FOSS\u00c1<\/p>\n\n\n\n<p><strong><a href=\"https:\/\/www.ufsm.br\/cursos\/pos-graduacao\/santa-maria\/poscom\/wp-content\/uploads\/sites\/513\/2019\/05\/Artigo-Mar\u00edlia.pdf\">M\u00eddia, opini\u00e3o p\u00fablica e pol\u00edtica penal<\/a><\/strong>, de Mar\u00edlia Denardin BUD\u00d3<\/p>\n\n\n\n<p><strong><a href=\"https:\/\/www.ufsm.br\/cursos\/pos-graduacao\/santa-maria\/poscom\/wp-content\/uploads\/sites\/513\/2019\/05\/ARTIGO_SIPECOM1.pdf\">Democracia em tempos de redes sociais: a possibilidade de um novo espa\u00e7o p\u00fablico<\/a><\/strong>, de Eduarda Schneider LEMES; Luiz Ricardo Goulart H\u00dcTTNE; Michele NEGRINI<\/p>\n\n\n\n<p><strong><a href=\"https:\/\/www.ufsm.br\/cursos\/pos-graduacao\/santa-maria\/poscom\/wp-content\/uploads\/sites\/513\/2019\/05\/Artigo-Sipecom-2013-Fabiano-Maggioni.pdf\">Valores da centralidade na apresenta\u00e7\u00e3o do telejornal: uma aproxima\u00e7\u00e3o das artes e da neurobiologia<\/a><\/strong>, de Fabiano MAGGIONI; Adair Caetano PERUZZOLO; M\u00e1rcia Bandeira Landerdahl MAGGIONI<\/p>\n\n\n\n<p><strong><a href=\"https:\/\/www.ufsm.br\/cursos\/pos-graduacao\/santa-maria\/poscom\/wp-content\/uploads\/sites\/513\/2019\/05\/Artigo-V-Sipecom-2013.pdf\">Autorrealiza\u00e7\u00e3o: como os discursos de Veja e Isto \u00c9 orientam o comportamento contempor\u00e2neo atrav\u00e9s do individualismo<\/a><\/strong>, de Alexandre Rossato AUGUSTI<\/p>\n\n\n\n<p><strong><a href=\"https:\/\/www.ufsm.br\/cursos\/pos-graduacao\/santa-maria\/poscom\/wp-content\/uploads\/sites\/513\/2019\/05\/sipecom-artigo.pdf\">Carta Capital e a constru\u00e7\u00e3o da imagem de Dilma Rousseff: o pleito eleitoral de 2010 nas capas da revista e a percep\u00e7\u00e3o do leitor<\/a><\/strong>, de Cadiani Lanes GARCEZ; Elis\u00e2ngela Carlosso Machado MORTARI<\/p>\n\n\n\n<p><strong><a href=\"https:\/\/www.ufsm.br\/cursos\/pos-graduacao\/santa-maria\/poscom\/wp-content\/uploads\/sites\/513\/2019\/05\/2013-laura-mariana-sipecom1.pdf\">A personagem e o seu leitor: marcas do leitor imaginado na revista Playboy<\/a><\/strong>, de Laura STORCH; Mariana Cunha FONTANA<\/p>\n\n\n\n<p><strong><a href=\"https:\/\/www.ufsm.br\/cursos\/pos-graduacao\/santa-maria\/poscom\/wp-content\/uploads\/sites\/513\/2019\/05\/Meio-ambiente-no-jornal-O-Alto-Uruguai-an\u00e1lise-de-cont\u00e9udo-sobre-g\u00eaneros-e-editorias-no-primeiro-semestre-de-2012.pdf\">Meio ambiente no jornal O Alto Uruguai: an\u00e1lise de conte\u00fado, sobre g\u00eaneros e editorias no primeiro semestre de 2012;<\/a>\u00a0<\/strong>Vandressa GARZON; Karine RUVIARO; Cl\u00e1udia Herte de MORAES<\/p>\n\n\n\n<p><strong><a href=\"https:\/\/www.ufsm.br\/cursos\/pos-graduacao\/santa-maria\/poscom\/wp-content\/uploads\/sites\/513\/2019\/05\/V-SIPECOM-Jornalismo-Ambiental.pdf\">Jornalismo ambiental: an\u00e1lise dos jornais \u201cLeia Agora\u201d e \u201cO Alto Uruguai\u201d;\u00a0<\/a><\/strong>Adilvane SPEZIA<\/p>\n\n\n\n<p><strong><a href=\"https:\/\/www.ufsm.br\/cursos\/pos-graduacao\/santa-maria\/poscom\/wp-content\/uploads\/sites\/513\/2019\/05\/B\u00e1rbara-Avrella_-GT-produ\u00e7\u00e3o-jornal\u00edstica.pdf\">A programa\u00e7\u00e3o jornal\u00edstica local: o caso da R\u00e1dio Luz e Alegria AM;\u00a0<\/a><\/strong>B\u00e1rbara AVRELLA; Valci Regina Mousquer ZUCULOTO<\/p>\n\n\n\n<p><strong><a href=\"https:\/\/www.ufsm.br\/cursos\/pos-graduacao\/santa-maria\/poscom\/wp-content\/uploads\/sites\/513\/2019\/05\/SIPECOM-vers\u00e3o-final.pdf\">O impacto da reestrutura\u00e7\u00e3o produtiva do trabalho para jornalistas: antes e depois da internet<\/a>;\u00a0<\/strong>Diosana FRIGO; Patr\u00edcia Regina SCHUSTER<\/p>\n\n\n\n<p><strong><a href=\"https:\/\/www.ufsm.br\/cursos\/pos-graduacao\/santa-maria\/poscom\/wp-content\/uploads\/sites\/513\/2019\/05\/sipecom_pdf.pdf\">Para, epistemologicamente, pensar o saber, o conhecimento e a comunica\u00e7\u00e3o: no\u00e7\u00f5es primeiras para uma tese em constru\u00e7\u00e3o<\/a><\/strong><a href=\"https:\/\/www.ufsm.br\/cursos\/pos-graduacao\/santa-maria\/poscom\/wp-content\/uploads\/sites\/513\/2019\/05\/sipecom_pdf.pdf\">;<\/a> Felipe Viero Kolinski MACHADO<\/p>\n\n\n\n<p><strong><a href=\"https:\/\/www.ufsm.br\/cursos\/pos-graduacao\/santa-maria\/poscom\/wp-content\/uploads\/sites\/513\/2019\/05\/V_SIPECOM_ALCIANE-NOLIBOS-BACCIN.pdf\">Cartografia \u2013 o desafio metodol\u00f3gico de construir conhecimento na pesquisa em jornalismo<\/a><\/strong>; Alciane Nolibos BACCIN<\/p>\n\n\n\n<p><strong><a href=\"https:\/\/www.ufsm.br\/cursos\/pos-graduacao\/santa-maria\/poscom\/wp-content\/uploads\/sites\/513\/2019\/05\/ARTIGO-SEMIOTICA-PRONTO.pdf\">\u201cO gigante adormeceu?\u201d: An\u00e1lise semi\u00f3tica atrav\u00e9s do percurso gerativo de sentido<\/a><\/strong><a href=\"https:\/\/www.ufsm.br\/cursos\/pos-graduacao\/santa-maria\/poscom\/wp-content\/uploads\/sites\/513\/2019\/05\/ARTIGO-SEMIOTICA-PRONTO.pdf\">;<\/a> Barbara Della M\u00e9a PESAMOSCA; Elisa Beatriz SARTORI; Juliana PETERMANN; Magnos Cassiano CASAGRANDE<\/p>\n\n\n\n<p><strong><a href=\"https:\/\/www.ufsm.br\/cursos\/pos-graduacao\/santa-maria\/poscom\/wp-content\/uploads\/sites\/513\/2019\/05\/Quadros-Rutilli.pdf\">As redes sociais como fonte para o radiojornalismo: uma abordagem quantitativa;\u00a0<\/a><\/strong>Mirian Redin de QUADROS; Marizandra RUTILLI<\/p>\n\n\n\n<p><strong><a href=\"https:\/\/www.ufsm.br\/cursos\/pos-graduacao\/santa-maria\/poscom\/wp-content\/uploads\/sites\/513\/2019\/05\/SIPECOM-FRANCIELI.pdf\">O fazer jornal\u00edstico no contexto da midiatiza\u00e7\u00e3o: os distintos est\u00e1gios dos jornais ga\u00fachos<\/a><\/strong><a href=\"https:\/\/www.ufsm.br\/cursos\/pos-graduacao\/santa-maria\/poscom\/wp-content\/uploads\/sites\/513\/2019\/05\/SIPECOM-FRANCIELI.pdf\">;<\/a> Viviane BORELLI; Francieli Jord\u00e3o FANTONI<\/p>\n\n\n\n<p><strong><a href=\"https:\/\/www.ufsm.br\/cursos\/pos-graduacao\/santa-maria\/poscom\/wp-content\/uploads\/sites\/513\/2019\/05\/NegriniBrandalise.pdf\">Forma\u00e7\u00e3o e mercado de trabalho para o comunicador na atualidade: uma an\u00e1lise a partir da implanta\u00e7\u00e3o do curso de jornalismo da UFPEL<\/a><\/strong><a href=\"https:\/\/www.ufsm.br\/cursos\/pos-graduacao\/santa-maria\/poscom\/wp-content\/uploads\/sites\/513\/2019\/05\/NegriniBrandalise.pdf\">;<\/a> Michele Negrini; Roberta Brandalise<\/p>\n\n\n<p><!--EndFragment--><br \/><br \/><\/p>","protected":false},"excerpt":{"rendered":"<p>Da orienta\u00e7\u00e3o social a produto de uma rede complexa: apontamentos sobre o processo de transforma\u00e7\u00e3o dos eventos em not\u00edcia, de Silvana Copetti DALMASO Jornalismo e a apropria\u00e7\u00e3o dos sites de redes sociais: primeiras reflex\u00f5es sobre as implica\u00e7\u00f5es nos crit\u00e9rios de noticiabilidade, de Sofia SILVA; Vivian BELOCHIO Cobertura ao vivo em televis\u00e3o: o improviso e o [&hellip;]<\/p>\n","protected":false},"author":723,"featured_media":0,"parent":0,"menu_order":0,"comment_status":"closed","ping_status":"closed","template":"","meta":{"footnotes":""},"categories":[],"tags":[],"class_list":["post-972","page","type-page","status-publish","hentry"],"acf":[],"_links":{"self":[{"href":"https:\/\/www.ufsm.br\/cursos\/pos-graduacao\/santa-maria\/poscom\/wp-json\/wp\/v2\/pages\/972","targetHints":{"allow":["GET"]}}],"collection":[{"href":"https:\/\/www.ufsm.br\/cursos\/pos-graduacao\/santa-maria\/poscom\/wp-json\/wp\/v2\/pages"}],"about":[{"href":"https:\/\/www.ufsm.br\/cursos\/pos-graduacao\/santa-maria\/poscom\/wp-json\/wp\/v2\/types\/page"}],"author":[{"embeddable":true,"href":"https:\/\/www.ufsm.br\/cursos\/pos-graduacao\/santa-maria\/poscom\/wp-json\/wp\/v2\/users\/723"}],"replies":[{"embeddable":true,"href":"https:\/\/www.ufsm.br\/cursos\/pos-graduacao\/santa-maria\/poscom\/wp-json\/wp\/v2\/comments?post=972"}],"version-history":[{"count":0,"href":"https:\/\/www.ufsm.br\/cursos\/pos-graduacao\/santa-maria\/poscom\/wp-json\/wp\/v2\/pages\/972\/revisions"}],"wp:attachment":[{"href":"https:\/\/www.ufsm.br\/cursos\/pos-graduacao\/santa-maria\/poscom\/wp-json\/wp\/v2\/media?parent=972"}],"wp:term":[{"taxonomy":"category","embeddable":true,"href":"https:\/\/www.ufsm.br\/cursos\/pos-graduacao\/santa-maria\/poscom\/wp-json\/wp\/v2\/categories?post=972"},{"taxonomy":"post_tag","embeddable":true,"href":"https:\/\/www.ufsm.br\/cursos\/pos-graduacao\/santa-maria\/poscom\/wp-json\/wp\/v2\/tags?post=972"}],"curies":[{"name":"wp","href":"https:\/\/api.w.org\/{rel}","templated":true}]}}