{"id":160,"date":"2019-04-24T13:58:30","date_gmt":"2019-04-24T16:58:30","guid":{"rendered":"https:\/\/www.ufsm.br\/cursos\/pos-graduacao\/santa-maria\/posgeomatica\/?page_id=160"},"modified":"2022-08-30T11:33:04","modified_gmt":"2022-08-30T14:33:04","slug":"contato","status":"publish","type":"page","link":"https:\/\/www.ufsm.br\/cursos\/pos-graduacao\/santa-maria\/posgeomatica\/contato","title":{"rendered":"Contato"},"content":{"rendered":"\n<h3 class=\"wp-block-heading\">Informa\u00e7\u00f5es da Coordena\u00e7\u00e3o<\/h3>\n\n\n\n<p><b>Coordenador<\/b>: Prof. Dr. Valmir Viera<br>E-mail: <a href=\"mailto:cdvcardoso@gmail.com\">valviera@politecnico.ufsm.br<\/a><\/p>\n\n\n\n<p><b>Coordenador Adjunto<\/b>: Prof. Dr. Diogo Belmonte Lippert<br>E-mail: <a href=\"mailto:diogo@politecnico.ufsm.br\">diogo@politecnico.ufsm.br<\/a><\/p>\n\n\n\n<h3 class=\"wp-block-heading\">Contato<\/h3>\n\n\n\n<p>E-mail do curso: <a href=\"mailto:claire.cardoso@ufsm.br\">geomatica@ufsm.br<\/a><\/p>\n\n\n\n<p>Telefone: <a href=\"tel:+555532208061,257\">+55 (55) 3220-8061 \/ Ramal 257<\/a> &#8211; Coordena\u00e7\u00e3o<\/p>\n\n\n\n<h3 class=\"wp-block-heading\">Endere\u00e7o<\/h3>\n\n\n\n<p>Col\u00e9gio Polit\u00e9cnico da UFSM, Bloco F, Sala 212 &#8211; A<br>Cidade Universit\u00e1ria &#8211; Santa Maria, RS, Brasil<br>CEP: 97105-900<\/p>\n","protected":false},"excerpt":{"rendered":"<p>Informa\u00e7\u00f5es da Coordena\u00e7\u00e3o Coordenador: Prof. Dr. Valmir VieraE-mail: valviera@politecnico.ufsm.br Coordenador Adjunto: Prof. Dr. Diogo Belmonte LippertE-mail: diogo@politecnico.ufsm.br Contato E-mail do curso: geomatica@ufsm.br Telefone: +55 (55) 3220-8061 \/ Ramal 257 &#8211; Coordena\u00e7\u00e3o Endere\u00e7o Col\u00e9gio Polit\u00e9cnico da UFSM, Bloco F, Sala 212 &#8211; ACidade Universit\u00e1ria &#8211; Santa Maria, RS, BrasilCEP: 97105-900<\/p>\n","protected":false},"author":772,"featured_media":0,"parent":0,"menu_order":0,"comment_status":"closed","ping_status":"closed","template":"","meta":{"footnotes":""},"categories":[],"tags":[],"class_list":["post-160","page","type-page","status-publish","hentry"],"acf":[],"_links":{"self":[{"href":"https:\/\/www.ufsm.br\/cursos\/pos-graduacao\/santa-maria\/posgeomatica\/wp-json\/wp\/v2\/pages\/160","targetHints":{"allow":["GET"]}}],"collection":[{"href":"https:\/\/www.ufsm.br\/cursos\/pos-graduacao\/santa-maria\/posgeomatica\/wp-json\/wp\/v2\/pages"}],"about":[{"href":"https:\/\/www.ufsm.br\/cursos\/pos-graduacao\/santa-maria\/posgeomatica\/wp-json\/wp\/v2\/types\/page"}],"author":[{"embeddable":true,"href":"https:\/\/www.ufsm.br\/cursos\/pos-graduacao\/santa-maria\/posgeomatica\/wp-json\/wp\/v2\/users\/772"}],"replies":[{"embeddable":true,"href":"https:\/\/www.ufsm.br\/cursos\/pos-graduacao\/santa-maria\/posgeomatica\/wp-json\/wp\/v2\/comments?post=160"}],"version-history":[{"count":0,"href":"https:\/\/www.ufsm.br\/cursos\/pos-graduacao\/santa-maria\/posgeomatica\/wp-json\/wp\/v2\/pages\/160\/revisions"}],"wp:attachment":[{"href":"https:\/\/www.ufsm.br\/cursos\/pos-graduacao\/santa-maria\/posgeomatica\/wp-json\/wp\/v2\/media?parent=160"}],"wp:term":[{"taxonomy":"category","embeddable":true,"href":"https:\/\/www.ufsm.br\/cursos\/pos-graduacao\/santa-maria\/posgeomatica\/wp-json\/wp\/v2\/categories?post=160"},{"taxonomy":"post_tag","embeddable":true,"href":"https:\/\/www.ufsm.br\/cursos\/pos-graduacao\/santa-maria\/posgeomatica\/wp-json\/wp\/v2\/tags?post=160"}],"curies":[{"name":"wp","href":"https:\/\/api.w.org\/{rel}","templated":true}]}}