{"id":161,"date":"2019-04-24T14:01:47","date_gmt":"2019-04-24T17:01:47","guid":{"rendered":"https:\/\/www.ufsm.br\/cursos\/pos-graduacao\/santa-maria\/posgeomatica\/?page_id=161"},"modified":"2019-04-24T14:01:49","modified_gmt":"2019-04-24T17:01:49","slug":"historico-e-objetivos","status":"publish","type":"page","link":"https:\/\/www.ufsm.br\/cursos\/pos-graduacao\/santa-maria\/posgeomatica\/historico-e-objetivos","title":{"rendered":"Hist\u00f3rico e Objetivos"},"content":{"rendered":"\n<h3>Hist\u00f3rico<\/h3>\n<p>\u00a0<\/p>\n<p>A hist\u00f3ria do Curso de Especializa\u00e7\u00e3o em Geom\u00e1tica lato sensu inicia-se no ano de 1984, quando foi criado, junto ao Centro de Ci\u00eancias Rurais da Universidade Federal de Santa Maria, o Curso de Especializa\u00e7\u00e3o em Interpreta\u00e7\u00e3o de Imagens Orbitais e Sub-Orbitais (CEIOSO), em raz\u00e3o da necessidade de atendimento aos t\u00e9cnicos espec\u00edficos da \u00e1rea, em car\u00e1ter pioneiro. Em 2001, pela necessidade de atendimento aos avan\u00e7os tecnol\u00f3gicos quanto, aquisi\u00e7\u00e3o, processamento e dissemina\u00e7\u00e3o de informa\u00e7\u00f5es na \u00e1rea de Geoprocessamento, seu Projeto Pedag\u00f3gico foi reformulado e passou a ser denominado Curso de Especializa\u00e7\u00e3o em Geom\u00e1tica. Mais recentemente, no ano de 2015, foi proposto por um grupo de professores, que permaneciam ligados ao Curso de Especializa\u00e7\u00e3o, a revitaliza\u00e7\u00e3o do mesmo, e como parte desse processo, sua transfer\u00eancia e aloca\u00e7\u00e3o nas depend\u00eancias do Col\u00e9gio Polit\u00e9cnico da UFSM.<\/p>\n<p>\u00a0 \u00a0 \u00a0Atualmente, a Geom\u00e1tica engloba as atividades de levantamento de informa\u00e7\u00f5es geogr\u00e1ficas integrando elementos de diversas \u00e1reas que envolvem o uso de dados espaciais, tais como: Topografia, Cartografia, Geod\u00e9sica, Fotogrametria, Sensoriamento Remoto e SIG (Sistema de Informa\u00e7\u00e3o Geogr\u00e1fica).\u00a0Com uma vasta experi\u00eancia acumulada em 32 anos de processo educativo, o atual Curso de Especializa\u00e7\u00e3o em Geom\u00e1tica traz uma vis\u00e3o contempor\u00e2nea na difus\u00e3o de geotecnologias, visando atuar na qualifica\u00e7\u00e3o acad\u00eamica e profissional na crescente \u00e1rea de Geoprocessamento.<\/p>\n<p><br \/>\u2022T\u00edtulo da habilita\u00e7\u00e3o: Especialista em Geom\u00e1tica<br \/>\u2022Carga hor\u00e1ria Total: m\u00ednima: 360 horas; m\u00e1xima: 420 horas.<\/p>\n<p>\u00a0<\/p>\n<h3>Objetivos<\/h3>\n<p>\u00a0<\/p>\n<p>O objetivo geral \u00e9 proporcionar conhecimento adequado aos profissionais, docentes e pesquisadores na \u00e1rea de Geom\u00e1tica, capacitando-os \u00e0 identificar, equacionar, investigar e desenvolver atividades que, usando uma abordagem sistem\u00e1tica, integram todos os meios utilizados para a aquisi\u00e7\u00e3o e gerenciamento de dados geogr\u00e1ficos necess\u00e1rios como parte de opera\u00e7\u00f5es cient\u00edficas, administrativas, legais e t\u00e9cnicas envolvidas no processo de produ\u00e7\u00e3o e gerenciamento de informa\u00e7\u00e3o espacial. Especificamente, o curso objetiva capacitar profissionais para:\u00a0O objetivo geral \u00e9 proporcionar conhecimento adequado aos profissionais, docentes e pesquisadores na \u00e1rea de Geom\u00e1tica, capacitando-os \u00e0 identificar, equacionar, investigar e desenvolver atividades que, usando uma abordagem sistem\u00e1tica, integram todos os meios utilizados para a aquisi\u00e7\u00e3o e gerenciamento de dados geogr\u00e1ficos necess\u00e1rios como parte de opera\u00e7\u00f5es cient\u00edficas, administrativas, legais e t\u00e9cnicas envolvidas no processo de produ\u00e7\u00e3o e gerenciamento de informa\u00e7\u00e3o espacial. Especificamente, o curso objetiva capacitar profissionais para:\u00a0<\/p>\n<p><br \/>1. Coleta, processamento e an\u00e1lise de informa\u00e7\u00f5es em sistemas georreferenciados;<br \/>2. Resolu\u00e7\u00e3o de quest\u00f5es acerca da espacializa\u00e7\u00e3o adequada de fen\u00f4menos naturais e antr\u00f3picos;<br \/>3. An\u00e1lise e interpreta\u00e7\u00e3o de imagens para extra\u00e7\u00e3o de informa\u00e7\u00f5es sobre a superf\u00edcie terrestre;<br \/>4. Utiliza\u00e7\u00e3o e\/ou desenvolvimento de aplicativos computacionais que utilizam informa\u00e7\u00f5es espaciais.<\/p>\n","protected":false},"excerpt":{"rendered":"<p>Hist\u00f3rico \u00a0 A hist\u00f3ria do Curso de Especializa\u00e7\u00e3o em Geom\u00e1tica lato sensu inicia-se no ano de 1984, quando foi criado, junto ao Centro de Ci\u00eancias Rurais da Universidade Federal de Santa Maria, o Curso de Especializa\u00e7\u00e3o em Interpreta\u00e7\u00e3o de Imagens Orbitais e Sub-Orbitais (CEIOSO), em raz\u00e3o da necessidade de atendimento aos t\u00e9cnicos espec\u00edficos da \u00e1rea, [&hellip;]<\/p>\n","protected":false},"author":772,"featured_media":0,"parent":0,"menu_order":0,"comment_status":"closed","ping_status":"closed","template":"","meta":{"footnotes":""},"categories":[],"tags":[],"class_list":["post-161","page","type-page","status-publish","hentry"],"acf":[],"_links":{"self":[{"href":"https:\/\/www.ufsm.br\/cursos\/pos-graduacao\/santa-maria\/posgeomatica\/wp-json\/wp\/v2\/pages\/161","targetHints":{"allow":["GET"]}}],"collection":[{"href":"https:\/\/www.ufsm.br\/cursos\/pos-graduacao\/santa-maria\/posgeomatica\/wp-json\/wp\/v2\/pages"}],"about":[{"href":"https:\/\/www.ufsm.br\/cursos\/pos-graduacao\/santa-maria\/posgeomatica\/wp-json\/wp\/v2\/types\/page"}],"author":[{"embeddable":true,"href":"https:\/\/www.ufsm.br\/cursos\/pos-graduacao\/santa-maria\/posgeomatica\/wp-json\/wp\/v2\/users\/772"}],"replies":[{"embeddable":true,"href":"https:\/\/www.ufsm.br\/cursos\/pos-graduacao\/santa-maria\/posgeomatica\/wp-json\/wp\/v2\/comments?post=161"}],"version-history":[{"count":0,"href":"https:\/\/www.ufsm.br\/cursos\/pos-graduacao\/santa-maria\/posgeomatica\/wp-json\/wp\/v2\/pages\/161\/revisions"}],"wp:attachment":[{"href":"https:\/\/www.ufsm.br\/cursos\/pos-graduacao\/santa-maria\/posgeomatica\/wp-json\/wp\/v2\/media?parent=161"}],"wp:term":[{"taxonomy":"category","embeddable":true,"href":"https:\/\/www.ufsm.br\/cursos\/pos-graduacao\/santa-maria\/posgeomatica\/wp-json\/wp\/v2\/categories?post=161"},{"taxonomy":"post_tag","embeddable":true,"href":"https:\/\/www.ufsm.br\/cursos\/pos-graduacao\/santa-maria\/posgeomatica\/wp-json\/wp\/v2\/tags?post=161"}],"curies":[{"name":"wp","href":"https:\/\/api.w.org\/{rel}","templated":true}]}}