{"id":162,"date":"2019-04-24T14:02:59","date_gmt":"2019-04-24T17:02:59","guid":{"rendered":"https:\/\/www.ufsm.br\/cursos\/pos-graduacao\/santa-maria\/posgeomatica\/?page_id=162"},"modified":"2019-04-24T14:03:01","modified_gmt":"2019-04-24T17:03:01","slug":"areas-de-atuacao","status":"publish","type":"page","link":"https:\/\/www.ufsm.br\/cursos\/pos-graduacao\/santa-maria\/posgeomatica\/areas-de-atuacao","title":{"rendered":"\u00c1reas de Atua\u00e7\u00e3o"},"content":{"rendered":"\n<p>O egresso da Especializa\u00e7\u00e3o em Geom\u00e1tica poder\u00e1 atuar em:O egresso da Especializa\u00e7\u00e3o em Geom\u00e1tica poder\u00e1 atuar em:<\/p>\n<p><br \/>\u00a0&#8211; Atividades de ensino na \u00e1rea de Geom\u00e1tica, contribuindo na forma\u00e7\u00e3o de profissionais nas \u00e1reas de Geografia, Engenharias, Agr\u00e1rias e outros;<\/p>\n<p>\u00a0&#8211; Atividades de pesquisa na \u00e1rea de Geom\u00e1tica para gera\u00e7\u00e3o de novos produtos\/servi\u00e7os;<\/p>\n<p>\u00a0&#8211; Empresas do setor de Geom\u00e1tica, Geoprocessamento, Ambiental, Georreferenciamento, Cadastro T\u00e9cnico e Engenharias.<\/p>\n<p><br \/>Poder\u00e1 exercer atividades profissionais de:<\/p>\n<p>\u00a0&#8211; Docente quando o requisito for o n\u00edvel de Especialista;<\/p>\n<p>\u00a0&#8211; Analista na \u00e1rea t\u00e9cnica em Geom\u00e1tica;<\/p>\n<p>\u00a0&#8211; Empreendedor.<\/p>\n","protected":false},"excerpt":{"rendered":"<p>O egresso da Especializa\u00e7\u00e3o em Geom\u00e1tica poder\u00e1 atuar em:O egresso da Especializa\u00e7\u00e3o em Geom\u00e1tica poder\u00e1 atuar em: \u00a0&#8211; Atividades de ensino na \u00e1rea de Geom\u00e1tica, contribuindo na forma\u00e7\u00e3o de profissionais nas \u00e1reas de Geografia, Engenharias, Agr\u00e1rias e outros; \u00a0&#8211; Atividades de pesquisa na \u00e1rea de Geom\u00e1tica para gera\u00e7\u00e3o de novos produtos\/servi\u00e7os; \u00a0&#8211; Empresas do setor [&hellip;]<\/p>\n","protected":false},"author":772,"featured_media":0,"parent":0,"menu_order":0,"comment_status":"closed","ping_status":"closed","template":"","meta":{"footnotes":""},"categories":[],"tags":[],"class_list":["post-162","page","type-page","status-publish","hentry"],"acf":[],"_links":{"self":[{"href":"https:\/\/www.ufsm.br\/cursos\/pos-graduacao\/santa-maria\/posgeomatica\/wp-json\/wp\/v2\/pages\/162","targetHints":{"allow":["GET"]}}],"collection":[{"href":"https:\/\/www.ufsm.br\/cursos\/pos-graduacao\/santa-maria\/posgeomatica\/wp-json\/wp\/v2\/pages"}],"about":[{"href":"https:\/\/www.ufsm.br\/cursos\/pos-graduacao\/santa-maria\/posgeomatica\/wp-json\/wp\/v2\/types\/page"}],"author":[{"embeddable":true,"href":"https:\/\/www.ufsm.br\/cursos\/pos-graduacao\/santa-maria\/posgeomatica\/wp-json\/wp\/v2\/users\/772"}],"replies":[{"embeddable":true,"href":"https:\/\/www.ufsm.br\/cursos\/pos-graduacao\/santa-maria\/posgeomatica\/wp-json\/wp\/v2\/comments?post=162"}],"version-history":[{"count":0,"href":"https:\/\/www.ufsm.br\/cursos\/pos-graduacao\/santa-maria\/posgeomatica\/wp-json\/wp\/v2\/pages\/162\/revisions"}],"wp:attachment":[{"href":"https:\/\/www.ufsm.br\/cursos\/pos-graduacao\/santa-maria\/posgeomatica\/wp-json\/wp\/v2\/media?parent=162"}],"wp:term":[{"taxonomy":"category","embeddable":true,"href":"https:\/\/www.ufsm.br\/cursos\/pos-graduacao\/santa-maria\/posgeomatica\/wp-json\/wp\/v2\/categories?post=162"},{"taxonomy":"post_tag","embeddable":true,"href":"https:\/\/www.ufsm.br\/cursos\/pos-graduacao\/santa-maria\/posgeomatica\/wp-json\/wp\/v2\/tags?post=162"}],"curies":[{"name":"wp","href":"https:\/\/api.w.org\/{rel}","templated":true}]}}